{"id":1097,"date":"2018-08-27T23:30:30","date_gmt":"2018-08-27T21:30:30","guid":{"rendered":"http:\/\/artsetsavoirshoulgate.com\/?page_id=1097"},"modified":"2026-04-01T11:08:37","modified_gmt":"2026-04-01T09:08:37","slug":"gym","status":"publish","type":"page","link":"https:\/\/artsetsavoirshoulgate.com\/index.php\/bien-etre\/gym\/","title":{"rendered":"Gym douce adapt\u00e9e"},"content":{"rendered":"<p><strong><br><img loading=\"lazy\" class=\"wp-image-3987 alignleft\" src=\"http:\/\/artsetsavoirshoulgate.com\/wp-content\/uploads\/2023\/04\/gym-douce-3-300x282.jpg\" alt=\"\" width=\"224\" height=\"211\" srcset=\"https:\/\/artsetsavoirshoulgate.com\/wp-content\/uploads\/2023\/04\/gym-douce-3-300x282.jpg 300w, https:\/\/artsetsavoirshoulgate.com\/wp-content\/uploads\/2023\/04\/gym-douce-3.jpg 473w\" sizes=\"(max-width: 224px) 100vw, 224px\" \/>Contact<\/strong> : Maryse VERNOCHET 02 31 28 72 76<br><strong>Lieu<\/strong> : Salle de la Gare<br><strong>Horaires<\/strong> : Mardi 16H15\/17H15 (hors vacances scolaires)<\/p>\n<p><strong>Participation<\/strong> :180 \u20ac l&rsquo;ann\u00e9e, <em>en compl\u00e9ment de <a href=\"http:\/\/artsetsavoirshoulgate.com\/index.php\/a-propos-de\/\">l&rsquo;adh\u00e9sion \u00e0 l&rsquo;association<\/a><\/em><\/p>\n<p><b>Intervenant : SIEL BLEU<\/b><\/p>\n\n\n<p><\/p>\n","protected":false},"excerpt":{"rendered":"<p>Contact : Maryse VERNOCHET 02 31 28 72 76Lieu : Salle de la GareHoraires : Mardi 16H15\/17H15 (hors vacances scolaires) Participation :180 \u20ac l&rsquo;ann\u00e9e, en compl\u00e9ment de l&rsquo;adh\u00e9sion \u00e0 l&rsquo;association Intervenant : SIEL BLEU<\/p>\n","protected":false},"author":1,"featured_media":0,"parent":252,"menu_order":0,"comment_status":"closed","ping_status":"closed","template":"","meta":[],"yoast_head":"<!-- This site is optimized with the Yoast SEO plugin v18.2 - https:\/\/yoast.com\/wordpress\/plugins\/seo\/ -->\n<title>Gym douce adapt\u00e9e - Arts &amp; Savoirs<\/title>\n<meta name=\"robots\" content=\"index, follow, max-snippet:-1, max-image-preview:large, max-video-preview:-1\" \/>\n<link rel=\"canonical\" href=\"https:\/\/artsetsavoirshoulgate.com\/index.php\/bien-etre\/gym\/\" \/>\n<meta property=\"og:locale\" content=\"fr_FR\" \/>\n<meta property=\"og:type\" content=\"article\" \/>\n<meta property=\"og:title\" content=\"Gym douce adapt\u00e9e - Arts &amp; Savoirs\" \/>\n<meta property=\"og:description\" content=\"Contact : Maryse VERNOCHET 02 31 28 72 76Lieu : Salle de la GareHoraires : Mardi 16H15\/17H15 (hors vacances scolaires) Participation :180 \u20ac l&rsquo;ann\u00e9e, en compl\u00e9ment de l&rsquo;adh\u00e9sion \u00e0 l&rsquo;association Intervenant : SIEL BLEU\" \/>\n<meta property=\"og:url\" content=\"https:\/\/artsetsavoirshoulgate.com\/index.php\/bien-etre\/gym\/\" \/>\n<meta property=\"og:site_name\" content=\"Arts &amp; Savoirs\" \/>\n<meta property=\"article:modified_time\" content=\"2026-04-01T09:08:37+00:00\" \/>\n<meta property=\"og:image\" content=\"http:\/\/artsetsavoirshoulgate.com\/wp-content\/uploads\/2023\/04\/gym-douce-3-300x282.jpg\" \/>\n<meta name=\"twitter:card\" content=\"summary_large_image\" \/>\n<meta name=\"twitter:label1\" content=\"Dur\u00e9e de lecture estim\u00e9e\" \/>\n\t<meta name=\"twitter:data1\" content=\"1 minute\" \/>\n<script type=\"application\/ld+json\" class=\"yoast-schema-graph\">{\"@context\":\"https:\/\/schema.org\",\"@graph\":[{\"@type\":\"WebSite\",\"@id\":\"http:\/\/artsetsavoirshoulgate.com\/#website\",\"url\":\"http:\/\/artsetsavoirshoulgate.com\/\",\"name\":\"Arts & Savoirs Houlgate\",\"description\":\"Pour promouvoir les Arts et Savoirs de toute culture et les activit\u00e9s qui y participent dans un esprit de partage et de f\u00eate\",\"potentialAction\":[{\"@type\":\"SearchAction\",\"target\":{\"@type\":\"EntryPoint\",\"urlTemplate\":\"http:\/\/artsetsavoirshoulgate.com\/?s={search_term_string}\"},\"query-input\":\"required name=search_term_string\"}],\"inLanguage\":\"fr-FR\"},{\"@type\":\"ImageObject\",\"@id\":\"https:\/\/artsetsavoirshoulgate.com\/index.php\/bien-etre\/gym\/#primaryimage\",\"inLanguage\":\"fr-FR\",\"url\":\"http:\/\/artsetsavoirshoulgate.com\/wp-content\/uploads\/2023\/04\/gym-douce-3-300x282.jpg\",\"contentUrl\":\"http:\/\/artsetsavoirshoulgate.com\/wp-content\/uploads\/2023\/04\/gym-douce-3-300x282.jpg\"},{\"@type\":\"WebPage\",\"@id\":\"https:\/\/artsetsavoirshoulgate.com\/index.php\/bien-etre\/gym\/#webpage\",\"url\":\"https:\/\/artsetsavoirshoulgate.com\/index.php\/bien-etre\/gym\/\",\"name\":\"Gym douce adapt\u00e9e - Arts &amp; Savoirs\",\"isPartOf\":{\"@id\":\"http:\/\/artsetsavoirshoulgate.com\/#website\"},\"primaryImageOfPage\":{\"@id\":\"https:\/\/artsetsavoirshoulgate.com\/index.php\/bien-etre\/gym\/#primaryimage\"},\"datePublished\":\"2018-08-27T21:30:30+00:00\",\"dateModified\":\"2026-04-01T09:08:37+00:00\",\"breadcrumb\":{\"@id\":\"https:\/\/artsetsavoirshoulgate.com\/index.php\/bien-etre\/gym\/#breadcrumb\"},\"inLanguage\":\"fr-FR\",\"potentialAction\":[{\"@type\":\"ReadAction\",\"target\":[\"https:\/\/artsetsavoirshoulgate.com\/index.php\/bien-etre\/gym\/\"]}]},{\"@type\":\"BreadcrumbList\",\"@id\":\"https:\/\/artsetsavoirshoulgate.com\/index.php\/bien-etre\/gym\/#breadcrumb\",\"itemListElement\":[{\"@type\":\"ListItem\",\"position\":1,\"name\":\"Accueil\",\"item\":\"http:\/\/artsetsavoirshoulgate.com\/\"},{\"@type\":\"ListItem\",\"position\":2,\"name\":\"Bien-\u00eatre\",\"item\":\"https:\/\/artsetsavoirshoulgate.com\/index.php\/bien-etre\/\"},{\"@type\":\"ListItem\",\"position\":3,\"name\":\"Gym douce adapt\u00e9e\"}]}]}<\/script>\n<!-- \/ Yoast SEO plugin. -->","yoast_head_json":{"title":"Gym douce adapt\u00e9e - Arts &amp; Savoirs","robots":{"index":"index","follow":"follow","max-snippet":"max-snippet:-1","max-image-preview":"max-image-preview:large","max-video-preview":"max-video-preview:-1"},"canonical":"https:\/\/artsetsavoirshoulgate.com\/index.php\/bien-etre\/gym\/","og_locale":"fr_FR","og_type":"article","og_title":"Gym douce adapt\u00e9e - Arts &amp; Savoirs","og_description":"Contact : Maryse VERNOCHET 02 31 28 72 76Lieu : Salle de la GareHoraires : Mardi 16H15\/17H15 (hors vacances scolaires) Participation :180 \u20ac l&rsquo;ann\u00e9e, en compl\u00e9ment de l&rsquo;adh\u00e9sion \u00e0 l&rsquo;association Intervenant : SIEL BLEU","og_url":"https:\/\/artsetsavoirshoulgate.com\/index.php\/bien-etre\/gym\/","og_site_name":"Arts &amp; Savoirs","article_modified_time":"2026-04-01T09:08:37+00:00","og_image":[{"url":"http:\/\/artsetsavoirshoulgate.com\/wp-content\/uploads\/2023\/04\/gym-douce-3-300x282.jpg"}],"twitter_card":"summary_large_image","twitter_misc":{"Dur\u00e9e de lecture estim\u00e9e":"1 minute"},"schema":{"@context":"https:\/\/schema.org","@graph":[{"@type":"WebSite","@id":"http:\/\/artsetsavoirshoulgate.com\/#website","url":"http:\/\/artsetsavoirshoulgate.com\/","name":"Arts & Savoirs Houlgate","description":"Pour promouvoir les Arts et Savoirs de toute culture et les activit\u00e9s qui y participent dans un esprit de partage et de f\u00eate","potentialAction":[{"@type":"SearchAction","target":{"@type":"EntryPoint","urlTemplate":"http:\/\/artsetsavoirshoulgate.com\/?s={search_term_string}"},"query-input":"required name=search_term_string"}],"inLanguage":"fr-FR"},{"@type":"ImageObject","@id":"https:\/\/artsetsavoirshoulgate.com\/index.php\/bien-etre\/gym\/#primaryimage","inLanguage":"fr-FR","url":"http:\/\/artsetsavoirshoulgate.com\/wp-content\/uploads\/2023\/04\/gym-douce-3-300x282.jpg","contentUrl":"http:\/\/artsetsavoirshoulgate.com\/wp-content\/uploads\/2023\/04\/gym-douce-3-300x282.jpg"},{"@type":"WebPage","@id":"https:\/\/artsetsavoirshoulgate.com\/index.php\/bien-etre\/gym\/#webpage","url":"https:\/\/artsetsavoirshoulgate.com\/index.php\/bien-etre\/gym\/","name":"Gym douce adapt\u00e9e - Arts &amp; Savoirs","isPartOf":{"@id":"http:\/\/artsetsavoirshoulgate.com\/#website"},"primaryImageOfPage":{"@id":"https:\/\/artsetsavoirshoulgate.com\/index.php\/bien-etre\/gym\/#primaryimage"},"datePublished":"2018-08-27T21:30:30+00:00","dateModified":"2026-04-01T09:08:37+00:00","breadcrumb":{"@id":"https:\/\/artsetsavoirshoulgate.com\/index.php\/bien-etre\/gym\/#breadcrumb"},"inLanguage":"fr-FR","potentialAction":[{"@type":"ReadAction","target":["https:\/\/artsetsavoirshoulgate.com\/index.php\/bien-etre\/gym\/"]}]},{"@type":"BreadcrumbList","@id":"https:\/\/artsetsavoirshoulgate.com\/index.php\/bien-etre\/gym\/#breadcrumb","itemListElement":[{"@type":"ListItem","position":1,"name":"Accueil","item":"http:\/\/artsetsavoirshoulgate.com\/"},{"@type":"ListItem","position":2,"name":"Bien-\u00eatre","item":"https:\/\/artsetsavoirshoulgate.com\/index.php\/bien-etre\/"},{"@type":"ListItem","position":3,"name":"Gym douce adapt\u00e9e"}]}]}},"_links":{"self":[{"href":"https:\/\/artsetsavoirshoulgate.com\/index.php\/wp-json\/wp\/v2\/pages\/1097"}],"collection":[{"href":"https:\/\/artsetsavoirshoulgate.com\/index.php\/wp-json\/wp\/v2\/pages"}],"about":[{"href":"https:\/\/artsetsavoirshoulgate.com\/index.php\/wp-json\/wp\/v2\/types\/page"}],"author":[{"embeddable":true,"href":"https:\/\/artsetsavoirshoulgate.com\/index.php\/wp-json\/wp\/v2\/users\/1"}],"replies":[{"embeddable":true,"href":"https:\/\/artsetsavoirshoulgate.com\/index.php\/wp-json\/wp\/v2\/comments?post=1097"}],"version-history":[{"count":30,"href":"https:\/\/artsetsavoirshoulgate.com\/index.php\/wp-json\/wp\/v2\/pages\/1097\/revisions"}],"predecessor-version":[{"id":6463,"href":"https:\/\/artsetsavoirshoulgate.com\/index.php\/wp-json\/wp\/v2\/pages\/1097\/revisions\/6463"}],"up":[{"embeddable":true,"href":"https:\/\/artsetsavoirshoulgate.com\/index.php\/wp-json\/wp\/v2\/pages\/252"}],"wp:attachment":[{"href":"https:\/\/artsetsavoirshoulgate.com\/index.php\/wp-json\/wp\/v2\/media?parent=1097"}],"curies":[{"name":"wp","href":"https:\/\/api.w.org\/{rel}","templated":true}]}}