{"id":1248,"date":"2018-09-28T09:45:39","date_gmt":"2018-09-28T07:45:39","guid":{"rendered":"http:\/\/artsetsavoirshoulgate.com\/?page_id=1248"},"modified":"2026-04-13T09:52:59","modified_gmt":"2026-04-13T07:52:59","slug":"derniere-minute","status":"publish","type":"page","link":"https:\/\/artsetsavoirshoulgate.com\/index.php\/derniere-minute\/","title":{"rendered":"Derni\u00e8re minute"},"content":{"rendered":"\n<hr class=\"wp-block-separator has-text-color has-background has-vivid-green-cyan-background-color has-vivid-green-cyan-color is-style-default\"\/>\n\n\n\n<p><\/p>\n\n\n<p>Pour\u00a0 connaitre les activit\u00e9s de l&rsquo;association =&gt;<span style=\"color: #ff0000;\"><strong><a style=\"color: #ff0000;\" href=\"http:\/\/artsetsavoirshoulgate.com\/wp-content\/uploads\/2025\/12\/flyer-2025-2026-V07.pdf\"> FLYER 2025-2026<\/a><\/strong><\/span><\/p>\n<p>Pour s&rsquo;inscrire =&gt; <strong><span style=\"color: #ff0000;\"><a style=\"color: #ff0000;\" href=\"http:\/\/artsetsavoirshoulgate.com\/wp-content\/uploads\/2025\/09\/Bulletin-adhesion-2025-2026-V3-finale.pdf\">BULLETIN<\/a><\/span><\/strong><\/p>\n<p>Agenda des sorties programm\u00e9es en 2026 (le d\u00e9tail, dont le tarif, appara\u00eet dans l&rsquo;onglet \u00ab\u00a0Ev\u00e8nement\u00a0\u00bb )\u00a0 \u00a0 \u00a0 \u00a0 =&gt; <strong><span style=\"color: #ff0000;\"><a style=\"color: #ff0000;\" href=\"http:\/\/artsetsavoirshoulgate.com\/wp-content\/uploads\/2026\/04\/Sorties-2026-MAJ-25-mars-2026-VBiDHP-V6A.pdf\">Sorties 2026 reserv\u00e9es aux adh\u00e9rents<\/a><\/span><\/strong><\/p>\n<hr \/>\n<p>Les derniers bulletins parus RAPPEL :<\/p>\n<ul>\n<li>Le\u00a0 29 avril Visites jardins et Chateau de Champ de Bataille, date limite d&rsquo;inscription le 10 avril =&gt; <strong><span style=\"color: #ff0000;\"><a style=\"color: #ff0000;\" href=\"http:\/\/artsetsavoirshoulgate.com\/index.php\/evenement\/chateau-de-champ-de-bataille\/\">Champ de Bataille<\/a><\/span><\/strong><\/li>\n<li>le 18 et 19 mai randonn\u00e9es de 2 jours autour de Jumi\u00e8ges, date limite d&rsquo;inscription le 20 avril =&gt;\u00a0<a href=\"http:\/\/artsetsavoirshoulgate.com\/wp-content\/uploads\/2026\/03\/bulletin-d-inscription-randonnee-jumieges-2026-final.pdf\"><strong><span style=\"color: #ff0000;\"> j<\/span><span style=\"color: #ff0000;\">umi\u00e8ges\u00a0<\/span><\/strong><\/a><\/li>\n<li>Le\u00a0 20 mai decouverte du Val de Saire, date limite d&rsquo;inscription le 5 mai =&gt;\u00a0<strong><span style=\"color: #ff0000;\"><a style=\"color: #ff0000;\" href=\"http:\/\/artsetsavoirshoulgate.com\/wp-content\/uploads\/2026\/04\/bulletin-d-inscription-st-vaast-la-hougue-TatihouDHP-1-.pdf\"> St vaast \/Tatihou<\/a><\/span><\/strong><\/li>\n<\/ul>\n<p><!--more--><\/p>\n<p><em>La plupart des activit\u00e9s ont lieu d\u00e9sormais salle Berthe Morisot connue \u00e9galement sous le nom des petites Marmouilles (A gauche de la salle des f\u00eates\u00a0 et de la mairie) .<\/em><\/p>\n\n\n<div class=\"wp-container-1 wp-block-group\"><div class=\"wp-block-group__inner-container\"><\/div><\/div>\n\n\n\n<p><\/p>\n","protected":false},"excerpt":{"rendered":"<p>Pour\u00a0 connaitre les activit\u00e9s de l&rsquo;association =&gt; FLYER 2025-2026 Pour s&rsquo;inscrire =&gt; BULLETIN Agenda des sorties programm\u00e9es en 2026 (le d\u00e9tail, dont le tarif, appara\u00eet dans l&rsquo;onglet \u00ab\u00a0Ev\u00e8nement\u00a0\u00bb )\u00a0 \u00a0 \u00a0 \u00a0 =&gt; Sorties 2026 reserv\u00e9es aux adh\u00e9rents Les derniers bulletins parus RAPPEL : Le\u00a0 29 avril Visites jardins et Chateau de Champ de Bataille, &hellip; <\/p>\n<p class=\"link-more\"><a href=\"https:\/\/artsetsavoirshoulgate.com\/index.php\/derniere-minute\/\" class=\"more-link\">Continuer la lecture<span class=\"screen-reader-text\"> de &laquo;&nbsp;Derni\u00e8re minute&nbsp;&raquo;<\/span><\/a><\/p>\n","protected":false},"author":1,"featured_media":0,"parent":0,"menu_order":0,"comment_status":"closed","ping_status":"closed","template":"","meta":[],"yoast_head":"<!-- This site is optimized with the Yoast SEO plugin v18.2 - https:\/\/yoast.com\/wordpress\/plugins\/seo\/ -->\n<title>Derni\u00e8re minute - Arts &amp; Savoirs<\/title>\n<meta name=\"robots\" content=\"index, follow, max-snippet:-1, max-image-preview:large, max-video-preview:-1\" \/>\n<link rel=\"canonical\" href=\"https:\/\/artsetsavoirshoulgate.com\/index.php\/derniere-minute\/\" \/>\n<meta property=\"og:locale\" content=\"fr_FR\" \/>\n<meta property=\"og:type\" content=\"article\" \/>\n<meta property=\"og:title\" content=\"Derni\u00e8re minute - Arts &amp; Savoirs\" \/>\n<meta property=\"og:description\" content=\"Pour\u00a0 connaitre les activit\u00e9s de l&rsquo;association =&gt; FLYER 2025-2026 Pour s&rsquo;inscrire =&gt; BULLETIN Agenda des sorties programm\u00e9es en 2026 (le d\u00e9tail, dont le tarif, appara\u00eet dans l&rsquo;onglet \u00ab\u00a0Ev\u00e8nement\u00a0\u00bb )\u00a0 \u00a0 \u00a0 \u00a0 =&gt; Sorties 2026 reserv\u00e9es aux adh\u00e9rents Les derniers bulletins parus RAPPEL : Le\u00a0 29 avril Visites jardins et Chateau de Champ de Bataille, &hellip; Continuer la lecture de &laquo;&nbsp;Derni\u00e8re minute&nbsp;&raquo;\" \/>\n<meta property=\"og:url\" content=\"https:\/\/artsetsavoirshoulgate.com\/index.php\/derniere-minute\/\" \/>\n<meta property=\"og:site_name\" content=\"Arts &amp; Savoirs\" \/>\n<meta property=\"article:modified_time\" content=\"2026-04-13T07:52:59+00:00\" \/>\n<meta name=\"twitter:card\" content=\"summary_large_image\" \/>\n<meta name=\"twitter:label1\" content=\"Dur\u00e9e de lecture estim\u00e9e\" \/>\n\t<meta name=\"twitter:data1\" content=\"1 minute\" \/>\n<script type=\"application\/ld+json\" class=\"yoast-schema-graph\">{\"@context\":\"https:\/\/schema.org\",\"@graph\":[{\"@type\":\"WebSite\",\"@id\":\"http:\/\/artsetsavoirshoulgate.com\/#website\",\"url\":\"http:\/\/artsetsavoirshoulgate.com\/\",\"name\":\"Arts & Savoirs Houlgate\",\"description\":\"Pour promouvoir les Arts et Savoirs de toute culture et les activit\u00e9s qui y participent dans un esprit de partage et de f\u00eate\",\"potentialAction\":[{\"@type\":\"SearchAction\",\"target\":{\"@type\":\"EntryPoint\",\"urlTemplate\":\"http:\/\/artsetsavoirshoulgate.com\/?s={search_term_string}\"},\"query-input\":\"required name=search_term_string\"}],\"inLanguage\":\"fr-FR\"},{\"@type\":\"WebPage\",\"@id\":\"https:\/\/artsetsavoirshoulgate.com\/index.php\/derniere-minute\/#webpage\",\"url\":\"https:\/\/artsetsavoirshoulgate.com\/index.php\/derniere-minute\/\",\"name\":\"Derni\u00e8re minute - Arts &amp; Savoirs\",\"isPartOf\":{\"@id\":\"http:\/\/artsetsavoirshoulgate.com\/#website\"},\"datePublished\":\"2018-09-28T07:45:39+00:00\",\"dateModified\":\"2026-04-13T07:52:59+00:00\",\"breadcrumb\":{\"@id\":\"https:\/\/artsetsavoirshoulgate.com\/index.php\/derniere-minute\/#breadcrumb\"},\"inLanguage\":\"fr-FR\",\"potentialAction\":[{\"@type\":\"ReadAction\",\"target\":[\"https:\/\/artsetsavoirshoulgate.com\/index.php\/derniere-minute\/\"]}]},{\"@type\":\"BreadcrumbList\",\"@id\":\"https:\/\/artsetsavoirshoulgate.com\/index.php\/derniere-minute\/#breadcrumb\",\"itemListElement\":[{\"@type\":\"ListItem\",\"position\":1,\"name\":\"Accueil\",\"item\":\"http:\/\/artsetsavoirshoulgate.com\/\"},{\"@type\":\"ListItem\",\"position\":2,\"name\":\"Derni\u00e8re minute\"}]}]}<\/script>\n<!-- \/ Yoast SEO plugin. -->","yoast_head_json":{"title":"Derni\u00e8re minute - Arts &amp; Savoirs","robots":{"index":"index","follow":"follow","max-snippet":"max-snippet:-1","max-image-preview":"max-image-preview:large","max-video-preview":"max-video-preview:-1"},"canonical":"https:\/\/artsetsavoirshoulgate.com\/index.php\/derniere-minute\/","og_locale":"fr_FR","og_type":"article","og_title":"Derni\u00e8re minute - Arts &amp; Savoirs","og_description":"Pour\u00a0 connaitre les activit\u00e9s de l&rsquo;association =&gt; FLYER 2025-2026 Pour s&rsquo;inscrire =&gt; BULLETIN Agenda des sorties programm\u00e9es en 2026 (le d\u00e9tail, dont le tarif, appara\u00eet dans l&rsquo;onglet \u00ab\u00a0Ev\u00e8nement\u00a0\u00bb )\u00a0 \u00a0 \u00a0 \u00a0 =&gt; Sorties 2026 reserv\u00e9es aux adh\u00e9rents Les derniers bulletins parus RAPPEL : Le\u00a0 29 avril Visites jardins et Chateau de Champ de Bataille, &hellip; Continuer la lecture de &laquo;&nbsp;Derni\u00e8re minute&nbsp;&raquo;","og_url":"https:\/\/artsetsavoirshoulgate.com\/index.php\/derniere-minute\/","og_site_name":"Arts &amp; Savoirs","article_modified_time":"2026-04-13T07:52:59+00:00","twitter_card":"summary_large_image","twitter_misc":{"Dur\u00e9e de lecture estim\u00e9e":"1 minute"},"schema":{"@context":"https:\/\/schema.org","@graph":[{"@type":"WebSite","@id":"http:\/\/artsetsavoirshoulgate.com\/#website","url":"http:\/\/artsetsavoirshoulgate.com\/","name":"Arts & Savoirs Houlgate","description":"Pour promouvoir les Arts et Savoirs de toute culture et les activit\u00e9s qui y participent dans un esprit de partage et de f\u00eate","potentialAction":[{"@type":"SearchAction","target":{"@type":"EntryPoint","urlTemplate":"http:\/\/artsetsavoirshoulgate.com\/?s={search_term_string}"},"query-input":"required name=search_term_string"}],"inLanguage":"fr-FR"},{"@type":"WebPage","@id":"https:\/\/artsetsavoirshoulgate.com\/index.php\/derniere-minute\/#webpage","url":"https:\/\/artsetsavoirshoulgate.com\/index.php\/derniere-minute\/","name":"Derni\u00e8re minute - Arts &amp; Savoirs","isPartOf":{"@id":"http:\/\/artsetsavoirshoulgate.com\/#website"},"datePublished":"2018-09-28T07:45:39+00:00","dateModified":"2026-04-13T07:52:59+00:00","breadcrumb":{"@id":"https:\/\/artsetsavoirshoulgate.com\/index.php\/derniere-minute\/#breadcrumb"},"inLanguage":"fr-FR","potentialAction":[{"@type":"ReadAction","target":["https:\/\/artsetsavoirshoulgate.com\/index.php\/derniere-minute\/"]}]},{"@type":"BreadcrumbList","@id":"https:\/\/artsetsavoirshoulgate.com\/index.php\/derniere-minute\/#breadcrumb","itemListElement":[{"@type":"ListItem","position":1,"name":"Accueil","item":"http:\/\/artsetsavoirshoulgate.com\/"},{"@type":"ListItem","position":2,"name":"Derni\u00e8re minute"}]}]}},"_links":{"self":[{"href":"https:\/\/artsetsavoirshoulgate.com\/index.php\/wp-json\/wp\/v2\/pages\/1248"}],"collection":[{"href":"https:\/\/artsetsavoirshoulgate.com\/index.php\/wp-json\/wp\/v2\/pages"}],"about":[{"href":"https:\/\/artsetsavoirshoulgate.com\/index.php\/wp-json\/wp\/v2\/types\/page"}],"author":[{"embeddable":true,"href":"https:\/\/artsetsavoirshoulgate.com\/index.php\/wp-json\/wp\/v2\/users\/1"}],"replies":[{"embeddable":true,"href":"https:\/\/artsetsavoirshoulgate.com\/index.php\/wp-json\/wp\/v2\/comments?post=1248"}],"version-history":[{"count":388,"href":"https:\/\/artsetsavoirshoulgate.com\/index.php\/wp-json\/wp\/v2\/pages\/1248\/revisions"}],"predecessor-version":[{"id":6502,"href":"https:\/\/artsetsavoirshoulgate.com\/index.php\/wp-json\/wp\/v2\/pages\/1248\/revisions\/6502"}],"wp:attachment":[{"href":"https:\/\/artsetsavoirshoulgate.com\/index.php\/wp-json\/wp\/v2\/media?parent=1248"}],"curies":[{"name":"wp","href":"https:\/\/api.w.org\/{rel}","templated":true}]}}