{"id":2286,"date":"2019-09-02T19:11:17","date_gmt":"2019-09-02T17:11:17","guid":{"rendered":"http:\/\/artsetsavoirshoulgate.com\/?page_id=2286"},"modified":"2025-06-08T11:27:46","modified_gmt":"2025-06-08T09:27:46","slug":"activites-enfants","status":"publish","type":"page","link":"https:\/\/artsetsavoirshoulgate.com\/index.php\/activites-enfants\/","title":{"rendered":"Enfants"},"content":{"rendered":"\n<p>Voici l&rsquo;activit\u00e9 propos\u00e9e sp\u00e9cifiquement pour les enfants:<\/p>\n\n\n\n<p><a href=\"http:\/\/artsetsavoirshoulgate.com\/index.php\/test\/dessin-creativite-enfants\/\">Peinture cr\u00e9ativit\u00e9 enfants<\/a><\/p>\n\n\n\n\n\n<p><\/p>\n\n\n\n<p>La communaut\u00e9 de communes Normandie Cabourg Pays d&rsquo;Auge (<a href=\"https:\/\/www.normandiecabourgpaysdauge.fr\">NCPA<\/a>) peut apporter une aide financi\u00e8re pour ces activit\u00e9s par la carte sport et culture <a href=\"https:\/\/www.normandiecabourgpaysdauge.fr\/sports-culture-loisirs\/carte-sport-et-culture\/\">https:\/\/www.normandiecabourgpaysdauge.fr\/sports-culture-loisirs\/carte-sport-et-culture\/<\/a><\/p>\n\n\n\n<p><\/p>\n","protected":false},"excerpt":{"rendered":"<p>Voici l&rsquo;activit\u00e9 propos\u00e9e sp\u00e9cifiquement pour les enfants: Peinture cr\u00e9ativit\u00e9 enfants La communaut\u00e9 de communes Normandie Cabourg Pays d&rsquo;Auge (NCPA) peut apporter une aide financi\u00e8re pour ces activit\u00e9s par la carte sport et culture https:\/\/www.normandiecabourgpaysdauge.fr\/sports-culture-loisirs\/carte-sport-et-culture\/<\/p>\n","protected":false},"author":1,"featured_media":0,"parent":0,"menu_order":0,"comment_status":"closed","ping_status":"closed","template":"","meta":[],"yoast_head":"<!-- This site is optimized with the Yoast SEO plugin v18.2 - https:\/\/yoast.com\/wordpress\/plugins\/seo\/ -->\n<title>Enfants - Arts &amp; Savoirs<\/title>\n<meta name=\"robots\" content=\"index, follow, max-snippet:-1, max-image-preview:large, max-video-preview:-1\" \/>\n<link rel=\"canonical\" href=\"https:\/\/artsetsavoirshoulgate.com\/index.php\/activites-enfants\/\" \/>\n<meta property=\"og:locale\" content=\"fr_FR\" \/>\n<meta property=\"og:type\" content=\"article\" \/>\n<meta property=\"og:title\" content=\"Enfants - Arts &amp; Savoirs\" \/>\n<meta property=\"og:description\" content=\"Voici l&rsquo;activit\u00e9 propos\u00e9e sp\u00e9cifiquement pour les enfants: Peinture cr\u00e9ativit\u00e9 enfants La communaut\u00e9 de communes Normandie Cabourg Pays d&rsquo;Auge (NCPA) peut apporter une aide financi\u00e8re pour ces activit\u00e9s par la carte sport et culture https:\/\/www.normandiecabourgpaysdauge.fr\/sports-culture-loisirs\/carte-sport-et-culture\/\" \/>\n<meta property=\"og:url\" content=\"https:\/\/artsetsavoirshoulgate.com\/index.php\/activites-enfants\/\" \/>\n<meta property=\"og:site_name\" content=\"Arts &amp; Savoirs\" \/>\n<meta property=\"article:modified_time\" content=\"2025-06-08T09:27:46+00:00\" \/>\n<meta name=\"twitter:card\" content=\"summary_large_image\" \/>\n<meta name=\"twitter:label1\" content=\"Dur\u00e9e de lecture estim\u00e9e\" \/>\n\t<meta name=\"twitter:data1\" content=\"1 minute\" \/>\n<script type=\"application\/ld+json\" class=\"yoast-schema-graph\">{\"@context\":\"https:\/\/schema.org\",\"@graph\":[{\"@type\":\"WebSite\",\"@id\":\"http:\/\/artsetsavoirshoulgate.com\/#website\",\"url\":\"http:\/\/artsetsavoirshoulgate.com\/\",\"name\":\"Arts & Savoirs Houlgate\",\"description\":\"Pour promouvoir les Arts et Savoirs de toute culture et les activit\u00e9s qui y participent dans un esprit de partage et de f\u00eate\",\"potentialAction\":[{\"@type\":\"SearchAction\",\"target\":{\"@type\":\"EntryPoint\",\"urlTemplate\":\"http:\/\/artsetsavoirshoulgate.com\/?s={search_term_string}\"},\"query-input\":\"required name=search_term_string\"}],\"inLanguage\":\"fr-FR\"},{\"@type\":\"WebPage\",\"@id\":\"https:\/\/artsetsavoirshoulgate.com\/index.php\/activites-enfants\/#webpage\",\"url\":\"https:\/\/artsetsavoirshoulgate.com\/index.php\/activites-enfants\/\",\"name\":\"Enfants - Arts &amp; Savoirs\",\"isPartOf\":{\"@id\":\"http:\/\/artsetsavoirshoulgate.com\/#website\"},\"datePublished\":\"2019-09-02T17:11:17+00:00\",\"dateModified\":\"2025-06-08T09:27:46+00:00\",\"breadcrumb\":{\"@id\":\"https:\/\/artsetsavoirshoulgate.com\/index.php\/activites-enfants\/#breadcrumb\"},\"inLanguage\":\"fr-FR\",\"potentialAction\":[{\"@type\":\"ReadAction\",\"target\":[\"https:\/\/artsetsavoirshoulgate.com\/index.php\/activites-enfants\/\"]}]},{\"@type\":\"BreadcrumbList\",\"@id\":\"https:\/\/artsetsavoirshoulgate.com\/index.php\/activites-enfants\/#breadcrumb\",\"itemListElement\":[{\"@type\":\"ListItem\",\"position\":1,\"name\":\"Accueil\",\"item\":\"http:\/\/artsetsavoirshoulgate.com\/\"},{\"@type\":\"ListItem\",\"position\":2,\"name\":\"Enfants\"}]}]}<\/script>\n<!-- \/ Yoast SEO plugin. -->","yoast_head_json":{"title":"Enfants - Arts &amp; Savoirs","robots":{"index":"index","follow":"follow","max-snippet":"max-snippet:-1","max-image-preview":"max-image-preview:large","max-video-preview":"max-video-preview:-1"},"canonical":"https:\/\/artsetsavoirshoulgate.com\/index.php\/activites-enfants\/","og_locale":"fr_FR","og_type":"article","og_title":"Enfants - Arts &amp; Savoirs","og_description":"Voici l&rsquo;activit\u00e9 propos\u00e9e sp\u00e9cifiquement pour les enfants: Peinture cr\u00e9ativit\u00e9 enfants La communaut\u00e9 de communes Normandie Cabourg Pays d&rsquo;Auge (NCPA) peut apporter une aide financi\u00e8re pour ces activit\u00e9s par la carte sport et culture https:\/\/www.normandiecabourgpaysdauge.fr\/sports-culture-loisirs\/carte-sport-et-culture\/","og_url":"https:\/\/artsetsavoirshoulgate.com\/index.php\/activites-enfants\/","og_site_name":"Arts &amp; Savoirs","article_modified_time":"2025-06-08T09:27:46+00:00","twitter_card":"summary_large_image","twitter_misc":{"Dur\u00e9e de lecture estim\u00e9e":"1 minute"},"schema":{"@context":"https:\/\/schema.org","@graph":[{"@type":"WebSite","@id":"http:\/\/artsetsavoirshoulgate.com\/#website","url":"http:\/\/artsetsavoirshoulgate.com\/","name":"Arts & Savoirs Houlgate","description":"Pour promouvoir les Arts et Savoirs de toute culture et les activit\u00e9s qui y participent dans un esprit de partage et de f\u00eate","potentialAction":[{"@type":"SearchAction","target":{"@type":"EntryPoint","urlTemplate":"http:\/\/artsetsavoirshoulgate.com\/?s={search_term_string}"},"query-input":"required name=search_term_string"}],"inLanguage":"fr-FR"},{"@type":"WebPage","@id":"https:\/\/artsetsavoirshoulgate.com\/index.php\/activites-enfants\/#webpage","url":"https:\/\/artsetsavoirshoulgate.com\/index.php\/activites-enfants\/","name":"Enfants - Arts &amp; Savoirs","isPartOf":{"@id":"http:\/\/artsetsavoirshoulgate.com\/#website"},"datePublished":"2019-09-02T17:11:17+00:00","dateModified":"2025-06-08T09:27:46+00:00","breadcrumb":{"@id":"https:\/\/artsetsavoirshoulgate.com\/index.php\/activites-enfants\/#breadcrumb"},"inLanguage":"fr-FR","potentialAction":[{"@type":"ReadAction","target":["https:\/\/artsetsavoirshoulgate.com\/index.php\/activites-enfants\/"]}]},{"@type":"BreadcrumbList","@id":"https:\/\/artsetsavoirshoulgate.com\/index.php\/activites-enfants\/#breadcrumb","itemListElement":[{"@type":"ListItem","position":1,"name":"Accueil","item":"http:\/\/artsetsavoirshoulgate.com\/"},{"@type":"ListItem","position":2,"name":"Enfants"}]}]}},"_links":{"self":[{"href":"https:\/\/artsetsavoirshoulgate.com\/index.php\/wp-json\/wp\/v2\/pages\/2286"}],"collection":[{"href":"https:\/\/artsetsavoirshoulgate.com\/index.php\/wp-json\/wp\/v2\/pages"}],"about":[{"href":"https:\/\/artsetsavoirshoulgate.com\/index.php\/wp-json\/wp\/v2\/types\/page"}],"author":[{"embeddable":true,"href":"https:\/\/artsetsavoirshoulgate.com\/index.php\/wp-json\/wp\/v2\/users\/1"}],"replies":[{"embeddable":true,"href":"https:\/\/artsetsavoirshoulgate.com\/index.php\/wp-json\/wp\/v2\/comments?post=2286"}],"version-history":[{"count":10,"href":"https:\/\/artsetsavoirshoulgate.com\/index.php\/wp-json\/wp\/v2\/pages\/2286\/revisions"}],"predecessor-version":[{"id":5790,"href":"https:\/\/artsetsavoirshoulgate.com\/index.php\/wp-json\/wp\/v2\/pages\/2286\/revisions\/5790"}],"wp:attachment":[{"href":"https:\/\/artsetsavoirshoulgate.com\/index.php\/wp-json\/wp\/v2\/media?parent=2286"}],"curies":[{"name":"wp","href":"https:\/\/api.w.org\/{rel}","templated":true}]}}