{"id":2318,"date":"2019-09-03T12:43:26","date_gmt":"2019-09-03T10:43:26","guid":{"rendered":"http:\/\/artsetsavoirshoulgate.com\/?page_id=2318"},"modified":"2026-04-01T11:00:38","modified_gmt":"2026-04-01T09:00:38","slug":"atelier-sculpture","status":"publish","type":"page","link":"https:\/\/artsetsavoirshoulgate.com\/index.php\/test\/atelier-sculpture\/","title":{"rendered":"Sculpture cr\u00e9ation et partage"},"content":{"rendered":"\n<div class=\"wp-block-image\"><figure class=\"alignleft is-resized\"><img loading=\"lazy\" src=\"http:\/\/artsetsavoirshoulgate.com\/wp-content\/uploads\/2023\/07\/logo-sculpturesite1.png\" alt=\"\" width=\"181\" height=\"221\"\/><\/figure><\/div>\n\n\n\n<p class=\"has-text-align-left\"><strong>Contact : Jean Pierre DELVALLEE 06 01 90 02 67<\/strong><br>Lieu : B\u00e2timent annexe de la Gare<br>Horaires:  Mardi  et  Vendredi  14h-17h<br>Contribution :20 \u20ac annuel <em>en compl\u00e9ment de <a href=\"http:\/\/artsetsavoirshoulgate.com\/index.php\/a-propos-de\/\">l&rsquo;adh\u00e9sion \u00e0 l&rsquo;association<\/a><\/em><\/p>\n\n\n\n<p class=\"has-black-color has-text-color has-medium-font-size\"><strong>Animateur des ateliers dirig\u00e9s :   Jean Pierre DELVALLEE<\/strong><br>Partir d un \u00ab\u00a0bloc de pierre \u00ab\u00a0et arriver \u00e0 cr\u00e9er quelque chose est une sensation  que nous aimons partager .<\/p>\n\n\n\n<p><\/p>\n","protected":false},"excerpt":{"rendered":"<p>Contact : Jean Pierre DELVALLEE 06 01 90 02 67Lieu : B\u00e2timent annexe de la GareHoraires: Mardi et Vendredi 14h-17hContribution :20 \u20ac annuel en compl\u00e9ment de l&rsquo;adh\u00e9sion \u00e0 l&rsquo;association Animateur des ateliers dirig\u00e9s : Jean Pierre DELVALLEEPartir d un \u00ab\u00a0bloc de pierre \u00ab\u00a0et arriver \u00e0 cr\u00e9er quelque chose est une sensation que nous aimons partager &hellip; <\/p>\n<p class=\"link-more\"><a href=\"https:\/\/artsetsavoirshoulgate.com\/index.php\/test\/atelier-sculpture\/\" class=\"more-link\">Continuer la lecture<span class=\"screen-reader-text\"> de &laquo;&nbsp;Sculpture cr\u00e9ation et partage&nbsp;&raquo;<\/span><\/a><\/p>\n","protected":false},"author":1,"featured_media":0,"parent":236,"menu_order":0,"comment_status":"closed","ping_status":"closed","template":"","meta":[],"yoast_head":"<!-- This site is optimized with the Yoast SEO plugin v18.2 - https:\/\/yoast.com\/wordpress\/plugins\/seo\/ -->\n<title>Sculpture cr\u00e9ation et partage - Arts &amp; Savoirs<\/title>\n<meta name=\"robots\" content=\"index, follow, max-snippet:-1, max-image-preview:large, max-video-preview:-1\" \/>\n<link rel=\"canonical\" href=\"https:\/\/artsetsavoirshoulgate.com\/index.php\/test\/atelier-sculpture\/\" \/>\n<meta property=\"og:locale\" content=\"fr_FR\" \/>\n<meta property=\"og:type\" content=\"article\" \/>\n<meta property=\"og:title\" content=\"Sculpture cr\u00e9ation et partage - Arts &amp; Savoirs\" \/>\n<meta property=\"og:description\" content=\"Contact : Jean Pierre DELVALLEE 06 01 90 02 67Lieu : B\u00e2timent annexe de la GareHoraires: Mardi et Vendredi 14h-17hContribution :20 \u20ac annuel en compl\u00e9ment de l&rsquo;adh\u00e9sion \u00e0 l&rsquo;association Animateur des ateliers dirig\u00e9s : Jean Pierre DELVALLEEPartir d un \u00ab\u00a0bloc de pierre \u00ab\u00a0et arriver \u00e0 cr\u00e9er quelque chose est une sensation que nous aimons partager &hellip; Continuer la lecture de &laquo;&nbsp;Sculpture cr\u00e9ation et partage&nbsp;&raquo;\" \/>\n<meta property=\"og:url\" content=\"https:\/\/artsetsavoirshoulgate.com\/index.php\/test\/atelier-sculpture\/\" \/>\n<meta property=\"og:site_name\" content=\"Arts &amp; Savoirs\" \/>\n<meta property=\"article:modified_time\" content=\"2026-04-01T09:00:38+00:00\" \/>\n<meta property=\"og:image\" content=\"http:\/\/artsetsavoirshoulgate.com\/wp-content\/uploads\/2023\/07\/logo-sculpturesite1.png\" \/>\n<meta name=\"twitter:card\" content=\"summary_large_image\" \/>\n<meta name=\"twitter:label1\" content=\"Dur\u00e9e de lecture estim\u00e9e\" \/>\n\t<meta name=\"twitter:data1\" content=\"1 minute\" \/>\n<script type=\"application\/ld+json\" class=\"yoast-schema-graph\">{\"@context\":\"https:\/\/schema.org\",\"@graph\":[{\"@type\":\"WebSite\",\"@id\":\"http:\/\/artsetsavoirshoulgate.com\/#website\",\"url\":\"http:\/\/artsetsavoirshoulgate.com\/\",\"name\":\"Arts & Savoirs Houlgate\",\"description\":\"Pour promouvoir les Arts et Savoirs de toute culture et les activit\u00e9s qui y participent dans un esprit de partage et de f\u00eate\",\"potentialAction\":[{\"@type\":\"SearchAction\",\"target\":{\"@type\":\"EntryPoint\",\"urlTemplate\":\"http:\/\/artsetsavoirshoulgate.com\/?s={search_term_string}\"},\"query-input\":\"required name=search_term_string\"}],\"inLanguage\":\"fr-FR\"},{\"@type\":\"ImageObject\",\"@id\":\"https:\/\/artsetsavoirshoulgate.com\/index.php\/test\/atelier-sculpture\/#primaryimage\",\"inLanguage\":\"fr-FR\",\"url\":\"http:\/\/artsetsavoirshoulgate.com\/wp-content\/uploads\/2023\/07\/logo-sculpturesite1.png\",\"contentUrl\":\"http:\/\/artsetsavoirshoulgate.com\/wp-content\/uploads\/2023\/07\/logo-sculpturesite1.png\"},{\"@type\":\"WebPage\",\"@id\":\"https:\/\/artsetsavoirshoulgate.com\/index.php\/test\/atelier-sculpture\/#webpage\",\"url\":\"https:\/\/artsetsavoirshoulgate.com\/index.php\/test\/atelier-sculpture\/\",\"name\":\"Sculpture cr\u00e9ation et partage - Arts &amp; Savoirs\",\"isPartOf\":{\"@id\":\"http:\/\/artsetsavoirshoulgate.com\/#website\"},\"primaryImageOfPage\":{\"@id\":\"https:\/\/artsetsavoirshoulgate.com\/index.php\/test\/atelier-sculpture\/#primaryimage\"},\"datePublished\":\"2019-09-03T10:43:26+00:00\",\"dateModified\":\"2026-04-01T09:00:38+00:00\",\"breadcrumb\":{\"@id\":\"https:\/\/artsetsavoirshoulgate.com\/index.php\/test\/atelier-sculpture\/#breadcrumb\"},\"inLanguage\":\"fr-FR\",\"potentialAction\":[{\"@type\":\"ReadAction\",\"target\":[\"https:\/\/artsetsavoirshoulgate.com\/index.php\/test\/atelier-sculpture\/\"]}]},{\"@type\":\"BreadcrumbList\",\"@id\":\"https:\/\/artsetsavoirshoulgate.com\/index.php\/test\/atelier-sculpture\/#breadcrumb\",\"itemListElement\":[{\"@type\":\"ListItem\",\"position\":1,\"name\":\"Accueil\",\"item\":\"http:\/\/artsetsavoirshoulgate.com\/\"},{\"@type\":\"ListItem\",\"position\":2,\"name\":\"Culture\",\"item\":\"https:\/\/artsetsavoirshoulgate.com\/index.php\/test\/\"},{\"@type\":\"ListItem\",\"position\":3,\"name\":\"Sculpture cr\u00e9ation et partage\"}]}]}<\/script>\n<!-- \/ Yoast SEO plugin. -->","yoast_head_json":{"title":"Sculpture cr\u00e9ation et partage - Arts &amp; Savoirs","robots":{"index":"index","follow":"follow","max-snippet":"max-snippet:-1","max-image-preview":"max-image-preview:large","max-video-preview":"max-video-preview:-1"},"canonical":"https:\/\/artsetsavoirshoulgate.com\/index.php\/test\/atelier-sculpture\/","og_locale":"fr_FR","og_type":"article","og_title":"Sculpture cr\u00e9ation et partage - Arts &amp; Savoirs","og_description":"Contact : Jean Pierre DELVALLEE 06 01 90 02 67Lieu : B\u00e2timent annexe de la GareHoraires: Mardi et Vendredi 14h-17hContribution :20 \u20ac annuel en compl\u00e9ment de l&rsquo;adh\u00e9sion \u00e0 l&rsquo;association Animateur des ateliers dirig\u00e9s : Jean Pierre DELVALLEEPartir d un \u00ab\u00a0bloc de pierre \u00ab\u00a0et arriver \u00e0 cr\u00e9er quelque chose est une sensation que nous aimons partager &hellip; Continuer la lecture de &laquo;&nbsp;Sculpture cr\u00e9ation et partage&nbsp;&raquo;","og_url":"https:\/\/artsetsavoirshoulgate.com\/index.php\/test\/atelier-sculpture\/","og_site_name":"Arts &amp; Savoirs","article_modified_time":"2026-04-01T09:00:38+00:00","og_image":[{"url":"http:\/\/artsetsavoirshoulgate.com\/wp-content\/uploads\/2023\/07\/logo-sculpturesite1.png"}],"twitter_card":"summary_large_image","twitter_misc":{"Dur\u00e9e de lecture estim\u00e9e":"1 minute"},"schema":{"@context":"https:\/\/schema.org","@graph":[{"@type":"WebSite","@id":"http:\/\/artsetsavoirshoulgate.com\/#website","url":"http:\/\/artsetsavoirshoulgate.com\/","name":"Arts & Savoirs Houlgate","description":"Pour promouvoir les Arts et Savoirs de toute culture et les activit\u00e9s qui y participent dans un esprit de partage et de f\u00eate","potentialAction":[{"@type":"SearchAction","target":{"@type":"EntryPoint","urlTemplate":"http:\/\/artsetsavoirshoulgate.com\/?s={search_term_string}"},"query-input":"required name=search_term_string"}],"inLanguage":"fr-FR"},{"@type":"ImageObject","@id":"https:\/\/artsetsavoirshoulgate.com\/index.php\/test\/atelier-sculpture\/#primaryimage","inLanguage":"fr-FR","url":"http:\/\/artsetsavoirshoulgate.com\/wp-content\/uploads\/2023\/07\/logo-sculpturesite1.png","contentUrl":"http:\/\/artsetsavoirshoulgate.com\/wp-content\/uploads\/2023\/07\/logo-sculpturesite1.png"},{"@type":"WebPage","@id":"https:\/\/artsetsavoirshoulgate.com\/index.php\/test\/atelier-sculpture\/#webpage","url":"https:\/\/artsetsavoirshoulgate.com\/index.php\/test\/atelier-sculpture\/","name":"Sculpture cr\u00e9ation et partage - Arts &amp; Savoirs","isPartOf":{"@id":"http:\/\/artsetsavoirshoulgate.com\/#website"},"primaryImageOfPage":{"@id":"https:\/\/artsetsavoirshoulgate.com\/index.php\/test\/atelier-sculpture\/#primaryimage"},"datePublished":"2019-09-03T10:43:26+00:00","dateModified":"2026-04-01T09:00:38+00:00","breadcrumb":{"@id":"https:\/\/artsetsavoirshoulgate.com\/index.php\/test\/atelier-sculpture\/#breadcrumb"},"inLanguage":"fr-FR","potentialAction":[{"@type":"ReadAction","target":["https:\/\/artsetsavoirshoulgate.com\/index.php\/test\/atelier-sculpture\/"]}]},{"@type":"BreadcrumbList","@id":"https:\/\/artsetsavoirshoulgate.com\/index.php\/test\/atelier-sculpture\/#breadcrumb","itemListElement":[{"@type":"ListItem","position":1,"name":"Accueil","item":"http:\/\/artsetsavoirshoulgate.com\/"},{"@type":"ListItem","position":2,"name":"Culture","item":"https:\/\/artsetsavoirshoulgate.com\/index.php\/test\/"},{"@type":"ListItem","position":3,"name":"Sculpture cr\u00e9ation et partage"}]}]}},"_links":{"self":[{"href":"https:\/\/artsetsavoirshoulgate.com\/index.php\/wp-json\/wp\/v2\/pages\/2318"}],"collection":[{"href":"https:\/\/artsetsavoirshoulgate.com\/index.php\/wp-json\/wp\/v2\/pages"}],"about":[{"href":"https:\/\/artsetsavoirshoulgate.com\/index.php\/wp-json\/wp\/v2\/types\/page"}],"author":[{"embeddable":true,"href":"https:\/\/artsetsavoirshoulgate.com\/index.php\/wp-json\/wp\/v2\/users\/1"}],"replies":[{"embeddable":true,"href":"https:\/\/artsetsavoirshoulgate.com\/index.php\/wp-json\/wp\/v2\/comments?post=2318"}],"version-history":[{"count":38,"href":"https:\/\/artsetsavoirshoulgate.com\/index.php\/wp-json\/wp\/v2\/pages\/2318\/revisions"}],"predecessor-version":[{"id":6209,"href":"https:\/\/artsetsavoirshoulgate.com\/index.php\/wp-json\/wp\/v2\/pages\/2318\/revisions\/6209"}],"up":[{"embeddable":true,"href":"https:\/\/artsetsavoirshoulgate.com\/index.php\/wp-json\/wp\/v2\/pages\/236"}],"wp:attachment":[{"href":"https:\/\/artsetsavoirshoulgate.com\/index.php\/wp-json\/wp\/v2\/media?parent=2318"}],"curies":[{"name":"wp","href":"https:\/\/api.w.org\/{rel}","templated":true}]}}