{"id":236,"date":"2018-01-31T17:26:05","date_gmt":"2018-01-31T16:26:05","guid":{"rendered":"http:\/\/righini-avocat.fr\/artsetsavoirs\/?page_id=236"},"modified":"2026-03-31T19:15:56","modified_gmt":"2026-03-31T17:15:56","slug":"test","status":"publish","type":"page","link":"https:\/\/artsetsavoirshoulgate.com\/index.php\/test\/","title":{"rendered":"Culture"},"content":{"rendered":"<p>Voici la liste des activit\u00e9s culturelles dont \u00ab\u00a0Arts et Savoirs\u00a0\u00bb fait la promotion :<\/p>\n<ul>\n<li><a href=\"http:\/\/artsetsavoirshoulgate.com\/index.php\/test\/aquarelle\/\">Atelier Aquarelle<\/a><\/li>\n<li><a href=\"http:\/\/artsetsavoirshoulgate.com\/index.php\/test\/peinture-a-lhuile\/\">Atelier Peinture \u00e0 l&rsquo;huile<\/a><\/li>\n<li><a href=\"http:\/\/artsetsavoirshoulgate.com\/index.php\/atelier-sculpture\/\">Sculpture cr\u00e9ation et partage<\/a><\/li>\n<li><a href=\"https:\/\/artsetsavoirshoulgate.com\/index.php\/anglais-debutant-moyen\/\">Cours d&rsquo;anglais<\/a><\/li>\n<li><a href=\"https:\/\/artsetsavoirshoulgate.com\/index.php\/voyages-decouvertes\/\" target=\"_blank\" rel=\"noopener\">Sorties et Voyages D\u00e9couvertes<\/a><\/li>\n<li><a href=\"https:\/\/artsetsavoirshoulgate.com\/index.php\/chorale\/\">Chorale<\/a><\/li>\n<li><a href=\"https:\/\/artsetsavoirshoulgate.com\/index.php\/programme-culturel\/\">Programme culturel<\/a><\/li>\n<\/ul>\n<div id='gallery-1' class='gallery galleryid-236 gallery-columns-3 gallery-size-thumbnail'><figure class='gallery-item'>\n\t\t\t<div class='gallery-icon landscape'>\n\t\t\t\t<img width=\"150\" height=\"150\" src=\"https:\/\/artsetsavoirshoulgate.com\/wp-content\/uploads\/2018\/02\/peinture-huile-150x150.jpg\" class=\"attachment-thumbnail size-thumbnail\" alt=\"\" loading=\"lazy\" aria-describedby=\"gallery-1-306\" srcset=\"https:\/\/artsetsavoirshoulgate.com\/wp-content\/uploads\/2018\/02\/peinture-huile-150x150.jpg 150w, https:\/\/artsetsavoirshoulgate.com\/wp-content\/uploads\/2018\/02\/peinture-huile-100x100.jpg 100w\" sizes=\"100vw\" \/>\n\t\t\t<\/div>\n\t\t\t\t<figcaption class='wp-caption-text gallery-caption' id='gallery-1-306'>\n\t\t\t\tAtelier peinture \u00e0 l&rsquo;huile\n\t\t\t\t<\/figcaption><\/figure><figure class='gallery-item'>\n\t\t\t<div class='gallery-icon portrait'>\n\t\t\t\t<img width=\"150\" height=\"150\" src=\"https:\/\/artsetsavoirshoulgate.com\/wp-content\/uploads\/2022\/12\/IMG-20221217-WA0000-150x150.jpg\" class=\"attachment-thumbnail size-thumbnail\" alt=\"\" loading=\"lazy\" aria-describedby=\"gallery-1-3849\" srcset=\"https:\/\/artsetsavoirshoulgate.com\/wp-content\/uploads\/2022\/12\/IMG-20221217-WA0000-150x150.jpg 150w, https:\/\/artsetsavoirshoulgate.com\/wp-content\/uploads\/2022\/12\/IMG-20221217-WA0000-100x100.jpg 100w\" sizes=\"100vw\" \/>\n\t\t\t<\/div>\n\t\t\t\t<figcaption class='wp-caption-text gallery-caption' id='gallery-1-3849'>\n\t\t\t\tSculpture\n\t\t\t\t<\/figcaption><\/figure><figure class='gallery-item'>\n\t\t\t<div class='gallery-icon portrait'>\n\t\t\t\t<img width=\"150\" height=\"150\" src=\"https:\/\/artsetsavoirshoulgate.com\/wp-content\/uploads\/2024\/01\/anglais-02-150x150.jpg\" class=\"attachment-thumbnail size-thumbnail\" alt=\"\" loading=\"lazy\" aria-describedby=\"gallery-1-4875\" srcset=\"https:\/\/artsetsavoirshoulgate.com\/wp-content\/uploads\/2024\/01\/anglais-02-150x150.jpg 150w, https:\/\/artsetsavoirshoulgate.com\/wp-content\/uploads\/2024\/01\/anglais-02-100x100.jpg 100w\" sizes=\"100vw\" \/>\n\t\t\t<\/div>\n\t\t\t\t<figcaption class='wp-caption-text gallery-caption' id='gallery-1-4875'>\n\t\t\t\tcours d&rsquo;anglais\n\t\t\t\t<\/figcaption><\/figure><figure class='gallery-item'>\n\t\t\t<div class='gallery-icon landscape'>\n\t\t\t\t<img width=\"150\" height=\"150\" src=\"https:\/\/artsetsavoirshoulgate.com\/wp-content\/uploads\/2023\/07\/web-grandlogo-decouverte-1-1-150x150.png\" class=\"attachment-thumbnail size-thumbnail\" alt=\"\" loading=\"lazy\" aria-describedby=\"gallery-1-4280\" srcset=\"https:\/\/artsetsavoirshoulgate.com\/wp-content\/uploads\/2023\/07\/web-grandlogo-decouverte-1-1-150x150.png 150w, https:\/\/artsetsavoirshoulgate.com\/wp-content\/uploads\/2023\/07\/web-grandlogo-decouverte-1-1-300x300.png 300w, https:\/\/artsetsavoirshoulgate.com\/wp-content\/uploads\/2023\/07\/web-grandlogo-decouverte-1-1-100x100.png 100w, https:\/\/artsetsavoirshoulgate.com\/wp-content\/uploads\/2023\/07\/web-grandlogo-decouverte-1-1.png 500w\" sizes=\"100vw\" \/>\n\t\t\t<\/div>\n\t\t\t\t<figcaption class='wp-caption-text gallery-caption' id='gallery-1-4280'>\n\t\t\t\tSorties et Voyages-d\u00e9couvertes\n\t\t\t\t<\/figcaption><\/figure><figure class='gallery-item'>\n\t\t\t<div class='gallery-icon landscape'>\n\t\t\t\t<img width=\"150\" height=\"150\" src=\"https:\/\/artsetsavoirshoulgate.com\/wp-content\/uploads\/2023\/01\/chorale-150x150.png\" class=\"attachment-thumbnail size-thumbnail\" alt=\"\" loading=\"lazy\" aria-describedby=\"gallery-1-3885\" srcset=\"https:\/\/artsetsavoirshoulgate.com\/wp-content\/uploads\/2023\/01\/chorale-150x150.png 150w, https:\/\/artsetsavoirshoulgate.com\/wp-content\/uploads\/2023\/01\/chorale-100x100.png 100w\" sizes=\"100vw\" \/>\n\t\t\t<\/div>\n\t\t\t\t<figcaption class='wp-caption-text gallery-caption' id='gallery-1-3885'>\n\t\t\t\tChorale\n\t\t\t\t<\/figcaption><\/figure><figure class='gallery-item'>\n\t\t\t<div class='gallery-icon portrait'>\n\t\t\t\t<img width=\"150\" height=\"150\" src=\"https:\/\/artsetsavoirshoulgate.com\/wp-content\/uploads\/2026\/03\/montage-tableaux-150x150.png\" class=\"attachment-thumbnail size-thumbnail\" alt=\"\" loading=\"lazy\" aria-describedby=\"gallery-1-6444\" srcset=\"https:\/\/artsetsavoirshoulgate.com\/wp-content\/uploads\/2026\/03\/montage-tableaux-150x150.png 150w, https:\/\/artsetsavoirshoulgate.com\/wp-content\/uploads\/2026\/03\/montage-tableaux-100x100.png 100w\" sizes=\"100vw\" \/>\n\t\t\t<\/div>\n\t\t\t\t<figcaption class='wp-caption-text gallery-caption' id='gallery-1-6444'>\n\t\t\t\tProgramme culturel\n\t\t\t\t<\/figcaption><\/figure>\n\t\t<\/div>\n\n\n\n<p><\/p>\n","protected":false},"excerpt":{"rendered":"<p>Voici la liste des activit\u00e9s culturelles dont \u00ab\u00a0Arts et Savoirs\u00a0\u00bb fait la promotion : Atelier Aquarelle Atelier Peinture \u00e0 l&rsquo;huile Sculpture cr\u00e9ation et partage Cours d&rsquo;anglais Sorties et Voyages D\u00e9couvertes Chorale Programme culturel<\/p>\n","protected":false},"author":1,"featured_media":0,"parent":0,"menu_order":0,"comment_status":"closed","ping_status":"closed","template":"","meta":[],"yoast_head":"<!-- This site is optimized with the Yoast SEO plugin v18.2 - https:\/\/yoast.com\/wordpress\/plugins\/seo\/ -->\n<title>Culture - Arts &amp; Savoirs<\/title>\n<meta name=\"robots\" content=\"index, follow, max-snippet:-1, max-image-preview:large, max-video-preview:-1\" \/>\n<link rel=\"canonical\" href=\"https:\/\/artsetsavoirshoulgate.com\/index.php\/test\/\" \/>\n<meta property=\"og:locale\" content=\"fr_FR\" \/>\n<meta property=\"og:type\" content=\"article\" \/>\n<meta property=\"og:title\" content=\"Culture - Arts &amp; Savoirs\" \/>\n<meta property=\"og:description\" content=\"Voici la liste des activit\u00e9s culturelles dont \u00ab\u00a0Arts et Savoirs\u00a0\u00bb fait la promotion : Atelier Aquarelle Atelier Peinture \u00e0 l&rsquo;huile Sculpture cr\u00e9ation et partage Cours d&rsquo;anglais Sorties et Voyages D\u00e9couvertes Chorale Programme culturel\" \/>\n<meta property=\"og:url\" content=\"https:\/\/artsetsavoirshoulgate.com\/index.php\/test\/\" \/>\n<meta property=\"og:site_name\" content=\"Arts &amp; Savoirs\" \/>\n<meta property=\"article:modified_time\" content=\"2026-03-31T17:15:56+00:00\" \/>\n<meta property=\"og:image\" content=\"http:\/\/artsetsavoirshoulgate.com\/wp-content\/uploads\/2018\/02\/peinture-huile-150x150.jpg\" \/>\n<meta name=\"twitter:card\" content=\"summary_large_image\" \/>\n<meta name=\"twitter:label1\" content=\"Dur\u00e9e de lecture estim\u00e9e\" \/>\n\t<meta name=\"twitter:data1\" content=\"1 minute\" \/>\n<script type=\"application\/ld+json\" class=\"yoast-schema-graph\">{\"@context\":\"https:\/\/schema.org\",\"@graph\":[{\"@type\":\"WebSite\",\"@id\":\"http:\/\/artsetsavoirshoulgate.com\/#website\",\"url\":\"http:\/\/artsetsavoirshoulgate.com\/\",\"name\":\"Arts & Savoirs Houlgate\",\"description\":\"Pour promouvoir les Arts et Savoirs de toute culture et les activit\u00e9s qui y participent dans un esprit de partage et de f\u00eate\",\"potentialAction\":[{\"@type\":\"SearchAction\",\"target\":{\"@type\":\"EntryPoint\",\"urlTemplate\":\"http:\/\/artsetsavoirshoulgate.com\/?s={search_term_string}\"},\"query-input\":\"required name=search_term_string\"}],\"inLanguage\":\"fr-FR\"},{\"@type\":\"WebPage\",\"@id\":\"https:\/\/artsetsavoirshoulgate.com\/index.php\/test\/#webpage\",\"url\":\"https:\/\/artsetsavoirshoulgate.com\/index.php\/test\/\",\"name\":\"Culture - Arts &amp; Savoirs\",\"isPartOf\":{\"@id\":\"http:\/\/artsetsavoirshoulgate.com\/#website\"},\"datePublished\":\"2018-01-31T16:26:05+00:00\",\"dateModified\":\"2026-03-31T17:15:56+00:00\",\"breadcrumb\":{\"@id\":\"https:\/\/artsetsavoirshoulgate.com\/index.php\/test\/#breadcrumb\"},\"inLanguage\":\"fr-FR\",\"potentialAction\":[{\"@type\":\"ReadAction\",\"target\":[\"https:\/\/artsetsavoirshoulgate.com\/index.php\/test\/\"]}]},{\"@type\":\"BreadcrumbList\",\"@id\":\"https:\/\/artsetsavoirshoulgate.com\/index.php\/test\/#breadcrumb\",\"itemListElement\":[{\"@type\":\"ListItem\",\"position\":1,\"name\":\"Accueil\",\"item\":\"http:\/\/artsetsavoirshoulgate.com\/\"},{\"@type\":\"ListItem\",\"position\":2,\"name\":\"Culture\"}]}]}<\/script>\n<!-- \/ Yoast SEO plugin. -->","yoast_head_json":{"title":"Culture - Arts &amp; Savoirs","robots":{"index":"index","follow":"follow","max-snippet":"max-snippet:-1","max-image-preview":"max-image-preview:large","max-video-preview":"max-video-preview:-1"},"canonical":"https:\/\/artsetsavoirshoulgate.com\/index.php\/test\/","og_locale":"fr_FR","og_type":"article","og_title":"Culture - Arts &amp; Savoirs","og_description":"Voici la liste des activit\u00e9s culturelles dont \u00ab\u00a0Arts et Savoirs\u00a0\u00bb fait la promotion : Atelier Aquarelle Atelier Peinture \u00e0 l&rsquo;huile Sculpture cr\u00e9ation et partage Cours d&rsquo;anglais Sorties et Voyages D\u00e9couvertes Chorale Programme culturel","og_url":"https:\/\/artsetsavoirshoulgate.com\/index.php\/test\/","og_site_name":"Arts &amp; Savoirs","article_modified_time":"2026-03-31T17:15:56+00:00","og_image":[{"url":"http:\/\/artsetsavoirshoulgate.com\/wp-content\/uploads\/2018\/02\/peinture-huile-150x150.jpg"}],"twitter_card":"summary_large_image","twitter_misc":{"Dur\u00e9e de lecture estim\u00e9e":"1 minute"},"schema":{"@context":"https:\/\/schema.org","@graph":[{"@type":"WebSite","@id":"http:\/\/artsetsavoirshoulgate.com\/#website","url":"http:\/\/artsetsavoirshoulgate.com\/","name":"Arts & Savoirs Houlgate","description":"Pour promouvoir les Arts et Savoirs de toute culture et les activit\u00e9s qui y participent dans un esprit de partage et de f\u00eate","potentialAction":[{"@type":"SearchAction","target":{"@type":"EntryPoint","urlTemplate":"http:\/\/artsetsavoirshoulgate.com\/?s={search_term_string}"},"query-input":"required name=search_term_string"}],"inLanguage":"fr-FR"},{"@type":"WebPage","@id":"https:\/\/artsetsavoirshoulgate.com\/index.php\/test\/#webpage","url":"https:\/\/artsetsavoirshoulgate.com\/index.php\/test\/","name":"Culture - Arts &amp; Savoirs","isPartOf":{"@id":"http:\/\/artsetsavoirshoulgate.com\/#website"},"datePublished":"2018-01-31T16:26:05+00:00","dateModified":"2026-03-31T17:15:56+00:00","breadcrumb":{"@id":"https:\/\/artsetsavoirshoulgate.com\/index.php\/test\/#breadcrumb"},"inLanguage":"fr-FR","potentialAction":[{"@type":"ReadAction","target":["https:\/\/artsetsavoirshoulgate.com\/index.php\/test\/"]}]},{"@type":"BreadcrumbList","@id":"https:\/\/artsetsavoirshoulgate.com\/index.php\/test\/#breadcrumb","itemListElement":[{"@type":"ListItem","position":1,"name":"Accueil","item":"http:\/\/artsetsavoirshoulgate.com\/"},{"@type":"ListItem","position":2,"name":"Culture"}]}]}},"_links":{"self":[{"href":"https:\/\/artsetsavoirshoulgate.com\/index.php\/wp-json\/wp\/v2\/pages\/236"}],"collection":[{"href":"https:\/\/artsetsavoirshoulgate.com\/index.php\/wp-json\/wp\/v2\/pages"}],"about":[{"href":"https:\/\/artsetsavoirshoulgate.com\/index.php\/wp-json\/wp\/v2\/types\/page"}],"author":[{"embeddable":true,"href":"https:\/\/artsetsavoirshoulgate.com\/index.php\/wp-json\/wp\/v2\/users\/1"}],"replies":[{"embeddable":true,"href":"https:\/\/artsetsavoirshoulgate.com\/index.php\/wp-json\/wp\/v2\/comments?post=236"}],"version-history":[{"count":31,"href":"https:\/\/artsetsavoirshoulgate.com\/index.php\/wp-json\/wp\/v2\/pages\/236\/revisions"}],"predecessor-version":[{"id":6452,"href":"https:\/\/artsetsavoirshoulgate.com\/index.php\/wp-json\/wp\/v2\/pages\/236\/revisions\/6452"}],"wp:attachment":[{"href":"https:\/\/artsetsavoirshoulgate.com\/index.php\/wp-json\/wp\/v2\/media?parent=236"}],"curies":[{"name":"wp","href":"https:\/\/api.w.org\/{rel}","templated":true}]}}