{"id":252,"date":"2018-02-01T18:11:34","date_gmt":"2018-02-01T17:11:34","guid":{"rendered":"http:\/\/righini-avocat.fr\/artsetsavoirs\/?page_id=252"},"modified":"2024-08-07T11:57:12","modified_gmt":"2024-08-07T09:57:12","slug":"bien-etre","status":"publish","type":"page","link":"https:\/\/artsetsavoirshoulgate.com\/index.php\/bien-etre\/","title":{"rendered":"Bien-\u00eatre"},"content":{"rendered":"<p><span style=\"display: inline !important; float: none; background-color: transparent; color: #333333; font-family: 'Libre Franklin','Helvetica Neue',helvetica,arial,sans-serif; font-size: 16px; font-style: normal; font-variant: normal; font-weight: 400; letter-spacing: normal; orphans: 2; text-align: left; text-decoration: none; text-indent: 0px; text-transform: none; -webkit-text-stroke-width: 0px; white-space: normal; word-spacing: 0px;\">Voici les diff\u00e9rentes activit\u00e9s de bien-\u00eatre propos\u00e9es par Arts et Savoirs :<\/span><b><\/b><i><\/i><u><\/u><\/p>\n<ul>\n<li><a href=\"http:\/\/artsetsavoirshoulgate.com\/index.php\/activites\/cours-de-yoga\/\">Yoga et relaxation<\/a><\/li>\n<li><a href=\"https:\/\/artsetsavoirshoulgate.com\/index.php\/gym\/\">Gym douce<\/a><\/li>\n<\/ul>\n\n\n\n<p><\/p>\n","protected":false},"excerpt":{"rendered":"<p>Voici les diff\u00e9rentes activit\u00e9s de bien-\u00eatre propos\u00e9es par Arts et Savoirs : Yoga et relaxation Gym douce<\/p>\n","protected":false},"author":1,"featured_media":0,"parent":0,"menu_order":0,"comment_status":"closed","ping_status":"closed","template":"","meta":[],"yoast_head":"<!-- This site is optimized with the Yoast SEO plugin v18.2 - https:\/\/yoast.com\/wordpress\/plugins\/seo\/ -->\n<title>Bien-\u00eatre - Arts &amp; Savoirs<\/title>\n<meta name=\"robots\" content=\"index, follow, max-snippet:-1, max-image-preview:large, max-video-preview:-1\" \/>\n<link rel=\"canonical\" href=\"https:\/\/artsetsavoirshoulgate.com\/index.php\/bien-etre\/\" \/>\n<meta property=\"og:locale\" content=\"fr_FR\" \/>\n<meta property=\"og:type\" content=\"article\" \/>\n<meta property=\"og:title\" content=\"Bien-\u00eatre - Arts &amp; Savoirs\" \/>\n<meta property=\"og:description\" content=\"Voici les diff\u00e9rentes activit\u00e9s de bien-\u00eatre propos\u00e9es par Arts et Savoirs : Yoga et relaxation Gym douce\" \/>\n<meta property=\"og:url\" content=\"https:\/\/artsetsavoirshoulgate.com\/index.php\/bien-etre\/\" \/>\n<meta property=\"og:site_name\" content=\"Arts &amp; Savoirs\" \/>\n<meta property=\"article:modified_time\" content=\"2024-08-07T09:57:12+00:00\" \/>\n<meta property=\"og:image\" content=\"https:\/\/i0.wp.com\/artsetsavoirshoulgate.com\/wp-content\/uploads\/2023\/03\/yoga-5281457_1920.jpg?resize=150%2C150&#038;ssl=1\" \/>\n<meta name=\"twitter:card\" content=\"summary_large_image\" \/>\n<meta name=\"twitter:label1\" content=\"Dur\u00e9e de lecture estim\u00e9e\" \/>\n\t<meta name=\"twitter:data1\" content=\"1 minute\" \/>\n<script type=\"application\/ld+json\" class=\"yoast-schema-graph\">{\"@context\":\"https:\/\/schema.org\",\"@graph\":[{\"@type\":\"WebSite\",\"@id\":\"http:\/\/artsetsavoirshoulgate.com\/#website\",\"url\":\"http:\/\/artsetsavoirshoulgate.com\/\",\"name\":\"Arts & Savoirs Houlgate\",\"description\":\"Pour promouvoir les Arts et Savoirs de toute culture et les activit\u00e9s qui y participent dans un esprit de partage et de f\u00eate\",\"potentialAction\":[{\"@type\":\"SearchAction\",\"target\":{\"@type\":\"EntryPoint\",\"urlTemplate\":\"http:\/\/artsetsavoirshoulgate.com\/?s={search_term_string}\"},\"query-input\":\"required name=search_term_string\"}],\"inLanguage\":\"fr-FR\"},{\"@type\":\"WebPage\",\"@id\":\"https:\/\/artsetsavoirshoulgate.com\/index.php\/bien-etre\/#webpage\",\"url\":\"https:\/\/artsetsavoirshoulgate.com\/index.php\/bien-etre\/\",\"name\":\"Bien-\u00eatre - Arts &amp; Savoirs\",\"isPartOf\":{\"@id\":\"http:\/\/artsetsavoirshoulgate.com\/#website\"},\"datePublished\":\"2018-02-01T17:11:34+00:00\",\"dateModified\":\"2024-08-07T09:57:12+00:00\",\"breadcrumb\":{\"@id\":\"https:\/\/artsetsavoirshoulgate.com\/index.php\/bien-etre\/#breadcrumb\"},\"inLanguage\":\"fr-FR\",\"potentialAction\":[{\"@type\":\"ReadAction\",\"target\":[\"https:\/\/artsetsavoirshoulgate.com\/index.php\/bien-etre\/\"]}]},{\"@type\":\"BreadcrumbList\",\"@id\":\"https:\/\/artsetsavoirshoulgate.com\/index.php\/bien-etre\/#breadcrumb\",\"itemListElement\":[{\"@type\":\"ListItem\",\"position\":1,\"name\":\"Accueil\",\"item\":\"http:\/\/artsetsavoirshoulgate.com\/\"},{\"@type\":\"ListItem\",\"position\":2,\"name\":\"Bien-\u00eatre\"}]}]}<\/script>\n<!-- \/ Yoast SEO plugin. -->","yoast_head_json":{"title":"Bien-\u00eatre - Arts &amp; Savoirs","robots":{"index":"index","follow":"follow","max-snippet":"max-snippet:-1","max-image-preview":"max-image-preview:large","max-video-preview":"max-video-preview:-1"},"canonical":"https:\/\/artsetsavoirshoulgate.com\/index.php\/bien-etre\/","og_locale":"fr_FR","og_type":"article","og_title":"Bien-\u00eatre - Arts &amp; Savoirs","og_description":"Voici les diff\u00e9rentes activit\u00e9s de bien-\u00eatre propos\u00e9es par Arts et Savoirs : Yoga et relaxation Gym douce","og_url":"https:\/\/artsetsavoirshoulgate.com\/index.php\/bien-etre\/","og_site_name":"Arts &amp; Savoirs","article_modified_time":"2024-08-07T09:57:12+00:00","og_image":[{"url":"https:\/\/i0.wp.com\/artsetsavoirshoulgate.com\/wp-content\/uploads\/2023\/03\/yoga-5281457_1920.jpg?resize=150%2C150&amp;ssl=1"}],"twitter_card":"summary_large_image","twitter_misc":{"Dur\u00e9e de lecture estim\u00e9e":"1 minute"},"schema":{"@context":"https:\/\/schema.org","@graph":[{"@type":"WebSite","@id":"http:\/\/artsetsavoirshoulgate.com\/#website","url":"http:\/\/artsetsavoirshoulgate.com\/","name":"Arts & Savoirs Houlgate","description":"Pour promouvoir les Arts et Savoirs de toute culture et les activit\u00e9s qui y participent dans un esprit de partage et de f\u00eate","potentialAction":[{"@type":"SearchAction","target":{"@type":"EntryPoint","urlTemplate":"http:\/\/artsetsavoirshoulgate.com\/?s={search_term_string}"},"query-input":"required name=search_term_string"}],"inLanguage":"fr-FR"},{"@type":"WebPage","@id":"https:\/\/artsetsavoirshoulgate.com\/index.php\/bien-etre\/#webpage","url":"https:\/\/artsetsavoirshoulgate.com\/index.php\/bien-etre\/","name":"Bien-\u00eatre - Arts &amp; Savoirs","isPartOf":{"@id":"http:\/\/artsetsavoirshoulgate.com\/#website"},"datePublished":"2018-02-01T17:11:34+00:00","dateModified":"2024-08-07T09:57:12+00:00","breadcrumb":{"@id":"https:\/\/artsetsavoirshoulgate.com\/index.php\/bien-etre\/#breadcrumb"},"inLanguage":"fr-FR","potentialAction":[{"@type":"ReadAction","target":["https:\/\/artsetsavoirshoulgate.com\/index.php\/bien-etre\/"]}]},{"@type":"BreadcrumbList","@id":"https:\/\/artsetsavoirshoulgate.com\/index.php\/bien-etre\/#breadcrumb","itemListElement":[{"@type":"ListItem","position":1,"name":"Accueil","item":"http:\/\/artsetsavoirshoulgate.com\/"},{"@type":"ListItem","position":2,"name":"Bien-\u00eatre"}]}]}},"_links":{"self":[{"href":"https:\/\/artsetsavoirshoulgate.com\/index.php\/wp-json\/wp\/v2\/pages\/252"}],"collection":[{"href":"https:\/\/artsetsavoirshoulgate.com\/index.php\/wp-json\/wp\/v2\/pages"}],"about":[{"href":"https:\/\/artsetsavoirshoulgate.com\/index.php\/wp-json\/wp\/v2\/types\/page"}],"author":[{"embeddable":true,"href":"https:\/\/artsetsavoirshoulgate.com\/index.php\/wp-json\/wp\/v2\/users\/1"}],"replies":[{"embeddable":true,"href":"https:\/\/artsetsavoirshoulgate.com\/index.php\/wp-json\/wp\/v2\/comments?post=252"}],"version-history":[{"count":18,"href":"https:\/\/artsetsavoirshoulgate.com\/index.php\/wp-json\/wp\/v2\/pages\/252\/revisions"}],"predecessor-version":[{"id":5229,"href":"https:\/\/artsetsavoirshoulgate.com\/index.php\/wp-json\/wp\/v2\/pages\/252\/revisions\/5229"}],"wp:attachment":[{"href":"https:\/\/artsetsavoirshoulgate.com\/index.php\/wp-json\/wp\/v2\/media?parent=252"}],"curies":[{"name":"wp","href":"https:\/\/api.w.org\/{rel}","templated":true}]}}