{"id":2819,"date":"2020-02-01T21:30:52","date_gmt":"2020-02-01T20:30:52","guid":{"rendered":"http:\/\/artsetsavoirshoulgate.com\/?page_id=2819"},"modified":"2026-04-01T11:19:01","modified_gmt":"2026-04-01T09:19:01","slug":"album-2020","status":"publish","type":"page","link":"https:\/\/artsetsavoirshoulgate.com\/index.php\/sorties-culturelles\/album-2020\/","title":{"rendered":"Album 2020"},"content":{"rendered":"<p><a href=\"http:\/\/artsetsavoirshoulgate.com\/wp-content\/uploads\/2023\/07\/2020-10-10-dejener-croisiere-sur-la-Seine.pdf\">D\u00e9jeuner croisi\u00e8re sur la Seine le 10 octobre<\/a><\/p>\n<p><a href=\"http:\/\/artsetsavoirshoulgate.com\/wp-content\/uploads\/2023\/07\/2020-09-29-Sortie-Fossiles.pdf\">Sortie Fossiles le 29 septembre<\/a><\/p>\n<p><a href=\"http:\/\/artsetsavoirshoulgate.com\/wp-content\/uploads\/2023\/07\/2020-09-18-19-ESCAPADE-AUTOUR-DE-LA-RANCE.pdf\">Escapade autour de la Rance 18 et19 septembre<\/a><\/p>\n<p><a href=\"http:\/\/artsetsavoirshoulgate.com\/wp-content\/uploads\/2023\/07\/2020-02-01-auberge-de-la-Levrette.pdf\">D\u00e9jeuner-spectacle auberge de la Levrette le 1 f\u00e9vrier<\/a><\/p>\n<p><a href=\"http:\/\/artsetsavoirshoulgate.com\/wp-content\/uploads\/2023\/07\/2020-01-18-galette.pdf\">Galette des rois le 18 janvier<\/a><\/p>\n","protected":false},"excerpt":{"rendered":"<p>D\u00e9jeuner croisi\u00e8re sur la Seine le 10 octobre Sortie Fossiles le 29 septembre Escapade autour de la Rance 18 et19 septembre D\u00e9jeuner-spectacle auberge de la Levrette le 1 f\u00e9vrier Galette des rois le 18 janvier<\/p>\n","protected":false},"author":1,"featured_media":0,"parent":165,"menu_order":0,"comment_status":"closed","ping_status":"closed","template":"","meta":[],"yoast_head":"<!-- This site is optimized with the Yoast SEO plugin v18.2 - https:\/\/yoast.com\/wordpress\/plugins\/seo\/ -->\n<title>Album 2020 - Arts &amp; Savoirs<\/title>\n<meta name=\"robots\" content=\"index, follow, max-snippet:-1, max-image-preview:large, max-video-preview:-1\" \/>\n<link rel=\"canonical\" href=\"https:\/\/artsetsavoirshoulgate.com\/index.php\/sorties-culturelles\/album-2020\/\" \/>\n<meta property=\"og:locale\" content=\"fr_FR\" \/>\n<meta property=\"og:type\" content=\"article\" \/>\n<meta property=\"og:title\" content=\"Album 2020 - Arts &amp; Savoirs\" \/>\n<meta property=\"og:description\" content=\"D\u00e9jeuner croisi\u00e8re sur la Seine le 10 octobre Sortie Fossiles le 29 septembre Escapade autour de la Rance 18 et19 septembre D\u00e9jeuner-spectacle auberge de la Levrette le 1 f\u00e9vrier Galette des rois le 18 janvier\" \/>\n<meta property=\"og:url\" content=\"https:\/\/artsetsavoirshoulgate.com\/index.php\/sorties-culturelles\/album-2020\/\" \/>\n<meta property=\"og:site_name\" content=\"Arts &amp; Savoirs\" \/>\n<meta property=\"article:modified_time\" content=\"2026-04-01T09:19:01+00:00\" \/>\n<meta name=\"twitter:card\" content=\"summary_large_image\" \/>\n<meta name=\"twitter:label1\" content=\"Dur\u00e9e de lecture estim\u00e9e\" \/>\n\t<meta name=\"twitter:data1\" content=\"1 minute\" \/>\n<script type=\"application\/ld+json\" class=\"yoast-schema-graph\">{\"@context\":\"https:\/\/schema.org\",\"@graph\":[{\"@type\":\"WebSite\",\"@id\":\"http:\/\/artsetsavoirshoulgate.com\/#website\",\"url\":\"http:\/\/artsetsavoirshoulgate.com\/\",\"name\":\"Arts & Savoirs Houlgate\",\"description\":\"Pour promouvoir les Arts et Savoirs de toute culture et les activit\u00e9s qui y participent dans un esprit de partage et de f\u00eate\",\"potentialAction\":[{\"@type\":\"SearchAction\",\"target\":{\"@type\":\"EntryPoint\",\"urlTemplate\":\"http:\/\/artsetsavoirshoulgate.com\/?s={search_term_string}\"},\"query-input\":\"required name=search_term_string\"}],\"inLanguage\":\"fr-FR\"},{\"@type\":\"WebPage\",\"@id\":\"https:\/\/artsetsavoirshoulgate.com\/index.php\/sorties-culturelles\/album-2020\/#webpage\",\"url\":\"https:\/\/artsetsavoirshoulgate.com\/index.php\/sorties-culturelles\/album-2020\/\",\"name\":\"Album 2020 - Arts &amp; Savoirs\",\"isPartOf\":{\"@id\":\"http:\/\/artsetsavoirshoulgate.com\/#website\"},\"datePublished\":\"2020-02-01T20:30:52+00:00\",\"dateModified\":\"2026-04-01T09:19:01+00:00\",\"breadcrumb\":{\"@id\":\"https:\/\/artsetsavoirshoulgate.com\/index.php\/sorties-culturelles\/album-2020\/#breadcrumb\"},\"inLanguage\":\"fr-FR\",\"potentialAction\":[{\"@type\":\"ReadAction\",\"target\":[\"https:\/\/artsetsavoirshoulgate.com\/index.php\/sorties-culturelles\/album-2020\/\"]}]},{\"@type\":\"BreadcrumbList\",\"@id\":\"https:\/\/artsetsavoirshoulgate.com\/index.php\/sorties-culturelles\/album-2020\/#breadcrumb\",\"itemListElement\":[{\"@type\":\"ListItem\",\"position\":1,\"name\":\"Accueil\",\"item\":\"http:\/\/artsetsavoirshoulgate.com\/\"},{\"@type\":\"ListItem\",\"position\":2,\"name\":\"Albums\",\"item\":\"https:\/\/artsetsavoirshoulgate.com\/index.php\/sorties-culturelles\/\"},{\"@type\":\"ListItem\",\"position\":3,\"name\":\"Album 2020\"}]}]}<\/script>\n<!-- \/ Yoast SEO plugin. -->","yoast_head_json":{"title":"Album 2020 - Arts &amp; Savoirs","robots":{"index":"index","follow":"follow","max-snippet":"max-snippet:-1","max-image-preview":"max-image-preview:large","max-video-preview":"max-video-preview:-1"},"canonical":"https:\/\/artsetsavoirshoulgate.com\/index.php\/sorties-culturelles\/album-2020\/","og_locale":"fr_FR","og_type":"article","og_title":"Album 2020 - Arts &amp; Savoirs","og_description":"D\u00e9jeuner croisi\u00e8re sur la Seine le 10 octobre Sortie Fossiles le 29 septembre Escapade autour de la Rance 18 et19 septembre D\u00e9jeuner-spectacle auberge de la Levrette le 1 f\u00e9vrier Galette des rois le 18 janvier","og_url":"https:\/\/artsetsavoirshoulgate.com\/index.php\/sorties-culturelles\/album-2020\/","og_site_name":"Arts &amp; Savoirs","article_modified_time":"2026-04-01T09:19:01+00:00","twitter_card":"summary_large_image","twitter_misc":{"Dur\u00e9e de lecture estim\u00e9e":"1 minute"},"schema":{"@context":"https:\/\/schema.org","@graph":[{"@type":"WebSite","@id":"http:\/\/artsetsavoirshoulgate.com\/#website","url":"http:\/\/artsetsavoirshoulgate.com\/","name":"Arts & Savoirs Houlgate","description":"Pour promouvoir les Arts et Savoirs de toute culture et les activit\u00e9s qui y participent dans un esprit de partage et de f\u00eate","potentialAction":[{"@type":"SearchAction","target":{"@type":"EntryPoint","urlTemplate":"http:\/\/artsetsavoirshoulgate.com\/?s={search_term_string}"},"query-input":"required name=search_term_string"}],"inLanguage":"fr-FR"},{"@type":"WebPage","@id":"https:\/\/artsetsavoirshoulgate.com\/index.php\/sorties-culturelles\/album-2020\/#webpage","url":"https:\/\/artsetsavoirshoulgate.com\/index.php\/sorties-culturelles\/album-2020\/","name":"Album 2020 - Arts &amp; Savoirs","isPartOf":{"@id":"http:\/\/artsetsavoirshoulgate.com\/#website"},"datePublished":"2020-02-01T20:30:52+00:00","dateModified":"2026-04-01T09:19:01+00:00","breadcrumb":{"@id":"https:\/\/artsetsavoirshoulgate.com\/index.php\/sorties-culturelles\/album-2020\/#breadcrumb"},"inLanguage":"fr-FR","potentialAction":[{"@type":"ReadAction","target":["https:\/\/artsetsavoirshoulgate.com\/index.php\/sorties-culturelles\/album-2020\/"]}]},{"@type":"BreadcrumbList","@id":"https:\/\/artsetsavoirshoulgate.com\/index.php\/sorties-culturelles\/album-2020\/#breadcrumb","itemListElement":[{"@type":"ListItem","position":1,"name":"Accueil","item":"http:\/\/artsetsavoirshoulgate.com\/"},{"@type":"ListItem","position":2,"name":"Albums","item":"https:\/\/artsetsavoirshoulgate.com\/index.php\/sorties-culturelles\/"},{"@type":"ListItem","position":3,"name":"Album 2020"}]}]}},"_links":{"self":[{"href":"https:\/\/artsetsavoirshoulgate.com\/index.php\/wp-json\/wp\/v2\/pages\/2819"}],"collection":[{"href":"https:\/\/artsetsavoirshoulgate.com\/index.php\/wp-json\/wp\/v2\/pages"}],"about":[{"href":"https:\/\/artsetsavoirshoulgate.com\/index.php\/wp-json\/wp\/v2\/types\/page"}],"author":[{"embeddable":true,"href":"https:\/\/artsetsavoirshoulgate.com\/index.php\/wp-json\/wp\/v2\/users\/1"}],"replies":[{"embeddable":true,"href":"https:\/\/artsetsavoirshoulgate.com\/index.php\/wp-json\/wp\/v2\/comments?post=2819"}],"version-history":[{"count":10,"href":"https:\/\/artsetsavoirshoulgate.com\/index.php\/wp-json\/wp\/v2\/pages\/2819\/revisions"}],"predecessor-version":[{"id":6472,"href":"https:\/\/artsetsavoirshoulgate.com\/index.php\/wp-json\/wp\/v2\/pages\/2819\/revisions\/6472"}],"up":[{"embeddable":true,"href":"https:\/\/artsetsavoirshoulgate.com\/index.php\/wp-json\/wp\/v2\/pages\/165"}],"wp:attachment":[{"href":"https:\/\/artsetsavoirshoulgate.com\/index.php\/wp-json\/wp\/v2\/media?parent=2819"}],"curies":[{"name":"wp","href":"https:\/\/api.w.org\/{rel}","templated":true}]}}