{"id":2924,"date":"2020-03-03T19:42:34","date_gmt":"2020-03-03T18:42:34","guid":{"rendered":"http:\/\/artsetsavoirshoulgate.com\/?page_id=2924"},"modified":"2026-04-01T11:11:35","modified_gmt":"2026-04-01T09:11:35","slug":"jeux-de-societe","status":"publish","type":"page","link":"https:\/\/artsetsavoirshoulgate.com\/index.php\/activites\/jeux-de-societe\/","title":{"rendered":"Jeux de soci\u00e9t\u00e9"},"content":{"rendered":"\n<div class=\"wp-block-image\"><figure class=\"alignleft\"><img loading=\"lazy\" width=\"300\" height=\"233\" src=\"http:\/\/artsetsavoirshoulgate.com\/wp-content\/uploads\/2020\/03\/IMG_1137_copie-300x233.png\" alt=\"\" class=\"wp-image-2926\" srcset=\"https:\/\/artsetsavoirshoulgate.com\/wp-content\/uploads\/2020\/03\/IMG_1137_copie-300x233.png 300w, https:\/\/artsetsavoirshoulgate.com\/wp-content\/uploads\/2020\/03\/IMG_1137_copie.png 625w\" sizes=\"(max-width: 300px) 100vw, 300px\" \/><\/figure><\/div>\n\n\n\n<p> <strong>Contact<\/strong> : Nadia BESSON 06 03 25 06 61<br> <strong>Lieu<\/strong> :&nbsp;Salle Berthe Morisot <br> <strong> Horaires<\/strong> : Lundi  toute l&rsquo;ann\u00e9e<br>Salle ouverte de 14h \u00e0 18h<\/p>\n\n\n\n<p><strong>Participation<\/strong> : 10\u20ac par an <a href=\"http:\/\/artsetsavoirshoulgate.com\/index.php\/a-propos-de\/\">(<em>en compl\u00e9ment de&nbsp;<\/em><\/a><em><a href=\"http:\/\/artsetsavoirshoulgate.com\/index.php\/a-propos-de\/\">l\u2019adh\u00e9sion \u00e0 l\u2019association)<\/a><\/em><\/p>\n\n\n\n<p><strong>Cette participation de 10\u20ac par an est  \u00e0 &nbsp;r\u00e9gler <u>une seule fois<\/u> pour&nbsp; l\u2019ensemble des activit\u00e9s tricot,couture,jeux de soci\u00e9t\u00e9s, \u00e9checs, bridge et tarot.<\/strong><\/p>\n\n\n\n<p><br>Tous les jeux de soci\u00e9t\u00e9 sont \u00e0 votre disposition dans une ambiance conviviale et sympathique. Vous pourrez, \u00e9galement, si vous le souhaitez, jouer \u00e0 la belote, au tarot ou au bridge.<br>Certains lundis, nous partagerons un go\u00fbter.<\/p>\n","protected":false},"excerpt":{"rendered":"<p>Contact : Nadia BESSON 06 03 25 06 61 Lieu :&nbsp;Salle Berthe Morisot Horaires : Lundi toute l&rsquo;ann\u00e9eSalle ouverte de 14h \u00e0 18h Participation : 10\u20ac par an (en compl\u00e9ment de&nbsp;l\u2019adh\u00e9sion \u00e0 l\u2019association) Cette participation de 10\u20ac par an est \u00e0 &nbsp;r\u00e9gler une seule fois pour&nbsp; l\u2019ensemble des activit\u00e9s tricot,couture,jeux de soci\u00e9t\u00e9s, \u00e9checs, bridge et &hellip; <\/p>\n<p class=\"link-more\"><a href=\"https:\/\/artsetsavoirshoulgate.com\/index.php\/activites\/jeux-de-societe\/\" class=\"more-link\">Continuer la lecture<span class=\"screen-reader-text\"> de &laquo;&nbsp;Jeux de soci\u00e9t\u00e9&nbsp;&raquo;<\/span><\/a><\/p>\n","protected":false},"author":1,"featured_media":0,"parent":31,"menu_order":0,"comment_status":"closed","ping_status":"closed","template":"","meta":[],"yoast_head":"<!-- This site is optimized with the Yoast SEO plugin v18.2 - https:\/\/yoast.com\/wordpress\/plugins\/seo\/ -->\n<title>Jeux de soci\u00e9t\u00e9 - Arts &amp; Savoirs<\/title>\n<meta name=\"robots\" content=\"index, follow, max-snippet:-1, max-image-preview:large, max-video-preview:-1\" \/>\n<link rel=\"canonical\" href=\"https:\/\/artsetsavoirshoulgate.com\/index.php\/activites\/jeux-de-societe\/\" \/>\n<meta property=\"og:locale\" content=\"fr_FR\" \/>\n<meta property=\"og:type\" content=\"article\" \/>\n<meta property=\"og:title\" content=\"Jeux de soci\u00e9t\u00e9 - Arts &amp; Savoirs\" \/>\n<meta property=\"og:description\" content=\"Contact : Nadia BESSON 06 03 25 06 61 Lieu :&nbsp;Salle Berthe Morisot Horaires : Lundi toute l&rsquo;ann\u00e9eSalle ouverte de 14h \u00e0 18h Participation : 10\u20ac par an (en compl\u00e9ment de&nbsp;l\u2019adh\u00e9sion \u00e0 l\u2019association) Cette participation de 10\u20ac par an est \u00e0 &nbsp;r\u00e9gler une seule fois pour&nbsp; l\u2019ensemble des activit\u00e9s tricot,couture,jeux de soci\u00e9t\u00e9s, \u00e9checs, bridge et &hellip; Continuer la lecture de &laquo;&nbsp;Jeux de soci\u00e9t\u00e9&nbsp;&raquo;\" \/>\n<meta property=\"og:url\" content=\"https:\/\/artsetsavoirshoulgate.com\/index.php\/activites\/jeux-de-societe\/\" \/>\n<meta property=\"og:site_name\" content=\"Arts &amp; Savoirs\" \/>\n<meta property=\"article:modified_time\" content=\"2026-04-01T09:11:35+00:00\" \/>\n<meta property=\"og:image\" content=\"http:\/\/artsetsavoirshoulgate.com\/wp-content\/uploads\/2020\/03\/IMG_1137_copie-300x233.png\" \/>\n<meta name=\"twitter:card\" content=\"summary_large_image\" \/>\n<meta name=\"twitter:label1\" content=\"Dur\u00e9e de lecture estim\u00e9e\" \/>\n\t<meta name=\"twitter:data1\" content=\"1 minute\" \/>\n<script type=\"application\/ld+json\" class=\"yoast-schema-graph\">{\"@context\":\"https:\/\/schema.org\",\"@graph\":[{\"@type\":\"WebSite\",\"@id\":\"http:\/\/artsetsavoirshoulgate.com\/#website\",\"url\":\"http:\/\/artsetsavoirshoulgate.com\/\",\"name\":\"Arts & Savoirs Houlgate\",\"description\":\"Pour promouvoir les Arts et Savoirs de toute culture et les activit\u00e9s qui y participent dans un esprit de partage et de f\u00eate\",\"potentialAction\":[{\"@type\":\"SearchAction\",\"target\":{\"@type\":\"EntryPoint\",\"urlTemplate\":\"http:\/\/artsetsavoirshoulgate.com\/?s={search_term_string}\"},\"query-input\":\"required name=search_term_string\"}],\"inLanguage\":\"fr-FR\"},{\"@type\":\"ImageObject\",\"@id\":\"https:\/\/artsetsavoirshoulgate.com\/index.php\/activites\/jeux-de-societe\/#primaryimage\",\"inLanguage\":\"fr-FR\",\"url\":\"http:\/\/artsetsavoirshoulgate.com\/wp-content\/uploads\/2020\/03\/IMG_1137_copie-300x233.png\",\"contentUrl\":\"http:\/\/artsetsavoirshoulgate.com\/wp-content\/uploads\/2020\/03\/IMG_1137_copie-300x233.png\"},{\"@type\":\"WebPage\",\"@id\":\"https:\/\/artsetsavoirshoulgate.com\/index.php\/activites\/jeux-de-societe\/#webpage\",\"url\":\"https:\/\/artsetsavoirshoulgate.com\/index.php\/activites\/jeux-de-societe\/\",\"name\":\"Jeux de soci\u00e9t\u00e9 - Arts &amp; Savoirs\",\"isPartOf\":{\"@id\":\"http:\/\/artsetsavoirshoulgate.com\/#website\"},\"primaryImageOfPage\":{\"@id\":\"https:\/\/artsetsavoirshoulgate.com\/index.php\/activites\/jeux-de-societe\/#primaryimage\"},\"datePublished\":\"2020-03-03T18:42:34+00:00\",\"dateModified\":\"2026-04-01T09:11:35+00:00\",\"breadcrumb\":{\"@id\":\"https:\/\/artsetsavoirshoulgate.com\/index.php\/activites\/jeux-de-societe\/#breadcrumb\"},\"inLanguage\":\"fr-FR\",\"potentialAction\":[{\"@type\":\"ReadAction\",\"target\":[\"https:\/\/artsetsavoirshoulgate.com\/index.php\/activites\/jeux-de-societe\/\"]}]},{\"@type\":\"BreadcrumbList\",\"@id\":\"https:\/\/artsetsavoirshoulgate.com\/index.php\/activites\/jeux-de-societe\/#breadcrumb\",\"itemListElement\":[{\"@type\":\"ListItem\",\"position\":1,\"name\":\"Accueil\",\"item\":\"http:\/\/artsetsavoirshoulgate.com\/\"},{\"@type\":\"ListItem\",\"position\":2,\"name\":\"Loisirs\",\"item\":\"https:\/\/artsetsavoirshoulgate.com\/index.php\/activites\/\"},{\"@type\":\"ListItem\",\"position\":3,\"name\":\"Jeux de soci\u00e9t\u00e9\"}]}]}<\/script>\n<!-- \/ Yoast SEO plugin. -->","yoast_head_json":{"title":"Jeux de soci\u00e9t\u00e9 - Arts &amp; Savoirs","robots":{"index":"index","follow":"follow","max-snippet":"max-snippet:-1","max-image-preview":"max-image-preview:large","max-video-preview":"max-video-preview:-1"},"canonical":"https:\/\/artsetsavoirshoulgate.com\/index.php\/activites\/jeux-de-societe\/","og_locale":"fr_FR","og_type":"article","og_title":"Jeux de soci\u00e9t\u00e9 - Arts &amp; Savoirs","og_description":"Contact : Nadia BESSON 06 03 25 06 61 Lieu :&nbsp;Salle Berthe Morisot Horaires : Lundi toute l&rsquo;ann\u00e9eSalle ouverte de 14h \u00e0 18h Participation : 10\u20ac par an (en compl\u00e9ment de&nbsp;l\u2019adh\u00e9sion \u00e0 l\u2019association) Cette participation de 10\u20ac par an est \u00e0 &nbsp;r\u00e9gler une seule fois pour&nbsp; l\u2019ensemble des activit\u00e9s tricot,couture,jeux de soci\u00e9t\u00e9s, \u00e9checs, bridge et &hellip; Continuer la lecture de &laquo;&nbsp;Jeux de soci\u00e9t\u00e9&nbsp;&raquo;","og_url":"https:\/\/artsetsavoirshoulgate.com\/index.php\/activites\/jeux-de-societe\/","og_site_name":"Arts &amp; Savoirs","article_modified_time":"2026-04-01T09:11:35+00:00","og_image":[{"url":"http:\/\/artsetsavoirshoulgate.com\/wp-content\/uploads\/2020\/03\/IMG_1137_copie-300x233.png"}],"twitter_card":"summary_large_image","twitter_misc":{"Dur\u00e9e de lecture estim\u00e9e":"1 minute"},"schema":{"@context":"https:\/\/schema.org","@graph":[{"@type":"WebSite","@id":"http:\/\/artsetsavoirshoulgate.com\/#website","url":"http:\/\/artsetsavoirshoulgate.com\/","name":"Arts & Savoirs Houlgate","description":"Pour promouvoir les Arts et Savoirs de toute culture et les activit\u00e9s qui y participent dans un esprit de partage et de f\u00eate","potentialAction":[{"@type":"SearchAction","target":{"@type":"EntryPoint","urlTemplate":"http:\/\/artsetsavoirshoulgate.com\/?s={search_term_string}"},"query-input":"required name=search_term_string"}],"inLanguage":"fr-FR"},{"@type":"ImageObject","@id":"https:\/\/artsetsavoirshoulgate.com\/index.php\/activites\/jeux-de-societe\/#primaryimage","inLanguage":"fr-FR","url":"http:\/\/artsetsavoirshoulgate.com\/wp-content\/uploads\/2020\/03\/IMG_1137_copie-300x233.png","contentUrl":"http:\/\/artsetsavoirshoulgate.com\/wp-content\/uploads\/2020\/03\/IMG_1137_copie-300x233.png"},{"@type":"WebPage","@id":"https:\/\/artsetsavoirshoulgate.com\/index.php\/activites\/jeux-de-societe\/#webpage","url":"https:\/\/artsetsavoirshoulgate.com\/index.php\/activites\/jeux-de-societe\/","name":"Jeux de soci\u00e9t\u00e9 - Arts &amp; Savoirs","isPartOf":{"@id":"http:\/\/artsetsavoirshoulgate.com\/#website"},"primaryImageOfPage":{"@id":"https:\/\/artsetsavoirshoulgate.com\/index.php\/activites\/jeux-de-societe\/#primaryimage"},"datePublished":"2020-03-03T18:42:34+00:00","dateModified":"2026-04-01T09:11:35+00:00","breadcrumb":{"@id":"https:\/\/artsetsavoirshoulgate.com\/index.php\/activites\/jeux-de-societe\/#breadcrumb"},"inLanguage":"fr-FR","potentialAction":[{"@type":"ReadAction","target":["https:\/\/artsetsavoirshoulgate.com\/index.php\/activites\/jeux-de-societe\/"]}]},{"@type":"BreadcrumbList","@id":"https:\/\/artsetsavoirshoulgate.com\/index.php\/activites\/jeux-de-societe\/#breadcrumb","itemListElement":[{"@type":"ListItem","position":1,"name":"Accueil","item":"http:\/\/artsetsavoirshoulgate.com\/"},{"@type":"ListItem","position":2,"name":"Loisirs","item":"https:\/\/artsetsavoirshoulgate.com\/index.php\/activites\/"},{"@type":"ListItem","position":3,"name":"Jeux de soci\u00e9t\u00e9"}]}]}},"_links":{"self":[{"href":"https:\/\/artsetsavoirshoulgate.com\/index.php\/wp-json\/wp\/v2\/pages\/2924"}],"collection":[{"href":"https:\/\/artsetsavoirshoulgate.com\/index.php\/wp-json\/wp\/v2\/pages"}],"about":[{"href":"https:\/\/artsetsavoirshoulgate.com\/index.php\/wp-json\/wp\/v2\/types\/page"}],"author":[{"embeddable":true,"href":"https:\/\/artsetsavoirshoulgate.com\/index.php\/wp-json\/wp\/v2\/users\/1"}],"replies":[{"embeddable":true,"href":"https:\/\/artsetsavoirshoulgate.com\/index.php\/wp-json\/wp\/v2\/comments?post=2924"}],"version-history":[{"count":17,"href":"https:\/\/artsetsavoirshoulgate.com\/index.php\/wp-json\/wp\/v2\/pages\/2924\/revisions"}],"predecessor-version":[{"id":6466,"href":"https:\/\/artsetsavoirshoulgate.com\/index.php\/wp-json\/wp\/v2\/pages\/2924\/revisions\/6466"}],"up":[{"embeddable":true,"href":"https:\/\/artsetsavoirshoulgate.com\/index.php\/wp-json\/wp\/v2\/pages\/31"}],"wp:attachment":[{"href":"https:\/\/artsetsavoirshoulgate.com\/index.php\/wp-json\/wp\/v2\/media?parent=2924"}],"curies":[{"name":"wp","href":"https:\/\/api.w.org\/{rel}","templated":true}]}}