{"id":31,"date":"2017-12-03T19:31:17","date_gmt":"2017-12-03T18:31:17","guid":{"rendered":"http:\/\/righini-avocat.fr\/artsetsavoirs\/?page_id=31"},"modified":"2024-03-06T15:03:52","modified_gmt":"2024-03-06T14:03:52","slug":"activites","status":"publish","type":"page","link":"https:\/\/artsetsavoirshoulgate.com\/index.php\/activites\/","title":{"rendered":"Loisirs"},"content":{"rendered":"<p>Voici la liste des activit\u00e9s de loisirs dont Arts &amp; Savoirs fait la promotion :<\/p>\n<ul>\n<li><a href=\"http:\/\/artsetsavoirshoulgate.com\/index.php\/activites\/connaissance-des-vins\/\">Connaissance des vins<\/a><\/li>\n<li><a href=\"http:\/\/artsetsavoirshoulgate.com\/index.php\/activites\/tarot\/\">Tarot<\/a><\/li>\n<li><a href=\"http:\/\/artsetsavoirshoulgate.com\/index.php\/activites\/bridge\/\">Bridge<\/a><\/li>\n<li><a href=\"https:\/\/artsetsavoirshoulgate.com\/index.php\/echecs-et-initiation\/\">\u00e9checs et initiation<\/a><\/li>\n<li><a href=\"http:\/\/artsetsavoirshoulgate.com\/index.php\/jeux-de-societe\/\">Jeux de soci\u00e9t\u00e9<\/a><\/li>\n<li><a href=\"http:\/\/artsetsavoirshoulgate.com\/index.php\/activites\/randonnee-nordique\/\">Randonn\u00e9e Nordique<\/a><\/li>\n<li><a href=\"https:\/\/artsetsavoirshoulgate.com\/index.php\/improvisation-theatrale\/\">Improvisation th\u00e9\u00e2trale<\/a><\/li>\n<li><a href=\"https:\/\/artsetsavoirshoulgate.com\/index.php\/tricot-couture\/\">Tricot-Couture<\/a><\/li>\n<li><a href=\"https:\/\/artsetsavoirshoulgate.com\/index.php\/danse-country\/\">danse-country<\/a><\/li>\n<\/ul>\n<p><span style=\"font-size: revert; color: initial;\">Bridge, tarot, \u00e9checs et tricot durant toute l&rsquo;ann\u00e9e, les autres uniquement durant l&rsquo;ann\u00e9e scolaire. <\/span><\/p>\n<div id='gallery-1' class='gallery galleryid-31 gallery-columns-3 gallery-size-thumbnail'><figure class='gallery-item'>\n\t\t\t<div class='gallery-icon landscape'>\n\t\t\t\t<img width=\"150\" height=\"150\" src=\"https:\/\/artsetsavoirshoulgate.com\/wp-content\/uploads\/2018\/01\/index-150x150.jpg\" class=\"attachment-thumbnail size-thumbnail\" alt=\"\" loading=\"lazy\" aria-describedby=\"gallery-1-183\" srcset=\"https:\/\/artsetsavoirshoulgate.com\/wp-content\/uploads\/2018\/01\/index-150x150.jpg 150w, https:\/\/artsetsavoirshoulgate.com\/wp-content\/uploads\/2018\/01\/index-100x100.jpg 100w\" sizes=\"100vw\" \/>\n\t\t\t<\/div>\n\t\t\t\t<figcaption class='wp-caption-text gallery-caption' id='gallery-1-183'>\n\t\t\t\tConnaissance des Vins\n\t\t\t\t<\/figcaption><\/figure><figure class='gallery-item'>\n\t\t\t<div class='gallery-icon landscape'>\n\t\t\t\t<img width=\"150\" height=\"150\" src=\"https:\/\/artsetsavoirshoulgate.com\/wp-content\/uploads\/2018\/01\/illustration-concours-de-tarot_1-1509829639-150x150.jpg\" class=\"attachment-thumbnail size-thumbnail\" alt=\"\" loading=\"lazy\" aria-describedby=\"gallery-1-180\" srcset=\"https:\/\/artsetsavoirshoulgate.com\/wp-content\/uploads\/2018\/01\/illustration-concours-de-tarot_1-1509829639-150x150.jpg 150w, https:\/\/artsetsavoirshoulgate.com\/wp-content\/uploads\/2018\/01\/illustration-concours-de-tarot_1-1509829639-100x100.jpg 100w\" sizes=\"100vw\" \/>\n\t\t\t<\/div>\n\t\t\t\t<figcaption class='wp-caption-text gallery-caption' id='gallery-1-180'>\n\t\t\t\tTarot\n\t\t\t\t<\/figcaption><\/figure><figure class='gallery-item'>\n\t\t\t<div class='gallery-icon landscape'>\n\t\t\t\t<img width=\"150\" height=\"150\" src=\"https:\/\/artsetsavoirshoulgate.com\/wp-content\/uploads\/2018\/01\/681px-Bridge_declarer-150x150.jpg\" class=\"attachment-thumbnail size-thumbnail\" alt=\"\" loading=\"lazy\" aria-describedby=\"gallery-1-126\" srcset=\"https:\/\/artsetsavoirshoulgate.com\/wp-content\/uploads\/2018\/01\/681px-Bridge_declarer-150x150.jpg 150w, https:\/\/artsetsavoirshoulgate.com\/wp-content\/uploads\/2018\/01\/681px-Bridge_declarer-100x100.jpg 100w\" sizes=\"100vw\" \/>\n\t\t\t<\/div>\n\t\t\t\t<figcaption class='wp-caption-text gallery-caption' id='gallery-1-126'>\n\t\t\t\tBridge\n\t\t\t\t<\/figcaption><\/figure><figure class='gallery-item'>\n\t\t\t<div class='gallery-icon landscape'>\n\t\t\t\t<img width=\"150\" height=\"150\" src=\"https:\/\/artsetsavoirshoulgate.com\/wp-content\/uploads\/2020\/03\/IMG_1137_copie-150x150.png\" class=\"attachment-thumbnail size-thumbnail\" alt=\"\" loading=\"lazy\" aria-describedby=\"gallery-1-2926\" srcset=\"https:\/\/artsetsavoirshoulgate.com\/wp-content\/uploads\/2020\/03\/IMG_1137_copie-150x150.png 150w, https:\/\/artsetsavoirshoulgate.com\/wp-content\/uploads\/2020\/03\/IMG_1137_copie-100x100.png 100w\" sizes=\"100vw\" \/>\n\t\t\t<\/div>\n\t\t\t\t<figcaption class='wp-caption-text gallery-caption' id='gallery-1-2926'>\n\t\t\t\tJeux de soci\u00e9t\u00e9\n\t\t\t\t<\/figcaption><\/figure><figure class='gallery-item'>\n\t\t\t<div class='gallery-icon landscape'>\n\t\t\t\t<img width=\"150\" height=\"150\" src=\"https:\/\/artsetsavoirshoulgate.com\/wp-content\/uploads\/2022\/11\/traversee-mont-saint-michel-768x512-1-150x150.jpg\" class=\"attachment-thumbnail size-thumbnail\" alt=\"\" loading=\"lazy\" aria-describedby=\"gallery-1-3805\" srcset=\"https:\/\/artsetsavoirshoulgate.com\/wp-content\/uploads\/2022\/11\/traversee-mont-saint-michel-768x512-1-150x150.jpg 150w, https:\/\/artsetsavoirshoulgate.com\/wp-content\/uploads\/2022\/11\/traversee-mont-saint-michel-768x512-1-100x100.jpg 100w\" sizes=\"100vw\" \/>\n\t\t\t<\/div>\n\t\t\t\t<figcaption class='wp-caption-text gallery-caption' id='gallery-1-3805'>\n\t\t\t\tRandonn\u00e9e Nordique\n\t\t\t\t<\/figcaption><\/figure><figure class='gallery-item'>\n\t\t\t<div class='gallery-icon portrait'>\n\t\t\t\t<img width=\"150\" height=\"150\" src=\"https:\/\/artsetsavoirshoulgate.com\/wp-content\/uploads\/2023\/08\/logo-latelier-dimpro-ombre-150x150.jpg\" class=\"attachment-thumbnail size-thumbnail\" alt=\"\" loading=\"lazy\" aria-describedby=\"gallery-1-4468\" srcset=\"https:\/\/artsetsavoirshoulgate.com\/wp-content\/uploads\/2023\/08\/logo-latelier-dimpro-ombre-150x150.jpg 150w, https:\/\/artsetsavoirshoulgate.com\/wp-content\/uploads\/2023\/08\/logo-latelier-dimpro-ombre-100x100.jpg 100w\" sizes=\"100vw\" \/>\n\t\t\t<\/div>\n\t\t\t\t<figcaption class='wp-caption-text gallery-caption' id='gallery-1-4468'>\n\t\t\t\tAtelier improvisation th\u00e9\u00e2trale\n\t\t\t\t<\/figcaption><\/figure><figure class='gallery-item'>\n\t\t\t<div class='gallery-icon landscape'>\n\t\t\t\t<img width=\"150\" height=\"150\" src=\"https:\/\/artsetsavoirshoulgate.com\/wp-content\/uploads\/2024\/01\/couture-02-150x150.png\" class=\"attachment-thumbnail size-thumbnail\" alt=\"\" loading=\"lazy\" aria-describedby=\"gallery-1-4894\" srcset=\"https:\/\/artsetsavoirshoulgate.com\/wp-content\/uploads\/2024\/01\/couture-02-150x150.png 150w, https:\/\/artsetsavoirshoulgate.com\/wp-content\/uploads\/2024\/01\/couture-02-100x100.png 100w\" sizes=\"100vw\" \/>\n\t\t\t<\/div>\n\t\t\t\t<figcaption class='wp-caption-text gallery-caption' id='gallery-1-4894'>\n\t\t\t\tTricot\/Couture\n\t\t\t\t<\/figcaption><\/figure>\n\t\t<\/div>\n\n","protected":false},"excerpt":{"rendered":"<p>Voici la liste des activit\u00e9s de loisirs dont Arts &amp; Savoirs fait la promotion : Connaissance des vins Tarot Bridge \u00e9checs et initiation Jeux de soci\u00e9t\u00e9 Randonn\u00e9e Nordique Improvisation th\u00e9\u00e2trale Tricot-Couture danse-country Bridge, tarot, \u00e9checs et tricot durant toute l&rsquo;ann\u00e9e, les autres uniquement durant l&rsquo;ann\u00e9e scolaire.<\/p>\n","protected":false},"author":1,"featured_media":0,"parent":0,"menu_order":0,"comment_status":"closed","ping_status":"closed","template":"","meta":[],"yoast_head":"<!-- This site is optimized with the Yoast SEO plugin v18.2 - https:\/\/yoast.com\/wordpress\/plugins\/seo\/ -->\n<title>Loisirs - Arts &amp; Savoirs<\/title>\n<meta name=\"robots\" content=\"index, follow, max-snippet:-1, max-image-preview:large, max-video-preview:-1\" \/>\n<link rel=\"canonical\" href=\"https:\/\/artsetsavoirshoulgate.com\/index.php\/activites\/\" \/>\n<meta property=\"og:locale\" content=\"fr_FR\" \/>\n<meta property=\"og:type\" content=\"article\" \/>\n<meta property=\"og:title\" content=\"Loisirs - Arts &amp; Savoirs\" \/>\n<meta property=\"og:description\" content=\"Voici la liste des activit\u00e9s de loisirs dont Arts &amp; Savoirs fait la promotion : Connaissance des vins Tarot Bridge \u00e9checs et initiation Jeux de soci\u00e9t\u00e9 Randonn\u00e9e Nordique Improvisation th\u00e9\u00e2trale Tricot-Couture danse-country Bridge, tarot, \u00e9checs et tricot durant toute l&rsquo;ann\u00e9e, les autres uniquement durant l&rsquo;ann\u00e9e scolaire.\" \/>\n<meta property=\"og:url\" content=\"https:\/\/artsetsavoirshoulgate.com\/index.php\/activites\/\" \/>\n<meta property=\"og:site_name\" content=\"Arts &amp; Savoirs\" \/>\n<meta property=\"article:modified_time\" content=\"2024-03-06T14:03:52+00:00\" \/>\n<meta property=\"og:image\" content=\"https:\/\/i0.wp.com\/artsetsavoirshoulgate.com\/wp-content\/uploads\/2018\/01\/index.jpg?resize=150%2C150&#038;ssl=1\" \/>\n<meta name=\"twitter:card\" content=\"summary_large_image\" \/>\n<meta name=\"twitter:label1\" content=\"Dur\u00e9e de lecture estim\u00e9e\" \/>\n\t<meta name=\"twitter:data1\" content=\"1 minute\" \/>\n<script type=\"application\/ld+json\" class=\"yoast-schema-graph\">{\"@context\":\"https:\/\/schema.org\",\"@graph\":[{\"@type\":\"WebSite\",\"@id\":\"http:\/\/artsetsavoirshoulgate.com\/#website\",\"url\":\"http:\/\/artsetsavoirshoulgate.com\/\",\"name\":\"Arts & Savoirs Houlgate\",\"description\":\"Pour promouvoir les Arts et Savoirs de toute culture et les activit\u00e9s qui y participent dans un esprit de partage et de f\u00eate\",\"potentialAction\":[{\"@type\":\"SearchAction\",\"target\":{\"@type\":\"EntryPoint\",\"urlTemplate\":\"http:\/\/artsetsavoirshoulgate.com\/?s={search_term_string}\"},\"query-input\":\"required name=search_term_string\"}],\"inLanguage\":\"fr-FR\"},{\"@type\":\"WebPage\",\"@id\":\"https:\/\/artsetsavoirshoulgate.com\/index.php\/activites\/#webpage\",\"url\":\"https:\/\/artsetsavoirshoulgate.com\/index.php\/activites\/\",\"name\":\"Loisirs - Arts &amp; Savoirs\",\"isPartOf\":{\"@id\":\"http:\/\/artsetsavoirshoulgate.com\/#website\"},\"datePublished\":\"2017-12-03T18:31:17+00:00\",\"dateModified\":\"2024-03-06T14:03:52+00:00\",\"breadcrumb\":{\"@id\":\"https:\/\/artsetsavoirshoulgate.com\/index.php\/activites\/#breadcrumb\"},\"inLanguage\":\"fr-FR\",\"potentialAction\":[{\"@type\":\"ReadAction\",\"target\":[\"https:\/\/artsetsavoirshoulgate.com\/index.php\/activites\/\"]}]},{\"@type\":\"BreadcrumbList\",\"@id\":\"https:\/\/artsetsavoirshoulgate.com\/index.php\/activites\/#breadcrumb\",\"itemListElement\":[{\"@type\":\"ListItem\",\"position\":1,\"name\":\"Accueil\",\"item\":\"http:\/\/artsetsavoirshoulgate.com\/\"},{\"@type\":\"ListItem\",\"position\":2,\"name\":\"Loisirs\"}]}]}<\/script>\n<!-- \/ Yoast SEO plugin. -->","yoast_head_json":{"title":"Loisirs - Arts &amp; Savoirs","robots":{"index":"index","follow":"follow","max-snippet":"max-snippet:-1","max-image-preview":"max-image-preview:large","max-video-preview":"max-video-preview:-1"},"canonical":"https:\/\/artsetsavoirshoulgate.com\/index.php\/activites\/","og_locale":"fr_FR","og_type":"article","og_title":"Loisirs - Arts &amp; Savoirs","og_description":"Voici la liste des activit\u00e9s de loisirs dont Arts &amp; Savoirs fait la promotion : Connaissance des vins Tarot Bridge \u00e9checs et initiation Jeux de soci\u00e9t\u00e9 Randonn\u00e9e Nordique Improvisation th\u00e9\u00e2trale Tricot-Couture danse-country Bridge, tarot, \u00e9checs et tricot durant toute l&rsquo;ann\u00e9e, les autres uniquement durant l&rsquo;ann\u00e9e scolaire.","og_url":"https:\/\/artsetsavoirshoulgate.com\/index.php\/activites\/","og_site_name":"Arts &amp; Savoirs","article_modified_time":"2024-03-06T14:03:52+00:00","og_image":[{"url":"https:\/\/i0.wp.com\/artsetsavoirshoulgate.com\/wp-content\/uploads\/2018\/01\/index.jpg?resize=150%2C150&amp;ssl=1"}],"twitter_card":"summary_large_image","twitter_misc":{"Dur\u00e9e de lecture estim\u00e9e":"1 minute"},"schema":{"@context":"https:\/\/schema.org","@graph":[{"@type":"WebSite","@id":"http:\/\/artsetsavoirshoulgate.com\/#website","url":"http:\/\/artsetsavoirshoulgate.com\/","name":"Arts & Savoirs Houlgate","description":"Pour promouvoir les Arts et Savoirs de toute culture et les activit\u00e9s qui y participent dans un esprit de partage et de f\u00eate","potentialAction":[{"@type":"SearchAction","target":{"@type":"EntryPoint","urlTemplate":"http:\/\/artsetsavoirshoulgate.com\/?s={search_term_string}"},"query-input":"required name=search_term_string"}],"inLanguage":"fr-FR"},{"@type":"WebPage","@id":"https:\/\/artsetsavoirshoulgate.com\/index.php\/activites\/#webpage","url":"https:\/\/artsetsavoirshoulgate.com\/index.php\/activites\/","name":"Loisirs - Arts &amp; Savoirs","isPartOf":{"@id":"http:\/\/artsetsavoirshoulgate.com\/#website"},"datePublished":"2017-12-03T18:31:17+00:00","dateModified":"2024-03-06T14:03:52+00:00","breadcrumb":{"@id":"https:\/\/artsetsavoirshoulgate.com\/index.php\/activites\/#breadcrumb"},"inLanguage":"fr-FR","potentialAction":[{"@type":"ReadAction","target":["https:\/\/artsetsavoirshoulgate.com\/index.php\/activites\/"]}]},{"@type":"BreadcrumbList","@id":"https:\/\/artsetsavoirshoulgate.com\/index.php\/activites\/#breadcrumb","itemListElement":[{"@type":"ListItem","position":1,"name":"Accueil","item":"http:\/\/artsetsavoirshoulgate.com\/"},{"@type":"ListItem","position":2,"name":"Loisirs"}]}]}},"_links":{"self":[{"href":"https:\/\/artsetsavoirshoulgate.com\/index.php\/wp-json\/wp\/v2\/pages\/31"}],"collection":[{"href":"https:\/\/artsetsavoirshoulgate.com\/index.php\/wp-json\/wp\/v2\/pages"}],"about":[{"href":"https:\/\/artsetsavoirshoulgate.com\/index.php\/wp-json\/wp\/v2\/types\/page"}],"author":[{"embeddable":true,"href":"https:\/\/artsetsavoirshoulgate.com\/index.php\/wp-json\/wp\/v2\/users\/1"}],"replies":[{"embeddable":true,"href":"https:\/\/artsetsavoirshoulgate.com\/index.php\/wp-json\/wp\/v2\/comments?post=31"}],"version-history":[{"count":24,"href":"https:\/\/artsetsavoirshoulgate.com\/index.php\/wp-json\/wp\/v2\/pages\/31\/revisions"}],"predecessor-version":[{"id":5099,"href":"https:\/\/artsetsavoirshoulgate.com\/index.php\/wp-json\/wp\/v2\/pages\/31\/revisions\/5099"}],"wp:attachment":[{"href":"https:\/\/artsetsavoirshoulgate.com\/index.php\/wp-json\/wp\/v2\/media?parent=31"}],"curies":[{"name":"wp","href":"https:\/\/api.w.org\/{rel}","templated":true}]}}