{"id":325,"date":"2018-02-09T16:21:27","date_gmt":"2018-02-09T15:21:27","guid":{"rendered":"http:\/\/righini-avocat.fr\/artsetsavoirs\/?page_id=325"},"modified":"2025-12-22T17:30:08","modified_gmt":"2025-12-22T16:30:08","slug":"dessin-creativite-enfants","status":"publish","type":"page","link":"https:\/\/artsetsavoirshoulgate.com\/index.php\/activites-enfants\/dessin-creativite-enfants\/","title":{"rendered":"Peinture Cr\u00e9ativit\u00e9 Enfants"},"content":{"rendered":"<p><strong><img loading=\"lazy\" class=\" wp-image-2541 alignleft\" src=\"http:\/\/artsetsavoirshoulgate.com\/wp-content\/uploads\/2019\/10\/IMG_9880-300x225.jpg\" alt=\"\" width=\"206\" height=\"275\" \/><img loading=\"lazy\" class=\"size-medium wp-image-6039 alignleft\" src=\"http:\/\/artsetsavoirshoulgate.com\/wp-content\/uploads\/2025\/10\/reprise2025-2026-212x300.jpg\" alt=\"\" width=\"212\" height=\"300\" \/>Contact<\/strong> : <strong>Catherine TANAKA<\/strong> 07 62 04 74 38<br \/><strong>Lieu<\/strong> :\u00a0 Houlgate Salle Berthe Morisot<br \/><strong>Horaires<\/strong> :\u00a0 MARDI 17H-18H (hors vacances scolaires)<\/p>\n<p><strong>Participation<\/strong> : annuelle de 90\u20ac en compl\u00e9ment de l\u2019<a href=\"http:\/\/artsetsavoirshoulgate.com\/index.php\/a-propos-de\/\">adh\u00e9sion \u00e0 l\u2019Association.<\/a>\u00a0Subvention possible par la carte sport et culture de la <a href=\"https:\/\/www.normandiecabourgpaysdauge.fr\">NCPA<\/a><\/p>\n<p><strong>Animatrice : Sophie LECESNE<\/strong><\/p>\n<p>Un atelier d&rsquo;art et cr\u00e9ativit\u00e9 pour les enfants (\u00e0 partir de 6 ans) et jeunes ados pour leur apprendre de mani\u00e8re ludique les bases et des techniques vari\u00e9es :<br \/>(crayons, feutres, peinture, pastels gras, d\u00e9coupage, collage,&#8230;)<\/p>\n<p>\u00a0<\/p>\n\n\n<p><\/p>\n","protected":false},"excerpt":{"rendered":"<p>Contact : Catherine TANAKA 07 62 04 74 38Lieu :\u00a0 Houlgate Salle Berthe MorisotHoraires :\u00a0 MARDI 17H-18H (hors vacances scolaires) Participation : annuelle de 90\u20ac en compl\u00e9ment de l\u2019adh\u00e9sion \u00e0 l\u2019Association.\u00a0Subvention possible par la carte sport et culture de la NCPA Animatrice : Sophie LECESNE Un atelier d&rsquo;art et cr\u00e9ativit\u00e9 pour les enfants (\u00e0 partir &hellip; <\/p>\n<p class=\"link-more\"><a href=\"https:\/\/artsetsavoirshoulgate.com\/index.php\/activites-enfants\/dessin-creativite-enfants\/\" class=\"more-link\">Continuer la lecture<span class=\"screen-reader-text\"> de &laquo;&nbsp;Peinture Cr\u00e9ativit\u00e9 Enfants&nbsp;&raquo;<\/span><\/a><\/p>\n","protected":false},"author":1,"featured_media":0,"parent":2286,"menu_order":0,"comment_status":"closed","ping_status":"closed","template":"","meta":[],"yoast_head":"<!-- This site is optimized with the Yoast SEO plugin v18.2 - https:\/\/yoast.com\/wordpress\/plugins\/seo\/ -->\n<title>Peinture Cr\u00e9ativit\u00e9 Enfants - Arts &amp; Savoirs<\/title>\n<meta name=\"robots\" content=\"index, follow, max-snippet:-1, max-image-preview:large, max-video-preview:-1\" \/>\n<link rel=\"canonical\" href=\"https:\/\/artsetsavoirshoulgate.com\/index.php\/activites-enfants\/dessin-creativite-enfants\/\" \/>\n<meta property=\"og:locale\" content=\"fr_FR\" \/>\n<meta property=\"og:type\" content=\"article\" \/>\n<meta property=\"og:title\" content=\"Peinture Cr\u00e9ativit\u00e9 Enfants - Arts &amp; Savoirs\" \/>\n<meta property=\"og:description\" content=\"Contact : Catherine TANAKA 07 62 04 74 38Lieu :\u00a0 Houlgate Salle Berthe MorisotHoraires :\u00a0 MARDI 17H-18H (hors vacances scolaires) Participation : annuelle de 90\u20ac en compl\u00e9ment de l\u2019adh\u00e9sion \u00e0 l\u2019Association.\u00a0Subvention possible par la carte sport et culture de la NCPA Animatrice : Sophie LECESNE Un atelier d&rsquo;art et cr\u00e9ativit\u00e9 pour les enfants (\u00e0 partir &hellip; Continuer la lecture de &laquo;&nbsp;Peinture Cr\u00e9ativit\u00e9 Enfants&nbsp;&raquo;\" \/>\n<meta property=\"og:url\" content=\"https:\/\/artsetsavoirshoulgate.com\/index.php\/activites-enfants\/dessin-creativite-enfants\/\" \/>\n<meta property=\"og:site_name\" content=\"Arts &amp; Savoirs\" \/>\n<meta property=\"article:modified_time\" content=\"2025-12-22T16:30:08+00:00\" \/>\n<meta property=\"og:image\" content=\"http:\/\/artsetsavoirshoulgate.com\/wp-content\/uploads\/2019\/10\/IMG_9880-300x225.jpg\" \/>\n<meta name=\"twitter:card\" content=\"summary_large_image\" \/>\n<meta name=\"twitter:label1\" content=\"Dur\u00e9e de lecture estim\u00e9e\" \/>\n\t<meta name=\"twitter:data1\" content=\"1 minute\" \/>\n<script type=\"application\/ld+json\" class=\"yoast-schema-graph\">{\"@context\":\"https:\/\/schema.org\",\"@graph\":[{\"@type\":\"WebSite\",\"@id\":\"http:\/\/artsetsavoirshoulgate.com\/#website\",\"url\":\"http:\/\/artsetsavoirshoulgate.com\/\",\"name\":\"Arts & Savoirs Houlgate\",\"description\":\"Pour promouvoir les Arts et Savoirs de toute culture et les activit\u00e9s qui y participent dans un esprit de partage et de f\u00eate\",\"potentialAction\":[{\"@type\":\"SearchAction\",\"target\":{\"@type\":\"EntryPoint\",\"urlTemplate\":\"http:\/\/artsetsavoirshoulgate.com\/?s={search_term_string}\"},\"query-input\":\"required name=search_term_string\"}],\"inLanguage\":\"fr-FR\"},{\"@type\":\"ImageObject\",\"@id\":\"https:\/\/artsetsavoirshoulgate.com\/index.php\/activites-enfants\/dessin-creativite-enfants\/#primaryimage\",\"inLanguage\":\"fr-FR\",\"url\":\"http:\/\/artsetsavoirshoulgate.com\/wp-content\/uploads\/2019\/10\/IMG_9880-300x225.jpg\",\"contentUrl\":\"http:\/\/artsetsavoirshoulgate.com\/wp-content\/uploads\/2019\/10\/IMG_9880-300x225.jpg\"},{\"@type\":\"WebPage\",\"@id\":\"https:\/\/artsetsavoirshoulgate.com\/index.php\/activites-enfants\/dessin-creativite-enfants\/#webpage\",\"url\":\"https:\/\/artsetsavoirshoulgate.com\/index.php\/activites-enfants\/dessin-creativite-enfants\/\",\"name\":\"Peinture Cr\u00e9ativit\u00e9 Enfants - Arts &amp; Savoirs\",\"isPartOf\":{\"@id\":\"http:\/\/artsetsavoirshoulgate.com\/#website\"},\"primaryImageOfPage\":{\"@id\":\"https:\/\/artsetsavoirshoulgate.com\/index.php\/activites-enfants\/dessin-creativite-enfants\/#primaryimage\"},\"datePublished\":\"2018-02-09T15:21:27+00:00\",\"dateModified\":\"2025-12-22T16:30:08+00:00\",\"breadcrumb\":{\"@id\":\"https:\/\/artsetsavoirshoulgate.com\/index.php\/activites-enfants\/dessin-creativite-enfants\/#breadcrumb\"},\"inLanguage\":\"fr-FR\",\"potentialAction\":[{\"@type\":\"ReadAction\",\"target\":[\"https:\/\/artsetsavoirshoulgate.com\/index.php\/activites-enfants\/dessin-creativite-enfants\/\"]}]},{\"@type\":\"BreadcrumbList\",\"@id\":\"https:\/\/artsetsavoirshoulgate.com\/index.php\/activites-enfants\/dessin-creativite-enfants\/#breadcrumb\",\"itemListElement\":[{\"@type\":\"ListItem\",\"position\":1,\"name\":\"Accueil\",\"item\":\"http:\/\/artsetsavoirshoulgate.com\/\"},{\"@type\":\"ListItem\",\"position\":2,\"name\":\"Enfants\",\"item\":\"https:\/\/artsetsavoirshoulgate.com\/index.php\/activites-enfants\/\"},{\"@type\":\"ListItem\",\"position\":3,\"name\":\"Peinture Cr\u00e9ativit\u00e9 Enfants\"}]}]}<\/script>\n<!-- \/ Yoast SEO plugin. -->","yoast_head_json":{"title":"Peinture Cr\u00e9ativit\u00e9 Enfants - Arts &amp; Savoirs","robots":{"index":"index","follow":"follow","max-snippet":"max-snippet:-1","max-image-preview":"max-image-preview:large","max-video-preview":"max-video-preview:-1"},"canonical":"https:\/\/artsetsavoirshoulgate.com\/index.php\/activites-enfants\/dessin-creativite-enfants\/","og_locale":"fr_FR","og_type":"article","og_title":"Peinture Cr\u00e9ativit\u00e9 Enfants - Arts &amp; Savoirs","og_description":"Contact : Catherine TANAKA 07 62 04 74 38Lieu :\u00a0 Houlgate Salle Berthe MorisotHoraires :\u00a0 MARDI 17H-18H (hors vacances scolaires) Participation : annuelle de 90\u20ac en compl\u00e9ment de l\u2019adh\u00e9sion \u00e0 l\u2019Association.\u00a0Subvention possible par la carte sport et culture de la NCPA Animatrice : Sophie LECESNE Un atelier d&rsquo;art et cr\u00e9ativit\u00e9 pour les enfants (\u00e0 partir &hellip; Continuer la lecture de &laquo;&nbsp;Peinture Cr\u00e9ativit\u00e9 Enfants&nbsp;&raquo;","og_url":"https:\/\/artsetsavoirshoulgate.com\/index.php\/activites-enfants\/dessin-creativite-enfants\/","og_site_name":"Arts &amp; Savoirs","article_modified_time":"2025-12-22T16:30:08+00:00","og_image":[{"url":"http:\/\/artsetsavoirshoulgate.com\/wp-content\/uploads\/2019\/10\/IMG_9880-300x225.jpg"}],"twitter_card":"summary_large_image","twitter_misc":{"Dur\u00e9e de lecture estim\u00e9e":"1 minute"},"schema":{"@context":"https:\/\/schema.org","@graph":[{"@type":"WebSite","@id":"http:\/\/artsetsavoirshoulgate.com\/#website","url":"http:\/\/artsetsavoirshoulgate.com\/","name":"Arts & Savoirs Houlgate","description":"Pour promouvoir les Arts et Savoirs de toute culture et les activit\u00e9s qui y participent dans un esprit de partage et de f\u00eate","potentialAction":[{"@type":"SearchAction","target":{"@type":"EntryPoint","urlTemplate":"http:\/\/artsetsavoirshoulgate.com\/?s={search_term_string}"},"query-input":"required name=search_term_string"}],"inLanguage":"fr-FR"},{"@type":"ImageObject","@id":"https:\/\/artsetsavoirshoulgate.com\/index.php\/activites-enfants\/dessin-creativite-enfants\/#primaryimage","inLanguage":"fr-FR","url":"http:\/\/artsetsavoirshoulgate.com\/wp-content\/uploads\/2019\/10\/IMG_9880-300x225.jpg","contentUrl":"http:\/\/artsetsavoirshoulgate.com\/wp-content\/uploads\/2019\/10\/IMG_9880-300x225.jpg"},{"@type":"WebPage","@id":"https:\/\/artsetsavoirshoulgate.com\/index.php\/activites-enfants\/dessin-creativite-enfants\/#webpage","url":"https:\/\/artsetsavoirshoulgate.com\/index.php\/activites-enfants\/dessin-creativite-enfants\/","name":"Peinture Cr\u00e9ativit\u00e9 Enfants - Arts &amp; Savoirs","isPartOf":{"@id":"http:\/\/artsetsavoirshoulgate.com\/#website"},"primaryImageOfPage":{"@id":"https:\/\/artsetsavoirshoulgate.com\/index.php\/activites-enfants\/dessin-creativite-enfants\/#primaryimage"},"datePublished":"2018-02-09T15:21:27+00:00","dateModified":"2025-12-22T16:30:08+00:00","breadcrumb":{"@id":"https:\/\/artsetsavoirshoulgate.com\/index.php\/activites-enfants\/dessin-creativite-enfants\/#breadcrumb"},"inLanguage":"fr-FR","potentialAction":[{"@type":"ReadAction","target":["https:\/\/artsetsavoirshoulgate.com\/index.php\/activites-enfants\/dessin-creativite-enfants\/"]}]},{"@type":"BreadcrumbList","@id":"https:\/\/artsetsavoirshoulgate.com\/index.php\/activites-enfants\/dessin-creativite-enfants\/#breadcrumb","itemListElement":[{"@type":"ListItem","position":1,"name":"Accueil","item":"http:\/\/artsetsavoirshoulgate.com\/"},{"@type":"ListItem","position":2,"name":"Enfants","item":"https:\/\/artsetsavoirshoulgate.com\/index.php\/activites-enfants\/"},{"@type":"ListItem","position":3,"name":"Peinture Cr\u00e9ativit\u00e9 Enfants"}]}]}},"_links":{"self":[{"href":"https:\/\/artsetsavoirshoulgate.com\/index.php\/wp-json\/wp\/v2\/pages\/325"}],"collection":[{"href":"https:\/\/artsetsavoirshoulgate.com\/index.php\/wp-json\/wp\/v2\/pages"}],"about":[{"href":"https:\/\/artsetsavoirshoulgate.com\/index.php\/wp-json\/wp\/v2\/types\/page"}],"author":[{"embeddable":true,"href":"https:\/\/artsetsavoirshoulgate.com\/index.php\/wp-json\/wp\/v2\/users\/1"}],"replies":[{"embeddable":true,"href":"https:\/\/artsetsavoirshoulgate.com\/index.php\/wp-json\/wp\/v2\/comments?post=325"}],"version-history":[{"count":31,"href":"https:\/\/artsetsavoirshoulgate.com\/index.php\/wp-json\/wp\/v2\/pages\/325\/revisions"}],"predecessor-version":[{"id":6131,"href":"https:\/\/artsetsavoirshoulgate.com\/index.php\/wp-json\/wp\/v2\/pages\/325\/revisions\/6131"}],"up":[{"embeddable":true,"href":"https:\/\/artsetsavoirshoulgate.com\/index.php\/wp-json\/wp\/v2\/pages\/2286"}],"wp:attachment":[{"href":"https:\/\/artsetsavoirshoulgate.com\/index.php\/wp-json\/wp\/v2\/media?parent=325"}],"curies":[{"name":"wp","href":"https:\/\/api.w.org\/{rel}","templated":true}]}}