{"id":332,"date":"2018-03-12T16:47:04","date_gmt":"2018-03-12T15:47:04","guid":{"rendered":"http:\/\/righini-avocat.fr\/artsetsavoirs\/?page_id=332"},"modified":"2026-02-05T17:46:59","modified_gmt":"2026-02-05T16:46:59","slug":"mentions-legales","status":"publish","type":"page","link":"https:\/\/artsetsavoirshoulgate.com\/index.php\/mentions-legales\/","title":{"rendered":"Mentions l\u00e9gales"},"content":{"rendered":"<div id=\"cc-matrix-2009667675\">\n<div id=\"cc-m-7937521275\" class=\"j-module n j-header \">\n<h1 id=\"cc-m-header-7937521275\">Mentions l\u00e9gales<\/h1>\n<\/div>\n<div id=\"cc-m-7937521675\" class=\"j-module n j-hr \">\n<hr \/>\n<\/div>\n<div id=\"cc-m-7937521875\" class=\"j-module n j-header \">\n<h3 id=\"cc-m-header-7937521875\">Association Arts et Savoirs<\/h3>\n<\/div>\n<div id=\"cc-m-7937522675\" class=\"j-module n j-text \">\n<p>Une association loi 1901 cr\u00e9\u00e9e le 22 Septembre 1986<\/p>\n<p>Parution au journal officiel le 12-11-1986 sous le num\u00e9ro 38126627900011<\/p>\n<p>Sous-pr\u00e9fecture de Lisieux<\/p>\n<p>Si\u00e8ge social : 10 Bld des Belges (Mairie d&rsquo;Houlgate) &#8211; 14510 HOULGATE<\/p>\n<p>Pr\u00e9sidente : Dani\u00e8le HODOT-PARISOT<\/p>\n<p>Conception et R\u00e9alisation du site: Denis BOUDIN<\/p>\n<p>Mise \u00e0 jour et gestion du site: Dani\u00e8le HODOT-PARISOT<\/p>\n<p>H\u00e9bergement : OVH\u00a0 Roubaix (France)<\/p>\n<\/div>\n<div id=\"cc-m-7937524475\" class=\"j-module n j-hr \">\n<hr \/>\n<\/div>\n<\/div>\n","protected":false},"excerpt":{"rendered":"<p>Mentions l\u00e9gales Association Arts et Savoirs Une association loi 1901 cr\u00e9\u00e9e le 22 Septembre 1986 Parution au journal officiel le 12-11-1986 sous le num\u00e9ro 38126627900011 Sous-pr\u00e9fecture de Lisieux Si\u00e8ge social : 10 Bld des Belges (Mairie d&rsquo;Houlgate) &#8211; 14510 HOULGATE Pr\u00e9sidente : Dani\u00e8le HODOT-PARISOT Conception et R\u00e9alisation du site: Denis BOUDIN Mise \u00e0 jour et &hellip; <\/p>\n<p class=\"link-more\"><a href=\"https:\/\/artsetsavoirshoulgate.com\/index.php\/mentions-legales\/\" class=\"more-link\">Continuer la lecture<span class=\"screen-reader-text\"> de &laquo;&nbsp;Mentions l\u00e9gales&nbsp;&raquo;<\/span><\/a><\/p>\n","protected":false},"author":1,"featured_media":0,"parent":0,"menu_order":0,"comment_status":"closed","ping_status":"closed","template":"","meta":[],"yoast_head":"<!-- This site is optimized with the Yoast SEO plugin v18.2 - https:\/\/yoast.com\/wordpress\/plugins\/seo\/ -->\n<title>Mentions l\u00e9gales - Arts &amp; Savoirs<\/title>\n<meta name=\"robots\" content=\"index, follow, max-snippet:-1, max-image-preview:large, max-video-preview:-1\" \/>\n<link rel=\"canonical\" href=\"https:\/\/artsetsavoirshoulgate.com\/index.php\/mentions-legales\/\" \/>\n<meta property=\"og:locale\" content=\"fr_FR\" \/>\n<meta property=\"og:type\" content=\"article\" \/>\n<meta property=\"og:title\" content=\"Mentions l\u00e9gales - Arts &amp; Savoirs\" \/>\n<meta property=\"og:description\" content=\"Mentions l\u00e9gales Association Arts et Savoirs Une association loi 1901 cr\u00e9\u00e9e le 22 Septembre 1986 Parution au journal officiel le 12-11-1986 sous le num\u00e9ro 38126627900011 Sous-pr\u00e9fecture de Lisieux Si\u00e8ge social : 10 Bld des Belges (Mairie d&rsquo;Houlgate) &#8211; 14510 HOULGATE Pr\u00e9sidente : Dani\u00e8le HODOT-PARISOT Conception et R\u00e9alisation du site: Denis BOUDIN Mise \u00e0 jour et &hellip; Continuer la lecture de &laquo;&nbsp;Mentions l\u00e9gales&nbsp;&raquo;\" \/>\n<meta property=\"og:url\" content=\"https:\/\/artsetsavoirshoulgate.com\/index.php\/mentions-legales\/\" \/>\n<meta property=\"og:site_name\" content=\"Arts &amp; Savoirs\" \/>\n<meta property=\"article:modified_time\" content=\"2026-02-05T16:46:59+00:00\" \/>\n<meta name=\"twitter:card\" content=\"summary_large_image\" \/>\n<meta name=\"twitter:label1\" content=\"Dur\u00e9e de lecture estim\u00e9e\" \/>\n\t<meta name=\"twitter:data1\" content=\"1 minute\" \/>\n<script type=\"application\/ld+json\" class=\"yoast-schema-graph\">{\"@context\":\"https:\/\/schema.org\",\"@graph\":[{\"@type\":\"WebSite\",\"@id\":\"http:\/\/artsetsavoirshoulgate.com\/#website\",\"url\":\"http:\/\/artsetsavoirshoulgate.com\/\",\"name\":\"Arts & Savoirs Houlgate\",\"description\":\"Pour promouvoir les Arts et Savoirs de toute culture et les activit\u00e9s qui y participent dans un esprit de partage et de f\u00eate\",\"potentialAction\":[{\"@type\":\"SearchAction\",\"target\":{\"@type\":\"EntryPoint\",\"urlTemplate\":\"http:\/\/artsetsavoirshoulgate.com\/?s={search_term_string}\"},\"query-input\":\"required name=search_term_string\"}],\"inLanguage\":\"fr-FR\"},{\"@type\":\"WebPage\",\"@id\":\"https:\/\/artsetsavoirshoulgate.com\/index.php\/mentions-legales\/#webpage\",\"url\":\"https:\/\/artsetsavoirshoulgate.com\/index.php\/mentions-legales\/\",\"name\":\"Mentions l\u00e9gales - Arts &amp; Savoirs\",\"isPartOf\":{\"@id\":\"http:\/\/artsetsavoirshoulgate.com\/#website\"},\"datePublished\":\"2018-03-12T15:47:04+00:00\",\"dateModified\":\"2026-02-05T16:46:59+00:00\",\"breadcrumb\":{\"@id\":\"https:\/\/artsetsavoirshoulgate.com\/index.php\/mentions-legales\/#breadcrumb\"},\"inLanguage\":\"fr-FR\",\"potentialAction\":[{\"@type\":\"ReadAction\",\"target\":[\"https:\/\/artsetsavoirshoulgate.com\/index.php\/mentions-legales\/\"]}]},{\"@type\":\"BreadcrumbList\",\"@id\":\"https:\/\/artsetsavoirshoulgate.com\/index.php\/mentions-legales\/#breadcrumb\",\"itemListElement\":[{\"@type\":\"ListItem\",\"position\":1,\"name\":\"Accueil\",\"item\":\"http:\/\/artsetsavoirshoulgate.com\/\"},{\"@type\":\"ListItem\",\"position\":2,\"name\":\"Mentions l\u00e9gales\"}]}]}<\/script>\n<!-- \/ Yoast SEO plugin. -->","yoast_head_json":{"title":"Mentions l\u00e9gales - Arts &amp; Savoirs","robots":{"index":"index","follow":"follow","max-snippet":"max-snippet:-1","max-image-preview":"max-image-preview:large","max-video-preview":"max-video-preview:-1"},"canonical":"https:\/\/artsetsavoirshoulgate.com\/index.php\/mentions-legales\/","og_locale":"fr_FR","og_type":"article","og_title":"Mentions l\u00e9gales - Arts &amp; Savoirs","og_description":"Mentions l\u00e9gales Association Arts et Savoirs Une association loi 1901 cr\u00e9\u00e9e le 22 Septembre 1986 Parution au journal officiel le 12-11-1986 sous le num\u00e9ro 38126627900011 Sous-pr\u00e9fecture de Lisieux Si\u00e8ge social : 10 Bld des Belges (Mairie d&rsquo;Houlgate) &#8211; 14510 HOULGATE Pr\u00e9sidente : Dani\u00e8le HODOT-PARISOT Conception et R\u00e9alisation du site: Denis BOUDIN Mise \u00e0 jour et &hellip; Continuer la lecture de &laquo;&nbsp;Mentions l\u00e9gales&nbsp;&raquo;","og_url":"https:\/\/artsetsavoirshoulgate.com\/index.php\/mentions-legales\/","og_site_name":"Arts &amp; Savoirs","article_modified_time":"2026-02-05T16:46:59+00:00","twitter_card":"summary_large_image","twitter_misc":{"Dur\u00e9e de lecture estim\u00e9e":"1 minute"},"schema":{"@context":"https:\/\/schema.org","@graph":[{"@type":"WebSite","@id":"http:\/\/artsetsavoirshoulgate.com\/#website","url":"http:\/\/artsetsavoirshoulgate.com\/","name":"Arts & Savoirs Houlgate","description":"Pour promouvoir les Arts et Savoirs de toute culture et les activit\u00e9s qui y participent dans un esprit de partage et de f\u00eate","potentialAction":[{"@type":"SearchAction","target":{"@type":"EntryPoint","urlTemplate":"http:\/\/artsetsavoirshoulgate.com\/?s={search_term_string}"},"query-input":"required name=search_term_string"}],"inLanguage":"fr-FR"},{"@type":"WebPage","@id":"https:\/\/artsetsavoirshoulgate.com\/index.php\/mentions-legales\/#webpage","url":"https:\/\/artsetsavoirshoulgate.com\/index.php\/mentions-legales\/","name":"Mentions l\u00e9gales - Arts &amp; Savoirs","isPartOf":{"@id":"http:\/\/artsetsavoirshoulgate.com\/#website"},"datePublished":"2018-03-12T15:47:04+00:00","dateModified":"2026-02-05T16:46:59+00:00","breadcrumb":{"@id":"https:\/\/artsetsavoirshoulgate.com\/index.php\/mentions-legales\/#breadcrumb"},"inLanguage":"fr-FR","potentialAction":[{"@type":"ReadAction","target":["https:\/\/artsetsavoirshoulgate.com\/index.php\/mentions-legales\/"]}]},{"@type":"BreadcrumbList","@id":"https:\/\/artsetsavoirshoulgate.com\/index.php\/mentions-legales\/#breadcrumb","itemListElement":[{"@type":"ListItem","position":1,"name":"Accueil","item":"http:\/\/artsetsavoirshoulgate.com\/"},{"@type":"ListItem","position":2,"name":"Mentions l\u00e9gales"}]}]}},"_links":{"self":[{"href":"https:\/\/artsetsavoirshoulgate.com\/index.php\/wp-json\/wp\/v2\/pages\/332"}],"collection":[{"href":"https:\/\/artsetsavoirshoulgate.com\/index.php\/wp-json\/wp\/v2\/pages"}],"about":[{"href":"https:\/\/artsetsavoirshoulgate.com\/index.php\/wp-json\/wp\/v2\/types\/page"}],"author":[{"embeddable":true,"href":"https:\/\/artsetsavoirshoulgate.com\/index.php\/wp-json\/wp\/v2\/users\/1"}],"replies":[{"embeddable":true,"href":"https:\/\/artsetsavoirshoulgate.com\/index.php\/wp-json\/wp\/v2\/comments?post=332"}],"version-history":[{"count":7,"href":"https:\/\/artsetsavoirshoulgate.com\/index.php\/wp-json\/wp\/v2\/pages\/332\/revisions"}],"predecessor-version":[{"id":6268,"href":"https:\/\/artsetsavoirshoulgate.com\/index.php\/wp-json\/wp\/v2\/pages\/332\/revisions\/6268"}],"wp:attachment":[{"href":"https:\/\/artsetsavoirshoulgate.com\/index.php\/wp-json\/wp\/v2\/media?parent=332"}],"curies":[{"name":"wp","href":"https:\/\/api.w.org\/{rel}","templated":true}]}}