{"id":3360,"date":"2021-05-16T20:17:57","date_gmt":"2021-05-16T18:17:57","guid":{"rendered":"http:\/\/artsetsavoirshoulgate.com\/?page_id=3360"},"modified":"2026-04-01T11:19:15","modified_gmt":"2026-04-01T09:19:15","slug":"album-2021","status":"publish","type":"page","link":"https:\/\/artsetsavoirshoulgate.com\/index.php\/sorties-culturelles\/album-2021\/","title":{"rendered":"Album 2021"},"content":{"rendered":"<p><a href=\"http:\/\/artsetsavoirshoulgate.com\/wp-content\/uploads\/2023\/09\/Soiree-Jazz.pdf\">Soir\u00e9e Jazz le 12 novembre<\/a>&nbsp;<\/p>\n<p><a href=\"http:\/\/artsetsavoirshoulgate.com\/wp-content\/uploads\/2023\/07\/WE-rando-Blainville-1.pdf\">week-end randonn\u00e9es Blainville les 4 et 5 octobre<\/a><\/p>\n<p><a href=\"http:\/\/artsetsavoirshoulgate.com\/wp-content\/uploads\/2023\/07\/Decouverte-des-iles-Chausey.pdf\">D\u00e9couverte des \u00eeles Chausey le 17 septembre<\/a><\/p>\n<p><a href=\"http:\/\/artsetsavoirshoulgate.com\/wp-content\/uploads\/2023\/07\/2021-07-02-et-03-2-jours-a-Chartres-et-ses-environs.pdf\">2 jours \u00e0 Chartres et ses environs le 2 et 3 juillet<\/a><\/p>\n<p><a href=\"http:\/\/artsetsavoirshoulgate.com\/wp-content\/uploads\/2023\/07\/2021-06-24-et-25-rando-Madre.pdf\">week-end randonn\u00e9e \u00e0 Madr\u00e9 les 24 et 25 juin<\/a><\/p>\n<p><a href=\"http:\/\/artsetsavoirshoulgate.com\/wp-content\/uploads\/2023\/07\/2021-01-05-visite-ferme-cidricole.pdf\">Visite ferme cidricole le 5 mai<\/a><\/p>\n<p><\/p>\n<p><\/p>\n\n\n<p><\/p>\n\n\n\n<p><\/p>\n","protected":false},"excerpt":{"rendered":"<p>Soir\u00e9e Jazz le 12 novembre&nbsp; week-end randonn\u00e9es Blainville les 4 et 5 octobre D\u00e9couverte des \u00eeles Chausey le 17 septembre 2 jours \u00e0 Chartres et ses environs le 2 et 3 juillet week-end randonn\u00e9e \u00e0 Madr\u00e9 les 24 et 25 juin Visite ferme cidricole le 5 mai<\/p>\n","protected":false},"author":1,"featured_media":0,"parent":165,"menu_order":0,"comment_status":"closed","ping_status":"closed","template":"","meta":[],"yoast_head":"<!-- This site is optimized with the Yoast SEO plugin v18.2 - https:\/\/yoast.com\/wordpress\/plugins\/seo\/ -->\n<title>Album 2021 - Arts &amp; Savoirs<\/title>\n<meta name=\"robots\" content=\"index, follow, max-snippet:-1, max-image-preview:large, max-video-preview:-1\" \/>\n<link rel=\"canonical\" href=\"https:\/\/artsetsavoirshoulgate.com\/index.php\/sorties-culturelles\/album-2021\/\" \/>\n<meta property=\"og:locale\" content=\"fr_FR\" \/>\n<meta property=\"og:type\" content=\"article\" \/>\n<meta property=\"og:title\" content=\"Album 2021 - Arts &amp; Savoirs\" \/>\n<meta property=\"og:description\" content=\"Soir\u00e9e Jazz le 12 novembre&nbsp; week-end randonn\u00e9es Blainville les 4 et 5 octobre D\u00e9couverte des \u00eeles Chausey le 17 septembre 2 jours \u00e0 Chartres et ses environs le 2 et 3 juillet week-end randonn\u00e9e \u00e0 Madr\u00e9 les 24 et 25 juin Visite ferme cidricole le 5 mai\" \/>\n<meta property=\"og:url\" content=\"https:\/\/artsetsavoirshoulgate.com\/index.php\/sorties-culturelles\/album-2021\/\" \/>\n<meta property=\"og:site_name\" content=\"Arts &amp; Savoirs\" \/>\n<meta property=\"article:modified_time\" content=\"2026-04-01T09:19:15+00:00\" \/>\n<meta name=\"twitter:card\" content=\"summary_large_image\" \/>\n<meta name=\"twitter:label1\" content=\"Dur\u00e9e de lecture estim\u00e9e\" \/>\n\t<meta name=\"twitter:data1\" content=\"1 minute\" \/>\n<script type=\"application\/ld+json\" class=\"yoast-schema-graph\">{\"@context\":\"https:\/\/schema.org\",\"@graph\":[{\"@type\":\"WebSite\",\"@id\":\"http:\/\/artsetsavoirshoulgate.com\/#website\",\"url\":\"http:\/\/artsetsavoirshoulgate.com\/\",\"name\":\"Arts & Savoirs Houlgate\",\"description\":\"Pour promouvoir les Arts et Savoirs de toute culture et les activit\u00e9s qui y participent dans un esprit de partage et de f\u00eate\",\"potentialAction\":[{\"@type\":\"SearchAction\",\"target\":{\"@type\":\"EntryPoint\",\"urlTemplate\":\"http:\/\/artsetsavoirshoulgate.com\/?s={search_term_string}\"},\"query-input\":\"required name=search_term_string\"}],\"inLanguage\":\"fr-FR\"},{\"@type\":\"WebPage\",\"@id\":\"https:\/\/artsetsavoirshoulgate.com\/index.php\/sorties-culturelles\/album-2021\/#webpage\",\"url\":\"https:\/\/artsetsavoirshoulgate.com\/index.php\/sorties-culturelles\/album-2021\/\",\"name\":\"Album 2021 - Arts &amp; Savoirs\",\"isPartOf\":{\"@id\":\"http:\/\/artsetsavoirshoulgate.com\/#website\"},\"datePublished\":\"2021-05-16T18:17:57+00:00\",\"dateModified\":\"2026-04-01T09:19:15+00:00\",\"breadcrumb\":{\"@id\":\"https:\/\/artsetsavoirshoulgate.com\/index.php\/sorties-culturelles\/album-2021\/#breadcrumb\"},\"inLanguage\":\"fr-FR\",\"potentialAction\":[{\"@type\":\"ReadAction\",\"target\":[\"https:\/\/artsetsavoirshoulgate.com\/index.php\/sorties-culturelles\/album-2021\/\"]}]},{\"@type\":\"BreadcrumbList\",\"@id\":\"https:\/\/artsetsavoirshoulgate.com\/index.php\/sorties-culturelles\/album-2021\/#breadcrumb\",\"itemListElement\":[{\"@type\":\"ListItem\",\"position\":1,\"name\":\"Accueil\",\"item\":\"http:\/\/artsetsavoirshoulgate.com\/\"},{\"@type\":\"ListItem\",\"position\":2,\"name\":\"Albums\",\"item\":\"https:\/\/artsetsavoirshoulgate.com\/index.php\/sorties-culturelles\/\"},{\"@type\":\"ListItem\",\"position\":3,\"name\":\"Album 2021\"}]}]}<\/script>\n<!-- \/ Yoast SEO plugin. -->","yoast_head_json":{"title":"Album 2021 - Arts &amp; Savoirs","robots":{"index":"index","follow":"follow","max-snippet":"max-snippet:-1","max-image-preview":"max-image-preview:large","max-video-preview":"max-video-preview:-1"},"canonical":"https:\/\/artsetsavoirshoulgate.com\/index.php\/sorties-culturelles\/album-2021\/","og_locale":"fr_FR","og_type":"article","og_title":"Album 2021 - Arts &amp; Savoirs","og_description":"Soir\u00e9e Jazz le 12 novembre&nbsp; week-end randonn\u00e9es Blainville les 4 et 5 octobre D\u00e9couverte des \u00eeles Chausey le 17 septembre 2 jours \u00e0 Chartres et ses environs le 2 et 3 juillet week-end randonn\u00e9e \u00e0 Madr\u00e9 les 24 et 25 juin Visite ferme cidricole le 5 mai","og_url":"https:\/\/artsetsavoirshoulgate.com\/index.php\/sorties-culturelles\/album-2021\/","og_site_name":"Arts &amp; Savoirs","article_modified_time":"2026-04-01T09:19:15+00:00","twitter_card":"summary_large_image","twitter_misc":{"Dur\u00e9e de lecture estim\u00e9e":"1 minute"},"schema":{"@context":"https:\/\/schema.org","@graph":[{"@type":"WebSite","@id":"http:\/\/artsetsavoirshoulgate.com\/#website","url":"http:\/\/artsetsavoirshoulgate.com\/","name":"Arts & Savoirs Houlgate","description":"Pour promouvoir les Arts et Savoirs de toute culture et les activit\u00e9s qui y participent dans un esprit de partage et de f\u00eate","potentialAction":[{"@type":"SearchAction","target":{"@type":"EntryPoint","urlTemplate":"http:\/\/artsetsavoirshoulgate.com\/?s={search_term_string}"},"query-input":"required name=search_term_string"}],"inLanguage":"fr-FR"},{"@type":"WebPage","@id":"https:\/\/artsetsavoirshoulgate.com\/index.php\/sorties-culturelles\/album-2021\/#webpage","url":"https:\/\/artsetsavoirshoulgate.com\/index.php\/sorties-culturelles\/album-2021\/","name":"Album 2021 - Arts &amp; Savoirs","isPartOf":{"@id":"http:\/\/artsetsavoirshoulgate.com\/#website"},"datePublished":"2021-05-16T18:17:57+00:00","dateModified":"2026-04-01T09:19:15+00:00","breadcrumb":{"@id":"https:\/\/artsetsavoirshoulgate.com\/index.php\/sorties-culturelles\/album-2021\/#breadcrumb"},"inLanguage":"fr-FR","potentialAction":[{"@type":"ReadAction","target":["https:\/\/artsetsavoirshoulgate.com\/index.php\/sorties-culturelles\/album-2021\/"]}]},{"@type":"BreadcrumbList","@id":"https:\/\/artsetsavoirshoulgate.com\/index.php\/sorties-culturelles\/album-2021\/#breadcrumb","itemListElement":[{"@type":"ListItem","position":1,"name":"Accueil","item":"http:\/\/artsetsavoirshoulgate.com\/"},{"@type":"ListItem","position":2,"name":"Albums","item":"https:\/\/artsetsavoirshoulgate.com\/index.php\/sorties-culturelles\/"},{"@type":"ListItem","position":3,"name":"Album 2021"}]}]}},"_links":{"self":[{"href":"https:\/\/artsetsavoirshoulgate.com\/index.php\/wp-json\/wp\/v2\/pages\/3360"}],"collection":[{"href":"https:\/\/artsetsavoirshoulgate.com\/index.php\/wp-json\/wp\/v2\/pages"}],"about":[{"href":"https:\/\/artsetsavoirshoulgate.com\/index.php\/wp-json\/wp\/v2\/types\/page"}],"author":[{"embeddable":true,"href":"https:\/\/artsetsavoirshoulgate.com\/index.php\/wp-json\/wp\/v2\/users\/1"}],"replies":[{"embeddable":true,"href":"https:\/\/artsetsavoirshoulgate.com\/index.php\/wp-json\/wp\/v2\/comments?post=3360"}],"version-history":[{"count":18,"href":"https:\/\/artsetsavoirshoulgate.com\/index.php\/wp-json\/wp\/v2\/pages\/3360\/revisions"}],"predecessor-version":[{"id":6473,"href":"https:\/\/artsetsavoirshoulgate.com\/index.php\/wp-json\/wp\/v2\/pages\/3360\/revisions\/6473"}],"up":[{"embeddable":true,"href":"https:\/\/artsetsavoirshoulgate.com\/index.php\/wp-json\/wp\/v2\/pages\/165"}],"wp:attachment":[{"href":"https:\/\/artsetsavoirshoulgate.com\/index.php\/wp-json\/wp\/v2\/media?parent=3360"}],"curies":[{"name":"wp","href":"https:\/\/api.w.org\/{rel}","templated":true}]}}