{"id":337,"date":"2018-03-12T17:04:44","date_gmt":"2018-03-12T16:04:44","guid":{"rendered":"http:\/\/righini-avocat.fr\/artsetsavoirs\/?page_id=337"},"modified":"2018-11-07T17:12:54","modified_gmt":"2018-11-07T16:12:54","slug":"charte-de-confidentialite","status":"publish","type":"page","link":"https:\/\/artsetsavoirshoulgate.com\/index.php\/charte-de-confidentialite\/","title":{"rendered":"Charte de confidentialit\u00e9"},"content":{"rendered":"<h1 class=\"n\">Charte de confidentialit\u00e9<\/h1>\n<p>&nbsp;<\/p>\n<h2 class=\"n\">Compl\u00e9ment Google Analytics<\/h2>\n<p class=\"n\">Ce site utilise les services d&rsquo;analyse web Google Analytics de la soci\u00e9t\u00e9 Google In. (\u00ab\u00a0Google\u00a0\u00bb). Google Analytics utilise des \u00ab\u00a0Cookies\u00a0\u00bb, des donn\u00e9es texte, qui sont enregistr\u00e9es sur votre ordinateur (par votre navigateur Internet) et qui permettent d&rsquo;analyser votre utilisation du site lors de votre visite. Les donn\u00e9es r\u00e9colt\u00e9es via les Cookies concernant votre utilisation du site sont transf\u00e9r\u00e9es sur un serveur de Google aux USA et enregistr\u00e9es sur place. Dans le cas d&rsquo;une activation de l&rsquo;anonymisation de l&rsquo;IP sur ce site, votre adresse IP sera toutefois compress\u00e9e au pr\u00e9alable par Google, dans les Etats membres de l&rsquo;Union Europ\u00e9enne ou dans les autres Etats membres du trait\u00e9 de l&rsquo;espace \u00e9conomique europ\u00e9en. Seulement dans des cas exceptionnels, l&rsquo;adresse IP compl\u00e8te sera transmise \u00e0 un serveur de Google aux Etats-Unis et alors compress\u00e9e. Google utilisera ces informations pour le compte du propri\u00e9taire de ce site, afin d&rsquo;analyser votre utilisation du site, d&rsquo;\u00e9tablir des rapports sur l&rsquo;activit\u00e9 des visiteurs et fournir aussi des donn\u00e9es aux services tiers li\u00e9s \u00e0 l&rsquo;utilisation du site et d&rsquo;Internet. Google ne reliera pas l&rsquo;adresse IP transmise par votre navigateur dans le cadre de Google Analytics \u00e0 d&rsquo;autres donn\u00e9es Google. Vous pouvez d\u00e9sactiver l&rsquo;installation et l&rsquo;utilisation des Cookies par un simple param\u00e9trage de votre logiciel de navigation Internet; nous vous informons cependant qu&rsquo;il est alors possible que vous ne puissiez acc\u00e9der \u00e0 toutes les fonctions du site de fa\u00e7on optimale. Mais vous pouvez emp\u00eacher l&rsquo;enregistrement des donn\u00e9es personnelles (incluant votre adresse IP) engendr\u00e9 par les Cookie et l&rsquo;utilisation du site, ainsi que l&rsquo;exploitation de ces donn\u00e9es par Google, en t\u00e9l\u00e9chargeant et installant gr\u00e2ce au lien suivant le Plugin navigateur disponible : <u><span style=\"color: #0066cc;\"><a href=\"http:\/\/tools.google.com\/dlpage\/gaoptout\" target=\"_blank\" rel=\"noopener\">http:\/\/tools.google.com\/dlpage\/gaoptout<\/a><\/span><\/u><\/p>\n<p><span class=\"jtpl-ga-opt-out-text \">Vous pouvez emp\u00eacher l&rsquo;enregistrement des donn\u00e9es par Google Analytics en cliquant sur ce <a class=\"ga-opt-out-link\">lien<\/a>. Un \u00ab\u00a0cookie d&rsquo;opt-out\u00a0\u00bb sera alors plac\u00e9 sur votre site web et vous permettra de ne pas \u00eatre track\u00e9 durant votre navigation sur ce site.<\/span><\/p>\n<p>Vous trouverez plus d&rsquo;informations concernant les R\u00e8gles de confidentialit\u00e9 et conditions d&rsquo;utilisation de <a href=\"https:\/\/www.google.com\/analytics\/terms\/fr.html\" target=\"_blank\" rel=\"noopener\">Google Analytics ici<\/a> ou dans la rubrique <a href=\"https:\/\/www.google.com\/analytics\/learn\/privacy.html\" target=\"_blank\" rel=\"noopener\">A propos de Google Analytics<\/a>. Veuillez noter que sur ce site, le code Google Analytics \u00ab\u00a0gat._anonymizeIp();\u00a0\u00bb a \u00e9t\u00e9 ajout\u00e9 afin d&rsquo;assurer la collecte des adresses IP de fa\u00e7on anonyme (IP masking).<\/p>\n<p>&nbsp;<\/p>\n<h2 class=\"n\">reCAPTCHA<\/h2>\n<p class=\"n\">Nous utilisons le service reCAPTCHA de Google Inc. (Google) pour prot\u00e9ger les entr\u00e9es des formulaires sur votre site. Ce service est utilis\u00e9 pour diff\u00e9rencier les entr\u00e9es faites par un \u00eatre humain des abus automatis\u00e9s. Cela implique l&rsquo;envoi de l&rsquo;adresse IP et \u00e9ventuellement d&rsquo;autres donn\u00e9es requises par Google pour le service reCAPTCHA. \u00c0 cette fin, vos donn\u00e9es seront communiqu\u00e9es \u00e0 Google et utilis\u00e9es par leurs services. Toutefois, votre adresse IP sera pr\u00e9alablement raccourcie par Google dans les \u00c9tats membres de l&rsquo;Union europ\u00e9enne &#8211; ou dans d&rsquo;autres \u00c9tats qui font partie de l&rsquo;accord sur l&rsquo;Espace \u00e9conomique europ\u00e9en &#8211; et sera ainsi anonyme. Dans certains cas exceptionnels, votre adresse IP compl\u00e8te sera transmise \u00e0 un serveur de Google aux \u00c9tats-Unis et raccourcie ensuite. Au nom de l&rsquo;exploitant de ce site web, Google utilisera ces informations pour \u00e9valuer votre utilisation de ce service. L&rsquo;adresse IP fournie par reCAPTCHA par votre navigateur ne sera pas fusionn\u00e9e avec d&rsquo;autres donn\u00e9es de Google. Cette collection des donn\u00e9es est sujette \u00e0 la Charte de confidentialit\u00e9 de Google. Pour plus d&rsquo;informations concernant la politique de confidentialit\u00e9 de Google, rendez-vous sur la page : <u><span style=\"color: #0066cc;\"><a href=\"https:\/\/www.google.com\/intl\/de\/policies\/privacy\/\" target=\"_blank\" rel=\"noopener\">https:\/\/www.google.com\/intl\/fr\/policies\/privacy\/<\/a><br \/>\n<\/span><\/u> En utilisant le service reCAPTCHA, vous consentez au traitement des donn\u00e9es vous concernant par Google, de la mani\u00e8re et aux fins \u00e9nonc\u00e9es ci-dessus.<\/p>\n","protected":false},"excerpt":{"rendered":"<p>Charte de confidentialit\u00e9 &nbsp; Compl\u00e9ment Google Analytics Ce site utilise les services d&rsquo;analyse web Google Analytics de la soci\u00e9t\u00e9 Google In. (\u00ab\u00a0Google\u00a0\u00bb). Google Analytics utilise des \u00ab\u00a0Cookies\u00a0\u00bb, des donn\u00e9es texte, qui sont enregistr\u00e9es sur votre ordinateur (par votre navigateur Internet) et qui permettent d&rsquo;analyser votre utilisation du site lors de votre visite. Les donn\u00e9es r\u00e9colt\u00e9es &hellip; <\/p>\n<p class=\"link-more\"><a href=\"https:\/\/artsetsavoirshoulgate.com\/index.php\/charte-de-confidentialite\/\" class=\"more-link\">Continuer la lecture<span class=\"screen-reader-text\"> de &laquo;&nbsp;Charte de confidentialit\u00e9&nbsp;&raquo;<\/span><\/a><\/p>\n","protected":false},"author":1,"featured_media":0,"parent":0,"menu_order":0,"comment_status":"closed","ping_status":"closed","template":"","meta":[],"yoast_head":"<!-- This site is optimized with the Yoast SEO plugin v18.2 - https:\/\/yoast.com\/wordpress\/plugins\/seo\/ -->\n<title>Charte de confidentialit\u00e9 - Arts &amp; Savoirs<\/title>\n<meta name=\"robots\" content=\"index, follow, max-snippet:-1, max-image-preview:large, max-video-preview:-1\" \/>\n<link rel=\"canonical\" href=\"https:\/\/artsetsavoirshoulgate.com\/index.php\/charte-de-confidentialite\/\" \/>\n<meta property=\"og:locale\" content=\"fr_FR\" \/>\n<meta property=\"og:type\" content=\"article\" \/>\n<meta property=\"og:title\" content=\"Charte de confidentialit\u00e9 - Arts &amp; Savoirs\" \/>\n<meta property=\"og:description\" content=\"Charte de confidentialit\u00e9 &nbsp; Compl\u00e9ment Google Analytics Ce site utilise les services d&rsquo;analyse web Google Analytics de la soci\u00e9t\u00e9 Google In. (\u00ab\u00a0Google\u00a0\u00bb). Google Analytics utilise des \u00ab\u00a0Cookies\u00a0\u00bb, des donn\u00e9es texte, qui sont enregistr\u00e9es sur votre ordinateur (par votre navigateur Internet) et qui permettent d&rsquo;analyser votre utilisation du site lors de votre visite. Les donn\u00e9es r\u00e9colt\u00e9es &hellip; Continuer la lecture de &laquo;&nbsp;Charte de confidentialit\u00e9&nbsp;&raquo;\" \/>\n<meta property=\"og:url\" content=\"https:\/\/artsetsavoirshoulgate.com\/index.php\/charte-de-confidentialite\/\" \/>\n<meta property=\"og:site_name\" content=\"Arts &amp; Savoirs\" \/>\n<meta property=\"article:modified_time\" content=\"2018-11-07T16:12:54+00:00\" \/>\n<meta name=\"twitter:card\" content=\"summary_large_image\" \/>\n<meta name=\"twitter:label1\" content=\"Dur\u00e9e de lecture estim\u00e9e\" \/>\n\t<meta name=\"twitter:data1\" content=\"3 minutes\" \/>\n<script type=\"application\/ld+json\" class=\"yoast-schema-graph\">{\"@context\":\"https:\/\/schema.org\",\"@graph\":[{\"@type\":\"WebSite\",\"@id\":\"http:\/\/artsetsavoirshoulgate.com\/#website\",\"url\":\"http:\/\/artsetsavoirshoulgate.com\/\",\"name\":\"Arts & Savoirs Houlgate\",\"description\":\"Pour promouvoir les Arts et Savoirs de toute culture et les activit\u00e9s qui y participent dans un esprit de partage et de f\u00eate\",\"potentialAction\":[{\"@type\":\"SearchAction\",\"target\":{\"@type\":\"EntryPoint\",\"urlTemplate\":\"http:\/\/artsetsavoirshoulgate.com\/?s={search_term_string}\"},\"query-input\":\"required name=search_term_string\"}],\"inLanguage\":\"fr-FR\"},{\"@type\":\"WebPage\",\"@id\":\"https:\/\/artsetsavoirshoulgate.com\/index.php\/charte-de-confidentialite\/#webpage\",\"url\":\"https:\/\/artsetsavoirshoulgate.com\/index.php\/charte-de-confidentialite\/\",\"name\":\"Charte de confidentialit\u00e9 - Arts &amp; Savoirs\",\"isPartOf\":{\"@id\":\"http:\/\/artsetsavoirshoulgate.com\/#website\"},\"datePublished\":\"2018-03-12T16:04:44+00:00\",\"dateModified\":\"2018-11-07T16:12:54+00:00\",\"breadcrumb\":{\"@id\":\"https:\/\/artsetsavoirshoulgate.com\/index.php\/charte-de-confidentialite\/#breadcrumb\"},\"inLanguage\":\"fr-FR\",\"potentialAction\":[{\"@type\":\"ReadAction\",\"target\":[\"https:\/\/artsetsavoirshoulgate.com\/index.php\/charte-de-confidentialite\/\"]}]},{\"@type\":\"BreadcrumbList\",\"@id\":\"https:\/\/artsetsavoirshoulgate.com\/index.php\/charte-de-confidentialite\/#breadcrumb\",\"itemListElement\":[{\"@type\":\"ListItem\",\"position\":1,\"name\":\"Accueil\",\"item\":\"http:\/\/artsetsavoirshoulgate.com\/\"},{\"@type\":\"ListItem\",\"position\":2,\"name\":\"Charte de confidentialit\u00e9\"}]}]}<\/script>\n<!-- \/ Yoast SEO plugin. -->","yoast_head_json":{"title":"Charte de confidentialit\u00e9 - Arts &amp; Savoirs","robots":{"index":"index","follow":"follow","max-snippet":"max-snippet:-1","max-image-preview":"max-image-preview:large","max-video-preview":"max-video-preview:-1"},"canonical":"https:\/\/artsetsavoirshoulgate.com\/index.php\/charte-de-confidentialite\/","og_locale":"fr_FR","og_type":"article","og_title":"Charte de confidentialit\u00e9 - Arts &amp; Savoirs","og_description":"Charte de confidentialit\u00e9 &nbsp; Compl\u00e9ment Google Analytics Ce site utilise les services d&rsquo;analyse web Google Analytics de la soci\u00e9t\u00e9 Google In. (\u00ab\u00a0Google\u00a0\u00bb). Google Analytics utilise des \u00ab\u00a0Cookies\u00a0\u00bb, des donn\u00e9es texte, qui sont enregistr\u00e9es sur votre ordinateur (par votre navigateur Internet) et qui permettent d&rsquo;analyser votre utilisation du site lors de votre visite. Les donn\u00e9es r\u00e9colt\u00e9es &hellip; Continuer la lecture de &laquo;&nbsp;Charte de confidentialit\u00e9&nbsp;&raquo;","og_url":"https:\/\/artsetsavoirshoulgate.com\/index.php\/charte-de-confidentialite\/","og_site_name":"Arts &amp; Savoirs","article_modified_time":"2018-11-07T16:12:54+00:00","twitter_card":"summary_large_image","twitter_misc":{"Dur\u00e9e de lecture estim\u00e9e":"3 minutes"},"schema":{"@context":"https:\/\/schema.org","@graph":[{"@type":"WebSite","@id":"http:\/\/artsetsavoirshoulgate.com\/#website","url":"http:\/\/artsetsavoirshoulgate.com\/","name":"Arts & Savoirs Houlgate","description":"Pour promouvoir les Arts et Savoirs de toute culture et les activit\u00e9s qui y participent dans un esprit de partage et de f\u00eate","potentialAction":[{"@type":"SearchAction","target":{"@type":"EntryPoint","urlTemplate":"http:\/\/artsetsavoirshoulgate.com\/?s={search_term_string}"},"query-input":"required name=search_term_string"}],"inLanguage":"fr-FR"},{"@type":"WebPage","@id":"https:\/\/artsetsavoirshoulgate.com\/index.php\/charte-de-confidentialite\/#webpage","url":"https:\/\/artsetsavoirshoulgate.com\/index.php\/charte-de-confidentialite\/","name":"Charte de confidentialit\u00e9 - Arts &amp; Savoirs","isPartOf":{"@id":"http:\/\/artsetsavoirshoulgate.com\/#website"},"datePublished":"2018-03-12T16:04:44+00:00","dateModified":"2018-11-07T16:12:54+00:00","breadcrumb":{"@id":"https:\/\/artsetsavoirshoulgate.com\/index.php\/charte-de-confidentialite\/#breadcrumb"},"inLanguage":"fr-FR","potentialAction":[{"@type":"ReadAction","target":["https:\/\/artsetsavoirshoulgate.com\/index.php\/charte-de-confidentialite\/"]}]},{"@type":"BreadcrumbList","@id":"https:\/\/artsetsavoirshoulgate.com\/index.php\/charte-de-confidentialite\/#breadcrumb","itemListElement":[{"@type":"ListItem","position":1,"name":"Accueil","item":"http:\/\/artsetsavoirshoulgate.com\/"},{"@type":"ListItem","position":2,"name":"Charte de confidentialit\u00e9"}]}]}},"_links":{"self":[{"href":"https:\/\/artsetsavoirshoulgate.com\/index.php\/wp-json\/wp\/v2\/pages\/337"}],"collection":[{"href":"https:\/\/artsetsavoirshoulgate.com\/index.php\/wp-json\/wp\/v2\/pages"}],"about":[{"href":"https:\/\/artsetsavoirshoulgate.com\/index.php\/wp-json\/wp\/v2\/types\/page"}],"author":[{"embeddable":true,"href":"https:\/\/artsetsavoirshoulgate.com\/index.php\/wp-json\/wp\/v2\/users\/1"}],"replies":[{"embeddable":true,"href":"https:\/\/artsetsavoirshoulgate.com\/index.php\/wp-json\/wp\/v2\/comments?post=337"}],"version-history":[{"count":1,"href":"https:\/\/artsetsavoirshoulgate.com\/index.php\/wp-json\/wp\/v2\/pages\/337\/revisions"}],"predecessor-version":[{"id":1475,"href":"https:\/\/artsetsavoirshoulgate.com\/index.php\/wp-json\/wp\/v2\/pages\/337\/revisions\/1475"}],"wp:attachment":[{"href":"https:\/\/artsetsavoirshoulgate.com\/index.php\/wp-json\/wp\/v2\/media?parent=337"}],"curies":[{"name":"wp","href":"https:\/\/api.w.org\/{rel}","templated":true}]}}