{"id":356,"date":"2018-03-16T13:23:33","date_gmt":"2018-03-16T12:23:33","guid":{"rendered":"http:\/\/righini-avocat.fr\/artsetsavoirs\/?page_id=356"},"modified":"2025-12-22T17:24:47","modified_gmt":"2025-12-22T16:24:47","slug":"peinture-a-lhuile","status":"publish","type":"page","link":"https:\/\/artsetsavoirshoulgate.com\/index.php\/test\/peinture-a-lhuile\/","title":{"rendered":"Atelier Peinture \u00e0 l&rsquo;huile"},"content":{"rendered":"<figure id=\"attachment_4361\" aria-describedby=\"caption-attachment-4361\" style=\"width: 300px\" class=\"wp-caption alignright\"><img loading=\"lazy\" class=\"size-medium wp-image-4361\" src=\"http:\/\/artsetsavoirshoulgate.com\/wp-content\/uploads\/2023\/07\/4-huile-1-300x225.jpg\" alt=\"\" width=\"300\" height=\"225\" srcset=\"https:\/\/artsetsavoirshoulgate.com\/wp-content\/uploads\/2023\/07\/4-huile-1-300x225.jpg 300w, https:\/\/artsetsavoirshoulgate.com\/wp-content\/uploads\/2023\/07\/4-huile-1-1024x768.jpg 1024w, https:\/\/artsetsavoirshoulgate.com\/wp-content\/uploads\/2023\/07\/4-huile-1-768x576.jpg 768w, https:\/\/artsetsavoirshoulgate.com\/wp-content\/uploads\/2023\/07\/4-huile-1-1536x1152.jpg 1536w, https:\/\/artsetsavoirshoulgate.com\/wp-content\/uploads\/2023\/07\/4-huile-1-2048x1536.jpg 2048w, https:\/\/artsetsavoirshoulgate.com\/wp-content\/uploads\/2023\/07\/4-huile-1-1320x990.jpg 1320w\" sizes=\"(max-width: 300px) 100vw, 300px\" \/><figcaption id=\"caption-attachment-4361\" class=\"wp-caption-text\">Peinture \u00e0 l&rsquo;huile<\/figcaption><\/figure>\n<figure id=\"attachment_4360\" aria-describedby=\"caption-attachment-4360\" style=\"width: 300px\" class=\"wp-caption alignnone\"><img loading=\"lazy\" class=\"size-medium wp-image-4360\" src=\"http:\/\/artsetsavoirshoulgate.com\/wp-content\/uploads\/2023\/07\/3huile-1-300x225.jpg\" alt=\"\" width=\"300\" height=\"225\" srcset=\"https:\/\/artsetsavoirshoulgate.com\/wp-content\/uploads\/2023\/07\/3huile-1-300x225.jpg 300w, https:\/\/artsetsavoirshoulgate.com\/wp-content\/uploads\/2023\/07\/3huile-1-1024x768.jpg 1024w, https:\/\/artsetsavoirshoulgate.com\/wp-content\/uploads\/2023\/07\/3huile-1-768x576.jpg 768w, https:\/\/artsetsavoirshoulgate.com\/wp-content\/uploads\/2023\/07\/3huile-1-1536x1152.jpg 1536w, https:\/\/artsetsavoirshoulgate.com\/wp-content\/uploads\/2023\/07\/3huile-1-2048x1536.jpg 2048w, https:\/\/artsetsavoirshoulgate.com\/wp-content\/uploads\/2023\/07\/3huile-1-1320x990.jpg 1320w\" sizes=\"(max-width: 300px) 100vw, 300px\" \/><figcaption id=\"caption-attachment-4360\" class=\"wp-caption-text\">Peinture \u00e0 l&rsquo;huile\u00a0<\/figcaption><\/figure>\n<p><strong>Contact<\/strong> : <strong>Catherine TANAKA<\/strong> 07 62 04 74 38<br \/>\n<strong>Lieu<\/strong> :\u00a0 Houlgate Salle Berthe Morisot<\/p>\n<p><strong>Peinture \u00e0 l&rsquo;huile libre : <\/strong>\u00a0mercredi de 17h15 \u00e0 20 h et Jeudi 14h \u00e0 17h (tous les 15 jours)<\/p>\n<p><strong>Participation<\/strong> : annuelle de 10\u20ac <i>en compl\u00e9ment de l\u2019<a href=\"http:\/\/artsetsavoirshoulgate.com\/index.php\/a-propos-de\/\">adh\u00e9sion \u00e0 l\u2019Association <\/a><\/i>(Cette participation de 10\u20ac par an est \u00e0 \u00a0r\u00e9gler <u>une seule fois<\/u> pour\u00a0 l\u2019ensemble des activit\u00e9s tricot,couture,peintures, jeux de soci\u00e9t\u00e9s, \u00e9checs, bridge et tarot).<\/p>\n<p>Plus d\u2019intervenant ponctuel. Ateliers libres (en atelier, en ext\u00e9rieur\u2026).<\/p>\n","protected":false},"excerpt":{"rendered":"<p>Contact : Catherine TANAKA 07 62 04 74 38 Lieu :\u00a0 Houlgate Salle Berthe Morisot Peinture \u00e0 l&rsquo;huile libre : \u00a0mercredi de 17h15 \u00e0 20 h et Jeudi 14h \u00e0 17h (tous les 15 jours) Participation : annuelle de 10\u20ac en compl\u00e9ment de l\u2019adh\u00e9sion \u00e0 l\u2019Association (Cette participation de 10\u20ac par an est \u00e0 \u00a0r\u00e9gler &hellip; <\/p>\n<p class=\"link-more\"><a href=\"https:\/\/artsetsavoirshoulgate.com\/index.php\/test\/peinture-a-lhuile\/\" class=\"more-link\">Continuer la lecture<span class=\"screen-reader-text\"> de &laquo;&nbsp;Atelier Peinture \u00e0 l&rsquo;huile&nbsp;&raquo;<\/span><\/a><\/p>\n","protected":false},"author":1,"featured_media":0,"parent":236,"menu_order":0,"comment_status":"closed","ping_status":"closed","template":"","meta":[],"yoast_head":"<!-- This site is optimized with the Yoast SEO plugin v18.2 - https:\/\/yoast.com\/wordpress\/plugins\/seo\/ -->\n<title>Atelier Peinture \u00e0 l&#039;huile - Arts &amp; Savoirs<\/title>\n<meta name=\"robots\" content=\"index, follow, max-snippet:-1, max-image-preview:large, max-video-preview:-1\" \/>\n<link rel=\"canonical\" href=\"https:\/\/artsetsavoirshoulgate.com\/index.php\/test\/peinture-a-lhuile\/\" \/>\n<meta property=\"og:locale\" content=\"fr_FR\" \/>\n<meta property=\"og:type\" content=\"article\" \/>\n<meta property=\"og:title\" content=\"Atelier Peinture \u00e0 l&#039;huile - Arts &amp; Savoirs\" \/>\n<meta property=\"og:description\" content=\"Contact : Catherine TANAKA 07 62 04 74 38 Lieu :\u00a0 Houlgate Salle Berthe Morisot Peinture \u00e0 l&rsquo;huile libre : \u00a0mercredi de 17h15 \u00e0 20 h et Jeudi 14h \u00e0 17h (tous les 15 jours) Participation : annuelle de 10\u20ac en compl\u00e9ment de l\u2019adh\u00e9sion \u00e0 l\u2019Association (Cette participation de 10\u20ac par an est \u00e0 \u00a0r\u00e9gler &hellip; Continuer la lecture de &laquo;&nbsp;Atelier Peinture \u00e0 l&rsquo;huile&nbsp;&raquo;\" \/>\n<meta property=\"og:url\" content=\"https:\/\/artsetsavoirshoulgate.com\/index.php\/test\/peinture-a-lhuile\/\" \/>\n<meta property=\"og:site_name\" content=\"Arts &amp; Savoirs\" \/>\n<meta property=\"article:modified_time\" content=\"2025-12-22T16:24:47+00:00\" \/>\n<meta property=\"og:image\" content=\"http:\/\/artsetsavoirshoulgate.com\/wp-content\/uploads\/2023\/07\/4-huile-1-300x225.jpg\" \/>\n<meta name=\"twitter:card\" content=\"summary_large_image\" \/>\n<meta name=\"twitter:label1\" content=\"Dur\u00e9e de lecture estim\u00e9e\" \/>\n\t<meta name=\"twitter:data1\" content=\"1 minute\" \/>\n<script type=\"application\/ld+json\" class=\"yoast-schema-graph\">{\"@context\":\"https:\/\/schema.org\",\"@graph\":[{\"@type\":\"WebSite\",\"@id\":\"http:\/\/artsetsavoirshoulgate.com\/#website\",\"url\":\"http:\/\/artsetsavoirshoulgate.com\/\",\"name\":\"Arts & Savoirs Houlgate\",\"description\":\"Pour promouvoir les Arts et Savoirs de toute culture et les activit\u00e9s qui y participent dans un esprit de partage et de f\u00eate\",\"potentialAction\":[{\"@type\":\"SearchAction\",\"target\":{\"@type\":\"EntryPoint\",\"urlTemplate\":\"http:\/\/artsetsavoirshoulgate.com\/?s={search_term_string}\"},\"query-input\":\"required name=search_term_string\"}],\"inLanguage\":\"fr-FR\"},{\"@type\":\"ImageObject\",\"@id\":\"https:\/\/artsetsavoirshoulgate.com\/index.php\/test\/peinture-a-lhuile\/#primaryimage\",\"inLanguage\":\"fr-FR\",\"url\":\"http:\/\/artsetsavoirshoulgate.com\/wp-content\/uploads\/2023\/07\/4-huile-1-300x225.jpg\",\"contentUrl\":\"http:\/\/artsetsavoirshoulgate.com\/wp-content\/uploads\/2023\/07\/4-huile-1-300x225.jpg\"},{\"@type\":\"WebPage\",\"@id\":\"https:\/\/artsetsavoirshoulgate.com\/index.php\/test\/peinture-a-lhuile\/#webpage\",\"url\":\"https:\/\/artsetsavoirshoulgate.com\/index.php\/test\/peinture-a-lhuile\/\",\"name\":\"Atelier Peinture \u00e0 l'huile - Arts &amp; Savoirs\",\"isPartOf\":{\"@id\":\"http:\/\/artsetsavoirshoulgate.com\/#website\"},\"primaryImageOfPage\":{\"@id\":\"https:\/\/artsetsavoirshoulgate.com\/index.php\/test\/peinture-a-lhuile\/#primaryimage\"},\"datePublished\":\"2018-03-16T12:23:33+00:00\",\"dateModified\":\"2025-12-22T16:24:47+00:00\",\"breadcrumb\":{\"@id\":\"https:\/\/artsetsavoirshoulgate.com\/index.php\/test\/peinture-a-lhuile\/#breadcrumb\"},\"inLanguage\":\"fr-FR\",\"potentialAction\":[{\"@type\":\"ReadAction\",\"target\":[\"https:\/\/artsetsavoirshoulgate.com\/index.php\/test\/peinture-a-lhuile\/\"]}]},{\"@type\":\"BreadcrumbList\",\"@id\":\"https:\/\/artsetsavoirshoulgate.com\/index.php\/test\/peinture-a-lhuile\/#breadcrumb\",\"itemListElement\":[{\"@type\":\"ListItem\",\"position\":1,\"name\":\"Accueil\",\"item\":\"http:\/\/artsetsavoirshoulgate.com\/\"},{\"@type\":\"ListItem\",\"position\":2,\"name\":\"Culture\",\"item\":\"https:\/\/artsetsavoirshoulgate.com\/index.php\/test\/\"},{\"@type\":\"ListItem\",\"position\":3,\"name\":\"Atelier Peinture \u00e0 l&rsquo;huile\"}]}]}<\/script>\n<!-- \/ Yoast SEO plugin. -->","yoast_head_json":{"title":"Atelier Peinture \u00e0 l'huile - Arts &amp; Savoirs","robots":{"index":"index","follow":"follow","max-snippet":"max-snippet:-1","max-image-preview":"max-image-preview:large","max-video-preview":"max-video-preview:-1"},"canonical":"https:\/\/artsetsavoirshoulgate.com\/index.php\/test\/peinture-a-lhuile\/","og_locale":"fr_FR","og_type":"article","og_title":"Atelier Peinture \u00e0 l'huile - Arts &amp; Savoirs","og_description":"Contact : Catherine TANAKA 07 62 04 74 38 Lieu :\u00a0 Houlgate Salle Berthe Morisot Peinture \u00e0 l&rsquo;huile libre : \u00a0mercredi de 17h15 \u00e0 20 h et Jeudi 14h \u00e0 17h (tous les 15 jours) Participation : annuelle de 10\u20ac en compl\u00e9ment de l\u2019adh\u00e9sion \u00e0 l\u2019Association (Cette participation de 10\u20ac par an est \u00e0 \u00a0r\u00e9gler &hellip; Continuer la lecture de &laquo;&nbsp;Atelier Peinture \u00e0 l&rsquo;huile&nbsp;&raquo;","og_url":"https:\/\/artsetsavoirshoulgate.com\/index.php\/test\/peinture-a-lhuile\/","og_site_name":"Arts &amp; Savoirs","article_modified_time":"2025-12-22T16:24:47+00:00","og_image":[{"url":"http:\/\/artsetsavoirshoulgate.com\/wp-content\/uploads\/2023\/07\/4-huile-1-300x225.jpg"}],"twitter_card":"summary_large_image","twitter_misc":{"Dur\u00e9e de lecture estim\u00e9e":"1 minute"},"schema":{"@context":"https:\/\/schema.org","@graph":[{"@type":"WebSite","@id":"http:\/\/artsetsavoirshoulgate.com\/#website","url":"http:\/\/artsetsavoirshoulgate.com\/","name":"Arts & Savoirs Houlgate","description":"Pour promouvoir les Arts et Savoirs de toute culture et les activit\u00e9s qui y participent dans un esprit de partage et de f\u00eate","potentialAction":[{"@type":"SearchAction","target":{"@type":"EntryPoint","urlTemplate":"http:\/\/artsetsavoirshoulgate.com\/?s={search_term_string}"},"query-input":"required name=search_term_string"}],"inLanguage":"fr-FR"},{"@type":"ImageObject","@id":"https:\/\/artsetsavoirshoulgate.com\/index.php\/test\/peinture-a-lhuile\/#primaryimage","inLanguage":"fr-FR","url":"http:\/\/artsetsavoirshoulgate.com\/wp-content\/uploads\/2023\/07\/4-huile-1-300x225.jpg","contentUrl":"http:\/\/artsetsavoirshoulgate.com\/wp-content\/uploads\/2023\/07\/4-huile-1-300x225.jpg"},{"@type":"WebPage","@id":"https:\/\/artsetsavoirshoulgate.com\/index.php\/test\/peinture-a-lhuile\/#webpage","url":"https:\/\/artsetsavoirshoulgate.com\/index.php\/test\/peinture-a-lhuile\/","name":"Atelier Peinture \u00e0 l'huile - Arts &amp; Savoirs","isPartOf":{"@id":"http:\/\/artsetsavoirshoulgate.com\/#website"},"primaryImageOfPage":{"@id":"https:\/\/artsetsavoirshoulgate.com\/index.php\/test\/peinture-a-lhuile\/#primaryimage"},"datePublished":"2018-03-16T12:23:33+00:00","dateModified":"2025-12-22T16:24:47+00:00","breadcrumb":{"@id":"https:\/\/artsetsavoirshoulgate.com\/index.php\/test\/peinture-a-lhuile\/#breadcrumb"},"inLanguage":"fr-FR","potentialAction":[{"@type":"ReadAction","target":["https:\/\/artsetsavoirshoulgate.com\/index.php\/test\/peinture-a-lhuile\/"]}]},{"@type":"BreadcrumbList","@id":"https:\/\/artsetsavoirshoulgate.com\/index.php\/test\/peinture-a-lhuile\/#breadcrumb","itemListElement":[{"@type":"ListItem","position":1,"name":"Accueil","item":"http:\/\/artsetsavoirshoulgate.com\/"},{"@type":"ListItem","position":2,"name":"Culture","item":"https:\/\/artsetsavoirshoulgate.com\/index.php\/test\/"},{"@type":"ListItem","position":3,"name":"Atelier Peinture \u00e0 l&rsquo;huile"}]}]}},"_links":{"self":[{"href":"https:\/\/artsetsavoirshoulgate.com\/index.php\/wp-json\/wp\/v2\/pages\/356"}],"collection":[{"href":"https:\/\/artsetsavoirshoulgate.com\/index.php\/wp-json\/wp\/v2\/pages"}],"about":[{"href":"https:\/\/artsetsavoirshoulgate.com\/index.php\/wp-json\/wp\/v2\/types\/page"}],"author":[{"embeddable":true,"href":"https:\/\/artsetsavoirshoulgate.com\/index.php\/wp-json\/wp\/v2\/users\/1"}],"replies":[{"embeddable":true,"href":"https:\/\/artsetsavoirshoulgate.com\/index.php\/wp-json\/wp\/v2\/comments?post=356"}],"version-history":[{"count":35,"href":"https:\/\/artsetsavoirshoulgate.com\/index.php\/wp-json\/wp\/v2\/pages\/356\/revisions"}],"predecessor-version":[{"id":6126,"href":"https:\/\/artsetsavoirshoulgate.com\/index.php\/wp-json\/wp\/v2\/pages\/356\/revisions\/6126"}],"up":[{"embeddable":true,"href":"https:\/\/artsetsavoirshoulgate.com\/index.php\/wp-json\/wp\/v2\/pages\/236"}],"wp:attachment":[{"href":"https:\/\/artsetsavoirshoulgate.com\/index.php\/wp-json\/wp\/v2\/media?parent=356"}],"curies":[{"name":"wp","href":"https:\/\/api.w.org\/{rel}","templated":true}]}}