{"id":360,"date":"2018-03-16T13:25:17","date_gmt":"2018-03-16T12:25:17","guid":{"rendered":"http:\/\/righini-avocat.fr\/artsetsavoirs\/?page_id=360"},"modified":"2025-12-22T17:24:26","modified_gmt":"2025-12-22T16:24:26","slug":"aquarelle","status":"publish","type":"page","link":"https:\/\/artsetsavoirshoulgate.com\/index.php\/test\/aquarelle\/","title":{"rendered":"Atelier Aquarelle"},"content":{"rendered":"<p><img loading=\"lazy\" class=\"wp-image-5299 size-medium alignleft\" src=\"http:\/\/artsetsavoirshoulgate.com\/wp-content\/uploads\/2024\/08\/DSC_0041A-rotated-e1724936594254-224x300.jpg\" alt=\"\" width=\"224\" height=\"300\" srcset=\"https:\/\/artsetsavoirshoulgate.com\/wp-content\/uploads\/2024\/08\/DSC_0041A-rotated-e1724936594254-224x300.jpg 224w, https:\/\/artsetsavoirshoulgate.com\/wp-content\/uploads\/2024\/08\/DSC_0041A-rotated-e1724936594254-766x1024.jpg 766w, https:\/\/artsetsavoirshoulgate.com\/wp-content\/uploads\/2024\/08\/DSC_0041A-rotated-e1724936594254-768x1027.jpg 768w, https:\/\/artsetsavoirshoulgate.com\/wp-content\/uploads\/2024\/08\/DSC_0041A-rotated-e1724936594254-1149x1536.jpg 1149w, https:\/\/artsetsavoirshoulgate.com\/wp-content\/uploads\/2024\/08\/DSC_0041A-rotated-e1724936594254.jpg 1318w\" sizes=\"(max-width: 224px) 100vw, 224px\" \/><\/p>\n<p style=\"text-align: left;\"><strong>\u00a0 \u00a0 Contact<\/strong> : <strong>Catherine TANAKA<\/strong> 07 62 04 74 38<\/p>\n<p style=\"padding-left: 40px;\"><strong>\u00a0 \u00a0 Lieu<\/strong> :\u00a0 Houlgate Salle Berthe Morisot<br \/><strong>\u00a0 \u00a0 Horaires<\/strong> :\u00a0<span style=\"display: inline !important; float: none; background-color: transparent; color: #333333; cursor: text; font-family: 'Libre Franklin','Helvetica Neue',helvetica,arial,sans-serif; font-size: 16px; font-style: normal; font-variant: normal; font-weight: 400; letter-spacing: normal; orphans: 2; text-align: left; text-decoration: none; text-indent: 0px; text-transform: none; -webkit-text-stroke-width: 0px; white-space: normal; word-spacing: 0px;\">(hors vacances scolaires)<\/span><br \/><span style=\"color: #0000ff;\"><em>\u00a0 <\/em><\/span>Vendredi 10h-16h30, une fois par mois<br \/><span style=\"color: #0000ff;\"><em>\u00a0 \u00a0<\/em><\/span><strong>Participation<\/strong> : annuelle de 10\u20ac <i>en compl\u00e9ment de l\u2019<a href=\"http:\/\/artsetsavoirshoulgate.com\/index.php\/a-propos-de\/\">adh\u00e9sion \u00e0 l\u2019Association <\/a><\/i>(Cette participation de 10\u20ac par an est \u00e0 \u00a0r\u00e9gler <u>une seule fois<\/u> pour\u00a0 l\u2019ensemble des activit\u00e9s tricot,couture,peintures, jeux de soci\u00e9t\u00e9s, \u00e9checs, bridge et tarot).<\/p>\n<p>Plus d&rsquo;intervenant ponctuel. Ateliers libres (en atelier, en ext\u00e9rieur&#8230;).<\/p>\n<p>En perpective possibilit\u00e9s en cours d&rsquo;ann\u00e9e, de \u00ab\u00a0mini-stages\u00a0\u00bb encadr\u00e9s (2 jours) de \u00ab\u00a0pratique intensive\u00a0\u00bb\u00a0\u00bb \u00e0 th\u00e8me (avec participation financi\u00e8re).<\/p>\n\n\n<p><\/p>\n","protected":false},"excerpt":{"rendered":"<p>\u00a0 \u00a0 Contact : Catherine TANAKA 07 62 04 74 38 \u00a0 \u00a0 Lieu :\u00a0 Houlgate Salle Berthe Morisot\u00a0 \u00a0 Horaires :\u00a0(hors vacances scolaires)\u00a0 Vendredi 10h-16h30, une fois par mois\u00a0 \u00a0Participation : annuelle de 10\u20ac en compl\u00e9ment de l\u2019adh\u00e9sion \u00e0 l\u2019Association (Cette participation de 10\u20ac par an est \u00e0 \u00a0r\u00e9gler une seule fois pour\u00a0 l\u2019ensemble &hellip; <\/p>\n<p class=\"link-more\"><a href=\"https:\/\/artsetsavoirshoulgate.com\/index.php\/test\/aquarelle\/\" class=\"more-link\">Continuer la lecture<span class=\"screen-reader-text\"> de &laquo;&nbsp;Atelier Aquarelle&nbsp;&raquo;<\/span><\/a><\/p>\n","protected":false},"author":1,"featured_media":0,"parent":236,"menu_order":0,"comment_status":"closed","ping_status":"closed","template":"","meta":[],"yoast_head":"<!-- This site is optimized with the Yoast SEO plugin v18.2 - https:\/\/yoast.com\/wordpress\/plugins\/seo\/ -->\n<title>Atelier Aquarelle - Arts &amp; Savoirs<\/title>\n<meta name=\"robots\" content=\"index, follow, max-snippet:-1, max-image-preview:large, max-video-preview:-1\" \/>\n<link rel=\"canonical\" href=\"https:\/\/artsetsavoirshoulgate.com\/index.php\/test\/aquarelle\/\" \/>\n<meta property=\"og:locale\" content=\"fr_FR\" \/>\n<meta property=\"og:type\" content=\"article\" \/>\n<meta property=\"og:title\" content=\"Atelier Aquarelle - Arts &amp; Savoirs\" \/>\n<meta property=\"og:description\" content=\"\u00a0 \u00a0 Contact : Catherine TANAKA 07 62 04 74 38 \u00a0 \u00a0 Lieu :\u00a0 Houlgate Salle Berthe Morisot\u00a0 \u00a0 Horaires :\u00a0(hors vacances scolaires)\u00a0 Vendredi 10h-16h30, une fois par mois\u00a0 \u00a0Participation : annuelle de 10\u20ac en compl\u00e9ment de l\u2019adh\u00e9sion \u00e0 l\u2019Association (Cette participation de 10\u20ac par an est \u00e0 \u00a0r\u00e9gler une seule fois pour\u00a0 l\u2019ensemble &hellip; Continuer la lecture de &laquo;&nbsp;Atelier Aquarelle&nbsp;&raquo;\" \/>\n<meta property=\"og:url\" content=\"https:\/\/artsetsavoirshoulgate.com\/index.php\/test\/aquarelle\/\" \/>\n<meta property=\"og:site_name\" content=\"Arts &amp; Savoirs\" \/>\n<meta property=\"article:modified_time\" content=\"2025-12-22T16:24:26+00:00\" \/>\n<meta property=\"og:image\" content=\"http:\/\/artsetsavoirshoulgate.com\/wp-content\/uploads\/2024\/08\/DSC_0041A-rotated-e1724936594254-224x300.jpg\" \/>\n<meta name=\"twitter:card\" content=\"summary_large_image\" \/>\n<meta name=\"twitter:label1\" content=\"Dur\u00e9e de lecture estim\u00e9e\" \/>\n\t<meta name=\"twitter:data1\" content=\"1 minute\" \/>\n<script type=\"application\/ld+json\" class=\"yoast-schema-graph\">{\"@context\":\"https:\/\/schema.org\",\"@graph\":[{\"@type\":\"WebSite\",\"@id\":\"http:\/\/artsetsavoirshoulgate.com\/#website\",\"url\":\"http:\/\/artsetsavoirshoulgate.com\/\",\"name\":\"Arts & Savoirs Houlgate\",\"description\":\"Pour promouvoir les Arts et Savoirs de toute culture et les activit\u00e9s qui y participent dans un esprit de partage et de f\u00eate\",\"potentialAction\":[{\"@type\":\"SearchAction\",\"target\":{\"@type\":\"EntryPoint\",\"urlTemplate\":\"http:\/\/artsetsavoirshoulgate.com\/?s={search_term_string}\"},\"query-input\":\"required name=search_term_string\"}],\"inLanguage\":\"fr-FR\"},{\"@type\":\"ImageObject\",\"@id\":\"https:\/\/artsetsavoirshoulgate.com\/index.php\/test\/aquarelle\/#primaryimage\",\"inLanguage\":\"fr-FR\",\"url\":\"http:\/\/artsetsavoirshoulgate.com\/wp-content\/uploads\/2024\/08\/DSC_0041A-rotated-e1724936594254-224x300.jpg\",\"contentUrl\":\"http:\/\/artsetsavoirshoulgate.com\/wp-content\/uploads\/2024\/08\/DSC_0041A-rotated-e1724936594254-224x300.jpg\"},{\"@type\":\"WebPage\",\"@id\":\"https:\/\/artsetsavoirshoulgate.com\/index.php\/test\/aquarelle\/#webpage\",\"url\":\"https:\/\/artsetsavoirshoulgate.com\/index.php\/test\/aquarelle\/\",\"name\":\"Atelier Aquarelle - Arts &amp; Savoirs\",\"isPartOf\":{\"@id\":\"http:\/\/artsetsavoirshoulgate.com\/#website\"},\"primaryImageOfPage\":{\"@id\":\"https:\/\/artsetsavoirshoulgate.com\/index.php\/test\/aquarelle\/#primaryimage\"},\"datePublished\":\"2018-03-16T12:25:17+00:00\",\"dateModified\":\"2025-12-22T16:24:26+00:00\",\"breadcrumb\":{\"@id\":\"https:\/\/artsetsavoirshoulgate.com\/index.php\/test\/aquarelle\/#breadcrumb\"},\"inLanguage\":\"fr-FR\",\"potentialAction\":[{\"@type\":\"ReadAction\",\"target\":[\"https:\/\/artsetsavoirshoulgate.com\/index.php\/test\/aquarelle\/\"]}]},{\"@type\":\"BreadcrumbList\",\"@id\":\"https:\/\/artsetsavoirshoulgate.com\/index.php\/test\/aquarelle\/#breadcrumb\",\"itemListElement\":[{\"@type\":\"ListItem\",\"position\":1,\"name\":\"Accueil\",\"item\":\"http:\/\/artsetsavoirshoulgate.com\/\"},{\"@type\":\"ListItem\",\"position\":2,\"name\":\"Culture\",\"item\":\"https:\/\/artsetsavoirshoulgate.com\/index.php\/test\/\"},{\"@type\":\"ListItem\",\"position\":3,\"name\":\"Atelier Aquarelle\"}]}]}<\/script>\n<!-- \/ Yoast SEO plugin. -->","yoast_head_json":{"title":"Atelier Aquarelle - Arts &amp; Savoirs","robots":{"index":"index","follow":"follow","max-snippet":"max-snippet:-1","max-image-preview":"max-image-preview:large","max-video-preview":"max-video-preview:-1"},"canonical":"https:\/\/artsetsavoirshoulgate.com\/index.php\/test\/aquarelle\/","og_locale":"fr_FR","og_type":"article","og_title":"Atelier Aquarelle - Arts &amp; Savoirs","og_description":"\u00a0 \u00a0 Contact : Catherine TANAKA 07 62 04 74 38 \u00a0 \u00a0 Lieu :\u00a0 Houlgate Salle Berthe Morisot\u00a0 \u00a0 Horaires :\u00a0(hors vacances scolaires)\u00a0 Vendredi 10h-16h30, une fois par mois\u00a0 \u00a0Participation : annuelle de 10\u20ac en compl\u00e9ment de l\u2019adh\u00e9sion \u00e0 l\u2019Association (Cette participation de 10\u20ac par an est \u00e0 \u00a0r\u00e9gler une seule fois pour\u00a0 l\u2019ensemble &hellip; Continuer la lecture de &laquo;&nbsp;Atelier Aquarelle&nbsp;&raquo;","og_url":"https:\/\/artsetsavoirshoulgate.com\/index.php\/test\/aquarelle\/","og_site_name":"Arts &amp; Savoirs","article_modified_time":"2025-12-22T16:24:26+00:00","og_image":[{"url":"http:\/\/artsetsavoirshoulgate.com\/wp-content\/uploads\/2024\/08\/DSC_0041A-rotated-e1724936594254-224x300.jpg"}],"twitter_card":"summary_large_image","twitter_misc":{"Dur\u00e9e de lecture estim\u00e9e":"1 minute"},"schema":{"@context":"https:\/\/schema.org","@graph":[{"@type":"WebSite","@id":"http:\/\/artsetsavoirshoulgate.com\/#website","url":"http:\/\/artsetsavoirshoulgate.com\/","name":"Arts & Savoirs Houlgate","description":"Pour promouvoir les Arts et Savoirs de toute culture et les activit\u00e9s qui y participent dans un esprit de partage et de f\u00eate","potentialAction":[{"@type":"SearchAction","target":{"@type":"EntryPoint","urlTemplate":"http:\/\/artsetsavoirshoulgate.com\/?s={search_term_string}"},"query-input":"required name=search_term_string"}],"inLanguage":"fr-FR"},{"@type":"ImageObject","@id":"https:\/\/artsetsavoirshoulgate.com\/index.php\/test\/aquarelle\/#primaryimage","inLanguage":"fr-FR","url":"http:\/\/artsetsavoirshoulgate.com\/wp-content\/uploads\/2024\/08\/DSC_0041A-rotated-e1724936594254-224x300.jpg","contentUrl":"http:\/\/artsetsavoirshoulgate.com\/wp-content\/uploads\/2024\/08\/DSC_0041A-rotated-e1724936594254-224x300.jpg"},{"@type":"WebPage","@id":"https:\/\/artsetsavoirshoulgate.com\/index.php\/test\/aquarelle\/#webpage","url":"https:\/\/artsetsavoirshoulgate.com\/index.php\/test\/aquarelle\/","name":"Atelier Aquarelle - Arts &amp; Savoirs","isPartOf":{"@id":"http:\/\/artsetsavoirshoulgate.com\/#website"},"primaryImageOfPage":{"@id":"https:\/\/artsetsavoirshoulgate.com\/index.php\/test\/aquarelle\/#primaryimage"},"datePublished":"2018-03-16T12:25:17+00:00","dateModified":"2025-12-22T16:24:26+00:00","breadcrumb":{"@id":"https:\/\/artsetsavoirshoulgate.com\/index.php\/test\/aquarelle\/#breadcrumb"},"inLanguage":"fr-FR","potentialAction":[{"@type":"ReadAction","target":["https:\/\/artsetsavoirshoulgate.com\/index.php\/test\/aquarelle\/"]}]},{"@type":"BreadcrumbList","@id":"https:\/\/artsetsavoirshoulgate.com\/index.php\/test\/aquarelle\/#breadcrumb","itemListElement":[{"@type":"ListItem","position":1,"name":"Accueil","item":"http:\/\/artsetsavoirshoulgate.com\/"},{"@type":"ListItem","position":2,"name":"Culture","item":"https:\/\/artsetsavoirshoulgate.com\/index.php\/test\/"},{"@type":"ListItem","position":3,"name":"Atelier Aquarelle"}]}]}},"_links":{"self":[{"href":"https:\/\/artsetsavoirshoulgate.com\/index.php\/wp-json\/wp\/v2\/pages\/360"}],"collection":[{"href":"https:\/\/artsetsavoirshoulgate.com\/index.php\/wp-json\/wp\/v2\/pages"}],"about":[{"href":"https:\/\/artsetsavoirshoulgate.com\/index.php\/wp-json\/wp\/v2\/types\/page"}],"author":[{"embeddable":true,"href":"https:\/\/artsetsavoirshoulgate.com\/index.php\/wp-json\/wp\/v2\/users\/1"}],"replies":[{"embeddable":true,"href":"https:\/\/artsetsavoirshoulgate.com\/index.php\/wp-json\/wp\/v2\/comments?post=360"}],"version-history":[{"count":34,"href":"https:\/\/artsetsavoirshoulgate.com\/index.php\/wp-json\/wp\/v2\/pages\/360\/revisions"}],"predecessor-version":[{"id":6125,"href":"https:\/\/artsetsavoirshoulgate.com\/index.php\/wp-json\/wp\/v2\/pages\/360\/revisions\/6125"}],"up":[{"embeddable":true,"href":"https:\/\/artsetsavoirshoulgate.com\/index.php\/wp-json\/wp\/v2\/pages\/236"}],"wp:attachment":[{"href":"https:\/\/artsetsavoirshoulgate.com\/index.php\/wp-json\/wp\/v2\/media?parent=360"}],"curies":[{"name":"wp","href":"https:\/\/api.w.org\/{rel}","templated":true}]}}