{"id":370,"date":"2018-03-16T13:31:33","date_gmt":"2018-03-16T12:31:33","guid":{"rendered":"http:\/\/righini-avocat.fr\/artsetsavoirs\/?page_id=370"},"modified":"2026-04-01T11:10:39","modified_gmt":"2026-04-01T09:10:39","slug":"voyages-decouvertes","status":"publish","type":"page","link":"https:\/\/artsetsavoirshoulgate.com\/index.php\/test\/voyages-decouvertes\/","title":{"rendered":"Sorties et Voyages D\u00e9couvertes"},"content":{"rendered":"<p><img loading=\"lazy\" class=\"wp-image-4280  alignleft\" src=\"http:\/\/artsetsavoirshoulgate.com\/wp-content\/uploads\/2023\/07\/web-grandlogo-decouverte-1-1-300x300.png\" alt=\"\" width=\"219\" height=\"219\" srcset=\"https:\/\/artsetsavoirshoulgate.com\/wp-content\/uploads\/2023\/07\/web-grandlogo-decouverte-1-1-300x300.png 300w, https:\/\/artsetsavoirshoulgate.com\/wp-content\/uploads\/2023\/07\/web-grandlogo-decouverte-1-1-150x150.png 150w, https:\/\/artsetsavoirshoulgate.com\/wp-content\/uploads\/2023\/07\/web-grandlogo-decouverte-1-1-100x100.png 100w, https:\/\/artsetsavoirshoulgate.com\/wp-content\/uploads\/2023\/07\/web-grandlogo-decouverte-1-1.png 500w\" sizes=\"(max-width: 219px) 100vw, 219px\" \/><\/p>\n<p>Le contact est fonction de la sortie, l&rsquo;animateur r\u00e9f\u00e9rent est cit\u00e9 sur le bulletin d&rsquo;inscription.&nbsp; Tarif \u00e9tabli en fonction du co\u00fbt de la destination.<\/p>\n<p><strong>Animateurs :<\/strong><\/p>\n<ul>\n<li><strong> Dani\u00e8le HODOT-PARISOT 07 76 54 89 44<\/strong><\/li>\n<li><strong>Alain Richard&nbsp; 07 50 50 40 35<\/strong><\/li>\n<li><strong> Jacques BRUNET<span style=\"color: initial;\"> 06 74 85 07 65&nbsp;<\/span>&nbsp; &nbsp; &nbsp; &nbsp; <\/strong><\/li>\n<\/ul>\n<p>L\u2019Association propose des sorties culturelles (th\u00e9\u00e2tre, spectacles, musique, visites historiques,\u2026) dans les salles et mus\u00e9es de la r\u00e9gion en pr\u00e9-r\u00e9servant un certain nombre de places.<\/p>\n<p>Elle organise \u00e9galement la visite de lieux pr\u00e9sentant un int\u00e9r\u00eat historique et g\u00e9ographique voire culturel, celle-ci se d\u00e9roule sur la journ\u00e9e, mais l&rsquo;Association \u00e9labore aussi, 1 \u00e0 2 fois par an des voyages sur 2 journ\u00e9es.<\/p>\n<p>Les adh\u00e9rents b\u00e9n\u00e9ficient d\u2019une r\u00e9duction sur le prix de revient de la sortie ou du voyage. Ces sorties sont annonc\u00e9es sur le site , page \u00ab <strong><a href=\"http:\/\/artsetsavoirshoulgate.com\/index.php\/evenements\/\">\u00e9v\u00e8nements<\/a><\/strong>\u00bb&nbsp; et <strong><a href=\"https:\/\/artsetsavoirshoulgate.com\/index.php\/programme-culturel\/\">\u00ab\u00a0Culture\u00a0\u00bb<\/a><\/strong> pour le programme culturel.&nbsp;Nous vous invitons \u00e0 consulter r\u00e9guli\u00e8rement ces deux onglets sur le site.<\/p>\n<p>&nbsp;La rubrique \u00ab\u00a0<a href=\"http:\/\/artsetsavoirshoulgate.com\/index.php\/sorties-culturelles\/\"><b>Albums<\/b><\/a>\u00a0\u00bb reprend quelques souvenirs des sorties r\u00e9alis\u00e9es.<\/p>\n<p>Les suggestions des adh\u00e9rents sont les bienvenues. Ils peuvent aussi participer \u00e0 l&rsquo;organisation de ces sorties<\/p>\n\n\n<p><\/p>\n","protected":false},"excerpt":{"rendered":"<p>Le contact est fonction de la sortie, l&rsquo;animateur r\u00e9f\u00e9rent est cit\u00e9 sur le bulletin d&rsquo;inscription.&nbsp; Tarif \u00e9tabli en fonction du co\u00fbt de la destination. Animateurs : Dani\u00e8le HODOT-PARISOT 07 76 54 89 44 Alain Richard&nbsp; 07 50 50 40 35 Jacques BRUNET 06 74 85 07 65&nbsp;&nbsp; &nbsp; &nbsp; &nbsp; L\u2019Association propose des sorties culturelles &hellip; <\/p>\n<p class=\"link-more\"><a href=\"https:\/\/artsetsavoirshoulgate.com\/index.php\/test\/voyages-decouvertes\/\" class=\"more-link\">Continuer la lecture<span class=\"screen-reader-text\"> de &laquo;&nbsp;Sorties et Voyages D\u00e9couvertes&nbsp;&raquo;<\/span><\/a><\/p>\n","protected":false},"author":1,"featured_media":0,"parent":236,"menu_order":0,"comment_status":"closed","ping_status":"closed","template":"","meta":[],"yoast_head":"<!-- This site is optimized with the Yoast SEO plugin v18.2 - https:\/\/yoast.com\/wordpress\/plugins\/seo\/ -->\n<title>Sorties et Voyages D\u00e9couvertes - Arts &amp; Savoirs<\/title>\n<meta name=\"robots\" content=\"index, follow, max-snippet:-1, max-image-preview:large, max-video-preview:-1\" \/>\n<link rel=\"canonical\" href=\"https:\/\/artsetsavoirshoulgate.com\/index.php\/test\/voyages-decouvertes\/\" \/>\n<meta property=\"og:locale\" content=\"fr_FR\" \/>\n<meta property=\"og:type\" content=\"article\" \/>\n<meta property=\"og:title\" content=\"Sorties et Voyages D\u00e9couvertes - Arts &amp; Savoirs\" \/>\n<meta property=\"og:description\" content=\"Le contact est fonction de la sortie, l&rsquo;animateur r\u00e9f\u00e9rent est cit\u00e9 sur le bulletin d&rsquo;inscription.&nbsp; Tarif \u00e9tabli en fonction du co\u00fbt de la destination. Animateurs : Dani\u00e8le HODOT-PARISOT 07 76 54 89 44 Alain Richard&nbsp; 07 50 50 40 35 Jacques BRUNET 06 74 85 07 65&nbsp;&nbsp; &nbsp; &nbsp; &nbsp; L\u2019Association propose des sorties culturelles &hellip; Continuer la lecture de &laquo;&nbsp;Sorties et Voyages D\u00e9couvertes&nbsp;&raquo;\" \/>\n<meta property=\"og:url\" content=\"https:\/\/artsetsavoirshoulgate.com\/index.php\/test\/voyages-decouvertes\/\" \/>\n<meta property=\"og:site_name\" content=\"Arts &amp; Savoirs\" \/>\n<meta property=\"article:modified_time\" content=\"2026-04-01T09:10:39+00:00\" \/>\n<meta property=\"og:image\" content=\"http:\/\/artsetsavoirshoulgate.com\/wp-content\/uploads\/2023\/07\/web-grandlogo-decouverte-1-1-300x300.png\" \/>\n<meta name=\"twitter:card\" content=\"summary_large_image\" \/>\n<meta name=\"twitter:label1\" content=\"Dur\u00e9e de lecture estim\u00e9e\" \/>\n\t<meta name=\"twitter:data1\" content=\"2 minutes\" \/>\n<script type=\"application\/ld+json\" class=\"yoast-schema-graph\">{\"@context\":\"https:\/\/schema.org\",\"@graph\":[{\"@type\":\"WebSite\",\"@id\":\"http:\/\/artsetsavoirshoulgate.com\/#website\",\"url\":\"http:\/\/artsetsavoirshoulgate.com\/\",\"name\":\"Arts & Savoirs Houlgate\",\"description\":\"Pour promouvoir les Arts et Savoirs de toute culture et les activit\u00e9s qui y participent dans un esprit de partage et de f\u00eate\",\"potentialAction\":[{\"@type\":\"SearchAction\",\"target\":{\"@type\":\"EntryPoint\",\"urlTemplate\":\"http:\/\/artsetsavoirshoulgate.com\/?s={search_term_string}\"},\"query-input\":\"required name=search_term_string\"}],\"inLanguage\":\"fr-FR\"},{\"@type\":\"ImageObject\",\"@id\":\"https:\/\/artsetsavoirshoulgate.com\/index.php\/test\/voyages-decouvertes\/#primaryimage\",\"inLanguage\":\"fr-FR\",\"url\":\"http:\/\/artsetsavoirshoulgate.com\/wp-content\/uploads\/2023\/07\/web-grandlogo-decouverte-1-1-300x300.png\",\"contentUrl\":\"http:\/\/artsetsavoirshoulgate.com\/wp-content\/uploads\/2023\/07\/web-grandlogo-decouverte-1-1-300x300.png\"},{\"@type\":\"WebPage\",\"@id\":\"https:\/\/artsetsavoirshoulgate.com\/index.php\/test\/voyages-decouvertes\/#webpage\",\"url\":\"https:\/\/artsetsavoirshoulgate.com\/index.php\/test\/voyages-decouvertes\/\",\"name\":\"Sorties et Voyages D\u00e9couvertes - Arts &amp; Savoirs\",\"isPartOf\":{\"@id\":\"http:\/\/artsetsavoirshoulgate.com\/#website\"},\"primaryImageOfPage\":{\"@id\":\"https:\/\/artsetsavoirshoulgate.com\/index.php\/test\/voyages-decouvertes\/#primaryimage\"},\"datePublished\":\"2018-03-16T12:31:33+00:00\",\"dateModified\":\"2026-04-01T09:10:39+00:00\",\"breadcrumb\":{\"@id\":\"https:\/\/artsetsavoirshoulgate.com\/index.php\/test\/voyages-decouvertes\/#breadcrumb\"},\"inLanguage\":\"fr-FR\",\"potentialAction\":[{\"@type\":\"ReadAction\",\"target\":[\"https:\/\/artsetsavoirshoulgate.com\/index.php\/test\/voyages-decouvertes\/\"]}]},{\"@type\":\"BreadcrumbList\",\"@id\":\"https:\/\/artsetsavoirshoulgate.com\/index.php\/test\/voyages-decouvertes\/#breadcrumb\",\"itemListElement\":[{\"@type\":\"ListItem\",\"position\":1,\"name\":\"Accueil\",\"item\":\"http:\/\/artsetsavoirshoulgate.com\/\"},{\"@type\":\"ListItem\",\"position\":2,\"name\":\"Culture\",\"item\":\"https:\/\/artsetsavoirshoulgate.com\/index.php\/test\/\"},{\"@type\":\"ListItem\",\"position\":3,\"name\":\"Sorties et Voyages D\u00e9couvertes\"}]}]}<\/script>\n<!-- \/ Yoast SEO plugin. -->","yoast_head_json":{"title":"Sorties et Voyages D\u00e9couvertes - Arts &amp; Savoirs","robots":{"index":"index","follow":"follow","max-snippet":"max-snippet:-1","max-image-preview":"max-image-preview:large","max-video-preview":"max-video-preview:-1"},"canonical":"https:\/\/artsetsavoirshoulgate.com\/index.php\/test\/voyages-decouvertes\/","og_locale":"fr_FR","og_type":"article","og_title":"Sorties et Voyages D\u00e9couvertes - Arts &amp; Savoirs","og_description":"Le contact est fonction de la sortie, l&rsquo;animateur r\u00e9f\u00e9rent est cit\u00e9 sur le bulletin d&rsquo;inscription.&nbsp; Tarif \u00e9tabli en fonction du co\u00fbt de la destination. Animateurs : Dani\u00e8le HODOT-PARISOT 07 76 54 89 44 Alain Richard&nbsp; 07 50 50 40 35 Jacques BRUNET 06 74 85 07 65&nbsp;&nbsp; &nbsp; &nbsp; &nbsp; L\u2019Association propose des sorties culturelles &hellip; Continuer la lecture de &laquo;&nbsp;Sorties et Voyages D\u00e9couvertes&nbsp;&raquo;","og_url":"https:\/\/artsetsavoirshoulgate.com\/index.php\/test\/voyages-decouvertes\/","og_site_name":"Arts &amp; Savoirs","article_modified_time":"2026-04-01T09:10:39+00:00","og_image":[{"url":"http:\/\/artsetsavoirshoulgate.com\/wp-content\/uploads\/2023\/07\/web-grandlogo-decouverte-1-1-300x300.png"}],"twitter_card":"summary_large_image","twitter_misc":{"Dur\u00e9e de lecture estim\u00e9e":"2 minutes"},"schema":{"@context":"https:\/\/schema.org","@graph":[{"@type":"WebSite","@id":"http:\/\/artsetsavoirshoulgate.com\/#website","url":"http:\/\/artsetsavoirshoulgate.com\/","name":"Arts & Savoirs Houlgate","description":"Pour promouvoir les Arts et Savoirs de toute culture et les activit\u00e9s qui y participent dans un esprit de partage et de f\u00eate","potentialAction":[{"@type":"SearchAction","target":{"@type":"EntryPoint","urlTemplate":"http:\/\/artsetsavoirshoulgate.com\/?s={search_term_string}"},"query-input":"required name=search_term_string"}],"inLanguage":"fr-FR"},{"@type":"ImageObject","@id":"https:\/\/artsetsavoirshoulgate.com\/index.php\/test\/voyages-decouvertes\/#primaryimage","inLanguage":"fr-FR","url":"http:\/\/artsetsavoirshoulgate.com\/wp-content\/uploads\/2023\/07\/web-grandlogo-decouverte-1-1-300x300.png","contentUrl":"http:\/\/artsetsavoirshoulgate.com\/wp-content\/uploads\/2023\/07\/web-grandlogo-decouverte-1-1-300x300.png"},{"@type":"WebPage","@id":"https:\/\/artsetsavoirshoulgate.com\/index.php\/test\/voyages-decouvertes\/#webpage","url":"https:\/\/artsetsavoirshoulgate.com\/index.php\/test\/voyages-decouvertes\/","name":"Sorties et Voyages D\u00e9couvertes - Arts &amp; Savoirs","isPartOf":{"@id":"http:\/\/artsetsavoirshoulgate.com\/#website"},"primaryImageOfPage":{"@id":"https:\/\/artsetsavoirshoulgate.com\/index.php\/test\/voyages-decouvertes\/#primaryimage"},"datePublished":"2018-03-16T12:31:33+00:00","dateModified":"2026-04-01T09:10:39+00:00","breadcrumb":{"@id":"https:\/\/artsetsavoirshoulgate.com\/index.php\/test\/voyages-decouvertes\/#breadcrumb"},"inLanguage":"fr-FR","potentialAction":[{"@type":"ReadAction","target":["https:\/\/artsetsavoirshoulgate.com\/index.php\/test\/voyages-decouvertes\/"]}]},{"@type":"BreadcrumbList","@id":"https:\/\/artsetsavoirshoulgate.com\/index.php\/test\/voyages-decouvertes\/#breadcrumb","itemListElement":[{"@type":"ListItem","position":1,"name":"Accueil","item":"http:\/\/artsetsavoirshoulgate.com\/"},{"@type":"ListItem","position":2,"name":"Culture","item":"https:\/\/artsetsavoirshoulgate.com\/index.php\/test\/"},{"@type":"ListItem","position":3,"name":"Sorties et Voyages D\u00e9couvertes"}]}]}},"_links":{"self":[{"href":"https:\/\/artsetsavoirshoulgate.com\/index.php\/wp-json\/wp\/v2\/pages\/370"}],"collection":[{"href":"https:\/\/artsetsavoirshoulgate.com\/index.php\/wp-json\/wp\/v2\/pages"}],"about":[{"href":"https:\/\/artsetsavoirshoulgate.com\/index.php\/wp-json\/wp\/v2\/types\/page"}],"author":[{"embeddable":true,"href":"https:\/\/artsetsavoirshoulgate.com\/index.php\/wp-json\/wp\/v2\/users\/1"}],"replies":[{"embeddable":true,"href":"https:\/\/artsetsavoirshoulgate.com\/index.php\/wp-json\/wp\/v2\/comments?post=370"}],"version-history":[{"count":30,"href":"https:\/\/artsetsavoirshoulgate.com\/index.php\/wp-json\/wp\/v2\/pages\/370\/revisions"}],"predecessor-version":[{"id":6465,"href":"https:\/\/artsetsavoirshoulgate.com\/index.php\/wp-json\/wp\/v2\/pages\/370\/revisions\/6465"}],"up":[{"embeddable":true,"href":"https:\/\/artsetsavoirshoulgate.com\/index.php\/wp-json\/wp\/v2\/pages\/236"}],"wp:attachment":[{"href":"https:\/\/artsetsavoirshoulgate.com\/index.php\/wp-json\/wp\/v2\/media?parent=370"}],"curies":[{"name":"wp","href":"https:\/\/api.w.org\/{rel}","templated":true}]}}