{"id":3914,"date":"2023-02-08T18:22:04","date_gmt":"2023-02-08T17:22:04","guid":{"rendered":"https:\/\/artsetsavoirshoulgate.com\/?page_id=3914"},"modified":"2026-04-01T17:41:20","modified_gmt":"2026-04-01T15:41:20","slug":"chorale","status":"publish","type":"page","link":"https:\/\/artsetsavoirshoulgate.com\/index.php\/test\/chorale\/","title":{"rendered":"Chorale"},"content":{"rendered":"\n<div class=\"wp-block-media-text alignwide is-stacked-on-mobile\" style=\"grid-template-columns:55% auto\"><figure class=\"wp-block-media-text__media\"><img loading=\"lazy\" width=\"1024\" height=\"503\" src=\"http:\/\/artsetsavoirshoulgate.com\/wp-content\/uploads\/2026\/04\/2023-04-01-nouelle-presentation-1024x503.jpg\" alt=\"\" class=\"wp-image-6488 size-full\" srcset=\"https:\/\/artsetsavoirshoulgate.com\/wp-content\/uploads\/2026\/04\/2023-04-01-nouelle-presentation-1024x503.jpg 1024w, https:\/\/artsetsavoirshoulgate.com\/wp-content\/uploads\/2026\/04\/2023-04-01-nouelle-presentation-300x147.jpg 300w, https:\/\/artsetsavoirshoulgate.com\/wp-content\/uploads\/2026\/04\/2023-04-01-nouelle-presentation-768x377.jpg 768w, https:\/\/artsetsavoirshoulgate.com\/wp-content\/uploads\/2026\/04\/2023-04-01-nouelle-presentation-1536x754.jpg 1536w, https:\/\/artsetsavoirshoulgate.com\/wp-content\/uploads\/2026\/04\/2023-04-01-nouelle-presentation-2048x1006.jpg 2048w, https:\/\/artsetsavoirshoulgate.com\/wp-content\/uploads\/2026\/04\/2023-04-01-nouelle-presentation-1320x648.jpg 1320w\" sizes=\"(max-width: 706px) 89vw, (max-width: 767px) 82vw, 740px\" \/><\/figure><div class=\"wp-block-media-text__content\">\n<p><strong>Contact<\/strong>&nbsp;: <strong>Philippe REMONDIN<\/strong> : 06.58.50.75.60<br><strong>Lieu<\/strong>&nbsp;: Salle Berthe Morisot (\u00e0 gauche de la Mairie et de la Salle des F\u00eates de Houlgate)<br><strong>Horaires<\/strong>&nbsp;: Lundis de 18h30 \u00e0 20h, sauf pendant les p\u00e9riodes scolaires.<\/p>\n\n\n\n<p class=\"has-black-color has-text-color has-medium-font-size\"><\/p>\n<\/div><\/div>\n\n\n\n<p><strong><strong>Participation<\/strong>&nbsp;: <\/strong>La cotisation est de 110\u20ac pour l\u2019ann\u00e9e enti\u00e8re (<em>en compl\u00e9ment de&nbsp;<a href=\"http:\/\/artsetsavoirshoulgate.com\/index.php\/a-propos-de\/\">l\u2019adh\u00e9sion \u00e0 l\u2019association<\/a><\/em>), payable en une ou plusieurs fois.<\/p>\n\n\n\n<p>Cheffe de ch\u0153ur <strong>Aline Zanutel<\/strong>,&nbsp; avec une exp\u00e9rience de plus de 10 ans, elle est chanteuse professionnelle depuis 2010.<\/p>\n\n\n\n<p>Nous sommes actuellement 25 choristes dans 3 timbres de voix.<\/p>\n\n\n\n<p>Les chants interpr\u00e9t\u00e9s&nbsp; sont dans un registre de vari\u00e9t\u00e9s, principalement en fran\u00e7ais. <\/p>\n\n\n\n<p>Le chant est envoy\u00e9 en bande sonore \u00e0 la maison, pour une r\u00e9p\u00e9tition entre les s\u00e9ances. La connaissance du solf\u00e8ge n\u2019est pas n\u00e9cessaire. Une premi\u00e8re s\u00e9ance d\u2019essai est bien s\u00fbr propos\u00e9e avant inscription. <\/p>\n\n\n\n<p>Plusieurs concerts publics sont pr\u00e9vus dans l&rsquo;ann\u00e9e, les dates appara\u00eetront dans la rubrique \u00ab\u00a0derni\u00e8re minute\u00a0\u00bb<\/p>\n","protected":false},"excerpt":{"rendered":"<p>Contact&nbsp;: Philippe REMONDIN : 06.58.50.75.60Lieu&nbsp;: Salle Berthe Morisot (\u00e0 gauche de la Mairie et de la Salle des F\u00eates de Houlgate)Horaires&nbsp;: Lundis de 18h30 \u00e0 20h, sauf pendant les p\u00e9riodes scolaires. Participation&nbsp;: La cotisation est de 110\u20ac pour l\u2019ann\u00e9e enti\u00e8re (en compl\u00e9ment de&nbsp;l\u2019adh\u00e9sion \u00e0 l\u2019association), payable en une ou plusieurs fois. Cheffe de ch\u0153ur Aline &hellip; <\/p>\n<p class=\"link-more\"><a href=\"https:\/\/artsetsavoirshoulgate.com\/index.php\/test\/chorale\/\" class=\"more-link\">Continuer la lecture<span class=\"screen-reader-text\"> de &laquo;&nbsp;Chorale&nbsp;&raquo;<\/span><\/a><\/p>\n","protected":false},"author":1,"featured_media":0,"parent":236,"menu_order":0,"comment_status":"closed","ping_status":"closed","template":"","meta":[],"yoast_head":"<!-- This site is optimized with the Yoast SEO plugin v18.2 - https:\/\/yoast.com\/wordpress\/plugins\/seo\/ -->\n<title>Chorale - Arts &amp; Savoirs<\/title>\n<meta name=\"robots\" content=\"index, follow, max-snippet:-1, max-image-preview:large, max-video-preview:-1\" \/>\n<link rel=\"canonical\" href=\"https:\/\/artsetsavoirshoulgate.com\/index.php\/test\/chorale\/\" \/>\n<meta property=\"og:locale\" content=\"fr_FR\" \/>\n<meta property=\"og:type\" content=\"article\" \/>\n<meta property=\"og:title\" content=\"Chorale - Arts &amp; Savoirs\" \/>\n<meta property=\"og:description\" content=\"Contact&nbsp;: Philippe REMONDIN : 06.58.50.75.60Lieu&nbsp;: Salle Berthe Morisot (\u00e0 gauche de la Mairie et de la Salle des F\u00eates de Houlgate)Horaires&nbsp;: Lundis de 18h30 \u00e0 20h, sauf pendant les p\u00e9riodes scolaires. Participation&nbsp;: La cotisation est de 110\u20ac pour l\u2019ann\u00e9e enti\u00e8re (en compl\u00e9ment de&nbsp;l\u2019adh\u00e9sion \u00e0 l\u2019association), payable en une ou plusieurs fois. Cheffe de ch\u0153ur Aline &hellip; Continuer la lecture de &laquo;&nbsp;Chorale&nbsp;&raquo;\" \/>\n<meta property=\"og:url\" content=\"https:\/\/artsetsavoirshoulgate.com\/index.php\/test\/chorale\/\" \/>\n<meta property=\"og:site_name\" content=\"Arts &amp; Savoirs\" \/>\n<meta property=\"article:modified_time\" content=\"2026-04-01T15:41:20+00:00\" \/>\n<meta property=\"og:image\" content=\"http:\/\/artsetsavoirshoulgate.com\/wp-content\/uploads\/2026\/04\/2023-04-01-nouelle-presentation-1024x503.jpg\" \/>\n<meta name=\"twitter:card\" content=\"summary_large_image\" \/>\n<meta name=\"twitter:label1\" content=\"Dur\u00e9e de lecture estim\u00e9e\" \/>\n\t<meta name=\"twitter:data1\" content=\"1 minute\" \/>\n<script type=\"application\/ld+json\" class=\"yoast-schema-graph\">{\"@context\":\"https:\/\/schema.org\",\"@graph\":[{\"@type\":\"WebSite\",\"@id\":\"http:\/\/artsetsavoirshoulgate.com\/#website\",\"url\":\"http:\/\/artsetsavoirshoulgate.com\/\",\"name\":\"Arts & Savoirs Houlgate\",\"description\":\"Pour promouvoir les Arts et Savoirs de toute culture et les activit\u00e9s qui y participent dans un esprit de partage et de f\u00eate\",\"potentialAction\":[{\"@type\":\"SearchAction\",\"target\":{\"@type\":\"EntryPoint\",\"urlTemplate\":\"http:\/\/artsetsavoirshoulgate.com\/?s={search_term_string}\"},\"query-input\":\"required name=search_term_string\"}],\"inLanguage\":\"fr-FR\"},{\"@type\":\"ImageObject\",\"@id\":\"https:\/\/artsetsavoirshoulgate.com\/index.php\/test\/chorale\/#primaryimage\",\"inLanguage\":\"fr-FR\",\"url\":\"http:\/\/artsetsavoirshoulgate.com\/wp-content\/uploads\/2026\/04\/2023-04-01-nouelle-presentation-1024x503.jpg\",\"contentUrl\":\"http:\/\/artsetsavoirshoulgate.com\/wp-content\/uploads\/2026\/04\/2023-04-01-nouelle-presentation-1024x503.jpg\"},{\"@type\":\"WebPage\",\"@id\":\"https:\/\/artsetsavoirshoulgate.com\/index.php\/test\/chorale\/#webpage\",\"url\":\"https:\/\/artsetsavoirshoulgate.com\/index.php\/test\/chorale\/\",\"name\":\"Chorale - Arts &amp; Savoirs\",\"isPartOf\":{\"@id\":\"http:\/\/artsetsavoirshoulgate.com\/#website\"},\"primaryImageOfPage\":{\"@id\":\"https:\/\/artsetsavoirshoulgate.com\/index.php\/test\/chorale\/#primaryimage\"},\"datePublished\":\"2023-02-08T17:22:04+00:00\",\"dateModified\":\"2026-04-01T15:41:20+00:00\",\"breadcrumb\":{\"@id\":\"https:\/\/artsetsavoirshoulgate.com\/index.php\/test\/chorale\/#breadcrumb\"},\"inLanguage\":\"fr-FR\",\"potentialAction\":[{\"@type\":\"ReadAction\",\"target\":[\"https:\/\/artsetsavoirshoulgate.com\/index.php\/test\/chorale\/\"]}]},{\"@type\":\"BreadcrumbList\",\"@id\":\"https:\/\/artsetsavoirshoulgate.com\/index.php\/test\/chorale\/#breadcrumb\",\"itemListElement\":[{\"@type\":\"ListItem\",\"position\":1,\"name\":\"Accueil\",\"item\":\"http:\/\/artsetsavoirshoulgate.com\/\"},{\"@type\":\"ListItem\",\"position\":2,\"name\":\"Culture\",\"item\":\"https:\/\/artsetsavoirshoulgate.com\/index.php\/test\/\"},{\"@type\":\"ListItem\",\"position\":3,\"name\":\"Chorale\"}]}]}<\/script>\n<!-- \/ Yoast SEO plugin. -->","yoast_head_json":{"title":"Chorale - Arts &amp; Savoirs","robots":{"index":"index","follow":"follow","max-snippet":"max-snippet:-1","max-image-preview":"max-image-preview:large","max-video-preview":"max-video-preview:-1"},"canonical":"https:\/\/artsetsavoirshoulgate.com\/index.php\/test\/chorale\/","og_locale":"fr_FR","og_type":"article","og_title":"Chorale - Arts &amp; Savoirs","og_description":"Contact&nbsp;: Philippe REMONDIN : 06.58.50.75.60Lieu&nbsp;: Salle Berthe Morisot (\u00e0 gauche de la Mairie et de la Salle des F\u00eates de Houlgate)Horaires&nbsp;: Lundis de 18h30 \u00e0 20h, sauf pendant les p\u00e9riodes scolaires. Participation&nbsp;: La cotisation est de 110\u20ac pour l\u2019ann\u00e9e enti\u00e8re (en compl\u00e9ment de&nbsp;l\u2019adh\u00e9sion \u00e0 l\u2019association), payable en une ou plusieurs fois. Cheffe de ch\u0153ur Aline &hellip; Continuer la lecture de &laquo;&nbsp;Chorale&nbsp;&raquo;","og_url":"https:\/\/artsetsavoirshoulgate.com\/index.php\/test\/chorale\/","og_site_name":"Arts &amp; Savoirs","article_modified_time":"2026-04-01T15:41:20+00:00","og_image":[{"url":"http:\/\/artsetsavoirshoulgate.com\/wp-content\/uploads\/2026\/04\/2023-04-01-nouelle-presentation-1024x503.jpg"}],"twitter_card":"summary_large_image","twitter_misc":{"Dur\u00e9e de lecture estim\u00e9e":"1 minute"},"schema":{"@context":"https:\/\/schema.org","@graph":[{"@type":"WebSite","@id":"http:\/\/artsetsavoirshoulgate.com\/#website","url":"http:\/\/artsetsavoirshoulgate.com\/","name":"Arts & Savoirs Houlgate","description":"Pour promouvoir les Arts et Savoirs de toute culture et les activit\u00e9s qui y participent dans un esprit de partage et de f\u00eate","potentialAction":[{"@type":"SearchAction","target":{"@type":"EntryPoint","urlTemplate":"http:\/\/artsetsavoirshoulgate.com\/?s={search_term_string}"},"query-input":"required name=search_term_string"}],"inLanguage":"fr-FR"},{"@type":"ImageObject","@id":"https:\/\/artsetsavoirshoulgate.com\/index.php\/test\/chorale\/#primaryimage","inLanguage":"fr-FR","url":"http:\/\/artsetsavoirshoulgate.com\/wp-content\/uploads\/2026\/04\/2023-04-01-nouelle-presentation-1024x503.jpg","contentUrl":"http:\/\/artsetsavoirshoulgate.com\/wp-content\/uploads\/2026\/04\/2023-04-01-nouelle-presentation-1024x503.jpg"},{"@type":"WebPage","@id":"https:\/\/artsetsavoirshoulgate.com\/index.php\/test\/chorale\/#webpage","url":"https:\/\/artsetsavoirshoulgate.com\/index.php\/test\/chorale\/","name":"Chorale - Arts &amp; Savoirs","isPartOf":{"@id":"http:\/\/artsetsavoirshoulgate.com\/#website"},"primaryImageOfPage":{"@id":"https:\/\/artsetsavoirshoulgate.com\/index.php\/test\/chorale\/#primaryimage"},"datePublished":"2023-02-08T17:22:04+00:00","dateModified":"2026-04-01T15:41:20+00:00","breadcrumb":{"@id":"https:\/\/artsetsavoirshoulgate.com\/index.php\/test\/chorale\/#breadcrumb"},"inLanguage":"fr-FR","potentialAction":[{"@type":"ReadAction","target":["https:\/\/artsetsavoirshoulgate.com\/index.php\/test\/chorale\/"]}]},{"@type":"BreadcrumbList","@id":"https:\/\/artsetsavoirshoulgate.com\/index.php\/test\/chorale\/#breadcrumb","itemListElement":[{"@type":"ListItem","position":1,"name":"Accueil","item":"http:\/\/artsetsavoirshoulgate.com\/"},{"@type":"ListItem","position":2,"name":"Culture","item":"https:\/\/artsetsavoirshoulgate.com\/index.php\/test\/"},{"@type":"ListItem","position":3,"name":"Chorale"}]}]}},"_links":{"self":[{"href":"https:\/\/artsetsavoirshoulgate.com\/index.php\/wp-json\/wp\/v2\/pages\/3914"}],"collection":[{"href":"https:\/\/artsetsavoirshoulgate.com\/index.php\/wp-json\/wp\/v2\/pages"}],"about":[{"href":"https:\/\/artsetsavoirshoulgate.com\/index.php\/wp-json\/wp\/v2\/types\/page"}],"author":[{"embeddable":true,"href":"https:\/\/artsetsavoirshoulgate.com\/index.php\/wp-json\/wp\/v2\/users\/1"}],"replies":[{"embeddable":true,"href":"https:\/\/artsetsavoirshoulgate.com\/index.php\/wp-json\/wp\/v2\/comments?post=3914"}],"version-history":[{"count":23,"href":"https:\/\/artsetsavoirshoulgate.com\/index.php\/wp-json\/wp\/v2\/pages\/3914\/revisions"}],"predecessor-version":[{"id":6493,"href":"https:\/\/artsetsavoirshoulgate.com\/index.php\/wp-json\/wp\/v2\/pages\/3914\/revisions\/6493"}],"up":[{"embeddable":true,"href":"https:\/\/artsetsavoirshoulgate.com\/index.php\/wp-json\/wp\/v2\/pages\/236"}],"wp:attachment":[{"href":"https:\/\/artsetsavoirshoulgate.com\/index.php\/wp-json\/wp\/v2\/media?parent=3914"}],"curies":[{"name":"wp","href":"https:\/\/api.w.org\/{rel}","templated":true}]}}