{"id":4063,"date":"2023-04-11T18:05:38","date_gmt":"2023-04-11T16:05:38","guid":{"rendered":"https:\/\/artsetsavoirshoulgate.com\/?page_id=4063"},"modified":"2026-04-01T11:04:37","modified_gmt":"2026-04-01T09:04:37","slug":"conseils-dadministration","status":"publish","type":"page","link":"https:\/\/artsetsavoirshoulgate.com\/index.php\/conseils-dadministration-et-assemblee-generale\/conseils-dadministration\/","title":{"rendered":"CA et AG 2023"},"content":{"rendered":"<p><a href=\"http:\/\/artsetsavoirshoulgate.com\/wp-content\/uploads\/2024\/01\/2023-12-20-CR-du-CA-rev2.pdf\">Compte-rendu du CA du 20 d\u00e9cembre <\/a>&nbsp;<\/p>\n<p><a href=\"http:\/\/artsetsavoirshoulgate.com\/wp-content\/uploads\/2023\/12\/2023-12-06-CR-du-CA-olympiades.pdf\">Compte-rendu du CA du 06 d\u00e9cembre (les Olympiades)<\/a><\/p>\n<p><a href=\"http:\/\/artsetsavoirshoulgate.com\/wp-content\/uploads\/2023\/12\/2023-11-20-CR-du-CA-rev03.pdf\">Compte-rendu du CA du 20 novembre<\/a><\/p>\n\n\n<p><a href=\"http:\/\/artsetsavoirshoulgate.com\/wp-content\/uploads\/2023\/11\/2023-10-16-CR-du-CA-rev5-finale.pdf\">Compte-rendu du CA du 16 octobre&nbsp;<\/a><\/p>\n\n\n<p><strong><span style=\"color: #ff0000;\"><a style=\"color: #ff0000;\" href=\"http:\/\/artsetsavoirshoulgate.com\/wp-content\/uploads\/2024\/05\/CR-de-AG-16-10-2023-rapport-du-tresorier.pdf\">CR de l&rsquo;AG du 16 octobre 2023<\/a><\/span><\/strong><\/p>\n<p><em><strong><a href=\"http:\/\/artsetsavoirshoulgate.com\/wp-content\/uploads\/2023\/11\/Arts-Savoir-PJ-AG-du-16-octobre-2023.pdf\"> AG du 16 octobre 2023 compl\u00e9ments administratifs<\/a><\/strong><\/em><\/p>\n\n\n<p><a href=\"http:\/\/artsetsavoirshoulgate.com\/wp-content\/uploads\/2023\/11\/2023-09-27-CR-du-CA-V6.pdf\">Compte-rendu du CA du 27 septembre&nbsp;<\/a><\/p>\n\n\n\n<p><a href=\"http:\/\/artsetsavoirshoulgate.com\/wp-content\/uploads\/2023\/11\/2023-09-27-Terre-de-Jeux-2024-V2.pdf\">Compl\u00e9ment au CA du 27\/09 -Terre de Jeux<\/a><\/p>\n\n\n\n<p><a href=\"http:\/\/artsetsavoirshoulgate.com\/wp-content\/uploads\/2023\/11\/2023-08-23-CR-du-CA-rev2definitif.pdf\">&nbsp;Compte-rendu du CA du 23 ao\u00fbt<\/a><\/p>\n\n\n\n<p><a href=\"http:\/\/artsetsavoirshoulgate.com\/wp-content\/uploads\/2023\/08\/2023-06-16-CR-du-CA.pdf\">Compte-rendu du CA du 16 juin<\/a><\/p>\n\n\n\n<p><a href=\"http:\/\/artsetsavoirshoulgate.com\/wp-content\/uploads\/2023\/07\/2023-05-31-CR-du-CA-rev2.pdf\">Compte rendu du CA du 31 mai<\/a><\/p>\n\n\n\n<p><a href=\"http:\/\/artsetsavoirshoulgate.com\/wp-content\/uploads\/2023\/06\/2023-03-29-CR-du-CA.pdf\">compte rendu du CA du 29 mars<\/a><\/p>\n\n\n\n<p><a href=\"http:\/\/artsetsavoirshoulgate.com\/wp-content\/uploads\/2023\/06\/2023-02-13-CR-du-CA.pdf\">compte rendu du CA du 13 f\u00e9vrier<\/a><\/p>\n\n\n\n<p><a href=\"http:\/\/artsetsavoirshoulgate.com\/wp-content\/uploads\/2023\/04\/compte-rendu-de-la-reunion-du-9-janvier-2023-Final.pdf\">compte rendu CA du 9 janvier&nbsp;<\/a><\/p>\n\n\n\n<div class=\"wp-block-columns\">\n<div class=\"wp-block-column is-vertically-aligned-center\" style=\"flex-basis:100%\">\n<p><\/p>\n\n\n\n<p><\/p>\n<\/div>\n<\/div>\n\n\n\n<p><\/p>\n","protected":false},"excerpt":{"rendered":"<p>Compte-rendu du CA du 20 d\u00e9cembre &nbsp; Compte-rendu du CA du 06 d\u00e9cembre (les Olympiades) Compte-rendu du CA du 20 novembre Compte-rendu du CA du 16 octobre&nbsp; CR de l&rsquo;AG du 16 octobre 2023 AG du 16 octobre 2023 compl\u00e9ments administratifs Compte-rendu du CA du 27 septembre&nbsp; Compl\u00e9ment au CA du 27\/09 -Terre de Jeux &hellip; <\/p>\n<p class=\"link-more\"><a href=\"https:\/\/artsetsavoirshoulgate.com\/index.php\/conseils-dadministration-et-assemblee-generale\/conseils-dadministration\/\" class=\"more-link\">Continuer la lecture<span class=\"screen-reader-text\"> de &laquo;&nbsp;CA et AG 2023&nbsp;&raquo;<\/span><\/a><\/p>\n","protected":false},"author":1,"featured_media":0,"parent":4923,"menu_order":0,"comment_status":"closed","ping_status":"closed","template":"","meta":[],"yoast_head":"<!-- This site is optimized with the Yoast SEO plugin v18.2 - https:\/\/yoast.com\/wordpress\/plugins\/seo\/ -->\n<title>CA et AG 2023 - Arts &amp; Savoirs<\/title>\n<meta name=\"robots\" content=\"index, follow, max-snippet:-1, max-image-preview:large, max-video-preview:-1\" \/>\n<link rel=\"canonical\" href=\"https:\/\/artsetsavoirshoulgate.com\/index.php\/conseils-dadministration-et-assemblee-generale\/conseils-dadministration\/\" \/>\n<meta property=\"og:locale\" content=\"fr_FR\" \/>\n<meta property=\"og:type\" content=\"article\" \/>\n<meta property=\"og:title\" content=\"CA et AG 2023 - Arts &amp; Savoirs\" \/>\n<meta property=\"og:description\" content=\"Compte-rendu du CA du 20 d\u00e9cembre &nbsp; Compte-rendu du CA du 06 d\u00e9cembre (les Olympiades) Compte-rendu du CA du 20 novembre Compte-rendu du CA du 16 octobre&nbsp; CR de l&rsquo;AG du 16 octobre 2023 AG du 16 octobre 2023 compl\u00e9ments administratifs Compte-rendu du CA du 27 septembre&nbsp; Compl\u00e9ment au CA du 27\/09 -Terre de Jeux &hellip; Continuer la lecture de &laquo;&nbsp;CA et AG 2023&nbsp;&raquo;\" \/>\n<meta property=\"og:url\" content=\"https:\/\/artsetsavoirshoulgate.com\/index.php\/conseils-dadministration-et-assemblee-generale\/conseils-dadministration\/\" \/>\n<meta property=\"og:site_name\" content=\"Arts &amp; Savoirs\" \/>\n<meta property=\"article:modified_time\" content=\"2026-04-01T09:04:37+00:00\" \/>\n<meta name=\"twitter:card\" content=\"summary_large_image\" \/>\n<meta name=\"twitter:label1\" content=\"Dur\u00e9e de lecture estim\u00e9e\" \/>\n\t<meta name=\"twitter:data1\" content=\"1 minute\" \/>\n<script type=\"application\/ld+json\" class=\"yoast-schema-graph\">{\"@context\":\"https:\/\/schema.org\",\"@graph\":[{\"@type\":\"WebSite\",\"@id\":\"http:\/\/artsetsavoirshoulgate.com\/#website\",\"url\":\"http:\/\/artsetsavoirshoulgate.com\/\",\"name\":\"Arts & Savoirs Houlgate\",\"description\":\"Pour promouvoir les Arts et Savoirs de toute culture et les activit\u00e9s qui y participent dans un esprit de partage et de f\u00eate\",\"potentialAction\":[{\"@type\":\"SearchAction\",\"target\":{\"@type\":\"EntryPoint\",\"urlTemplate\":\"http:\/\/artsetsavoirshoulgate.com\/?s={search_term_string}\"},\"query-input\":\"required name=search_term_string\"}],\"inLanguage\":\"fr-FR\"},{\"@type\":\"WebPage\",\"@id\":\"https:\/\/artsetsavoirshoulgate.com\/index.php\/conseils-dadministration-et-assemblee-generale\/conseils-dadministration\/#webpage\",\"url\":\"https:\/\/artsetsavoirshoulgate.com\/index.php\/conseils-dadministration-et-assemblee-generale\/conseils-dadministration\/\",\"name\":\"CA et AG 2023 - Arts &amp; Savoirs\",\"isPartOf\":{\"@id\":\"http:\/\/artsetsavoirshoulgate.com\/#website\"},\"datePublished\":\"2023-04-11T16:05:38+00:00\",\"dateModified\":\"2026-04-01T09:04:37+00:00\",\"breadcrumb\":{\"@id\":\"https:\/\/artsetsavoirshoulgate.com\/index.php\/conseils-dadministration-et-assemblee-generale\/conseils-dadministration\/#breadcrumb\"},\"inLanguage\":\"fr-FR\",\"potentialAction\":[{\"@type\":\"ReadAction\",\"target\":[\"https:\/\/artsetsavoirshoulgate.com\/index.php\/conseils-dadministration-et-assemblee-generale\/conseils-dadministration\/\"]}]},{\"@type\":\"BreadcrumbList\",\"@id\":\"https:\/\/artsetsavoirshoulgate.com\/index.php\/conseils-dadministration-et-assemblee-generale\/conseils-dadministration\/#breadcrumb\",\"itemListElement\":[{\"@type\":\"ListItem\",\"position\":1,\"name\":\"Accueil\",\"item\":\"http:\/\/artsetsavoirshoulgate.com\/\"},{\"@type\":\"ListItem\",\"position\":2,\"name\":\"Conseils d&rsquo;Administration et Assembl\u00e9es G\u00e9n\u00e9rales\",\"item\":\"https:\/\/artsetsavoirshoulgate.com\/index.php\/conseils-dadministration-et-assemblee-generale\/\"},{\"@type\":\"ListItem\",\"position\":3,\"name\":\"CA et AG 2023\"}]}]}<\/script>\n<!-- \/ Yoast SEO plugin. -->","yoast_head_json":{"title":"CA et AG 2023 - Arts &amp; Savoirs","robots":{"index":"index","follow":"follow","max-snippet":"max-snippet:-1","max-image-preview":"max-image-preview:large","max-video-preview":"max-video-preview:-1"},"canonical":"https:\/\/artsetsavoirshoulgate.com\/index.php\/conseils-dadministration-et-assemblee-generale\/conseils-dadministration\/","og_locale":"fr_FR","og_type":"article","og_title":"CA et AG 2023 - Arts &amp; Savoirs","og_description":"Compte-rendu du CA du 20 d\u00e9cembre &nbsp; Compte-rendu du CA du 06 d\u00e9cembre (les Olympiades) Compte-rendu du CA du 20 novembre Compte-rendu du CA du 16 octobre&nbsp; CR de l&rsquo;AG du 16 octobre 2023 AG du 16 octobre 2023 compl\u00e9ments administratifs Compte-rendu du CA du 27 septembre&nbsp; Compl\u00e9ment au CA du 27\/09 -Terre de Jeux &hellip; Continuer la lecture de &laquo;&nbsp;CA et AG 2023&nbsp;&raquo;","og_url":"https:\/\/artsetsavoirshoulgate.com\/index.php\/conseils-dadministration-et-assemblee-generale\/conseils-dadministration\/","og_site_name":"Arts &amp; Savoirs","article_modified_time":"2026-04-01T09:04:37+00:00","twitter_card":"summary_large_image","twitter_misc":{"Dur\u00e9e de lecture estim\u00e9e":"1 minute"},"schema":{"@context":"https:\/\/schema.org","@graph":[{"@type":"WebSite","@id":"http:\/\/artsetsavoirshoulgate.com\/#website","url":"http:\/\/artsetsavoirshoulgate.com\/","name":"Arts & Savoirs Houlgate","description":"Pour promouvoir les Arts et Savoirs de toute culture et les activit\u00e9s qui y participent dans un esprit de partage et de f\u00eate","potentialAction":[{"@type":"SearchAction","target":{"@type":"EntryPoint","urlTemplate":"http:\/\/artsetsavoirshoulgate.com\/?s={search_term_string}"},"query-input":"required name=search_term_string"}],"inLanguage":"fr-FR"},{"@type":"WebPage","@id":"https:\/\/artsetsavoirshoulgate.com\/index.php\/conseils-dadministration-et-assemblee-generale\/conseils-dadministration\/#webpage","url":"https:\/\/artsetsavoirshoulgate.com\/index.php\/conseils-dadministration-et-assemblee-generale\/conseils-dadministration\/","name":"CA et AG 2023 - Arts &amp; Savoirs","isPartOf":{"@id":"http:\/\/artsetsavoirshoulgate.com\/#website"},"datePublished":"2023-04-11T16:05:38+00:00","dateModified":"2026-04-01T09:04:37+00:00","breadcrumb":{"@id":"https:\/\/artsetsavoirshoulgate.com\/index.php\/conseils-dadministration-et-assemblee-generale\/conseils-dadministration\/#breadcrumb"},"inLanguage":"fr-FR","potentialAction":[{"@type":"ReadAction","target":["https:\/\/artsetsavoirshoulgate.com\/index.php\/conseils-dadministration-et-assemblee-generale\/conseils-dadministration\/"]}]},{"@type":"BreadcrumbList","@id":"https:\/\/artsetsavoirshoulgate.com\/index.php\/conseils-dadministration-et-assemblee-generale\/conseils-dadministration\/#breadcrumb","itemListElement":[{"@type":"ListItem","position":1,"name":"Accueil","item":"http:\/\/artsetsavoirshoulgate.com\/"},{"@type":"ListItem","position":2,"name":"Conseils d&rsquo;Administration et Assembl\u00e9es G\u00e9n\u00e9rales","item":"https:\/\/artsetsavoirshoulgate.com\/index.php\/conseils-dadministration-et-assemblee-generale\/"},{"@type":"ListItem","position":3,"name":"CA et AG 2023"}]}]}},"_links":{"self":[{"href":"https:\/\/artsetsavoirshoulgate.com\/index.php\/wp-json\/wp\/v2\/pages\/4063"}],"collection":[{"href":"https:\/\/artsetsavoirshoulgate.com\/index.php\/wp-json\/wp\/v2\/pages"}],"about":[{"href":"https:\/\/artsetsavoirshoulgate.com\/index.php\/wp-json\/wp\/v2\/types\/page"}],"author":[{"embeddable":true,"href":"https:\/\/artsetsavoirshoulgate.com\/index.php\/wp-json\/wp\/v2\/users\/1"}],"replies":[{"embeddable":true,"href":"https:\/\/artsetsavoirshoulgate.com\/index.php\/wp-json\/wp\/v2\/comments?post=4063"}],"version-history":[{"count":31,"href":"https:\/\/artsetsavoirshoulgate.com\/index.php\/wp-json\/wp\/v2\/pages\/4063\/revisions"}],"predecessor-version":[{"id":5175,"href":"https:\/\/artsetsavoirshoulgate.com\/index.php\/wp-json\/wp\/v2\/pages\/4063\/revisions\/5175"}],"up":[{"embeddable":true,"href":"https:\/\/artsetsavoirshoulgate.com\/index.php\/wp-json\/wp\/v2\/pages\/4923"}],"wp:attachment":[{"href":"https:\/\/artsetsavoirshoulgate.com\/index.php\/wp-json\/wp\/v2\/media?parent=4063"}],"curies":[{"name":"wp","href":"https:\/\/api.w.org\/{rel}","templated":true}]}}