{"id":4277,"date":"2023-07-25T19:02:11","date_gmt":"2023-07-25T17:02:11","guid":{"rendered":"https:\/\/artsetsavoirshoulgate.com\/?page_id=4277"},"modified":"2026-04-01T11:08:01","modified_gmt":"2026-04-01T09:08:01","slug":"echecs-et-initiation","status":"publish","type":"page","link":"https:\/\/artsetsavoirshoulgate.com\/index.php\/activites\/echecs-et-initiation\/","title":{"rendered":"Echecs"},"content":{"rendered":"\n<div class=\"wp-block-image\"><figure class=\"alignleft size-large is-resized\"><img loading=\"lazy\" src=\"http:\/\/artsetsavoirshoulgate.com\/wp-content\/uploads\/2023\/07\/chess-1483735_1280-1024x701.jpg\" alt=\"\" class=\"wp-image-4283\" width=\"255\" height=\"174\" srcset=\"https:\/\/artsetsavoirshoulgate.com\/wp-content\/uploads\/2023\/07\/chess-1483735_1280-1024x701.jpg 1024w, https:\/\/artsetsavoirshoulgate.com\/wp-content\/uploads\/2023\/07\/chess-1483735_1280-300x205.jpg 300w, https:\/\/artsetsavoirshoulgate.com\/wp-content\/uploads\/2023\/07\/chess-1483735_1280-768x526.jpg 768w, https:\/\/artsetsavoirshoulgate.com\/wp-content\/uploads\/2023\/07\/chess-1483735_1280.jpg 1280w\" sizes=\"(max-width: 255px) 100vw, 255px\" \/><\/figure><\/div>\n\n\n\n<p><strong>Contact<\/strong>&nbsp;:   <strong>Philippe Nugues<\/strong> 06 01 97 98 60<br><strong>Lieu<\/strong>&nbsp;: Houlgate, Salle<strong> Berthe Morisot<\/strong><br><strong>Horaires<\/strong>&nbsp;:&nbsp; Le jeudi, de 17h15 \u00e0 19h15<\/p>\n\n\n\n<p><strong>Participation<\/strong>&nbsp;: 10 \u20ac l\u2019ann\u00e9e&nbsp;(<em>en compl\u00e9ment de&nbsp;<a href=\"http:\/\/artsetsavoirshoulgate.com\/index.php\/a-propos-de\/\">l\u2019adh\u00e9sion \u00e0 l\u2019association<\/a><\/em>). <strong>Cette participation de 10\u20ac par an est  \u00e0 &nbsp;r\u00e9gler <u>une seule fois<\/u> pour&nbsp; l\u2019ensemble des activit\u00e9s tricot,couture,peintures, jeux de soci\u00e9t\u00e9s, \u00e9checs, bridge et tarot.<\/strong><\/p>\n\n\n\n<p class=\"has-vivid-red-color has-text-color has-medium-font-size\"><\/p>\n\n\n\n<p>Bienvenue dans la nouvelle section <strong>\u00ab Les vaches blanches et noires <\/strong>\u00bb. <\/p>\n\n\n\n<p>Cette section a pour but de promouvoir le jeu d\u2019Echecs et d\u00e9couvrir les facettes infinies de ces petites cases blanches et noires.<\/p>\n\n\n\n<p>Venez jouer aux \u00c9checs sans crainte et sans a priori : vous serez accueilli quel que soit votre niveau. Vous n\u2019avez pas jou\u00e9 depuis 20 ans ? on vous attend. Les d\u00e9butants seront particuli\u00e8rement sensibles aux cours particuliers et le plaisir de jouer sera rapidement au rendez-vous. <\/p>\n\n\n\n<p><\/p>\n\n\n\n<p><\/p>\n\n\n\n<p><\/p>\n","protected":false},"excerpt":{"rendered":"<p>Contact&nbsp;: Philippe Nugues 06 01 97 98 60Lieu&nbsp;: Houlgate, Salle Berthe MorisotHoraires&nbsp;:&nbsp; Le jeudi, de 17h15 \u00e0 19h15 Participation&nbsp;: 10 \u20ac l\u2019ann\u00e9e&nbsp;(en compl\u00e9ment de&nbsp;l\u2019adh\u00e9sion \u00e0 l\u2019association). Cette participation de 10\u20ac par an est \u00e0 &nbsp;r\u00e9gler une seule fois pour&nbsp; l\u2019ensemble des activit\u00e9s tricot,couture,peintures, jeux de soci\u00e9t\u00e9s, \u00e9checs, bridge et tarot. Bienvenue dans la nouvelle section &hellip; <\/p>\n<p class=\"link-more\"><a href=\"https:\/\/artsetsavoirshoulgate.com\/index.php\/activites\/echecs-et-initiation\/\" class=\"more-link\">Continuer la lecture<span class=\"screen-reader-text\"> de &laquo;&nbsp;Echecs&nbsp;&raquo;<\/span><\/a><\/p>\n","protected":false},"author":1,"featured_media":0,"parent":31,"menu_order":0,"comment_status":"closed","ping_status":"closed","template":"","meta":[],"yoast_head":"<!-- This site is optimized with the Yoast SEO plugin v18.2 - https:\/\/yoast.com\/wordpress\/plugins\/seo\/ -->\n<title>Echecs - Arts &amp; Savoirs<\/title>\n<meta name=\"robots\" content=\"index, follow, max-snippet:-1, max-image-preview:large, max-video-preview:-1\" \/>\n<link rel=\"canonical\" href=\"https:\/\/artsetsavoirshoulgate.com\/index.php\/activites\/echecs-et-initiation\/\" \/>\n<meta property=\"og:locale\" content=\"fr_FR\" \/>\n<meta property=\"og:type\" content=\"article\" \/>\n<meta property=\"og:title\" content=\"Echecs - Arts &amp; Savoirs\" \/>\n<meta property=\"og:description\" content=\"Contact&nbsp;: Philippe Nugues 06 01 97 98 60Lieu&nbsp;: Houlgate, Salle Berthe MorisotHoraires&nbsp;:&nbsp; Le jeudi, de 17h15 \u00e0 19h15 Participation&nbsp;: 10 \u20ac l\u2019ann\u00e9e&nbsp;(en compl\u00e9ment de&nbsp;l\u2019adh\u00e9sion \u00e0 l\u2019association). Cette participation de 10\u20ac par an est \u00e0 &nbsp;r\u00e9gler une seule fois pour&nbsp; l\u2019ensemble des activit\u00e9s tricot,couture,peintures, jeux de soci\u00e9t\u00e9s, \u00e9checs, bridge et tarot. Bienvenue dans la nouvelle section &hellip; Continuer la lecture de &laquo;&nbsp;Echecs&nbsp;&raquo;\" \/>\n<meta property=\"og:url\" content=\"https:\/\/artsetsavoirshoulgate.com\/index.php\/activites\/echecs-et-initiation\/\" \/>\n<meta property=\"og:site_name\" content=\"Arts &amp; Savoirs\" \/>\n<meta property=\"article:modified_time\" content=\"2026-04-01T09:08:01+00:00\" \/>\n<meta property=\"og:image\" content=\"http:\/\/artsetsavoirshoulgate.com\/wp-content\/uploads\/2023\/07\/chess-1483735_1280-1024x701.jpg\" \/>\n<meta name=\"twitter:card\" content=\"summary_large_image\" \/>\n<meta name=\"twitter:label1\" content=\"Dur\u00e9e de lecture estim\u00e9e\" \/>\n\t<meta name=\"twitter:data1\" content=\"1 minute\" \/>\n<script type=\"application\/ld+json\" class=\"yoast-schema-graph\">{\"@context\":\"https:\/\/schema.org\",\"@graph\":[{\"@type\":\"WebSite\",\"@id\":\"http:\/\/artsetsavoirshoulgate.com\/#website\",\"url\":\"http:\/\/artsetsavoirshoulgate.com\/\",\"name\":\"Arts & Savoirs Houlgate\",\"description\":\"Pour promouvoir les Arts et Savoirs de toute culture et les activit\u00e9s qui y participent dans un esprit de partage et de f\u00eate\",\"potentialAction\":[{\"@type\":\"SearchAction\",\"target\":{\"@type\":\"EntryPoint\",\"urlTemplate\":\"http:\/\/artsetsavoirshoulgate.com\/?s={search_term_string}\"},\"query-input\":\"required name=search_term_string\"}],\"inLanguage\":\"fr-FR\"},{\"@type\":\"ImageObject\",\"@id\":\"https:\/\/artsetsavoirshoulgate.com\/index.php\/activites\/echecs-et-initiation\/#primaryimage\",\"inLanguage\":\"fr-FR\",\"url\":\"http:\/\/artsetsavoirshoulgate.com\/wp-content\/uploads\/2023\/07\/chess-1483735_1280-1024x701.jpg\",\"contentUrl\":\"http:\/\/artsetsavoirshoulgate.com\/wp-content\/uploads\/2023\/07\/chess-1483735_1280-1024x701.jpg\"},{\"@type\":\"WebPage\",\"@id\":\"https:\/\/artsetsavoirshoulgate.com\/index.php\/activites\/echecs-et-initiation\/#webpage\",\"url\":\"https:\/\/artsetsavoirshoulgate.com\/index.php\/activites\/echecs-et-initiation\/\",\"name\":\"Echecs - Arts &amp; Savoirs\",\"isPartOf\":{\"@id\":\"http:\/\/artsetsavoirshoulgate.com\/#website\"},\"primaryImageOfPage\":{\"@id\":\"https:\/\/artsetsavoirshoulgate.com\/index.php\/activites\/echecs-et-initiation\/#primaryimage\"},\"datePublished\":\"2023-07-25T17:02:11+00:00\",\"dateModified\":\"2026-04-01T09:08:01+00:00\",\"breadcrumb\":{\"@id\":\"https:\/\/artsetsavoirshoulgate.com\/index.php\/activites\/echecs-et-initiation\/#breadcrumb\"},\"inLanguage\":\"fr-FR\",\"potentialAction\":[{\"@type\":\"ReadAction\",\"target\":[\"https:\/\/artsetsavoirshoulgate.com\/index.php\/activites\/echecs-et-initiation\/\"]}]},{\"@type\":\"BreadcrumbList\",\"@id\":\"https:\/\/artsetsavoirshoulgate.com\/index.php\/activites\/echecs-et-initiation\/#breadcrumb\",\"itemListElement\":[{\"@type\":\"ListItem\",\"position\":1,\"name\":\"Accueil\",\"item\":\"http:\/\/artsetsavoirshoulgate.com\/\"},{\"@type\":\"ListItem\",\"position\":2,\"name\":\"Loisirs\",\"item\":\"https:\/\/artsetsavoirshoulgate.com\/index.php\/activites\/\"},{\"@type\":\"ListItem\",\"position\":3,\"name\":\"Echecs\"}]}]}<\/script>\n<!-- \/ Yoast SEO plugin. -->","yoast_head_json":{"title":"Echecs - Arts &amp; Savoirs","robots":{"index":"index","follow":"follow","max-snippet":"max-snippet:-1","max-image-preview":"max-image-preview:large","max-video-preview":"max-video-preview:-1"},"canonical":"https:\/\/artsetsavoirshoulgate.com\/index.php\/activites\/echecs-et-initiation\/","og_locale":"fr_FR","og_type":"article","og_title":"Echecs - Arts &amp; Savoirs","og_description":"Contact&nbsp;: Philippe Nugues 06 01 97 98 60Lieu&nbsp;: Houlgate, Salle Berthe MorisotHoraires&nbsp;:&nbsp; Le jeudi, de 17h15 \u00e0 19h15 Participation&nbsp;: 10 \u20ac l\u2019ann\u00e9e&nbsp;(en compl\u00e9ment de&nbsp;l\u2019adh\u00e9sion \u00e0 l\u2019association). Cette participation de 10\u20ac par an est \u00e0 &nbsp;r\u00e9gler une seule fois pour&nbsp; l\u2019ensemble des activit\u00e9s tricot,couture,peintures, jeux de soci\u00e9t\u00e9s, \u00e9checs, bridge et tarot. Bienvenue dans la nouvelle section &hellip; Continuer la lecture de &laquo;&nbsp;Echecs&nbsp;&raquo;","og_url":"https:\/\/artsetsavoirshoulgate.com\/index.php\/activites\/echecs-et-initiation\/","og_site_name":"Arts &amp; Savoirs","article_modified_time":"2026-04-01T09:08:01+00:00","og_image":[{"url":"http:\/\/artsetsavoirshoulgate.com\/wp-content\/uploads\/2023\/07\/chess-1483735_1280-1024x701.jpg"}],"twitter_card":"summary_large_image","twitter_misc":{"Dur\u00e9e de lecture estim\u00e9e":"1 minute"},"schema":{"@context":"https:\/\/schema.org","@graph":[{"@type":"WebSite","@id":"http:\/\/artsetsavoirshoulgate.com\/#website","url":"http:\/\/artsetsavoirshoulgate.com\/","name":"Arts & Savoirs Houlgate","description":"Pour promouvoir les Arts et Savoirs de toute culture et les activit\u00e9s qui y participent dans un esprit de partage et de f\u00eate","potentialAction":[{"@type":"SearchAction","target":{"@type":"EntryPoint","urlTemplate":"http:\/\/artsetsavoirshoulgate.com\/?s={search_term_string}"},"query-input":"required name=search_term_string"}],"inLanguage":"fr-FR"},{"@type":"ImageObject","@id":"https:\/\/artsetsavoirshoulgate.com\/index.php\/activites\/echecs-et-initiation\/#primaryimage","inLanguage":"fr-FR","url":"http:\/\/artsetsavoirshoulgate.com\/wp-content\/uploads\/2023\/07\/chess-1483735_1280-1024x701.jpg","contentUrl":"http:\/\/artsetsavoirshoulgate.com\/wp-content\/uploads\/2023\/07\/chess-1483735_1280-1024x701.jpg"},{"@type":"WebPage","@id":"https:\/\/artsetsavoirshoulgate.com\/index.php\/activites\/echecs-et-initiation\/#webpage","url":"https:\/\/artsetsavoirshoulgate.com\/index.php\/activites\/echecs-et-initiation\/","name":"Echecs - Arts &amp; Savoirs","isPartOf":{"@id":"http:\/\/artsetsavoirshoulgate.com\/#website"},"primaryImageOfPage":{"@id":"https:\/\/artsetsavoirshoulgate.com\/index.php\/activites\/echecs-et-initiation\/#primaryimage"},"datePublished":"2023-07-25T17:02:11+00:00","dateModified":"2026-04-01T09:08:01+00:00","breadcrumb":{"@id":"https:\/\/artsetsavoirshoulgate.com\/index.php\/activites\/echecs-et-initiation\/#breadcrumb"},"inLanguage":"fr-FR","potentialAction":[{"@type":"ReadAction","target":["https:\/\/artsetsavoirshoulgate.com\/index.php\/activites\/echecs-et-initiation\/"]}]},{"@type":"BreadcrumbList","@id":"https:\/\/artsetsavoirshoulgate.com\/index.php\/activites\/echecs-et-initiation\/#breadcrumb","itemListElement":[{"@type":"ListItem","position":1,"name":"Accueil","item":"http:\/\/artsetsavoirshoulgate.com\/"},{"@type":"ListItem","position":2,"name":"Loisirs","item":"https:\/\/artsetsavoirshoulgate.com\/index.php\/activites\/"},{"@type":"ListItem","position":3,"name":"Echecs"}]}]}},"_links":{"self":[{"href":"https:\/\/artsetsavoirshoulgate.com\/index.php\/wp-json\/wp\/v2\/pages\/4277"}],"collection":[{"href":"https:\/\/artsetsavoirshoulgate.com\/index.php\/wp-json\/wp\/v2\/pages"}],"about":[{"href":"https:\/\/artsetsavoirshoulgate.com\/index.php\/wp-json\/wp\/v2\/types\/page"}],"author":[{"embeddable":true,"href":"https:\/\/artsetsavoirshoulgate.com\/index.php\/wp-json\/wp\/v2\/users\/1"}],"replies":[{"embeddable":true,"href":"https:\/\/artsetsavoirshoulgate.com\/index.php\/wp-json\/wp\/v2\/comments?post=4277"}],"version-history":[{"count":17,"href":"https:\/\/artsetsavoirshoulgate.com\/index.php\/wp-json\/wp\/v2\/pages\/4277\/revisions"}],"predecessor-version":[{"id":6462,"href":"https:\/\/artsetsavoirshoulgate.com\/index.php\/wp-json\/wp\/v2\/pages\/4277\/revisions\/6462"}],"up":[{"embeddable":true,"href":"https:\/\/artsetsavoirshoulgate.com\/index.php\/wp-json\/wp\/v2\/pages\/31"}],"wp:attachment":[{"href":"https:\/\/artsetsavoirshoulgate.com\/index.php\/wp-json\/wp\/v2\/media?parent=4277"}],"curies":[{"name":"wp","href":"https:\/\/api.w.org\/{rel}","templated":true}]}}