{"id":4471,"date":"2023-08-25T18:37:25","date_gmt":"2023-08-25T16:37:25","guid":{"rendered":"https:\/\/artsetsavoirshoulgate.com\/?page_id=4471"},"modified":"2026-04-01T11:09:07","modified_gmt":"2026-04-01T09:09:07","slug":"improvisation-theatrale","status":"publish","type":"page","link":"https:\/\/artsetsavoirshoulgate.com\/index.php\/activites\/improvisation-theatrale\/","title":{"rendered":"Improvisation th\u00e9\u00e2trale"},"content":{"rendered":"<p><img loading=\"lazy\" class=\"wp-image-4468 size-medium alignleft\" src=\"http:\/\/artsetsavoirshoulgate.com\/wp-content\/uploads\/2023\/08\/logo-latelier-dimpro-ombre-268x300.jpg\" alt=\"\" width=\"268\" height=\"300\" srcset=\"https:\/\/artsetsavoirshoulgate.com\/wp-content\/uploads\/2023\/08\/logo-latelier-dimpro-ombre-268x300.jpg 268w, https:\/\/artsetsavoirshoulgate.com\/wp-content\/uploads\/2023\/08\/logo-latelier-dimpro-ombre.jpg 762w\" sizes=\"(max-width: 268px) 100vw, 268px\" \/><\/p>\n<p><\/p>\n<p><strong>Contact<\/strong> : Philippe<strong> REMONDIN <\/strong>06 58 50 75 60<br><strong>Lieu<\/strong> : Houlgate, Petit Th\u00e9\u00e2tre (ex patronage)<br><strong>Horaires<\/strong> :&nbsp; Le mardi, de 18h30 \u00e0 20h<\/p>\n<p><strong>Participation<\/strong> :100\u20ac par an (+ <a href=\"http:\/\/artsetsavoirshoulgate.com\/index.php\/a-propos-de\/\">l\u2019adh\u00e9sion \u00e0 l\u2019association)<\/a><\/p>\n<h4>Animateurs : St\u00e9phanie, Didier et Sarah-Baptiste (Baps)<\/h4>\n<p>Activit\u00e9 \u00ab\u00a0improvisation th\u00e9\u00e2trale\u00a0\u00bb.&nbsp;<strong> Qu\u00e9saco ?<\/strong><\/p>\n<p style=\"text-align: left; padding-left: 40px;\"><em>Improviser, c&rsquo;est penser \u00e0 c\u00f4t\u00e9.<\/em><\/p>\n<p style=\"text-align: left; padding-left: 40px;\"><em>improviser, c&rsquo;est \u00e9baucher et conclure \u00e0 la fois.<\/em><\/p>\n<p><strong>Au programme : <\/strong>s&rsquo;amuser, rire, jouer, s&rsquo;\u00e9vader du quotidien, imaginer, cr\u00e9er<\/p>\n<p>S\u00e9ance d&rsquo;essai gratuite<\/p>\n<p><img loading=\"lazy\" class=\"alignnone size-medium wp-image-4607\" src=\"http:\/\/artsetsavoirshoulgate.com\/wp-content\/uploads\/2023\/10\/c3c61920-11-300x235.jpg\" alt=\"\" width=\"300\" height=\"235\" srcset=\"https:\/\/artsetsavoirshoulgate.com\/wp-content\/uploads\/2023\/10\/c3c61920-11-300x235.jpg 300w, https:\/\/artsetsavoirshoulgate.com\/wp-content\/uploads\/2023\/10\/c3c61920-11-768x602.jpg 768w, https:\/\/artsetsavoirshoulgate.com\/wp-content\/uploads\/2023\/10\/c3c61920-11.jpg 1024w\" sizes=\"(max-width: 300px) 100vw, 300px\" \/> <img loading=\"lazy\" class=\"alignnone  wp-image-4606\" src=\"http:\/\/artsetsavoirshoulgate.com\/wp-content\/uploads\/2023\/10\/70c00a0a-11-300x225.jpg\" alt=\"\" width=\"312\" height=\"234\" srcset=\"https:\/\/artsetsavoirshoulgate.com\/wp-content\/uploads\/2023\/10\/70c00a0a-11-300x225.jpg 300w, https:\/\/artsetsavoirshoulgate.com\/wp-content\/uploads\/2023\/10\/70c00a0a-11-768x576.jpg 768w, https:\/\/artsetsavoirshoulgate.com\/wp-content\/uploads\/2023\/10\/70c00a0a-11.jpg 1024w\" sizes=\"(max-width: 312px) 100vw, 312px\" \/><\/p>\n\n\n<p><\/p>\n","protected":false},"excerpt":{"rendered":"<p>Contact : Philippe REMONDIN 06 58 50 75 60Lieu : Houlgate, Petit Th\u00e9\u00e2tre (ex patronage)Horaires :&nbsp; Le mardi, de 18h30 \u00e0 20h Participation :100\u20ac par an (+ l\u2019adh\u00e9sion \u00e0 l\u2019association) Animateurs : St\u00e9phanie, Didier et Sarah-Baptiste (Baps) Activit\u00e9 \u00ab\u00a0improvisation th\u00e9\u00e2trale\u00a0\u00bb.&nbsp; Qu\u00e9saco ? Improviser, c&rsquo;est penser \u00e0 c\u00f4t\u00e9. improviser, c&rsquo;est \u00e9baucher et conclure \u00e0 la fois. &hellip; <\/p>\n<p class=\"link-more\"><a href=\"https:\/\/artsetsavoirshoulgate.com\/index.php\/activites\/improvisation-theatrale\/\" class=\"more-link\">Continuer la lecture<span class=\"screen-reader-text\"> de &laquo;&nbsp;Improvisation th\u00e9\u00e2trale&nbsp;&raquo;<\/span><\/a><\/p>\n","protected":false},"author":1,"featured_media":0,"parent":31,"menu_order":0,"comment_status":"closed","ping_status":"closed","template":"","meta":[],"yoast_head":"<!-- This site is optimized with the Yoast SEO plugin v18.2 - https:\/\/yoast.com\/wordpress\/plugins\/seo\/ -->\n<title>Improvisation th\u00e9\u00e2trale - Arts &amp; Savoirs<\/title>\n<meta name=\"robots\" content=\"index, follow, max-snippet:-1, max-image-preview:large, max-video-preview:-1\" \/>\n<link rel=\"canonical\" href=\"https:\/\/artsetsavoirshoulgate.com\/index.php\/activites\/improvisation-theatrale\/\" \/>\n<meta property=\"og:locale\" content=\"fr_FR\" \/>\n<meta property=\"og:type\" content=\"article\" \/>\n<meta property=\"og:title\" content=\"Improvisation th\u00e9\u00e2trale - Arts &amp; Savoirs\" \/>\n<meta property=\"og:description\" content=\"Contact : Philippe REMONDIN 06 58 50 75 60Lieu : Houlgate, Petit Th\u00e9\u00e2tre (ex patronage)Horaires :&nbsp; Le mardi, de 18h30 \u00e0 20h Participation :100\u20ac par an (+ l\u2019adh\u00e9sion \u00e0 l\u2019association) Animateurs : St\u00e9phanie, Didier et Sarah-Baptiste (Baps) Activit\u00e9 \u00ab\u00a0improvisation th\u00e9\u00e2trale\u00a0\u00bb.&nbsp; Qu\u00e9saco ? Improviser, c&rsquo;est penser \u00e0 c\u00f4t\u00e9. improviser, c&rsquo;est \u00e9baucher et conclure \u00e0 la fois. &hellip; Continuer la lecture de &laquo;&nbsp;Improvisation th\u00e9\u00e2trale&nbsp;&raquo;\" \/>\n<meta property=\"og:url\" content=\"https:\/\/artsetsavoirshoulgate.com\/index.php\/activites\/improvisation-theatrale\/\" \/>\n<meta property=\"og:site_name\" content=\"Arts &amp; Savoirs\" \/>\n<meta property=\"article:modified_time\" content=\"2026-04-01T09:09:07+00:00\" \/>\n<meta property=\"og:image\" content=\"http:\/\/artsetsavoirshoulgate.com\/wp-content\/uploads\/2023\/08\/logo-latelier-dimpro-ombre-268x300.jpg\" \/>\n<meta name=\"twitter:card\" content=\"summary_large_image\" \/>\n<meta name=\"twitter:label1\" content=\"Dur\u00e9e de lecture estim\u00e9e\" \/>\n\t<meta name=\"twitter:data1\" content=\"1 minute\" \/>\n<script type=\"application\/ld+json\" class=\"yoast-schema-graph\">{\"@context\":\"https:\/\/schema.org\",\"@graph\":[{\"@type\":\"WebSite\",\"@id\":\"http:\/\/artsetsavoirshoulgate.com\/#website\",\"url\":\"http:\/\/artsetsavoirshoulgate.com\/\",\"name\":\"Arts & Savoirs Houlgate\",\"description\":\"Pour promouvoir les Arts et Savoirs de toute culture et les activit\u00e9s qui y participent dans un esprit de partage et de f\u00eate\",\"potentialAction\":[{\"@type\":\"SearchAction\",\"target\":{\"@type\":\"EntryPoint\",\"urlTemplate\":\"http:\/\/artsetsavoirshoulgate.com\/?s={search_term_string}\"},\"query-input\":\"required name=search_term_string\"}],\"inLanguage\":\"fr-FR\"},{\"@type\":\"ImageObject\",\"@id\":\"https:\/\/artsetsavoirshoulgate.com\/index.php\/activites\/improvisation-theatrale\/#primaryimage\",\"inLanguage\":\"fr-FR\",\"url\":\"http:\/\/artsetsavoirshoulgate.com\/wp-content\/uploads\/2023\/08\/logo-latelier-dimpro-ombre-268x300.jpg\",\"contentUrl\":\"http:\/\/artsetsavoirshoulgate.com\/wp-content\/uploads\/2023\/08\/logo-latelier-dimpro-ombre-268x300.jpg\"},{\"@type\":\"WebPage\",\"@id\":\"https:\/\/artsetsavoirshoulgate.com\/index.php\/activites\/improvisation-theatrale\/#webpage\",\"url\":\"https:\/\/artsetsavoirshoulgate.com\/index.php\/activites\/improvisation-theatrale\/\",\"name\":\"Improvisation th\u00e9\u00e2trale - Arts &amp; Savoirs\",\"isPartOf\":{\"@id\":\"http:\/\/artsetsavoirshoulgate.com\/#website\"},\"primaryImageOfPage\":{\"@id\":\"https:\/\/artsetsavoirshoulgate.com\/index.php\/activites\/improvisation-theatrale\/#primaryimage\"},\"datePublished\":\"2023-08-25T16:37:25+00:00\",\"dateModified\":\"2026-04-01T09:09:07+00:00\",\"breadcrumb\":{\"@id\":\"https:\/\/artsetsavoirshoulgate.com\/index.php\/activites\/improvisation-theatrale\/#breadcrumb\"},\"inLanguage\":\"fr-FR\",\"potentialAction\":[{\"@type\":\"ReadAction\",\"target\":[\"https:\/\/artsetsavoirshoulgate.com\/index.php\/activites\/improvisation-theatrale\/\"]}]},{\"@type\":\"BreadcrumbList\",\"@id\":\"https:\/\/artsetsavoirshoulgate.com\/index.php\/activites\/improvisation-theatrale\/#breadcrumb\",\"itemListElement\":[{\"@type\":\"ListItem\",\"position\":1,\"name\":\"Accueil\",\"item\":\"http:\/\/artsetsavoirshoulgate.com\/\"},{\"@type\":\"ListItem\",\"position\":2,\"name\":\"Loisirs\",\"item\":\"https:\/\/artsetsavoirshoulgate.com\/index.php\/activites\/\"},{\"@type\":\"ListItem\",\"position\":3,\"name\":\"Improvisation th\u00e9\u00e2trale\"}]}]}<\/script>\n<!-- \/ Yoast SEO plugin. -->","yoast_head_json":{"title":"Improvisation th\u00e9\u00e2trale - Arts &amp; Savoirs","robots":{"index":"index","follow":"follow","max-snippet":"max-snippet:-1","max-image-preview":"max-image-preview:large","max-video-preview":"max-video-preview:-1"},"canonical":"https:\/\/artsetsavoirshoulgate.com\/index.php\/activites\/improvisation-theatrale\/","og_locale":"fr_FR","og_type":"article","og_title":"Improvisation th\u00e9\u00e2trale - Arts &amp; Savoirs","og_description":"Contact : Philippe REMONDIN 06 58 50 75 60Lieu : Houlgate, Petit Th\u00e9\u00e2tre (ex patronage)Horaires :&nbsp; Le mardi, de 18h30 \u00e0 20h Participation :100\u20ac par an (+ l\u2019adh\u00e9sion \u00e0 l\u2019association) Animateurs : St\u00e9phanie, Didier et Sarah-Baptiste (Baps) Activit\u00e9 \u00ab\u00a0improvisation th\u00e9\u00e2trale\u00a0\u00bb.&nbsp; Qu\u00e9saco ? Improviser, c&rsquo;est penser \u00e0 c\u00f4t\u00e9. improviser, c&rsquo;est \u00e9baucher et conclure \u00e0 la fois. &hellip; Continuer la lecture de &laquo;&nbsp;Improvisation th\u00e9\u00e2trale&nbsp;&raquo;","og_url":"https:\/\/artsetsavoirshoulgate.com\/index.php\/activites\/improvisation-theatrale\/","og_site_name":"Arts &amp; Savoirs","article_modified_time":"2026-04-01T09:09:07+00:00","og_image":[{"url":"http:\/\/artsetsavoirshoulgate.com\/wp-content\/uploads\/2023\/08\/logo-latelier-dimpro-ombre-268x300.jpg"}],"twitter_card":"summary_large_image","twitter_misc":{"Dur\u00e9e de lecture estim\u00e9e":"1 minute"},"schema":{"@context":"https:\/\/schema.org","@graph":[{"@type":"WebSite","@id":"http:\/\/artsetsavoirshoulgate.com\/#website","url":"http:\/\/artsetsavoirshoulgate.com\/","name":"Arts & Savoirs Houlgate","description":"Pour promouvoir les Arts et Savoirs de toute culture et les activit\u00e9s qui y participent dans un esprit de partage et de f\u00eate","potentialAction":[{"@type":"SearchAction","target":{"@type":"EntryPoint","urlTemplate":"http:\/\/artsetsavoirshoulgate.com\/?s={search_term_string}"},"query-input":"required name=search_term_string"}],"inLanguage":"fr-FR"},{"@type":"ImageObject","@id":"https:\/\/artsetsavoirshoulgate.com\/index.php\/activites\/improvisation-theatrale\/#primaryimage","inLanguage":"fr-FR","url":"http:\/\/artsetsavoirshoulgate.com\/wp-content\/uploads\/2023\/08\/logo-latelier-dimpro-ombre-268x300.jpg","contentUrl":"http:\/\/artsetsavoirshoulgate.com\/wp-content\/uploads\/2023\/08\/logo-latelier-dimpro-ombre-268x300.jpg"},{"@type":"WebPage","@id":"https:\/\/artsetsavoirshoulgate.com\/index.php\/activites\/improvisation-theatrale\/#webpage","url":"https:\/\/artsetsavoirshoulgate.com\/index.php\/activites\/improvisation-theatrale\/","name":"Improvisation th\u00e9\u00e2trale - Arts &amp; Savoirs","isPartOf":{"@id":"http:\/\/artsetsavoirshoulgate.com\/#website"},"primaryImageOfPage":{"@id":"https:\/\/artsetsavoirshoulgate.com\/index.php\/activites\/improvisation-theatrale\/#primaryimage"},"datePublished":"2023-08-25T16:37:25+00:00","dateModified":"2026-04-01T09:09:07+00:00","breadcrumb":{"@id":"https:\/\/artsetsavoirshoulgate.com\/index.php\/activites\/improvisation-theatrale\/#breadcrumb"},"inLanguage":"fr-FR","potentialAction":[{"@type":"ReadAction","target":["https:\/\/artsetsavoirshoulgate.com\/index.php\/activites\/improvisation-theatrale\/"]}]},{"@type":"BreadcrumbList","@id":"https:\/\/artsetsavoirshoulgate.com\/index.php\/activites\/improvisation-theatrale\/#breadcrumb","itemListElement":[{"@type":"ListItem","position":1,"name":"Accueil","item":"http:\/\/artsetsavoirshoulgate.com\/"},{"@type":"ListItem","position":2,"name":"Loisirs","item":"https:\/\/artsetsavoirshoulgate.com\/index.php\/activites\/"},{"@type":"ListItem","position":3,"name":"Improvisation th\u00e9\u00e2trale"}]}]}},"_links":{"self":[{"href":"https:\/\/artsetsavoirshoulgate.com\/index.php\/wp-json\/wp\/v2\/pages\/4471"}],"collection":[{"href":"https:\/\/artsetsavoirshoulgate.com\/index.php\/wp-json\/wp\/v2\/pages"}],"about":[{"href":"https:\/\/artsetsavoirshoulgate.com\/index.php\/wp-json\/wp\/v2\/types\/page"}],"author":[{"embeddable":true,"href":"https:\/\/artsetsavoirshoulgate.com\/index.php\/wp-json\/wp\/v2\/users\/1"}],"replies":[{"embeddable":true,"href":"https:\/\/artsetsavoirshoulgate.com\/index.php\/wp-json\/wp\/v2\/comments?post=4471"}],"version-history":[{"count":13,"href":"https:\/\/artsetsavoirshoulgate.com\/index.php\/wp-json\/wp\/v2\/pages\/4471\/revisions"}],"predecessor-version":[{"id":6464,"href":"https:\/\/artsetsavoirshoulgate.com\/index.php\/wp-json\/wp\/v2\/pages\/4471\/revisions\/6464"}],"up":[{"embeddable":true,"href":"https:\/\/artsetsavoirshoulgate.com\/index.php\/wp-json\/wp\/v2\/pages\/31"}],"wp:attachment":[{"href":"https:\/\/artsetsavoirshoulgate.com\/index.php\/wp-json\/wp\/v2\/media?parent=4471"}],"curies":[{"name":"wp","href":"https:\/\/api.w.org\/{rel}","templated":true}]}}