{"id":4868,"date":"2024-01-18T15:16:39","date_gmt":"2024-01-18T14:16:39","guid":{"rendered":"https:\/\/artsetsavoirshoulgate.com\/?page_id=4868"},"modified":"2026-04-01T11:03:01","modified_gmt":"2026-04-01T09:03:01","slug":"anglais-debutant-moyen","status":"publish","type":"page","link":"https:\/\/artsetsavoirshoulgate.com\/index.php\/test\/anglais-debutant-moyen\/","title":{"rendered":"Anglais d\u00e9butant \/moyen"},"content":{"rendered":"\n<p class=\"has-vivid-red-color has-text-color\" style=\"font-size:24px\"><\/p>\n\n\n\n<div class=\"wp-block-columns are-vertically-aligned-center\">\n<div class=\"wp-block-column is-vertically-aligned-center\" style=\"flex-basis:100%\">\n<div class=\"wp-container-1 wp-block-group alignwide\"><div class=\"wp-block-group__inner-container\">\n<div class=\"wp-block-media-text alignwide is-stacked-on-mobile\" style=\"grid-template-columns:32% auto\"><figure class=\"wp-block-media-text__media\"><img loading=\"lazy\" width=\"906\" height=\"1024\" src=\"http:\/\/artsetsavoirshoulgate.com\/wp-content\/uploads\/2024\/01\/anglais-02-906x1024.jpg\" alt=\"\" class=\"wp-image-4875 size-full\" srcset=\"https:\/\/artsetsavoirshoulgate.com\/wp-content\/uploads\/2024\/01\/anglais-02-906x1024.jpg 906w, https:\/\/artsetsavoirshoulgate.com\/wp-content\/uploads\/2024\/01\/anglais-02-265x300.jpg 265w, https:\/\/artsetsavoirshoulgate.com\/wp-content\/uploads\/2024\/01\/anglais-02-768x868.jpg 768w, https:\/\/artsetsavoirshoulgate.com\/wp-content\/uploads\/2024\/01\/anglais-02.jpg 1078w\" sizes=\"(max-width: 706px) 89vw, (max-width: 767px) 82vw, 740px\" \/><\/figure><div class=\"wp-block-media-text__content\">\n<p><strong>Contact<\/strong> :V\u00e9ronique <strong>BINET-MENDOWSKI<\/strong> 06.85.11.34.00<\/p>\n\n\n\n<p>Lieu : Salle C\u00e9cile Sorel (derri\u00e8re la mairie)<\/p>\n\n\n\n<p>Horaires: mercredi de 18h \u00e0 19h30<\/p>\n\n\n\n<p class=\"has-black-color has-text-color\"><strong>Participation<\/strong>&nbsp;: annuelle de 200\u20ac<br><em>en compl\u00e9ment de l\u2019<a href=\"http:\/\/artsetsavoirshoulgate.com\/index.php\/a-propos-de\/\">adh\u00e9sion \u00e0 l\u2019Association<\/a><\/em><\/p>\n\n\n\n<p style=\"font-size:18px\">Intervenant: Claire Dupuis<\/p>\n<\/div><\/div>\n<\/div><\/div>\n<\/div>\n<\/div>\n\n\n\n<p><\/p>\n","protected":false},"excerpt":{"rendered":"<p>Contact :V\u00e9ronique BINET-MENDOWSKI 06.85.11.34.00 Lieu : Salle C\u00e9cile Sorel (derri\u00e8re la mairie) Horaires: mercredi de 18h \u00e0 19h30 Participation&nbsp;: annuelle de 200\u20acen compl\u00e9ment de l\u2019adh\u00e9sion \u00e0 l\u2019Association Intervenant: Claire Dupuis<\/p>\n","protected":false},"author":1,"featured_media":0,"parent":236,"menu_order":0,"comment_status":"closed","ping_status":"closed","template":"","meta":[],"yoast_head":"<!-- This site is optimized with the Yoast SEO plugin v18.2 - https:\/\/yoast.com\/wordpress\/plugins\/seo\/ -->\n<title>Anglais d\u00e9butant \/moyen - Arts &amp; Savoirs<\/title>\n<meta name=\"robots\" content=\"index, follow, max-snippet:-1, max-image-preview:large, max-video-preview:-1\" \/>\n<link rel=\"canonical\" href=\"https:\/\/artsetsavoirshoulgate.com\/index.php\/test\/anglais-debutant-moyen\/\" \/>\n<meta property=\"og:locale\" content=\"fr_FR\" \/>\n<meta property=\"og:type\" content=\"article\" \/>\n<meta property=\"og:title\" content=\"Anglais d\u00e9butant \/moyen - Arts &amp; Savoirs\" \/>\n<meta property=\"og:description\" content=\"Contact :V\u00e9ronique BINET-MENDOWSKI 06.85.11.34.00 Lieu : Salle C\u00e9cile Sorel (derri\u00e8re la mairie) Horaires: mercredi de 18h \u00e0 19h30 Participation&nbsp;: annuelle de 200\u20acen compl\u00e9ment de l\u2019adh\u00e9sion \u00e0 l\u2019Association Intervenant: Claire Dupuis\" \/>\n<meta property=\"og:url\" content=\"https:\/\/artsetsavoirshoulgate.com\/index.php\/test\/anglais-debutant-moyen\/\" \/>\n<meta property=\"og:site_name\" content=\"Arts &amp; Savoirs\" \/>\n<meta property=\"article:modified_time\" content=\"2026-04-01T09:03:01+00:00\" \/>\n<meta property=\"og:image\" content=\"http:\/\/artsetsavoirshoulgate.com\/wp-content\/uploads\/2024\/01\/anglais-02-906x1024.jpg\" \/>\n<meta name=\"twitter:card\" content=\"summary_large_image\" \/>\n<meta name=\"twitter:label1\" content=\"Dur\u00e9e de lecture estim\u00e9e\" \/>\n\t<meta name=\"twitter:data1\" content=\"1 minute\" \/>\n<script type=\"application\/ld+json\" class=\"yoast-schema-graph\">{\"@context\":\"https:\/\/schema.org\",\"@graph\":[{\"@type\":\"WebSite\",\"@id\":\"http:\/\/artsetsavoirshoulgate.com\/#website\",\"url\":\"http:\/\/artsetsavoirshoulgate.com\/\",\"name\":\"Arts & Savoirs Houlgate\",\"description\":\"Pour promouvoir les Arts et Savoirs de toute culture et les activit\u00e9s qui y participent dans un esprit de partage et de f\u00eate\",\"potentialAction\":[{\"@type\":\"SearchAction\",\"target\":{\"@type\":\"EntryPoint\",\"urlTemplate\":\"http:\/\/artsetsavoirshoulgate.com\/?s={search_term_string}\"},\"query-input\":\"required name=search_term_string\"}],\"inLanguage\":\"fr-FR\"},{\"@type\":\"ImageObject\",\"@id\":\"https:\/\/artsetsavoirshoulgate.com\/index.php\/test\/anglais-debutant-moyen\/#primaryimage\",\"inLanguage\":\"fr-FR\",\"url\":\"http:\/\/artsetsavoirshoulgate.com\/wp-content\/uploads\/2024\/01\/anglais-02-906x1024.jpg\",\"contentUrl\":\"http:\/\/artsetsavoirshoulgate.com\/wp-content\/uploads\/2024\/01\/anglais-02-906x1024.jpg\"},{\"@type\":\"WebPage\",\"@id\":\"https:\/\/artsetsavoirshoulgate.com\/index.php\/test\/anglais-debutant-moyen\/#webpage\",\"url\":\"https:\/\/artsetsavoirshoulgate.com\/index.php\/test\/anglais-debutant-moyen\/\",\"name\":\"Anglais d\u00e9butant \/moyen - Arts &amp; Savoirs\",\"isPartOf\":{\"@id\":\"http:\/\/artsetsavoirshoulgate.com\/#website\"},\"primaryImageOfPage\":{\"@id\":\"https:\/\/artsetsavoirshoulgate.com\/index.php\/test\/anglais-debutant-moyen\/#primaryimage\"},\"datePublished\":\"2024-01-18T14:16:39+00:00\",\"dateModified\":\"2026-04-01T09:03:01+00:00\",\"breadcrumb\":{\"@id\":\"https:\/\/artsetsavoirshoulgate.com\/index.php\/test\/anglais-debutant-moyen\/#breadcrumb\"},\"inLanguage\":\"fr-FR\",\"potentialAction\":[{\"@type\":\"ReadAction\",\"target\":[\"https:\/\/artsetsavoirshoulgate.com\/index.php\/test\/anglais-debutant-moyen\/\"]}]},{\"@type\":\"BreadcrumbList\",\"@id\":\"https:\/\/artsetsavoirshoulgate.com\/index.php\/test\/anglais-debutant-moyen\/#breadcrumb\",\"itemListElement\":[{\"@type\":\"ListItem\",\"position\":1,\"name\":\"Accueil\",\"item\":\"http:\/\/artsetsavoirshoulgate.com\/\"},{\"@type\":\"ListItem\",\"position\":2,\"name\":\"Culture\",\"item\":\"https:\/\/artsetsavoirshoulgate.com\/index.php\/test\/\"},{\"@type\":\"ListItem\",\"position\":3,\"name\":\"Anglais d\u00e9butant \/moyen\"}]}]}<\/script>\n<!-- \/ Yoast SEO plugin. -->","yoast_head_json":{"title":"Anglais d\u00e9butant \/moyen - Arts &amp; Savoirs","robots":{"index":"index","follow":"follow","max-snippet":"max-snippet:-1","max-image-preview":"max-image-preview:large","max-video-preview":"max-video-preview:-1"},"canonical":"https:\/\/artsetsavoirshoulgate.com\/index.php\/test\/anglais-debutant-moyen\/","og_locale":"fr_FR","og_type":"article","og_title":"Anglais d\u00e9butant \/moyen - Arts &amp; Savoirs","og_description":"Contact :V\u00e9ronique BINET-MENDOWSKI 06.85.11.34.00 Lieu : Salle C\u00e9cile Sorel (derri\u00e8re la mairie) Horaires: mercredi de 18h \u00e0 19h30 Participation&nbsp;: annuelle de 200\u20acen compl\u00e9ment de l\u2019adh\u00e9sion \u00e0 l\u2019Association Intervenant: Claire Dupuis","og_url":"https:\/\/artsetsavoirshoulgate.com\/index.php\/test\/anglais-debutant-moyen\/","og_site_name":"Arts &amp; Savoirs","article_modified_time":"2026-04-01T09:03:01+00:00","og_image":[{"url":"http:\/\/artsetsavoirshoulgate.com\/wp-content\/uploads\/2024\/01\/anglais-02-906x1024.jpg"}],"twitter_card":"summary_large_image","twitter_misc":{"Dur\u00e9e de lecture estim\u00e9e":"1 minute"},"schema":{"@context":"https:\/\/schema.org","@graph":[{"@type":"WebSite","@id":"http:\/\/artsetsavoirshoulgate.com\/#website","url":"http:\/\/artsetsavoirshoulgate.com\/","name":"Arts & Savoirs Houlgate","description":"Pour promouvoir les Arts et Savoirs de toute culture et les activit\u00e9s qui y participent dans un esprit de partage et de f\u00eate","potentialAction":[{"@type":"SearchAction","target":{"@type":"EntryPoint","urlTemplate":"http:\/\/artsetsavoirshoulgate.com\/?s={search_term_string}"},"query-input":"required name=search_term_string"}],"inLanguage":"fr-FR"},{"@type":"ImageObject","@id":"https:\/\/artsetsavoirshoulgate.com\/index.php\/test\/anglais-debutant-moyen\/#primaryimage","inLanguage":"fr-FR","url":"http:\/\/artsetsavoirshoulgate.com\/wp-content\/uploads\/2024\/01\/anglais-02-906x1024.jpg","contentUrl":"http:\/\/artsetsavoirshoulgate.com\/wp-content\/uploads\/2024\/01\/anglais-02-906x1024.jpg"},{"@type":"WebPage","@id":"https:\/\/artsetsavoirshoulgate.com\/index.php\/test\/anglais-debutant-moyen\/#webpage","url":"https:\/\/artsetsavoirshoulgate.com\/index.php\/test\/anglais-debutant-moyen\/","name":"Anglais d\u00e9butant \/moyen - Arts &amp; Savoirs","isPartOf":{"@id":"http:\/\/artsetsavoirshoulgate.com\/#website"},"primaryImageOfPage":{"@id":"https:\/\/artsetsavoirshoulgate.com\/index.php\/test\/anglais-debutant-moyen\/#primaryimage"},"datePublished":"2024-01-18T14:16:39+00:00","dateModified":"2026-04-01T09:03:01+00:00","breadcrumb":{"@id":"https:\/\/artsetsavoirshoulgate.com\/index.php\/test\/anglais-debutant-moyen\/#breadcrumb"},"inLanguage":"fr-FR","potentialAction":[{"@type":"ReadAction","target":["https:\/\/artsetsavoirshoulgate.com\/index.php\/test\/anglais-debutant-moyen\/"]}]},{"@type":"BreadcrumbList","@id":"https:\/\/artsetsavoirshoulgate.com\/index.php\/test\/anglais-debutant-moyen\/#breadcrumb","itemListElement":[{"@type":"ListItem","position":1,"name":"Accueil","item":"http:\/\/artsetsavoirshoulgate.com\/"},{"@type":"ListItem","position":2,"name":"Culture","item":"https:\/\/artsetsavoirshoulgate.com\/index.php\/test\/"},{"@type":"ListItem","position":3,"name":"Anglais d\u00e9butant \/moyen"}]}]}},"_links":{"self":[{"href":"https:\/\/artsetsavoirshoulgate.com\/index.php\/wp-json\/wp\/v2\/pages\/4868"}],"collection":[{"href":"https:\/\/artsetsavoirshoulgate.com\/index.php\/wp-json\/wp\/v2\/pages"}],"about":[{"href":"https:\/\/artsetsavoirshoulgate.com\/index.php\/wp-json\/wp\/v2\/types\/page"}],"author":[{"embeddable":true,"href":"https:\/\/artsetsavoirshoulgate.com\/index.php\/wp-json\/wp\/v2\/users\/1"}],"replies":[{"embeddable":true,"href":"https:\/\/artsetsavoirshoulgate.com\/index.php\/wp-json\/wp\/v2\/comments?post=4868"}],"version-history":[{"count":14,"href":"https:\/\/artsetsavoirshoulgate.com\/index.php\/wp-json\/wp\/v2\/pages\/4868\/revisions"}],"predecessor-version":[{"id":6457,"href":"https:\/\/artsetsavoirshoulgate.com\/index.php\/wp-json\/wp\/v2\/pages\/4868\/revisions\/6457"}],"up":[{"embeddable":true,"href":"https:\/\/artsetsavoirshoulgate.com\/index.php\/wp-json\/wp\/v2\/pages\/236"}],"wp:attachment":[{"href":"https:\/\/artsetsavoirshoulgate.com\/index.php\/wp-json\/wp\/v2\/media?parent=4868"}],"curies":[{"name":"wp","href":"https:\/\/api.w.org\/{rel}","templated":true}]}}