{"id":4891,"date":"2024-01-18T16:01:27","date_gmt":"2024-01-18T15:01:27","guid":{"rendered":"https:\/\/artsetsavoirshoulgate.com\/?page_id=4891"},"modified":"2026-04-01T11:13:06","modified_gmt":"2026-04-01T09:13:06","slug":"tricot-couture","status":"publish","type":"page","link":"https:\/\/artsetsavoirshoulgate.com\/index.php\/activites\/tricot-couture\/","title":{"rendered":"Tricot\/Couture"},"content":{"rendered":"\n<div class=\"wp-block-media-text alignwide is-stacked-on-mobile\" style=\"grid-template-columns:28% auto\"><figure class=\"wp-block-media-text__media\"><img loading=\"lazy\" width=\"242\" height=\"363\" src=\"http:\/\/artsetsavoirshoulgate.com\/wp-content\/uploads\/2024\/01\/couture-01.jpg\" alt=\"\" class=\"wp-image-4893 size-full\" srcset=\"https:\/\/artsetsavoirshoulgate.com\/wp-content\/uploads\/2024\/01\/couture-01.jpg 242w, https:\/\/artsetsavoirshoulgate.com\/wp-content\/uploads\/2024\/01\/couture-01-200x300.jpg 200w\" sizes=\"(max-width: 242px) 100vw, 242px\" \/><\/figure><div class=\"wp-block-media-text__content\">\n<p class=\"has-medium-font-size\"><strong>Contact<\/strong>&nbsp;: <strong>Evelyne PETIT 06 07 44 60 65<\/strong><br><strong>Horaire Tricot<\/strong>&nbsp;:&nbsp; Mardi  de 14h \u00e0 16h30<\/p>\n\n\n\n<p class=\"has-black-color has-text-color has-medium-font-size\"><strong>Lieu<\/strong>&nbsp;:&nbsp; Salle Berthe Morisot<\/p>\n\n\n\n<p class=\"has-black-color has-text-color has-medium-font-size\"><strong>Horaire<\/strong> <strong>Couture<\/strong> :&nbsp; Jeudi de 14h \u00e0 16h30 <\/p>\n\n\n\n<p class=\"has-black-color has-text-color has-medium-font-size\"><strong>Lieu<\/strong>&nbsp;:&nbsp; Salle Georges Sand et Camille Saint Sa\u00ebns (1er \u00e9tage au dessus salle Berthe Morisot).<\/p>\n\n\n\n<p><strong>Participation<\/strong>&nbsp;: 10\u20ac par an (<em>en compl\u00e9ment de&nbsp;<a href=\"http:\/\/artsetsavoirshoulgate.com\/index.php\/a-propos-de\/\">l\u2019adh\u00e9sion \u00e0 l\u2019association<\/a><\/em>). <strong>Cette participation de 10\u20ac par an est  \u00e0 &nbsp;r\u00e9gler <u>une seule fois<\/u> pour&nbsp; l\u2019ensemble des activit\u00e9s tricot,couture,peintures, jeux de soci\u00e9t\u00e9s, \u00e9checs, bridge et tarot.<\/strong><\/p>\n\n\n\n<h3>Intervenant :<strong> Josiane Piquet<\/strong><\/h3>\n<\/div><\/div>\n\n\n\n<p><\/p>\n","protected":false},"excerpt":{"rendered":"<p>Contact&nbsp;: Evelyne PETIT 06 07 44 60 65Horaire Tricot&nbsp;:&nbsp; Mardi de 14h \u00e0 16h30 Lieu&nbsp;:&nbsp; Salle Berthe Morisot Horaire Couture :&nbsp; Jeudi de 14h \u00e0 16h30 Lieu&nbsp;:&nbsp; Salle Georges Sand et Camille Saint Sa\u00ebns (1er \u00e9tage au dessus salle Berthe Morisot). Participation&nbsp;: 10\u20ac par an (en compl\u00e9ment de&nbsp;l\u2019adh\u00e9sion \u00e0 l\u2019association). Cette participation de 10\u20ac par &hellip; <\/p>\n<p class=\"link-more\"><a href=\"https:\/\/artsetsavoirshoulgate.com\/index.php\/activites\/tricot-couture\/\" class=\"more-link\">Continuer la lecture<span class=\"screen-reader-text\"> de &laquo;&nbsp;Tricot\/Couture&nbsp;&raquo;<\/span><\/a><\/p>\n","protected":false},"author":1,"featured_media":0,"parent":31,"menu_order":0,"comment_status":"closed","ping_status":"closed","template":"","meta":[],"yoast_head":"<!-- This site is optimized with the Yoast SEO plugin v18.2 - https:\/\/yoast.com\/wordpress\/plugins\/seo\/ -->\n<title>Tricot\/Couture - Arts &amp; Savoirs<\/title>\n<meta name=\"robots\" content=\"index, follow, max-snippet:-1, max-image-preview:large, max-video-preview:-1\" \/>\n<link rel=\"canonical\" href=\"https:\/\/artsetsavoirshoulgate.com\/index.php\/activites\/tricot-couture\/\" \/>\n<meta property=\"og:locale\" content=\"fr_FR\" \/>\n<meta property=\"og:type\" content=\"article\" \/>\n<meta property=\"og:title\" content=\"Tricot\/Couture - Arts &amp; Savoirs\" \/>\n<meta property=\"og:description\" content=\"Contact&nbsp;: Evelyne PETIT 06 07 44 60 65Horaire Tricot&nbsp;:&nbsp; Mardi de 14h \u00e0 16h30 Lieu&nbsp;:&nbsp; Salle Berthe Morisot Horaire Couture :&nbsp; Jeudi de 14h \u00e0 16h30 Lieu&nbsp;:&nbsp; Salle Georges Sand et Camille Saint Sa\u00ebns (1er \u00e9tage au dessus salle Berthe Morisot). Participation&nbsp;: 10\u20ac par an (en compl\u00e9ment de&nbsp;l\u2019adh\u00e9sion \u00e0 l\u2019association). Cette participation de 10\u20ac par &hellip; Continuer la lecture de &laquo;&nbsp;Tricot\/Couture&nbsp;&raquo;\" \/>\n<meta property=\"og:url\" content=\"https:\/\/artsetsavoirshoulgate.com\/index.php\/activites\/tricot-couture\/\" \/>\n<meta property=\"og:site_name\" content=\"Arts &amp; Savoirs\" \/>\n<meta property=\"article:modified_time\" content=\"2026-04-01T09:13:06+00:00\" \/>\n<meta property=\"og:image\" content=\"http:\/\/artsetsavoirshoulgate.com\/wp-content\/uploads\/2024\/01\/couture-01.jpg\" \/>\n<meta name=\"twitter:card\" content=\"summary_large_image\" \/>\n<meta name=\"twitter:label1\" content=\"Dur\u00e9e de lecture estim\u00e9e\" \/>\n\t<meta name=\"twitter:data1\" content=\"1 minute\" \/>\n<script type=\"application\/ld+json\" class=\"yoast-schema-graph\">{\"@context\":\"https:\/\/schema.org\",\"@graph\":[{\"@type\":\"WebSite\",\"@id\":\"http:\/\/artsetsavoirshoulgate.com\/#website\",\"url\":\"http:\/\/artsetsavoirshoulgate.com\/\",\"name\":\"Arts & Savoirs Houlgate\",\"description\":\"Pour promouvoir les Arts et Savoirs de toute culture et les activit\u00e9s qui y participent dans un esprit de partage et de f\u00eate\",\"potentialAction\":[{\"@type\":\"SearchAction\",\"target\":{\"@type\":\"EntryPoint\",\"urlTemplate\":\"http:\/\/artsetsavoirshoulgate.com\/?s={search_term_string}\"},\"query-input\":\"required name=search_term_string\"}],\"inLanguage\":\"fr-FR\"},{\"@type\":\"ImageObject\",\"@id\":\"https:\/\/artsetsavoirshoulgate.com\/index.php\/activites\/tricot-couture\/#primaryimage\",\"inLanguage\":\"fr-FR\",\"url\":\"http:\/\/artsetsavoirshoulgate.com\/wp-content\/uploads\/2024\/01\/couture-01.jpg\",\"contentUrl\":\"http:\/\/artsetsavoirshoulgate.com\/wp-content\/uploads\/2024\/01\/couture-01.jpg\"},{\"@type\":\"WebPage\",\"@id\":\"https:\/\/artsetsavoirshoulgate.com\/index.php\/activites\/tricot-couture\/#webpage\",\"url\":\"https:\/\/artsetsavoirshoulgate.com\/index.php\/activites\/tricot-couture\/\",\"name\":\"Tricot\/Couture - Arts &amp; Savoirs\",\"isPartOf\":{\"@id\":\"http:\/\/artsetsavoirshoulgate.com\/#website\"},\"primaryImageOfPage\":{\"@id\":\"https:\/\/artsetsavoirshoulgate.com\/index.php\/activites\/tricot-couture\/#primaryimage\"},\"datePublished\":\"2024-01-18T15:01:27+00:00\",\"dateModified\":\"2026-04-01T09:13:06+00:00\",\"breadcrumb\":{\"@id\":\"https:\/\/artsetsavoirshoulgate.com\/index.php\/activites\/tricot-couture\/#breadcrumb\"},\"inLanguage\":\"fr-FR\",\"potentialAction\":[{\"@type\":\"ReadAction\",\"target\":[\"https:\/\/artsetsavoirshoulgate.com\/index.php\/activites\/tricot-couture\/\"]}]},{\"@type\":\"BreadcrumbList\",\"@id\":\"https:\/\/artsetsavoirshoulgate.com\/index.php\/activites\/tricot-couture\/#breadcrumb\",\"itemListElement\":[{\"@type\":\"ListItem\",\"position\":1,\"name\":\"Accueil\",\"item\":\"http:\/\/artsetsavoirshoulgate.com\/\"},{\"@type\":\"ListItem\",\"position\":2,\"name\":\"Loisirs\",\"item\":\"https:\/\/artsetsavoirshoulgate.com\/index.php\/activites\/\"},{\"@type\":\"ListItem\",\"position\":3,\"name\":\"Tricot\/Couture\"}]}]}<\/script>\n<!-- \/ Yoast SEO plugin. -->","yoast_head_json":{"title":"Tricot\/Couture - Arts &amp; Savoirs","robots":{"index":"index","follow":"follow","max-snippet":"max-snippet:-1","max-image-preview":"max-image-preview:large","max-video-preview":"max-video-preview:-1"},"canonical":"https:\/\/artsetsavoirshoulgate.com\/index.php\/activites\/tricot-couture\/","og_locale":"fr_FR","og_type":"article","og_title":"Tricot\/Couture - Arts &amp; Savoirs","og_description":"Contact&nbsp;: Evelyne PETIT 06 07 44 60 65Horaire Tricot&nbsp;:&nbsp; Mardi de 14h \u00e0 16h30 Lieu&nbsp;:&nbsp; Salle Berthe Morisot Horaire Couture :&nbsp; Jeudi de 14h \u00e0 16h30 Lieu&nbsp;:&nbsp; Salle Georges Sand et Camille Saint Sa\u00ebns (1er \u00e9tage au dessus salle Berthe Morisot). Participation&nbsp;: 10\u20ac par an (en compl\u00e9ment de&nbsp;l\u2019adh\u00e9sion \u00e0 l\u2019association). Cette participation de 10\u20ac par &hellip; Continuer la lecture de &laquo;&nbsp;Tricot\/Couture&nbsp;&raquo;","og_url":"https:\/\/artsetsavoirshoulgate.com\/index.php\/activites\/tricot-couture\/","og_site_name":"Arts &amp; Savoirs","article_modified_time":"2026-04-01T09:13:06+00:00","og_image":[{"url":"http:\/\/artsetsavoirshoulgate.com\/wp-content\/uploads\/2024\/01\/couture-01.jpg"}],"twitter_card":"summary_large_image","twitter_misc":{"Dur\u00e9e de lecture estim\u00e9e":"1 minute"},"schema":{"@context":"https:\/\/schema.org","@graph":[{"@type":"WebSite","@id":"http:\/\/artsetsavoirshoulgate.com\/#website","url":"http:\/\/artsetsavoirshoulgate.com\/","name":"Arts & Savoirs Houlgate","description":"Pour promouvoir les Arts et Savoirs de toute culture et les activit\u00e9s qui y participent dans un esprit de partage et de f\u00eate","potentialAction":[{"@type":"SearchAction","target":{"@type":"EntryPoint","urlTemplate":"http:\/\/artsetsavoirshoulgate.com\/?s={search_term_string}"},"query-input":"required name=search_term_string"}],"inLanguage":"fr-FR"},{"@type":"ImageObject","@id":"https:\/\/artsetsavoirshoulgate.com\/index.php\/activites\/tricot-couture\/#primaryimage","inLanguage":"fr-FR","url":"http:\/\/artsetsavoirshoulgate.com\/wp-content\/uploads\/2024\/01\/couture-01.jpg","contentUrl":"http:\/\/artsetsavoirshoulgate.com\/wp-content\/uploads\/2024\/01\/couture-01.jpg"},{"@type":"WebPage","@id":"https:\/\/artsetsavoirshoulgate.com\/index.php\/activites\/tricot-couture\/#webpage","url":"https:\/\/artsetsavoirshoulgate.com\/index.php\/activites\/tricot-couture\/","name":"Tricot\/Couture - Arts &amp; Savoirs","isPartOf":{"@id":"http:\/\/artsetsavoirshoulgate.com\/#website"},"primaryImageOfPage":{"@id":"https:\/\/artsetsavoirshoulgate.com\/index.php\/activites\/tricot-couture\/#primaryimage"},"datePublished":"2024-01-18T15:01:27+00:00","dateModified":"2026-04-01T09:13:06+00:00","breadcrumb":{"@id":"https:\/\/artsetsavoirshoulgate.com\/index.php\/activites\/tricot-couture\/#breadcrumb"},"inLanguage":"fr-FR","potentialAction":[{"@type":"ReadAction","target":["https:\/\/artsetsavoirshoulgate.com\/index.php\/activites\/tricot-couture\/"]}]},{"@type":"BreadcrumbList","@id":"https:\/\/artsetsavoirshoulgate.com\/index.php\/activites\/tricot-couture\/#breadcrumb","itemListElement":[{"@type":"ListItem","position":1,"name":"Accueil","item":"http:\/\/artsetsavoirshoulgate.com\/"},{"@type":"ListItem","position":2,"name":"Loisirs","item":"https:\/\/artsetsavoirshoulgate.com\/index.php\/activites\/"},{"@type":"ListItem","position":3,"name":"Tricot\/Couture"}]}]}},"_links":{"self":[{"href":"https:\/\/artsetsavoirshoulgate.com\/index.php\/wp-json\/wp\/v2\/pages\/4891"}],"collection":[{"href":"https:\/\/artsetsavoirshoulgate.com\/index.php\/wp-json\/wp\/v2\/pages"}],"about":[{"href":"https:\/\/artsetsavoirshoulgate.com\/index.php\/wp-json\/wp\/v2\/types\/page"}],"author":[{"embeddable":true,"href":"https:\/\/artsetsavoirshoulgate.com\/index.php\/wp-json\/wp\/v2\/users\/1"}],"replies":[{"embeddable":true,"href":"https:\/\/artsetsavoirshoulgate.com\/index.php\/wp-json\/wp\/v2\/comments?post=4891"}],"version-history":[{"count":20,"href":"https:\/\/artsetsavoirshoulgate.com\/index.php\/wp-json\/wp\/v2\/pages\/4891\/revisions"}],"predecessor-version":[{"id":6467,"href":"https:\/\/artsetsavoirshoulgate.com\/index.php\/wp-json\/wp\/v2\/pages\/4891\/revisions\/6467"}],"up":[{"embeddable":true,"href":"https:\/\/artsetsavoirshoulgate.com\/index.php\/wp-json\/wp\/v2\/pages\/31"}],"wp:attachment":[{"href":"https:\/\/artsetsavoirshoulgate.com\/index.php\/wp-json\/wp\/v2\/media?parent=4891"}],"curies":[{"name":"wp","href":"https:\/\/api.w.org\/{rel}","templated":true}]}}