{"id":4930,"date":"2024-01-19T09:31:48","date_gmt":"2024-01-19T08:31:48","guid":{"rendered":"https:\/\/artsetsavoirshoulgate.com\/?page_id=4930"},"modified":"2026-04-01T11:05:21","modified_gmt":"2026-04-01T09:05:21","slug":"ca-et-ag-2024","status":"publish","type":"page","link":"https:\/\/artsetsavoirshoulgate.com\/index.php\/conseils-dadministration-et-assemblee-generale\/ca-et-ag-2024\/","title":{"rendered":"CA et AG 2024"},"content":{"rendered":"<p><a href=\"http:\/\/artsetsavoirshoulgate.com\/wp-content\/uploads\/2025\/02\/CR-du-CA-du12-12-2024-.pdf\">Compte Rendu du CA du12 d\u00e9cembre<\/a><\/p>\n<p><a href=\"http:\/\/artsetsavoirshoulgate.com\/wp-content\/uploads\/2024\/12\/CR-du-CA-du-21-NOVEMBRE-2024-final.pdf\">Compte-Rendu du CA du 21 novembre&nbsp;<\/a><\/p>\n<p><a href=\"http:\/\/artsetsavoirshoulgate.com\/wp-content\/uploads\/2024\/12\/CR-du-CA-du-24-octobre-2024final.pdf\">Compte-Rendu du CA du 24 octobre&nbsp;<\/a><\/p>\n<p><a href=\"http:\/\/artsetsavoirshoulgate.com\/wp-content\/uploads\/2024\/10\/CR-du-CA-du-14-octobre-2024-final.pdf\">Compte-rendu du CA du 14 octobre (apr\u00e8s AG)<\/a><\/p>\n<p><a href=\"http:\/\/artsetsavoirshoulgate.com\/wp-content\/uploads\/2025\/02\/CR-de-lAG-du-14-octobre-2024.pdf\"><span style=\"color: #ff0000;\"><strong>Compte-Rendu de l&rsquo;AG du 14 octobre&nbsp;<\/strong><\/span><\/a><\/p>\n<p><a href=\"http:\/\/artsetsavoirshoulgate.com\/wp-content\/uploads\/2024\/10\/CR-du-CA-du-28-aout-2024-final.pdf\">Compte-rendu du CA du 28 aout&nbsp;<\/a><\/p>\n<p><a href=\"http:\/\/artsetsavoirshoulgate.com\/wp-content\/uploads\/2024\/10\/CR-du-CA-du-31-07-2024final.pdf\">Compte-rendu du CA du 31 juillet&nbsp;<\/a><\/p>\n<p><a href=\"http:\/\/artsetsavoirshoulgate.com\/wp-content\/uploads\/2024\/08\/Arts-et-savoirs-CR-du-CA-du-28-mai-2024-rev-01.pdf\">Compte-rendu du CA&nbsp; 28 mai&nbsp;<\/a><\/p>\n<p><a href=\"http:\/\/artsetsavoirshoulgate.com\/wp-content\/uploads\/2024\/05\/CR-du-CA-du-11-avril-2024-final.pdf\">Compte-rendu du CA du 11 avril <\/a><\/p>\n<p><a href=\"http:\/\/artsetsavoirshoulgate.com\/wp-content\/uploads\/2024\/04\/CR-du-CA-du-27-fevrier-2024-finale.pdf\">Compte-rendu du CA du 27 fevrier&nbsp;<\/a><\/p>\n<p><a href=\"http:\/\/artsetsavoirshoulgate.com\/wp-content\/uploads\/2024\/02\/CR-du-CA-du-10-janvier-2024-finale.pdf\">Compte-Rendu du CA du 10 janvier<\/a><\/p>\n\n\n<p><\/p>\n","protected":false},"excerpt":{"rendered":"<p>Compte Rendu du CA du12 d\u00e9cembre Compte-Rendu du CA du 21 novembre&nbsp; Compte-Rendu du CA du 24 octobre&nbsp; Compte-rendu du CA du 14 octobre (apr\u00e8s AG) Compte-Rendu de l&rsquo;AG du 14 octobre&nbsp; Compte-rendu du CA du 28 aout&nbsp; Compte-rendu du CA du 31 juillet&nbsp; Compte-rendu du CA&nbsp; 28 mai&nbsp; Compte-rendu du CA du 11 avril &hellip; <\/p>\n<p class=\"link-more\"><a href=\"https:\/\/artsetsavoirshoulgate.com\/index.php\/conseils-dadministration-et-assemblee-generale\/ca-et-ag-2024\/\" class=\"more-link\">Continuer la lecture<span class=\"screen-reader-text\"> de &laquo;&nbsp;CA et AG 2024&nbsp;&raquo;<\/span><\/a><\/p>\n","protected":false},"author":1,"featured_media":0,"parent":4923,"menu_order":0,"comment_status":"closed","ping_status":"closed","template":"","meta":[],"yoast_head":"<!-- This site is optimized with the Yoast SEO plugin v18.2 - https:\/\/yoast.com\/wordpress\/plugins\/seo\/ -->\n<title>CA et AG 2024 - Arts &amp; Savoirs<\/title>\n<meta name=\"robots\" content=\"index, follow, max-snippet:-1, max-image-preview:large, max-video-preview:-1\" \/>\n<link rel=\"canonical\" href=\"https:\/\/artsetsavoirshoulgate.com\/index.php\/conseils-dadministration-et-assemblee-generale\/ca-et-ag-2024\/\" \/>\n<meta property=\"og:locale\" content=\"fr_FR\" \/>\n<meta property=\"og:type\" content=\"article\" \/>\n<meta property=\"og:title\" content=\"CA et AG 2024 - Arts &amp; Savoirs\" \/>\n<meta property=\"og:description\" content=\"Compte Rendu du CA du12 d\u00e9cembre Compte-Rendu du CA du 21 novembre&nbsp; Compte-Rendu du CA du 24 octobre&nbsp; Compte-rendu du CA du 14 octobre (apr\u00e8s AG) Compte-Rendu de l&rsquo;AG du 14 octobre&nbsp; Compte-rendu du CA du 28 aout&nbsp; Compte-rendu du CA du 31 juillet&nbsp; Compte-rendu du CA&nbsp; 28 mai&nbsp; Compte-rendu du CA du 11 avril &hellip; Continuer la lecture de &laquo;&nbsp;CA et AG 2024&nbsp;&raquo;\" \/>\n<meta property=\"og:url\" content=\"https:\/\/artsetsavoirshoulgate.com\/index.php\/conseils-dadministration-et-assemblee-generale\/ca-et-ag-2024\/\" \/>\n<meta property=\"og:site_name\" content=\"Arts &amp; Savoirs\" \/>\n<meta property=\"article:modified_time\" content=\"2026-04-01T09:05:21+00:00\" \/>\n<meta name=\"twitter:card\" content=\"summary_large_image\" \/>\n<meta name=\"twitter:label1\" content=\"Dur\u00e9e de lecture estim\u00e9e\" \/>\n\t<meta name=\"twitter:data1\" content=\"1 minute\" \/>\n<script type=\"application\/ld+json\" class=\"yoast-schema-graph\">{\"@context\":\"https:\/\/schema.org\",\"@graph\":[{\"@type\":\"WebSite\",\"@id\":\"http:\/\/artsetsavoirshoulgate.com\/#website\",\"url\":\"http:\/\/artsetsavoirshoulgate.com\/\",\"name\":\"Arts & Savoirs Houlgate\",\"description\":\"Pour promouvoir les Arts et Savoirs de toute culture et les activit\u00e9s qui y participent dans un esprit de partage et de f\u00eate\",\"potentialAction\":[{\"@type\":\"SearchAction\",\"target\":{\"@type\":\"EntryPoint\",\"urlTemplate\":\"http:\/\/artsetsavoirshoulgate.com\/?s={search_term_string}\"},\"query-input\":\"required name=search_term_string\"}],\"inLanguage\":\"fr-FR\"},{\"@type\":\"WebPage\",\"@id\":\"https:\/\/artsetsavoirshoulgate.com\/index.php\/conseils-dadministration-et-assemblee-generale\/ca-et-ag-2024\/#webpage\",\"url\":\"https:\/\/artsetsavoirshoulgate.com\/index.php\/conseils-dadministration-et-assemblee-generale\/ca-et-ag-2024\/\",\"name\":\"CA et AG 2024 - Arts &amp; Savoirs\",\"isPartOf\":{\"@id\":\"http:\/\/artsetsavoirshoulgate.com\/#website\"},\"datePublished\":\"2024-01-19T08:31:48+00:00\",\"dateModified\":\"2026-04-01T09:05:21+00:00\",\"breadcrumb\":{\"@id\":\"https:\/\/artsetsavoirshoulgate.com\/index.php\/conseils-dadministration-et-assemblee-generale\/ca-et-ag-2024\/#breadcrumb\"},\"inLanguage\":\"fr-FR\",\"potentialAction\":[{\"@type\":\"ReadAction\",\"target\":[\"https:\/\/artsetsavoirshoulgate.com\/index.php\/conseils-dadministration-et-assemblee-generale\/ca-et-ag-2024\/\"]}]},{\"@type\":\"BreadcrumbList\",\"@id\":\"https:\/\/artsetsavoirshoulgate.com\/index.php\/conseils-dadministration-et-assemblee-generale\/ca-et-ag-2024\/#breadcrumb\",\"itemListElement\":[{\"@type\":\"ListItem\",\"position\":1,\"name\":\"Accueil\",\"item\":\"http:\/\/artsetsavoirshoulgate.com\/\"},{\"@type\":\"ListItem\",\"position\":2,\"name\":\"Conseils d&rsquo;Administration et Assembl\u00e9es G\u00e9n\u00e9rales\",\"item\":\"https:\/\/artsetsavoirshoulgate.com\/index.php\/conseils-dadministration-et-assemblee-generale\/\"},{\"@type\":\"ListItem\",\"position\":3,\"name\":\"CA et AG 2024\"}]}]}<\/script>\n<!-- \/ Yoast SEO plugin. -->","yoast_head_json":{"title":"CA et AG 2024 - Arts &amp; Savoirs","robots":{"index":"index","follow":"follow","max-snippet":"max-snippet:-1","max-image-preview":"max-image-preview:large","max-video-preview":"max-video-preview:-1"},"canonical":"https:\/\/artsetsavoirshoulgate.com\/index.php\/conseils-dadministration-et-assemblee-generale\/ca-et-ag-2024\/","og_locale":"fr_FR","og_type":"article","og_title":"CA et AG 2024 - Arts &amp; Savoirs","og_description":"Compte Rendu du CA du12 d\u00e9cembre Compte-Rendu du CA du 21 novembre&nbsp; Compte-Rendu du CA du 24 octobre&nbsp; Compte-rendu du CA du 14 octobre (apr\u00e8s AG) Compte-Rendu de l&rsquo;AG du 14 octobre&nbsp; Compte-rendu du CA du 28 aout&nbsp; Compte-rendu du CA du 31 juillet&nbsp; Compte-rendu du CA&nbsp; 28 mai&nbsp; Compte-rendu du CA du 11 avril &hellip; Continuer la lecture de &laquo;&nbsp;CA et AG 2024&nbsp;&raquo;","og_url":"https:\/\/artsetsavoirshoulgate.com\/index.php\/conseils-dadministration-et-assemblee-generale\/ca-et-ag-2024\/","og_site_name":"Arts &amp; Savoirs","article_modified_time":"2026-04-01T09:05:21+00:00","twitter_card":"summary_large_image","twitter_misc":{"Dur\u00e9e de lecture estim\u00e9e":"1 minute"},"schema":{"@context":"https:\/\/schema.org","@graph":[{"@type":"WebSite","@id":"http:\/\/artsetsavoirshoulgate.com\/#website","url":"http:\/\/artsetsavoirshoulgate.com\/","name":"Arts & Savoirs Houlgate","description":"Pour promouvoir les Arts et Savoirs de toute culture et les activit\u00e9s qui y participent dans un esprit de partage et de f\u00eate","potentialAction":[{"@type":"SearchAction","target":{"@type":"EntryPoint","urlTemplate":"http:\/\/artsetsavoirshoulgate.com\/?s={search_term_string}"},"query-input":"required name=search_term_string"}],"inLanguage":"fr-FR"},{"@type":"WebPage","@id":"https:\/\/artsetsavoirshoulgate.com\/index.php\/conseils-dadministration-et-assemblee-generale\/ca-et-ag-2024\/#webpage","url":"https:\/\/artsetsavoirshoulgate.com\/index.php\/conseils-dadministration-et-assemblee-generale\/ca-et-ag-2024\/","name":"CA et AG 2024 - Arts &amp; Savoirs","isPartOf":{"@id":"http:\/\/artsetsavoirshoulgate.com\/#website"},"datePublished":"2024-01-19T08:31:48+00:00","dateModified":"2026-04-01T09:05:21+00:00","breadcrumb":{"@id":"https:\/\/artsetsavoirshoulgate.com\/index.php\/conseils-dadministration-et-assemblee-generale\/ca-et-ag-2024\/#breadcrumb"},"inLanguage":"fr-FR","potentialAction":[{"@type":"ReadAction","target":["https:\/\/artsetsavoirshoulgate.com\/index.php\/conseils-dadministration-et-assemblee-generale\/ca-et-ag-2024\/"]}]},{"@type":"BreadcrumbList","@id":"https:\/\/artsetsavoirshoulgate.com\/index.php\/conseils-dadministration-et-assemblee-generale\/ca-et-ag-2024\/#breadcrumb","itemListElement":[{"@type":"ListItem","position":1,"name":"Accueil","item":"http:\/\/artsetsavoirshoulgate.com\/"},{"@type":"ListItem","position":2,"name":"Conseils d&rsquo;Administration et Assembl\u00e9es G\u00e9n\u00e9rales","item":"https:\/\/artsetsavoirshoulgate.com\/index.php\/conseils-dadministration-et-assemblee-generale\/"},{"@type":"ListItem","position":3,"name":"CA et AG 2024"}]}]}},"_links":{"self":[{"href":"https:\/\/artsetsavoirshoulgate.com\/index.php\/wp-json\/wp\/v2\/pages\/4930"}],"collection":[{"href":"https:\/\/artsetsavoirshoulgate.com\/index.php\/wp-json\/wp\/v2\/pages"}],"about":[{"href":"https:\/\/artsetsavoirshoulgate.com\/index.php\/wp-json\/wp\/v2\/types\/page"}],"author":[{"embeddable":true,"href":"https:\/\/artsetsavoirshoulgate.com\/index.php\/wp-json\/wp\/v2\/users\/1"}],"replies":[{"embeddable":true,"href":"https:\/\/artsetsavoirshoulgate.com\/index.php\/wp-json\/wp\/v2\/comments?post=4930"}],"version-history":[{"count":16,"href":"https:\/\/artsetsavoirshoulgate.com\/index.php\/wp-json\/wp\/v2\/pages\/4930\/revisions"}],"predecessor-version":[{"id":6458,"href":"https:\/\/artsetsavoirshoulgate.com\/index.php\/wp-json\/wp\/v2\/pages\/4930\/revisions\/6458"}],"up":[{"embeddable":true,"href":"https:\/\/artsetsavoirshoulgate.com\/index.php\/wp-json\/wp\/v2\/pages\/4923"}],"wp:attachment":[{"href":"https:\/\/artsetsavoirshoulgate.com\/index.php\/wp-json\/wp\/v2\/media?parent=4930"}],"curies":[{"name":"wp","href":"https:\/\/api.w.org\/{rel}","templated":true}]}}