{"id":4985,"date":"2024-02-02T18:27:10","date_gmt":"2024-02-02T17:27:10","guid":{"rendered":"https:\/\/artsetsavoirshoulgate.com\/?page_id=4985"},"modified":"2026-04-01T11:19:59","modified_gmt":"2026-04-01T09:19:59","slug":"album-2024","status":"publish","type":"page","link":"https:\/\/artsetsavoirshoulgate.com\/index.php\/sorties-culturelles\/album-2024\/","title":{"rendered":"Album 2024"},"content":{"rendered":"\n<p><\/p>\n\n\n\n<p><\/p>\n\n\n\n<p><\/p>\n\n\n<p><a href=\"http:\/\/artsetsavoirshoulgate.com\/wp-content\/uploads\/2024\/12\/2024-12-16-Rando-V1.pdf\">Derni\u00e8re Rando le16 d\u00e9cembre<\/a><\/p>\n<p><a href=\"http:\/\/artsetsavoirshoulgate.com\/wp-content\/uploads\/2024\/12\/2024-11-30-Circus-Cirkor-.pdf\">Circus Cirk\u00f6r le 30 novembre <\/a><\/p>\n<p><a href=\"http:\/\/artsetsavoirshoulgate.com\/wp-content\/uploads\/2024\/12\/2024-11-30-Atelier-foie-gras.pdf\">Atelier foie gras le 30 novembre<\/a><\/p>\n<p><a href=\"http:\/\/artsetsavoirshoulgate.com\/wp-content\/uploads\/2024\/12\/Telethon.pdf\">T\u00e9l\u00e9thon le 29 novembre<\/a><\/p>\n<p><a href=\"http:\/\/artsetsavoirshoulgate.com\/wp-content\/uploads\/2024\/12\/concert-chorale-Lions-Club-Cabourg.pdf\">Chorale Lion&rsquo;s Club Cabourg le 16 novembre<\/a><\/p>\n<p><a href=\"http:\/\/artsetsavoirshoulgate.com\/wp-content\/uploads\/2024\/08\/chorale-juin.pdf\">Chorale concert fin de session le 27 juin<\/a><\/p>\n<p><a href=\"http:\/\/artsetsavoirshoulgate.com\/wp-content\/uploads\/2024\/08\/Exposition-arts-plastiques-.pdf\">Exposition arts plastiques les 22 et 23 juin<\/a><\/p>\n<p><a href=\"http:\/\/artsetsavoirshoulgate.com\/wp-content\/uploads\/2024\/08\/Memoire-et-cheval-Chambois-Haras-du-Pin-.pdf\">Chambois &amp; Haras du Pin le 20 juin<\/a><\/p>\n<p><a href=\"http:\/\/artsetsavoirshoulgate.com\/wp-content\/uploads\/2024\/07\/2-jours-randoPays-de-Bray.pdf\">Rando Pays de Bray les 3 et 4 juin<\/a><\/p>\n<p><a href=\"http:\/\/artsetsavoirshoulgate.com\/wp-content\/uploads\/2024\/06\/2024-05-23-La-Bourbansais.pdf\">Visite \u00e0 La Bourbansais le 23 mai<\/a><\/p>\n<p><a href=\"http:\/\/artsetsavoirshoulgate.com\/wp-content\/uploads\/2024\/04\/2024-04-10-Talent-aiguilles.pdf\">Talent aiguille le 10 avril<\/a><\/p>\n<p><a href=\"http:\/\/artsetsavoirshoulgate.com\/wp-content\/uploads\/2024\/04\/2024-04-06-preolympiades.pdf\">Pr\u00e9olympiades le 6 avril<\/a><\/p>\n<p><a href=\"http:\/\/artsetsavoirshoulgate.com\/wp-content\/uploads\/2024\/04\/2024-03-28-dejeuner-J.Jooris.pdf\">D\u00e9jeuner J.Jooris le 28 mars<\/a><\/p>\n<p><a href=\"http:\/\/artsetsavoirshoulgate.com\/wp-content\/uploads\/2024\/04\/2024-03-14-dejeuner-J.Jooris.pdf\">D\u00e9jeuner J.Jooris le 14 mars<\/a><\/p>\n<p><a href=\"http:\/\/artsetsavoirshoulgate.com\/wp-content\/uploads\/2024\/02\/connaissance-des-vins-7-fevrier.pdf\">Connaissance des vins le 7 f\u00e9vrier<\/a><\/p>\n<p><a href=\"http:\/\/artsetsavoirshoulgate.com\/wp-content\/uploads\/2024\/02\/atelier-culinaire-02-2024.pdf\">Atelier culinaire le 2 f\u00e9vrier<\/a><\/p>\n<p><a href=\"http:\/\/artsetsavoirshoulgate.com\/wp-content\/uploads\/2024\/02\/Atelier-Tricot-presentation.pdf\">Tricot &amp; couture le 16 janvier<\/a><\/p>\n<p><a href=\"http:\/\/artsetsavoirshoulgate.com\/wp-content\/uploads\/2024\/02\/Theatre-et-galette-.pdf\">Th\u00e9\u00e2tre et galette le 14 janvier<\/a><\/p>\n<p><\/p>","protected":false},"excerpt":{"rendered":"<p>Derni\u00e8re Rando le16 d\u00e9cembre Circus Cirk\u00f6r le 30 novembre Atelier foie gras le 30 novembre T\u00e9l\u00e9thon le 29 novembre Chorale Lion&rsquo;s Club Cabourg le 16 novembre Chorale concert fin de session le 27 juin Exposition arts plastiques les 22 et 23 juin Chambois &amp; Haras du Pin le 20 juin Rando Pays de Bray les &hellip; <\/p>\n<p class=\"link-more\"><a href=\"https:\/\/artsetsavoirshoulgate.com\/index.php\/sorties-culturelles\/album-2024\/\" class=\"more-link\">Continuer la lecture<span class=\"screen-reader-text\"> de &laquo;&nbsp;Album 2024&nbsp;&raquo;<\/span><\/a><\/p>\n","protected":false},"author":1,"featured_media":0,"parent":165,"menu_order":0,"comment_status":"closed","ping_status":"closed","template":"","meta":[],"yoast_head":"<!-- This site is optimized with the Yoast SEO plugin v18.2 - https:\/\/yoast.com\/wordpress\/plugins\/seo\/ -->\n<title>Album 2024 - Arts &amp; Savoirs<\/title>\n<meta name=\"robots\" content=\"index, follow, max-snippet:-1, max-image-preview:large, max-video-preview:-1\" \/>\n<link rel=\"canonical\" href=\"https:\/\/artsetsavoirshoulgate.com\/index.php\/sorties-culturelles\/album-2024\/\" \/>\n<meta property=\"og:locale\" content=\"fr_FR\" \/>\n<meta property=\"og:type\" content=\"article\" \/>\n<meta property=\"og:title\" content=\"Album 2024 - Arts &amp; Savoirs\" \/>\n<meta property=\"og:description\" content=\"Derni\u00e8re Rando le16 d\u00e9cembre Circus Cirk\u00f6r le 30 novembre Atelier foie gras le 30 novembre T\u00e9l\u00e9thon le 29 novembre Chorale Lion&rsquo;s Club Cabourg le 16 novembre Chorale concert fin de session le 27 juin Exposition arts plastiques les 22 et 23 juin Chambois &amp; Haras du Pin le 20 juin Rando Pays de Bray les &hellip; Continuer la lecture de &laquo;&nbsp;Album 2024&nbsp;&raquo;\" \/>\n<meta property=\"og:url\" content=\"https:\/\/artsetsavoirshoulgate.com\/index.php\/sorties-culturelles\/album-2024\/\" \/>\n<meta property=\"og:site_name\" content=\"Arts &amp; Savoirs\" \/>\n<meta property=\"article:modified_time\" content=\"2026-04-01T09:19:59+00:00\" \/>\n<meta name=\"twitter:card\" content=\"summary_large_image\" \/>\n<meta name=\"twitter:label1\" content=\"Dur\u00e9e de lecture estim\u00e9e\" \/>\n\t<meta name=\"twitter:data1\" content=\"1 minute\" \/>\n<script type=\"application\/ld+json\" class=\"yoast-schema-graph\">{\"@context\":\"https:\/\/schema.org\",\"@graph\":[{\"@type\":\"WebSite\",\"@id\":\"http:\/\/artsetsavoirshoulgate.com\/#website\",\"url\":\"http:\/\/artsetsavoirshoulgate.com\/\",\"name\":\"Arts & Savoirs Houlgate\",\"description\":\"Pour promouvoir les Arts et Savoirs de toute culture et les activit\u00e9s qui y participent dans un esprit de partage et de f\u00eate\",\"potentialAction\":[{\"@type\":\"SearchAction\",\"target\":{\"@type\":\"EntryPoint\",\"urlTemplate\":\"http:\/\/artsetsavoirshoulgate.com\/?s={search_term_string}\"},\"query-input\":\"required name=search_term_string\"}],\"inLanguage\":\"fr-FR\"},{\"@type\":\"WebPage\",\"@id\":\"https:\/\/artsetsavoirshoulgate.com\/index.php\/sorties-culturelles\/album-2024\/#webpage\",\"url\":\"https:\/\/artsetsavoirshoulgate.com\/index.php\/sorties-culturelles\/album-2024\/\",\"name\":\"Album 2024 - Arts &amp; Savoirs\",\"isPartOf\":{\"@id\":\"http:\/\/artsetsavoirshoulgate.com\/#website\"},\"datePublished\":\"2024-02-02T17:27:10+00:00\",\"dateModified\":\"2026-04-01T09:19:59+00:00\",\"breadcrumb\":{\"@id\":\"https:\/\/artsetsavoirshoulgate.com\/index.php\/sorties-culturelles\/album-2024\/#breadcrumb\"},\"inLanguage\":\"fr-FR\",\"potentialAction\":[{\"@type\":\"ReadAction\",\"target\":[\"https:\/\/artsetsavoirshoulgate.com\/index.php\/sorties-culturelles\/album-2024\/\"]}]},{\"@type\":\"BreadcrumbList\",\"@id\":\"https:\/\/artsetsavoirshoulgate.com\/index.php\/sorties-culturelles\/album-2024\/#breadcrumb\",\"itemListElement\":[{\"@type\":\"ListItem\",\"position\":1,\"name\":\"Accueil\",\"item\":\"http:\/\/artsetsavoirshoulgate.com\/\"},{\"@type\":\"ListItem\",\"position\":2,\"name\":\"Albums\",\"item\":\"https:\/\/artsetsavoirshoulgate.com\/index.php\/sorties-culturelles\/\"},{\"@type\":\"ListItem\",\"position\":3,\"name\":\"Album 2024\"}]}]}<\/script>\n<!-- \/ Yoast SEO plugin. -->","yoast_head_json":{"title":"Album 2024 - Arts &amp; Savoirs","robots":{"index":"index","follow":"follow","max-snippet":"max-snippet:-1","max-image-preview":"max-image-preview:large","max-video-preview":"max-video-preview:-1"},"canonical":"https:\/\/artsetsavoirshoulgate.com\/index.php\/sorties-culturelles\/album-2024\/","og_locale":"fr_FR","og_type":"article","og_title":"Album 2024 - Arts &amp; Savoirs","og_description":"Derni\u00e8re Rando le16 d\u00e9cembre Circus Cirk\u00f6r le 30 novembre Atelier foie gras le 30 novembre T\u00e9l\u00e9thon le 29 novembre Chorale Lion&rsquo;s Club Cabourg le 16 novembre Chorale concert fin de session le 27 juin Exposition arts plastiques les 22 et 23 juin Chambois &amp; Haras du Pin le 20 juin Rando Pays de Bray les &hellip; Continuer la lecture de &laquo;&nbsp;Album 2024&nbsp;&raquo;","og_url":"https:\/\/artsetsavoirshoulgate.com\/index.php\/sorties-culturelles\/album-2024\/","og_site_name":"Arts &amp; Savoirs","article_modified_time":"2026-04-01T09:19:59+00:00","twitter_card":"summary_large_image","twitter_misc":{"Dur\u00e9e de lecture estim\u00e9e":"1 minute"},"schema":{"@context":"https:\/\/schema.org","@graph":[{"@type":"WebSite","@id":"http:\/\/artsetsavoirshoulgate.com\/#website","url":"http:\/\/artsetsavoirshoulgate.com\/","name":"Arts & Savoirs Houlgate","description":"Pour promouvoir les Arts et Savoirs de toute culture et les activit\u00e9s qui y participent dans un esprit de partage et de f\u00eate","potentialAction":[{"@type":"SearchAction","target":{"@type":"EntryPoint","urlTemplate":"http:\/\/artsetsavoirshoulgate.com\/?s={search_term_string}"},"query-input":"required name=search_term_string"}],"inLanguage":"fr-FR"},{"@type":"WebPage","@id":"https:\/\/artsetsavoirshoulgate.com\/index.php\/sorties-culturelles\/album-2024\/#webpage","url":"https:\/\/artsetsavoirshoulgate.com\/index.php\/sorties-culturelles\/album-2024\/","name":"Album 2024 - Arts &amp; Savoirs","isPartOf":{"@id":"http:\/\/artsetsavoirshoulgate.com\/#website"},"datePublished":"2024-02-02T17:27:10+00:00","dateModified":"2026-04-01T09:19:59+00:00","breadcrumb":{"@id":"https:\/\/artsetsavoirshoulgate.com\/index.php\/sorties-culturelles\/album-2024\/#breadcrumb"},"inLanguage":"fr-FR","potentialAction":[{"@type":"ReadAction","target":["https:\/\/artsetsavoirshoulgate.com\/index.php\/sorties-culturelles\/album-2024\/"]}]},{"@type":"BreadcrumbList","@id":"https:\/\/artsetsavoirshoulgate.com\/index.php\/sorties-culturelles\/album-2024\/#breadcrumb","itemListElement":[{"@type":"ListItem","position":1,"name":"Accueil","item":"http:\/\/artsetsavoirshoulgate.com\/"},{"@type":"ListItem","position":2,"name":"Albums","item":"https:\/\/artsetsavoirshoulgate.com\/index.php\/sorties-culturelles\/"},{"@type":"ListItem","position":3,"name":"Album 2024"}]}]}},"_links":{"self":[{"href":"https:\/\/artsetsavoirshoulgate.com\/index.php\/wp-json\/wp\/v2\/pages\/4985"}],"collection":[{"href":"https:\/\/artsetsavoirshoulgate.com\/index.php\/wp-json\/wp\/v2\/pages"}],"about":[{"href":"https:\/\/artsetsavoirshoulgate.com\/index.php\/wp-json\/wp\/v2\/types\/page"}],"author":[{"embeddable":true,"href":"https:\/\/artsetsavoirshoulgate.com\/index.php\/wp-json\/wp\/v2\/users\/1"}],"replies":[{"embeddable":true,"href":"https:\/\/artsetsavoirshoulgate.com\/index.php\/wp-json\/wp\/v2\/comments?post=4985"}],"version-history":[{"count":35,"href":"https:\/\/artsetsavoirshoulgate.com\/index.php\/wp-json\/wp\/v2\/pages\/4985\/revisions"}],"predecessor-version":[{"id":6475,"href":"https:\/\/artsetsavoirshoulgate.com\/index.php\/wp-json\/wp\/v2\/pages\/4985\/revisions\/6475"}],"up":[{"embeddable":true,"href":"https:\/\/artsetsavoirshoulgate.com\/index.php\/wp-json\/wp\/v2\/pages\/165"}],"wp:attachment":[{"href":"https:\/\/artsetsavoirshoulgate.com\/index.php\/wp-json\/wp\/v2\/media?parent=4985"}],"curies":[{"name":"wp","href":"https:\/\/api.w.org\/{rel}","templated":true}]}}