{"id":5076,"date":"2024-03-06T14:32:20","date_gmt":"2024-03-06T13:32:20","guid":{"rendered":"https:\/\/artsetsavoirshoulgate.com\/?page_id=5076"},"modified":"2026-04-01T11:07:35","modified_gmt":"2026-04-01T09:07:35","slug":"danse-country","status":"publish","type":"page","link":"https:\/\/artsetsavoirshoulgate.com\/index.php\/activites\/danse-country\/","title":{"rendered":"Danse country"},"content":{"rendered":"<p><img loading=\"lazy\" class=\"wp-image-5081  alignleft\" src=\"http:\/\/artsetsavoirshoulgate.com\/wp-content\/uploads\/2024\/03\/dance-country-08-300x161.png\" alt=\"\" width=\"371\" height=\"199\" srcset=\"https:\/\/artsetsavoirshoulgate.com\/wp-content\/uploads\/2024\/03\/dance-country-08-300x161.png 300w, https:\/\/artsetsavoirshoulgate.com\/wp-content\/uploads\/2024\/03\/dance-country-08-768x412.png 768w, https:\/\/artsetsavoirshoulgate.com\/wp-content\/uploads\/2024\/03\/dance-country-08.png 833w\" sizes=\"(max-width: 371px) 100vw, 371px\" \/><\/p>\n<h3><strong><mark class=\"has-inline-color has-vivid-red-color\" data-rich-text-format-boundary=\"true\">Les derni\u00e8res news de l&rsquo;activit\u00e9 COUNTRY=&gt;en attente&nbsp;<\/mark><\/strong><\/h3>\n<p><strong>Contact<\/strong> : Alain POUILLAUDE au 06.85.11.34.00<br><strong>Lieu<\/strong> : salle de la Gare d&rsquo;Houlgate<br><strong>Horaires<\/strong> : <strong>MERCREDI<\/strong>&nbsp; (hors juillet et Ao\u00fbt)<\/p>\n<p>Niveau d\u00e9butant : 15h00 \u00e0 16h00<\/p>\n<p>Niveau novices : 16h15 \u00e0 17h15<\/p>\n<p>Niveau interm\u00e9diaires : 17h30 \u00e0 18h30<\/p>\n<p><strong>Participation<\/strong> : 60\u20ac par an (<em>en compl\u00e9ment de&nbsp;<a href=\"http:\/\/artsetsavoirshoulgate.com\/index.php\/a-propos-de\/\">l\u2019adh\u00e9sion \u00e0 l\u2019association)<\/a><\/em><\/p>\n<h4><strong>Intervenantes : Isabelle MULAC et Evelyne LAUT<\/strong><\/h4>\n\n\n<blockquote class=\"wp-block-quote\"><p>La danse Country, est ludique, conviviale, accessible \u00e0 toutes &amp; tous, elle nous entra\u00eene sur des rythmes vari\u00e9s et entrainant. Sa particularit\u00e9 ? elle peut se danser individuellement, en couple mais aussi en \u00e9quipe ! Venez nous retrouver tous les mercredis. <\/p><p>Evelyne et Isabelle, vous attendent nombreuses et nombreux, afin de partager des moments de joies et de d\u00e9tente.<\/p><p><\/p><\/blockquote>\n\n\n\n<p><\/p>\n","protected":false},"excerpt":{"rendered":"<p>Les derni\u00e8res news de l&rsquo;activit\u00e9 COUNTRY=&gt;en attente&nbsp; Contact : Alain POUILLAUDE au 06.85.11.34.00Lieu : salle de la Gare d&rsquo;HoulgateHoraires : MERCREDI&nbsp; (hors juillet et Ao\u00fbt) Niveau d\u00e9butant : 15h00 \u00e0 16h00 Niveau novices : 16h15 \u00e0 17h15 Niveau interm\u00e9diaires : 17h30 \u00e0 18h30 Participation : 60\u20ac par an (en compl\u00e9ment de&nbsp;l\u2019adh\u00e9sion \u00e0 l\u2019association) Intervenantes : &hellip; <\/p>\n<p class=\"link-more\"><a href=\"https:\/\/artsetsavoirshoulgate.com\/index.php\/activites\/danse-country\/\" class=\"more-link\">Continuer la lecture<span class=\"screen-reader-text\"> de &laquo;&nbsp;Danse country&nbsp;&raquo;<\/span><\/a><\/p>\n","protected":false},"author":1,"featured_media":0,"parent":31,"menu_order":0,"comment_status":"closed","ping_status":"closed","template":"","meta":[],"yoast_head":"<!-- This site is optimized with the Yoast SEO plugin v18.2 - https:\/\/yoast.com\/wordpress\/plugins\/seo\/ -->\n<title>Danse country - Arts &amp; Savoirs<\/title>\n<meta name=\"robots\" content=\"index, follow, max-snippet:-1, max-image-preview:large, max-video-preview:-1\" \/>\n<link rel=\"canonical\" href=\"https:\/\/artsetsavoirshoulgate.com\/index.php\/activites\/danse-country\/\" \/>\n<meta property=\"og:locale\" content=\"fr_FR\" \/>\n<meta property=\"og:type\" content=\"article\" \/>\n<meta property=\"og:title\" content=\"Danse country - Arts &amp; Savoirs\" \/>\n<meta property=\"og:description\" content=\"Les derni\u00e8res news de l&rsquo;activit\u00e9 COUNTRY=&gt;en attente&nbsp; Contact : Alain POUILLAUDE au 06.85.11.34.00Lieu : salle de la Gare d&rsquo;HoulgateHoraires : MERCREDI&nbsp; (hors juillet et Ao\u00fbt) Niveau d\u00e9butant : 15h00 \u00e0 16h00 Niveau novices : 16h15 \u00e0 17h15 Niveau interm\u00e9diaires : 17h30 \u00e0 18h30 Participation : 60\u20ac par an (en compl\u00e9ment de&nbsp;l\u2019adh\u00e9sion \u00e0 l\u2019association) Intervenantes : &hellip; Continuer la lecture de &laquo;&nbsp;Danse country&nbsp;&raquo;\" \/>\n<meta property=\"og:url\" content=\"https:\/\/artsetsavoirshoulgate.com\/index.php\/activites\/danse-country\/\" \/>\n<meta property=\"og:site_name\" content=\"Arts &amp; Savoirs\" \/>\n<meta property=\"article:modified_time\" content=\"2026-04-01T09:07:35+00:00\" \/>\n<meta property=\"og:image\" content=\"http:\/\/artsetsavoirshoulgate.com\/wp-content\/uploads\/2024\/03\/dance-country-08-300x161.png\" \/>\n<meta name=\"twitter:card\" content=\"summary_large_image\" \/>\n<meta name=\"twitter:label1\" content=\"Dur\u00e9e de lecture estim\u00e9e\" \/>\n\t<meta name=\"twitter:data1\" content=\"1 minute\" \/>\n<script type=\"application\/ld+json\" class=\"yoast-schema-graph\">{\"@context\":\"https:\/\/schema.org\",\"@graph\":[{\"@type\":\"WebSite\",\"@id\":\"http:\/\/artsetsavoirshoulgate.com\/#website\",\"url\":\"http:\/\/artsetsavoirshoulgate.com\/\",\"name\":\"Arts & Savoirs Houlgate\",\"description\":\"Pour promouvoir les Arts et Savoirs de toute culture et les activit\u00e9s qui y participent dans un esprit de partage et de f\u00eate\",\"potentialAction\":[{\"@type\":\"SearchAction\",\"target\":{\"@type\":\"EntryPoint\",\"urlTemplate\":\"http:\/\/artsetsavoirshoulgate.com\/?s={search_term_string}\"},\"query-input\":\"required name=search_term_string\"}],\"inLanguage\":\"fr-FR\"},{\"@type\":\"ImageObject\",\"@id\":\"https:\/\/artsetsavoirshoulgate.com\/index.php\/activites\/danse-country\/#primaryimage\",\"inLanguage\":\"fr-FR\",\"url\":\"http:\/\/artsetsavoirshoulgate.com\/wp-content\/uploads\/2024\/03\/dance-country-08-300x161.png\",\"contentUrl\":\"http:\/\/artsetsavoirshoulgate.com\/wp-content\/uploads\/2024\/03\/dance-country-08-300x161.png\"},{\"@type\":\"WebPage\",\"@id\":\"https:\/\/artsetsavoirshoulgate.com\/index.php\/activites\/danse-country\/#webpage\",\"url\":\"https:\/\/artsetsavoirshoulgate.com\/index.php\/activites\/danse-country\/\",\"name\":\"Danse country - Arts &amp; Savoirs\",\"isPartOf\":{\"@id\":\"http:\/\/artsetsavoirshoulgate.com\/#website\"},\"primaryImageOfPage\":{\"@id\":\"https:\/\/artsetsavoirshoulgate.com\/index.php\/activites\/danse-country\/#primaryimage\"},\"datePublished\":\"2024-03-06T13:32:20+00:00\",\"dateModified\":\"2026-04-01T09:07:35+00:00\",\"breadcrumb\":{\"@id\":\"https:\/\/artsetsavoirshoulgate.com\/index.php\/activites\/danse-country\/#breadcrumb\"},\"inLanguage\":\"fr-FR\",\"potentialAction\":[{\"@type\":\"ReadAction\",\"target\":[\"https:\/\/artsetsavoirshoulgate.com\/index.php\/activites\/danse-country\/\"]}]},{\"@type\":\"BreadcrumbList\",\"@id\":\"https:\/\/artsetsavoirshoulgate.com\/index.php\/activites\/danse-country\/#breadcrumb\",\"itemListElement\":[{\"@type\":\"ListItem\",\"position\":1,\"name\":\"Accueil\",\"item\":\"http:\/\/artsetsavoirshoulgate.com\/\"},{\"@type\":\"ListItem\",\"position\":2,\"name\":\"Loisirs\",\"item\":\"https:\/\/artsetsavoirshoulgate.com\/index.php\/activites\/\"},{\"@type\":\"ListItem\",\"position\":3,\"name\":\"Danse country\"}]}]}<\/script>\n<!-- \/ Yoast SEO plugin. -->","yoast_head_json":{"title":"Danse country - Arts &amp; Savoirs","robots":{"index":"index","follow":"follow","max-snippet":"max-snippet:-1","max-image-preview":"max-image-preview:large","max-video-preview":"max-video-preview:-1"},"canonical":"https:\/\/artsetsavoirshoulgate.com\/index.php\/activites\/danse-country\/","og_locale":"fr_FR","og_type":"article","og_title":"Danse country - Arts &amp; Savoirs","og_description":"Les derni\u00e8res news de l&rsquo;activit\u00e9 COUNTRY=&gt;en attente&nbsp; Contact : Alain POUILLAUDE au 06.85.11.34.00Lieu : salle de la Gare d&rsquo;HoulgateHoraires : MERCREDI&nbsp; (hors juillet et Ao\u00fbt) Niveau d\u00e9butant : 15h00 \u00e0 16h00 Niveau novices : 16h15 \u00e0 17h15 Niveau interm\u00e9diaires : 17h30 \u00e0 18h30 Participation : 60\u20ac par an (en compl\u00e9ment de&nbsp;l\u2019adh\u00e9sion \u00e0 l\u2019association) Intervenantes : &hellip; Continuer la lecture de &laquo;&nbsp;Danse country&nbsp;&raquo;","og_url":"https:\/\/artsetsavoirshoulgate.com\/index.php\/activites\/danse-country\/","og_site_name":"Arts &amp; Savoirs","article_modified_time":"2026-04-01T09:07:35+00:00","og_image":[{"url":"http:\/\/artsetsavoirshoulgate.com\/wp-content\/uploads\/2024\/03\/dance-country-08-300x161.png"}],"twitter_card":"summary_large_image","twitter_misc":{"Dur\u00e9e de lecture estim\u00e9e":"1 minute"},"schema":{"@context":"https:\/\/schema.org","@graph":[{"@type":"WebSite","@id":"http:\/\/artsetsavoirshoulgate.com\/#website","url":"http:\/\/artsetsavoirshoulgate.com\/","name":"Arts & Savoirs Houlgate","description":"Pour promouvoir les Arts et Savoirs de toute culture et les activit\u00e9s qui y participent dans un esprit de partage et de f\u00eate","potentialAction":[{"@type":"SearchAction","target":{"@type":"EntryPoint","urlTemplate":"http:\/\/artsetsavoirshoulgate.com\/?s={search_term_string}"},"query-input":"required name=search_term_string"}],"inLanguage":"fr-FR"},{"@type":"ImageObject","@id":"https:\/\/artsetsavoirshoulgate.com\/index.php\/activites\/danse-country\/#primaryimage","inLanguage":"fr-FR","url":"http:\/\/artsetsavoirshoulgate.com\/wp-content\/uploads\/2024\/03\/dance-country-08-300x161.png","contentUrl":"http:\/\/artsetsavoirshoulgate.com\/wp-content\/uploads\/2024\/03\/dance-country-08-300x161.png"},{"@type":"WebPage","@id":"https:\/\/artsetsavoirshoulgate.com\/index.php\/activites\/danse-country\/#webpage","url":"https:\/\/artsetsavoirshoulgate.com\/index.php\/activites\/danse-country\/","name":"Danse country - Arts &amp; Savoirs","isPartOf":{"@id":"http:\/\/artsetsavoirshoulgate.com\/#website"},"primaryImageOfPage":{"@id":"https:\/\/artsetsavoirshoulgate.com\/index.php\/activites\/danse-country\/#primaryimage"},"datePublished":"2024-03-06T13:32:20+00:00","dateModified":"2026-04-01T09:07:35+00:00","breadcrumb":{"@id":"https:\/\/artsetsavoirshoulgate.com\/index.php\/activites\/danse-country\/#breadcrumb"},"inLanguage":"fr-FR","potentialAction":[{"@type":"ReadAction","target":["https:\/\/artsetsavoirshoulgate.com\/index.php\/activites\/danse-country\/"]}]},{"@type":"BreadcrumbList","@id":"https:\/\/artsetsavoirshoulgate.com\/index.php\/activites\/danse-country\/#breadcrumb","itemListElement":[{"@type":"ListItem","position":1,"name":"Accueil","item":"http:\/\/artsetsavoirshoulgate.com\/"},{"@type":"ListItem","position":2,"name":"Loisirs","item":"https:\/\/artsetsavoirshoulgate.com\/index.php\/activites\/"},{"@type":"ListItem","position":3,"name":"Danse country"}]}]}},"_links":{"self":[{"href":"https:\/\/artsetsavoirshoulgate.com\/index.php\/wp-json\/wp\/v2\/pages\/5076"}],"collection":[{"href":"https:\/\/artsetsavoirshoulgate.com\/index.php\/wp-json\/wp\/v2\/pages"}],"about":[{"href":"https:\/\/artsetsavoirshoulgate.com\/index.php\/wp-json\/wp\/v2\/types\/page"}],"author":[{"embeddable":true,"href":"https:\/\/artsetsavoirshoulgate.com\/index.php\/wp-json\/wp\/v2\/users\/1"}],"replies":[{"embeddable":true,"href":"https:\/\/artsetsavoirshoulgate.com\/index.php\/wp-json\/wp\/v2\/comments?post=5076"}],"version-history":[{"count":25,"href":"https:\/\/artsetsavoirshoulgate.com\/index.php\/wp-json\/wp\/v2\/pages\/5076\/revisions"}],"predecessor-version":[{"id":6461,"href":"https:\/\/artsetsavoirshoulgate.com\/index.php\/wp-json\/wp\/v2\/pages\/5076\/revisions\/6461"}],"up":[{"embeddable":true,"href":"https:\/\/artsetsavoirshoulgate.com\/index.php\/wp-json\/wp\/v2\/pages\/31"}],"wp:attachment":[{"href":"https:\/\/artsetsavoirshoulgate.com\/index.php\/wp-json\/wp\/v2\/media?parent=5076"}],"curies":[{"name":"wp","href":"https:\/\/api.w.org\/{rel}","templated":true}]}}