{"id":5624,"date":"2025-01-18T17:28:16","date_gmt":"2025-01-18T16:28:16","guid":{"rendered":"https:\/\/artsetsavoirshoulgate.com\/?page_id=5624"},"modified":"2026-04-01T11:20:10","modified_gmt":"2026-04-01T09:20:10","slug":"album-2025","status":"publish","type":"page","link":"https:\/\/artsetsavoirshoulgate.com\/index.php\/sorties-culturelles\/album-2025\/","title":{"rendered":"Album 2025"},"content":{"rendered":"<p>Notre-Dame le 3 d\u00e9cembre (en attente photos)<\/p>\n<p>Repas J. JOORIS le 25 novembre (en attente photos)<\/p>\n<p>Journ\u00e9e vendanges le 11 septembre (en cours)<\/p>\n<p><a href=\"http:\/\/artsetsavoirshoulgate.com\/wp-content\/uploads\/2025\/08\/Exposition-arts-plastiques-2025-.pdf\">Exposition arts plastiques les 28 et 29 juin<\/a><\/p>\n<p><a href=\"http:\/\/artsetsavoirshoulgate.com\/wp-content\/uploads\/2025\/06\/concert-chorale-Vocaline.pdf\">concert chorale Vocaline le 15 juin<\/a><\/p>\n<p><a href=\"http:\/\/artsetsavoirshoulgate.com\/wp-content\/uploads\/2025\/08\/2025-06-02-et-03-rando-Fougeres.pdf\">Rando \u00e0 Foug\u00e8res les 2 et 3 juin<\/a><\/p>\n<p><a href=\"http:\/\/artsetsavoirshoulgate.com\/wp-content\/uploads\/2025\/07\/Decouverte-Chantilly-et-Villequier.pdf\">D\u00e9couverte Chantilly et Villequier le 16 et 17 mai<\/a><\/p>\n<p><a href=\"http:\/\/artsetsavoirshoulgate.com\/wp-content\/uploads\/2025\/08\/2025-04-30-dejeuner-J.Jooris.pdf\">D\u00e9jeuner J.Jooris le 30 avril <\/a><\/p>\n<p><a href=\"http:\/\/artsetsavoirshoulgate.com\/wp-content\/uploads\/2025\/08\/2025-04-28-visite-La-Bouille-et-Rouen.pdf\">Visite de La Bouille et Rouen le 28 avril<\/a><\/p>\n<p><a href=\"http:\/\/artsetsavoirshoulgate.com\/wp-content\/uploads\/2025\/04\/2025-03-15-la-puce-a-loreille-rev2.pdf\">La puce \u00e0 l&rsquo;oreille le 15 mars<\/a><\/p>\n<p><a href=\"http:\/\/artsetsavoirshoulgate.com\/wp-content\/uploads\/2025\/01\/2025-01-22-dejeuner-J.Jooris.pdf\">D\u00e9jeuner J.Jooris le 22 janvier<\/a><\/p>\n<p><a href=\"http:\/\/artsetsavoirshoulgate.com\/wp-content\/uploads\/2025\/01\/2025-01-12-Galette.pdf\">Galette le 12 janvier<\/a><\/p>\n<p><a href=\"http:\/\/artsetsavoirshoulgate.com\/wp-content\/uploads\/2025\/01\/sculpture-et-rois.pdf\">Sculpture et rois le 10 janvier<\/a><\/p>\n\n\n<p><\/p>\n","protected":false},"excerpt":{"rendered":"<p>Notre-Dame le 3 d\u00e9cembre (en attente photos) Repas J. JOORIS le 25 novembre (en attente photos) Journ\u00e9e vendanges le 11 septembre (en cours) Exposition arts plastiques les 28 et 29 juin concert chorale Vocaline le 15 juin Rando \u00e0 Foug\u00e8res les 2 et 3 juin D\u00e9couverte Chantilly et Villequier le 16 et 17 mai D\u00e9jeuner &hellip; <\/p>\n<p class=\"link-more\"><a href=\"https:\/\/artsetsavoirshoulgate.com\/index.php\/sorties-culturelles\/album-2025\/\" class=\"more-link\">Continuer la lecture<span class=\"screen-reader-text\"> de &laquo;&nbsp;Album 2025&nbsp;&raquo;<\/span><\/a><\/p>\n","protected":false},"author":1,"featured_media":0,"parent":165,"menu_order":0,"comment_status":"closed","ping_status":"closed","template":"","meta":[],"yoast_head":"<!-- This site is optimized with the Yoast SEO plugin v18.2 - https:\/\/yoast.com\/wordpress\/plugins\/seo\/ -->\n<title>Album 2025 - Arts &amp; Savoirs<\/title>\n<meta name=\"robots\" content=\"index, follow, max-snippet:-1, max-image-preview:large, max-video-preview:-1\" \/>\n<link rel=\"canonical\" href=\"https:\/\/artsetsavoirshoulgate.com\/index.php\/sorties-culturelles\/album-2025\/\" \/>\n<meta property=\"og:locale\" content=\"fr_FR\" \/>\n<meta property=\"og:type\" content=\"article\" \/>\n<meta property=\"og:title\" content=\"Album 2025 - Arts &amp; Savoirs\" \/>\n<meta property=\"og:description\" content=\"Notre-Dame le 3 d\u00e9cembre (en attente photos) Repas J. JOORIS le 25 novembre (en attente photos) Journ\u00e9e vendanges le 11 septembre (en cours) Exposition arts plastiques les 28 et 29 juin concert chorale Vocaline le 15 juin Rando \u00e0 Foug\u00e8res les 2 et 3 juin D\u00e9couverte Chantilly et Villequier le 16 et 17 mai D\u00e9jeuner &hellip; Continuer la lecture de &laquo;&nbsp;Album 2025&nbsp;&raquo;\" \/>\n<meta property=\"og:url\" content=\"https:\/\/artsetsavoirshoulgate.com\/index.php\/sorties-culturelles\/album-2025\/\" \/>\n<meta property=\"og:site_name\" content=\"Arts &amp; Savoirs\" \/>\n<meta property=\"article:modified_time\" content=\"2026-04-01T09:20:10+00:00\" \/>\n<meta name=\"twitter:card\" content=\"summary_large_image\" \/>\n<meta name=\"twitter:label1\" content=\"Dur\u00e9e de lecture estim\u00e9e\" \/>\n\t<meta name=\"twitter:data1\" content=\"1 minute\" \/>\n<script type=\"application\/ld+json\" class=\"yoast-schema-graph\">{\"@context\":\"https:\/\/schema.org\",\"@graph\":[{\"@type\":\"WebSite\",\"@id\":\"http:\/\/artsetsavoirshoulgate.com\/#website\",\"url\":\"http:\/\/artsetsavoirshoulgate.com\/\",\"name\":\"Arts & Savoirs Houlgate\",\"description\":\"Pour promouvoir les Arts et Savoirs de toute culture et les activit\u00e9s qui y participent dans un esprit de partage et de f\u00eate\",\"potentialAction\":[{\"@type\":\"SearchAction\",\"target\":{\"@type\":\"EntryPoint\",\"urlTemplate\":\"http:\/\/artsetsavoirshoulgate.com\/?s={search_term_string}\"},\"query-input\":\"required name=search_term_string\"}],\"inLanguage\":\"fr-FR\"},{\"@type\":\"WebPage\",\"@id\":\"https:\/\/artsetsavoirshoulgate.com\/index.php\/sorties-culturelles\/album-2025\/#webpage\",\"url\":\"https:\/\/artsetsavoirshoulgate.com\/index.php\/sorties-culturelles\/album-2025\/\",\"name\":\"Album 2025 - Arts &amp; Savoirs\",\"isPartOf\":{\"@id\":\"http:\/\/artsetsavoirshoulgate.com\/#website\"},\"datePublished\":\"2025-01-18T16:28:16+00:00\",\"dateModified\":\"2026-04-01T09:20:10+00:00\",\"breadcrumb\":{\"@id\":\"https:\/\/artsetsavoirshoulgate.com\/index.php\/sorties-culturelles\/album-2025\/#breadcrumb\"},\"inLanguage\":\"fr-FR\",\"potentialAction\":[{\"@type\":\"ReadAction\",\"target\":[\"https:\/\/artsetsavoirshoulgate.com\/index.php\/sorties-culturelles\/album-2025\/\"]}]},{\"@type\":\"BreadcrumbList\",\"@id\":\"https:\/\/artsetsavoirshoulgate.com\/index.php\/sorties-culturelles\/album-2025\/#breadcrumb\",\"itemListElement\":[{\"@type\":\"ListItem\",\"position\":1,\"name\":\"Accueil\",\"item\":\"http:\/\/artsetsavoirshoulgate.com\/\"},{\"@type\":\"ListItem\",\"position\":2,\"name\":\"Albums\",\"item\":\"https:\/\/artsetsavoirshoulgate.com\/index.php\/sorties-culturelles\/\"},{\"@type\":\"ListItem\",\"position\":3,\"name\":\"Album 2025\"}]}]}<\/script>\n<!-- \/ Yoast SEO plugin. -->","yoast_head_json":{"title":"Album 2025 - Arts &amp; Savoirs","robots":{"index":"index","follow":"follow","max-snippet":"max-snippet:-1","max-image-preview":"max-image-preview:large","max-video-preview":"max-video-preview:-1"},"canonical":"https:\/\/artsetsavoirshoulgate.com\/index.php\/sorties-culturelles\/album-2025\/","og_locale":"fr_FR","og_type":"article","og_title":"Album 2025 - Arts &amp; Savoirs","og_description":"Notre-Dame le 3 d\u00e9cembre (en attente photos) Repas J. JOORIS le 25 novembre (en attente photos) Journ\u00e9e vendanges le 11 septembre (en cours) Exposition arts plastiques les 28 et 29 juin concert chorale Vocaline le 15 juin Rando \u00e0 Foug\u00e8res les 2 et 3 juin D\u00e9couverte Chantilly et Villequier le 16 et 17 mai D\u00e9jeuner &hellip; Continuer la lecture de &laquo;&nbsp;Album 2025&nbsp;&raquo;","og_url":"https:\/\/artsetsavoirshoulgate.com\/index.php\/sorties-culturelles\/album-2025\/","og_site_name":"Arts &amp; Savoirs","article_modified_time":"2026-04-01T09:20:10+00:00","twitter_card":"summary_large_image","twitter_misc":{"Dur\u00e9e de lecture estim\u00e9e":"1 minute"},"schema":{"@context":"https:\/\/schema.org","@graph":[{"@type":"WebSite","@id":"http:\/\/artsetsavoirshoulgate.com\/#website","url":"http:\/\/artsetsavoirshoulgate.com\/","name":"Arts & Savoirs Houlgate","description":"Pour promouvoir les Arts et Savoirs de toute culture et les activit\u00e9s qui y participent dans un esprit de partage et de f\u00eate","potentialAction":[{"@type":"SearchAction","target":{"@type":"EntryPoint","urlTemplate":"http:\/\/artsetsavoirshoulgate.com\/?s={search_term_string}"},"query-input":"required name=search_term_string"}],"inLanguage":"fr-FR"},{"@type":"WebPage","@id":"https:\/\/artsetsavoirshoulgate.com\/index.php\/sorties-culturelles\/album-2025\/#webpage","url":"https:\/\/artsetsavoirshoulgate.com\/index.php\/sorties-culturelles\/album-2025\/","name":"Album 2025 - Arts &amp; Savoirs","isPartOf":{"@id":"http:\/\/artsetsavoirshoulgate.com\/#website"},"datePublished":"2025-01-18T16:28:16+00:00","dateModified":"2026-04-01T09:20:10+00:00","breadcrumb":{"@id":"https:\/\/artsetsavoirshoulgate.com\/index.php\/sorties-culturelles\/album-2025\/#breadcrumb"},"inLanguage":"fr-FR","potentialAction":[{"@type":"ReadAction","target":["https:\/\/artsetsavoirshoulgate.com\/index.php\/sorties-culturelles\/album-2025\/"]}]},{"@type":"BreadcrumbList","@id":"https:\/\/artsetsavoirshoulgate.com\/index.php\/sorties-culturelles\/album-2025\/#breadcrumb","itemListElement":[{"@type":"ListItem","position":1,"name":"Accueil","item":"http:\/\/artsetsavoirshoulgate.com\/"},{"@type":"ListItem","position":2,"name":"Albums","item":"https:\/\/artsetsavoirshoulgate.com\/index.php\/sorties-culturelles\/"},{"@type":"ListItem","position":3,"name":"Album 2025"}]}]}},"_links":{"self":[{"href":"https:\/\/artsetsavoirshoulgate.com\/index.php\/wp-json\/wp\/v2\/pages\/5624"}],"collection":[{"href":"https:\/\/artsetsavoirshoulgate.com\/index.php\/wp-json\/wp\/v2\/pages"}],"about":[{"href":"https:\/\/artsetsavoirshoulgate.com\/index.php\/wp-json\/wp\/v2\/types\/page"}],"author":[{"embeddable":true,"href":"https:\/\/artsetsavoirshoulgate.com\/index.php\/wp-json\/wp\/v2\/users\/1"}],"replies":[{"embeddable":true,"href":"https:\/\/artsetsavoirshoulgate.com\/index.php\/wp-json\/wp\/v2\/comments?post=5624"}],"version-history":[{"count":17,"href":"https:\/\/artsetsavoirshoulgate.com\/index.php\/wp-json\/wp\/v2\/pages\/5624\/revisions"}],"predecessor-version":[{"id":6219,"href":"https:\/\/artsetsavoirshoulgate.com\/index.php\/wp-json\/wp\/v2\/pages\/5624\/revisions\/6219"}],"up":[{"embeddable":true,"href":"https:\/\/artsetsavoirshoulgate.com\/index.php\/wp-json\/wp\/v2\/pages\/165"}],"wp:attachment":[{"href":"https:\/\/artsetsavoirshoulgate.com\/index.php\/wp-json\/wp\/v2\/media?parent=5624"}],"curies":[{"name":"wp","href":"https:\/\/api.w.org\/{rel}","templated":true}]}}