{"id":6445,"date":"2026-03-31T19:09:54","date_gmt":"2026-03-31T17:09:54","guid":{"rendered":"https:\/\/artsetsavoirshoulgate.com\/?page_id=6445"},"modified":"2026-04-01T10:59:00","modified_gmt":"2026-04-01T08:59:00","slug":"programme-culturel","status":"publish","type":"page","link":"https:\/\/artsetsavoirshoulgate.com\/index.php\/test\/programme-culturel\/","title":{"rendered":"Programme culturel"},"content":{"rendered":"\n<p>  <\/p>\n\n\n<p><img loading=\"lazy\" class=\" wp-image-6444 alignleft\" src=\"http:\/\/artsetsavoirshoulgate.com\/wp-content\/uploads\/2026\/03\/montage-tableaux-214x300.png\" alt=\"\" width=\"143\" height=\"200\" srcset=\"https:\/\/artsetsavoirshoulgate.com\/wp-content\/uploads\/2026\/03\/montage-tableaux-214x300.png 214w, https:\/\/artsetsavoirshoulgate.com\/wp-content\/uploads\/2026\/03\/montage-tableaux-732x1024.png 732w, https:\/\/artsetsavoirshoulgate.com\/wp-content\/uploads\/2026\/03\/montage-tableaux-768x1074.png 768w, https:\/\/artsetsavoirshoulgate.com\/wp-content\/uploads\/2026\/03\/montage-tableaux.png 1041w\" sizes=\"(max-width: 143px) 100vw, 143px\" \/>L\u2019Association propose des sorties culturelles telles que expositions, th\u00e9\u00e2tre, spectacles, musique, dans les mus\u00e9es et salles de proximit\u00e9 en pr\u00e9-r\u00e9servant un certain nombre de places.<\/p>\n<p>Notre premi\u00e8re s\u00e9lection a \u00e9t\u00e9 pour les Franciscaines&nbsp;<\/p>\n<p>fiche descriptive et bon de r\u00e9servation =&gt; <strong><a href=\"http:\/\/artsetsavoirshoulgate.com\/wp-content\/uploads\/2026\/03\/Programme-culturel-N\u00b001-V1.pdf\">culture<\/a><\/strong><\/p>\n<p><\/p>","protected":false},"excerpt":{"rendered":"<p>L\u2019Association propose des sorties culturelles telles que expositions, th\u00e9\u00e2tre, spectacles, musique, dans les mus\u00e9es et salles de proximit\u00e9 en pr\u00e9-r\u00e9servant un certain nombre de places. Notre premi\u00e8re s\u00e9lection a \u00e9t\u00e9 pour les Franciscaines&nbsp; fiche descriptive et bon de r\u00e9servation =&gt; culture<\/p>\n","protected":false},"author":1,"featured_media":0,"parent":236,"menu_order":0,"comment_status":"closed","ping_status":"closed","template":"","meta":[],"yoast_head":"<!-- This site is optimized with the Yoast SEO plugin v18.2 - https:\/\/yoast.com\/wordpress\/plugins\/seo\/ -->\n<title>Programme culturel - Arts &amp; Savoirs<\/title>\n<meta name=\"robots\" content=\"index, follow, max-snippet:-1, max-image-preview:large, max-video-preview:-1\" \/>\n<link rel=\"canonical\" href=\"https:\/\/artsetsavoirshoulgate.com\/index.php\/test\/programme-culturel\/\" \/>\n<meta property=\"og:locale\" content=\"fr_FR\" \/>\n<meta property=\"og:type\" content=\"article\" \/>\n<meta property=\"og:title\" content=\"Programme culturel - Arts &amp; Savoirs\" \/>\n<meta property=\"og:description\" content=\"L\u2019Association propose des sorties culturelles telles que expositions, th\u00e9\u00e2tre, spectacles, musique, dans les mus\u00e9es et salles de proximit\u00e9 en pr\u00e9-r\u00e9servant un certain nombre de places. Notre premi\u00e8re s\u00e9lection a \u00e9t\u00e9 pour les Franciscaines&nbsp; fiche descriptive et bon de r\u00e9servation =&gt; culture\" \/>\n<meta property=\"og:url\" content=\"https:\/\/artsetsavoirshoulgate.com\/index.php\/test\/programme-culturel\/\" \/>\n<meta property=\"og:site_name\" content=\"Arts &amp; Savoirs\" \/>\n<meta property=\"article:modified_time\" content=\"2026-04-01T08:59:00+00:00\" \/>\n<meta property=\"og:image\" content=\"http:\/\/artsetsavoirshoulgate.com\/wp-content\/uploads\/2026\/03\/montage-tableaux-214x300.png\" \/>\n<meta name=\"twitter:card\" content=\"summary_large_image\" \/>\n<meta name=\"twitter:label1\" content=\"Dur\u00e9e de lecture estim\u00e9e\" \/>\n\t<meta name=\"twitter:data1\" content=\"1 minute\" \/>\n<script type=\"application\/ld+json\" class=\"yoast-schema-graph\">{\"@context\":\"https:\/\/schema.org\",\"@graph\":[{\"@type\":\"WebSite\",\"@id\":\"http:\/\/artsetsavoirshoulgate.com\/#website\",\"url\":\"http:\/\/artsetsavoirshoulgate.com\/\",\"name\":\"Arts & Savoirs Houlgate\",\"description\":\"Pour promouvoir les Arts et Savoirs de toute culture et les activit\u00e9s qui y participent dans un esprit de partage et de f\u00eate\",\"potentialAction\":[{\"@type\":\"SearchAction\",\"target\":{\"@type\":\"EntryPoint\",\"urlTemplate\":\"http:\/\/artsetsavoirshoulgate.com\/?s={search_term_string}\"},\"query-input\":\"required name=search_term_string\"}],\"inLanguage\":\"fr-FR\"},{\"@type\":\"ImageObject\",\"@id\":\"https:\/\/artsetsavoirshoulgate.com\/index.php\/test\/programme-culturel\/#primaryimage\",\"inLanguage\":\"fr-FR\",\"url\":\"http:\/\/artsetsavoirshoulgate.com\/wp-content\/uploads\/2026\/03\/montage-tableaux-214x300.png\",\"contentUrl\":\"http:\/\/artsetsavoirshoulgate.com\/wp-content\/uploads\/2026\/03\/montage-tableaux-214x300.png\"},{\"@type\":\"WebPage\",\"@id\":\"https:\/\/artsetsavoirshoulgate.com\/index.php\/test\/programme-culturel\/#webpage\",\"url\":\"https:\/\/artsetsavoirshoulgate.com\/index.php\/test\/programme-culturel\/\",\"name\":\"Programme culturel - Arts &amp; Savoirs\",\"isPartOf\":{\"@id\":\"http:\/\/artsetsavoirshoulgate.com\/#website\"},\"primaryImageOfPage\":{\"@id\":\"https:\/\/artsetsavoirshoulgate.com\/index.php\/test\/programme-culturel\/#primaryimage\"},\"datePublished\":\"2026-03-31T17:09:54+00:00\",\"dateModified\":\"2026-04-01T08:59:00+00:00\",\"breadcrumb\":{\"@id\":\"https:\/\/artsetsavoirshoulgate.com\/index.php\/test\/programme-culturel\/#breadcrumb\"},\"inLanguage\":\"fr-FR\",\"potentialAction\":[{\"@type\":\"ReadAction\",\"target\":[\"https:\/\/artsetsavoirshoulgate.com\/index.php\/test\/programme-culturel\/\"]}]},{\"@type\":\"BreadcrumbList\",\"@id\":\"https:\/\/artsetsavoirshoulgate.com\/index.php\/test\/programme-culturel\/#breadcrumb\",\"itemListElement\":[{\"@type\":\"ListItem\",\"position\":1,\"name\":\"Accueil\",\"item\":\"http:\/\/artsetsavoirshoulgate.com\/\"},{\"@type\":\"ListItem\",\"position\":2,\"name\":\"Culture\",\"item\":\"https:\/\/artsetsavoirshoulgate.com\/index.php\/test\/\"},{\"@type\":\"ListItem\",\"position\":3,\"name\":\"Programme culturel\"}]}]}<\/script>\n<!-- \/ Yoast SEO plugin. -->","yoast_head_json":{"title":"Programme culturel - Arts &amp; Savoirs","robots":{"index":"index","follow":"follow","max-snippet":"max-snippet:-1","max-image-preview":"max-image-preview:large","max-video-preview":"max-video-preview:-1"},"canonical":"https:\/\/artsetsavoirshoulgate.com\/index.php\/test\/programme-culturel\/","og_locale":"fr_FR","og_type":"article","og_title":"Programme culturel - Arts &amp; Savoirs","og_description":"L\u2019Association propose des sorties culturelles telles que expositions, th\u00e9\u00e2tre, spectacles, musique, dans les mus\u00e9es et salles de proximit\u00e9 en pr\u00e9-r\u00e9servant un certain nombre de places. Notre premi\u00e8re s\u00e9lection a \u00e9t\u00e9 pour les Franciscaines&nbsp; fiche descriptive et bon de r\u00e9servation =&gt; culture","og_url":"https:\/\/artsetsavoirshoulgate.com\/index.php\/test\/programme-culturel\/","og_site_name":"Arts &amp; Savoirs","article_modified_time":"2026-04-01T08:59:00+00:00","og_image":[{"url":"http:\/\/artsetsavoirshoulgate.com\/wp-content\/uploads\/2026\/03\/montage-tableaux-214x300.png"}],"twitter_card":"summary_large_image","twitter_misc":{"Dur\u00e9e de lecture estim\u00e9e":"1 minute"},"schema":{"@context":"https:\/\/schema.org","@graph":[{"@type":"WebSite","@id":"http:\/\/artsetsavoirshoulgate.com\/#website","url":"http:\/\/artsetsavoirshoulgate.com\/","name":"Arts & Savoirs Houlgate","description":"Pour promouvoir les Arts et Savoirs de toute culture et les activit\u00e9s qui y participent dans un esprit de partage et de f\u00eate","potentialAction":[{"@type":"SearchAction","target":{"@type":"EntryPoint","urlTemplate":"http:\/\/artsetsavoirshoulgate.com\/?s={search_term_string}"},"query-input":"required name=search_term_string"}],"inLanguage":"fr-FR"},{"@type":"ImageObject","@id":"https:\/\/artsetsavoirshoulgate.com\/index.php\/test\/programme-culturel\/#primaryimage","inLanguage":"fr-FR","url":"http:\/\/artsetsavoirshoulgate.com\/wp-content\/uploads\/2026\/03\/montage-tableaux-214x300.png","contentUrl":"http:\/\/artsetsavoirshoulgate.com\/wp-content\/uploads\/2026\/03\/montage-tableaux-214x300.png"},{"@type":"WebPage","@id":"https:\/\/artsetsavoirshoulgate.com\/index.php\/test\/programme-culturel\/#webpage","url":"https:\/\/artsetsavoirshoulgate.com\/index.php\/test\/programme-culturel\/","name":"Programme culturel - Arts &amp; Savoirs","isPartOf":{"@id":"http:\/\/artsetsavoirshoulgate.com\/#website"},"primaryImageOfPage":{"@id":"https:\/\/artsetsavoirshoulgate.com\/index.php\/test\/programme-culturel\/#primaryimage"},"datePublished":"2026-03-31T17:09:54+00:00","dateModified":"2026-04-01T08:59:00+00:00","breadcrumb":{"@id":"https:\/\/artsetsavoirshoulgate.com\/index.php\/test\/programme-culturel\/#breadcrumb"},"inLanguage":"fr-FR","potentialAction":[{"@type":"ReadAction","target":["https:\/\/artsetsavoirshoulgate.com\/index.php\/test\/programme-culturel\/"]}]},{"@type":"BreadcrumbList","@id":"https:\/\/artsetsavoirshoulgate.com\/index.php\/test\/programme-culturel\/#breadcrumb","itemListElement":[{"@type":"ListItem","position":1,"name":"Accueil","item":"http:\/\/artsetsavoirshoulgate.com\/"},{"@type":"ListItem","position":2,"name":"Culture","item":"https:\/\/artsetsavoirshoulgate.com\/index.php\/test\/"},{"@type":"ListItem","position":3,"name":"Programme culturel"}]}]}},"_links":{"self":[{"href":"https:\/\/artsetsavoirshoulgate.com\/index.php\/wp-json\/wp\/v2\/pages\/6445"}],"collection":[{"href":"https:\/\/artsetsavoirshoulgate.com\/index.php\/wp-json\/wp\/v2\/pages"}],"about":[{"href":"https:\/\/artsetsavoirshoulgate.com\/index.php\/wp-json\/wp\/v2\/types\/page"}],"author":[{"embeddable":true,"href":"https:\/\/artsetsavoirshoulgate.com\/index.php\/wp-json\/wp\/v2\/users\/1"}],"replies":[{"embeddable":true,"href":"https:\/\/artsetsavoirshoulgate.com\/index.php\/wp-json\/wp\/v2\/comments?post=6445"}],"version-history":[{"count":3,"href":"https:\/\/artsetsavoirshoulgate.com\/index.php\/wp-json\/wp\/v2\/pages\/6445\/revisions"}],"predecessor-version":[{"id":6456,"href":"https:\/\/artsetsavoirshoulgate.com\/index.php\/wp-json\/wp\/v2\/pages\/6445\/revisions\/6456"}],"up":[{"embeddable":true,"href":"https:\/\/artsetsavoirshoulgate.com\/index.php\/wp-json\/wp\/v2\/pages\/236"}],"wp:attachment":[{"href":"https:\/\/artsetsavoirshoulgate.com\/index.php\/wp-json\/wp\/v2\/media?parent=6445"}],"curies":[{"name":"wp","href":"https:\/\/api.w.org\/{rel}","templated":true}]}}