{"id":77,"date":"2018-01-04T13:13:57","date_gmt":"2018-01-04T12:13:57","guid":{"rendered":"http:\/\/righini-avocat.fr\/artsetsavoirs\/?page_id=77"},"modified":"2024-08-23T17:30:51","modified_gmt":"2024-08-23T15:30:51","slug":"bridge","status":"publish","type":"page","link":"https:\/\/artsetsavoirshoulgate.com\/index.php\/activites\/bridge\/","title":{"rendered":"Bridge"},"content":{"rendered":"<h1>\u00a0<\/h1>\n<p><img loading=\"lazy\" class=\"wp-image-126 alignleft\" src=\"http:\/\/artsetsavoirshoulgate.com\/wp-content\/uploads\/2018\/01\/681px-Bridge_declarer-300x264.jpg\" alt=\"\" width=\"247\" height=\"217\" srcset=\"https:\/\/artsetsavoirshoulgate.com\/wp-content\/uploads\/2018\/01\/681px-Bridge_declarer-300x264.jpg 300w, https:\/\/artsetsavoirshoulgate.com\/wp-content\/uploads\/2018\/01\/681px-Bridge_declarer.jpg 681w\" sizes=\"(max-width: 247px) 100vw, 247px\" \/><span style=\"text-align: left; color: #43471f; text-transform: none; line-height: 25.1px; text-indent: 0px; letter-spacing: normal; font-family: 'Libre Franklin','Helvetica Neue',helvetica,arial,sans-serif; font-size: 17.93px; font-style: normal; font-variant: normal; text-decoration: none; word-spacing: 0px; display: inline !important; white-space: normal; orphans: 2; float: none; -webkit-text-stroke-width: 0px; background-color: transparent;\"><strong>Contact<\/strong> : Jacques BRUNET 06 74 85 07 65\u00a0<\/span><\/p>\n<p><span style=\"display: inline !important; float: none; background-color: transparent; color: #333333; cursor: text; font-family: 'Libre Franklin','Helvetica Neue',helvetica,arial,sans-serif; font-size: 16px; font-style: normal; font-variant: normal; font-weight: 400; letter-spacing: normal; orphans: 2; text-align: left; text-decoration: none; text-indent: 0px; text-transform: none; -webkit-text-stroke-width: 0px; white-space: normal; word-spacing: 0px;\"><strong><span style=\"text-align: left; color: #43471f; text-transform: none; line-height: 25.1px; text-indent: 0px; letter-spacing: normal; font-family: 'Libre Franklin','Helvetica Neue',helvetica,arial,sans-serif; font-size: 17.93px; font-style: normal; font-variant: normal; text-decoration: none; word-spacing: 0px; display: inline !important; white-space: normal; orphans: 2; float: none; -webkit-text-stroke-width: 0px; background-color: transparent;\">Lieu : <\/span><\/strong><span style=\"text-align: left; color: #43471f; text-transform: none; line-height: 25.1px; text-indent: 0px; letter-spacing: normal; font-family: 'Libre Franklin','Helvetica Neue',helvetica,arial,sans-serif; font-size: 17.93px; font-style: normal; font-variant: normal; text-decoration: none; word-spacing: 0px; display: inline !important; white-space: normal; orphans: 2; float: none; -webkit-text-stroke-width: 0px; background-color: transparent;\">Salle <strong>Berthe Morisot<\/strong><\/span><\/span><br \/><span style=\"text-align: left; color: #43471f; text-transform: none; line-height: 25.1px; text-indent: 0px; letter-spacing: normal; font-family: 'Libre Franklin','Helvetica Neue',helvetica,arial,sans-serif; font-size: 17.93px; font-style: normal; font-variant: normal; text-decoration: none; word-spacing: 0px; display: inline !important; white-space: normal; orphans: 2; float: none; -webkit-text-stroke-width: 0px; background-color: transparent;\"><strong> Horaires<\/strong> :\u00a0<\/span><strong>Jeudi 19h30\u00a0 \u00e0 23h<\/strong><\/p>\n<p><span style=\"text-align: left; color: #43471f; text-transform: none; line-height: 25.1px; text-indent: 0px; letter-spacing: normal; font-family: 'Libre Franklin','Helvetica Neue',helvetica,arial,sans-serif; font-size: 17.93px; font-style: normal; font-variant: normal; text-decoration: none; word-spacing: 0px; display: inline !important; white-space: normal; orphans: 2; float: none; -webkit-text-stroke-width: 0px; background-color: transparent;\"><strong> Participation<\/strong> : 10\u20ac par an (<em>en compl\u00e9ment de\u00a0<a href=\"http:\/\/artsetsavoirshoulgate.com\/index.php\/a-propos-de\/\">l\u2019adh\u00e9sion \u00e0 l\u2019association<\/a><\/em>). <strong>Cette participation de 10\u20ac par an est \u00e0 \u00a0r\u00e9gler <u>une seule fois<\/u> pour\u00a0 l\u2019ensemble des activit\u00e9s tricot,couture,jeux de soci\u00e9t\u00e9s, \u00e9checs, bridge et tarot.<\/strong><\/span><\/p>\n<p style=\"text-align: left;\">Une douzaine d&rsquo;adh\u00e9rents de l&rsquo;association Arts &amp; Savoirs se retrouvent tous les Jeudis soirs pour jouer au bridge dans une ambiance conviviale.<br \/>Ces soir\u00e9es sont ouvertes \u00e0 tous les niveaux, y compris aux d\u00e9butants.<\/p>\n\n\n<p><\/p>\n","protected":false},"excerpt":{"rendered":"<p>\u00a0 Contact : Jacques BRUNET 06 74 85 07 65\u00a0 Lieu : Salle Berthe Morisot Horaires :\u00a0Jeudi 19h30\u00a0 \u00e0 23h Participation : 10\u20ac par an (en compl\u00e9ment de\u00a0l\u2019adh\u00e9sion \u00e0 l\u2019association). Cette participation de 10\u20ac par an est \u00e0 \u00a0r\u00e9gler une seule fois pour\u00a0 l\u2019ensemble des activit\u00e9s tricot,couture,jeux de soci\u00e9t\u00e9s, \u00e9checs, bridge et tarot. Une douzaine &hellip; <\/p>\n<p class=\"link-more\"><a href=\"https:\/\/artsetsavoirshoulgate.com\/index.php\/activites\/bridge\/\" class=\"more-link\">Continuer la lecture<span class=\"screen-reader-text\"> de &laquo;&nbsp;Bridge&nbsp;&raquo;<\/span><\/a><\/p>\n","protected":false},"author":1,"featured_media":0,"parent":31,"menu_order":0,"comment_status":"closed","ping_status":"closed","template":"","meta":[],"yoast_head":"<!-- This site is optimized with the Yoast SEO plugin v18.2 - https:\/\/yoast.com\/wordpress\/plugins\/seo\/ -->\n<title>BRIDGE - Association ARTS &amp; SAVOIRS<\/title>\n<meta name=\"description\" content=\"Une douzaine d&#039;adh\u00e9rents de l&#039;association Arts &amp; Savoirs se retrouvent tous les Jeudis soirs \u00e0 partir de 20H30 pour jouer au bridge dans une ambiance conviviale. Ces soir\u00e9es sont ouvertes \u00e0 tous les niveaux, y compris aux d\u00e9butants.\" \/>\n<meta name=\"robots\" content=\"index, follow, max-snippet:-1, max-image-preview:large, max-video-preview:-1\" \/>\n<link rel=\"canonical\" href=\"https:\/\/artsetsavoirshoulgate.com\/index.php\/activites\/bridge\/\" \/>\n<meta property=\"og:locale\" content=\"fr_FR\" \/>\n<meta property=\"og:type\" content=\"article\" \/>\n<meta property=\"og:title\" content=\"BRIDGE - Association ARTS &amp; SAVOIRS\" \/>\n<meta property=\"og:description\" content=\"Une douzaine d&#039;adh\u00e9rents de l&#039;association Arts &amp; Savoirs se retrouvent tous les Jeudis soirs \u00e0 partir de 20H30 pour jouer au bridge dans une ambiance conviviale. Ces soir\u00e9es sont ouvertes \u00e0 tous les niveaux, y compris aux d\u00e9butants.\" \/>\n<meta property=\"og:url\" content=\"https:\/\/artsetsavoirshoulgate.com\/index.php\/activites\/bridge\/\" \/>\n<meta property=\"og:site_name\" content=\"Arts &amp; Savoirs\" \/>\n<meta property=\"article:modified_time\" content=\"2024-08-23T15:30:51+00:00\" \/>\n<meta property=\"og:image\" content=\"http:\/\/artsetsavoirshoulgate.com\/wp-content\/uploads\/2018\/01\/681px-Bridge_declarer-300x264.jpg\" \/>\n<meta name=\"twitter:card\" content=\"summary_large_image\" \/>\n<meta name=\"twitter:label1\" content=\"Dur\u00e9e de lecture estim\u00e9e\" \/>\n\t<meta name=\"twitter:data1\" content=\"1 minute\" \/>\n<script type=\"application\/ld+json\" class=\"yoast-schema-graph\">{\"@context\":\"https:\/\/schema.org\",\"@graph\":[{\"@type\":\"WebSite\",\"@id\":\"http:\/\/artsetsavoirshoulgate.com\/#website\",\"url\":\"http:\/\/artsetsavoirshoulgate.com\/\",\"name\":\"Arts & Savoirs Houlgate\",\"description\":\"Pour promouvoir les Arts et Savoirs de toute culture et les activit\u00e9s qui y participent dans un esprit de partage et de f\u00eate\",\"potentialAction\":[{\"@type\":\"SearchAction\",\"target\":{\"@type\":\"EntryPoint\",\"urlTemplate\":\"http:\/\/artsetsavoirshoulgate.com\/?s={search_term_string}\"},\"query-input\":\"required name=search_term_string\"}],\"inLanguage\":\"fr-FR\"},{\"@type\":\"ImageObject\",\"@id\":\"https:\/\/artsetsavoirshoulgate.com\/index.php\/activites\/bridge\/#primaryimage\",\"inLanguage\":\"fr-FR\",\"url\":\"http:\/\/artsetsavoirshoulgate.com\/wp-content\/uploads\/2018\/01\/681px-Bridge_declarer-300x264.jpg\",\"contentUrl\":\"http:\/\/artsetsavoirshoulgate.com\/wp-content\/uploads\/2018\/01\/681px-Bridge_declarer-300x264.jpg\"},{\"@type\":\"WebPage\",\"@id\":\"https:\/\/artsetsavoirshoulgate.com\/index.php\/activites\/bridge\/#webpage\",\"url\":\"https:\/\/artsetsavoirshoulgate.com\/index.php\/activites\/bridge\/\",\"name\":\"BRIDGE - Association ARTS & SAVOIRS\",\"isPartOf\":{\"@id\":\"http:\/\/artsetsavoirshoulgate.com\/#website\"},\"primaryImageOfPage\":{\"@id\":\"https:\/\/artsetsavoirshoulgate.com\/index.php\/activites\/bridge\/#primaryimage\"},\"datePublished\":\"2018-01-04T12:13:57+00:00\",\"dateModified\":\"2024-08-23T15:30:51+00:00\",\"description\":\"Une douzaine d'adh\u00e9rents de l'association Arts & Savoirs se retrouvent tous les Jeudis soirs \u00e0 partir de 20H30 pour jouer au bridge dans une ambiance conviviale. Ces soir\u00e9es sont ouvertes \u00e0 tous les niveaux, y compris aux d\u00e9butants.\",\"breadcrumb\":{\"@id\":\"https:\/\/artsetsavoirshoulgate.com\/index.php\/activites\/bridge\/#breadcrumb\"},\"inLanguage\":\"fr-FR\",\"potentialAction\":[{\"@type\":\"ReadAction\",\"target\":[\"https:\/\/artsetsavoirshoulgate.com\/index.php\/activites\/bridge\/\"]}]},{\"@type\":\"BreadcrumbList\",\"@id\":\"https:\/\/artsetsavoirshoulgate.com\/index.php\/activites\/bridge\/#breadcrumb\",\"itemListElement\":[{\"@type\":\"ListItem\",\"position\":1,\"name\":\"Accueil\",\"item\":\"http:\/\/artsetsavoirshoulgate.com\/\"},{\"@type\":\"ListItem\",\"position\":2,\"name\":\"Loisirs\",\"item\":\"https:\/\/artsetsavoirshoulgate.com\/index.php\/activites\/\"},{\"@type\":\"ListItem\",\"position\":3,\"name\":\"Bridge\"}]}]}<\/script>\n<!-- \/ Yoast SEO plugin. -->","yoast_head_json":{"title":"BRIDGE - Association ARTS & SAVOIRS","description":"Une douzaine d'adh\u00e9rents de l'association Arts & Savoirs se retrouvent tous les Jeudis soirs \u00e0 partir de 20H30 pour jouer au bridge dans une ambiance conviviale. Ces soir\u00e9es sont ouvertes \u00e0 tous les niveaux, y compris aux d\u00e9butants.","robots":{"index":"index","follow":"follow","max-snippet":"max-snippet:-1","max-image-preview":"max-image-preview:large","max-video-preview":"max-video-preview:-1"},"canonical":"https:\/\/artsetsavoirshoulgate.com\/index.php\/activites\/bridge\/","og_locale":"fr_FR","og_type":"article","og_title":"BRIDGE - Association ARTS & SAVOIRS","og_description":"Une douzaine d'adh\u00e9rents de l'association Arts & Savoirs se retrouvent tous les Jeudis soirs \u00e0 partir de 20H30 pour jouer au bridge dans une ambiance conviviale. Ces soir\u00e9es sont ouvertes \u00e0 tous les niveaux, y compris aux d\u00e9butants.","og_url":"https:\/\/artsetsavoirshoulgate.com\/index.php\/activites\/bridge\/","og_site_name":"Arts &amp; Savoirs","article_modified_time":"2024-08-23T15:30:51+00:00","og_image":[{"url":"http:\/\/artsetsavoirshoulgate.com\/wp-content\/uploads\/2018\/01\/681px-Bridge_declarer-300x264.jpg"}],"twitter_card":"summary_large_image","twitter_misc":{"Dur\u00e9e de lecture estim\u00e9e":"1 minute"},"schema":{"@context":"https:\/\/schema.org","@graph":[{"@type":"WebSite","@id":"http:\/\/artsetsavoirshoulgate.com\/#website","url":"http:\/\/artsetsavoirshoulgate.com\/","name":"Arts & Savoirs Houlgate","description":"Pour promouvoir les Arts et Savoirs de toute culture et les activit\u00e9s qui y participent dans un esprit de partage et de f\u00eate","potentialAction":[{"@type":"SearchAction","target":{"@type":"EntryPoint","urlTemplate":"http:\/\/artsetsavoirshoulgate.com\/?s={search_term_string}"},"query-input":"required name=search_term_string"}],"inLanguage":"fr-FR"},{"@type":"ImageObject","@id":"https:\/\/artsetsavoirshoulgate.com\/index.php\/activites\/bridge\/#primaryimage","inLanguage":"fr-FR","url":"http:\/\/artsetsavoirshoulgate.com\/wp-content\/uploads\/2018\/01\/681px-Bridge_declarer-300x264.jpg","contentUrl":"http:\/\/artsetsavoirshoulgate.com\/wp-content\/uploads\/2018\/01\/681px-Bridge_declarer-300x264.jpg"},{"@type":"WebPage","@id":"https:\/\/artsetsavoirshoulgate.com\/index.php\/activites\/bridge\/#webpage","url":"https:\/\/artsetsavoirshoulgate.com\/index.php\/activites\/bridge\/","name":"BRIDGE - Association ARTS & SAVOIRS","isPartOf":{"@id":"http:\/\/artsetsavoirshoulgate.com\/#website"},"primaryImageOfPage":{"@id":"https:\/\/artsetsavoirshoulgate.com\/index.php\/activites\/bridge\/#primaryimage"},"datePublished":"2018-01-04T12:13:57+00:00","dateModified":"2024-08-23T15:30:51+00:00","description":"Une douzaine d'adh\u00e9rents de l'association Arts & Savoirs se retrouvent tous les Jeudis soirs \u00e0 partir de 20H30 pour jouer au bridge dans une ambiance conviviale. Ces soir\u00e9es sont ouvertes \u00e0 tous les niveaux, y compris aux d\u00e9butants.","breadcrumb":{"@id":"https:\/\/artsetsavoirshoulgate.com\/index.php\/activites\/bridge\/#breadcrumb"},"inLanguage":"fr-FR","potentialAction":[{"@type":"ReadAction","target":["https:\/\/artsetsavoirshoulgate.com\/index.php\/activites\/bridge\/"]}]},{"@type":"BreadcrumbList","@id":"https:\/\/artsetsavoirshoulgate.com\/index.php\/activites\/bridge\/#breadcrumb","itemListElement":[{"@type":"ListItem","position":1,"name":"Accueil","item":"http:\/\/artsetsavoirshoulgate.com\/"},{"@type":"ListItem","position":2,"name":"Loisirs","item":"https:\/\/artsetsavoirshoulgate.com\/index.php\/activites\/"},{"@type":"ListItem","position":3,"name":"Bridge"}]}]}},"_links":{"self":[{"href":"https:\/\/artsetsavoirshoulgate.com\/index.php\/wp-json\/wp\/v2\/pages\/77"}],"collection":[{"href":"https:\/\/artsetsavoirshoulgate.com\/index.php\/wp-json\/wp\/v2\/pages"}],"about":[{"href":"https:\/\/artsetsavoirshoulgate.com\/index.php\/wp-json\/wp\/v2\/types\/page"}],"author":[{"embeddable":true,"href":"https:\/\/artsetsavoirshoulgate.com\/index.php\/wp-json\/wp\/v2\/users\/1"}],"replies":[{"embeddable":true,"href":"https:\/\/artsetsavoirshoulgate.com\/index.php\/wp-json\/wp\/v2\/comments?post=77"}],"version-history":[{"count":29,"href":"https:\/\/artsetsavoirshoulgate.com\/index.php\/wp-json\/wp\/v2\/pages\/77\/revisions"}],"predecessor-version":[{"id":5285,"href":"https:\/\/artsetsavoirshoulgate.com\/index.php\/wp-json\/wp\/v2\/pages\/77\/revisions\/5285"}],"up":[{"embeddable":true,"href":"https:\/\/artsetsavoirshoulgate.com\/index.php\/wp-json\/wp\/v2\/pages\/31"}],"wp:attachment":[{"href":"https:\/\/artsetsavoirshoulgate.com\/index.php\/wp-json\/wp\/v2\/media?parent=77"}],"curies":[{"name":"wp","href":"https:\/\/api.w.org\/{rel}","templated":true}]}}