{"id":78,"date":"2018-01-04T13:13:57","date_gmt":"2018-01-04T12:13:57","guid":{"rendered":"http:\/\/righini-avocat.fr\/artsetsavoirs\/?page_id=78"},"modified":"2025-09-04T16:12:54","modified_gmt":"2025-09-04T14:12:54","slug":"tarot","status":"publish","type":"page","link":"https:\/\/artsetsavoirshoulgate.com\/index.php\/activites\/tarot\/","title":{"rendered":"Tarot"},"content":{"rendered":"<p><strong><img loading=\"lazy\" class=\"size-medium wp-image-180 alignleft\" src=\"http:\/\/artsetsavoirshoulgate.com\/wp-content\/uploads\/2018\/01\/illustration-concours-de-tarot_1-1509829639-300x215.jpg\" alt=\"\" width=\"300\" height=\"215\" srcset=\"https:\/\/artsetsavoirshoulgate.com\/wp-content\/uploads\/2018\/01\/illustration-concours-de-tarot_1-1509829639-300x215.jpg 300w, https:\/\/artsetsavoirshoulgate.com\/wp-content\/uploads\/2018\/01\/illustration-concours-de-tarot_1-1509829639-768x549.jpg 768w, https:\/\/artsetsavoirshoulgate.com\/wp-content\/uploads\/2018\/01\/illustration-concours-de-tarot_1-1509829639-1024x732.jpg 1024w, https:\/\/artsetsavoirshoulgate.com\/wp-content\/uploads\/2018\/01\/illustration-concours-de-tarot_1-1509829639.jpg 1600w\" sizes=\"(max-width: 300px) 100vw, 300px\" \/><br \/>\nContact<\/strong> : <strong>Jean-Philippe BERNARD<\/strong> 06 30 85 50 36<br \/>\n<span style=\"display: inline !important; float: none; background-color: transparent; color: #333333; cursor: text; font-family: 'Libre Franklin','Helvetica Neue',helvetica,arial,sans-serif; font-size: 16px; font-style: normal; font-variant: normal; font-weight: 400; letter-spacing: normal; orphans: 2; text-align: left; text-decoration: none; text-indent: 0px; text-transform: none; -webkit-text-stroke-width: 0px; white-space: normal; word-spacing: 0px;\"><strong>Lieu<\/strong> :\u00a0 Salle Berthe Morisot<\/span><br \/>\n<strong>Horaires<\/strong> :\u00a0 Mardi toute l&rsquo;ann\u00e9e 18h30 \u00e0 23h<\/p>\n<p><strong>Participation<\/strong> : 10\u20ac par an (<em>en compl\u00e9ment de\u00a0<a href=\"http:\/\/artsetsavoirshoulgate.com\/index.php\/a-propos-de\/\">l\u2019adh\u00e9sion \u00e0 l\u2019association<\/a><\/em>). <strong>Cette participation de 10\u20ac par an est \u00e0 \u00a0r\u00e9gler <u>une seule fois<\/u> pour\u00a0 l\u2019ensemble des activit\u00e9s tricot,couture,peintures, jeux de soci\u00e9t\u00e9s, \u00e9checs, bridge et tarot.<\/strong><\/p>\n<p>Tous les niveaux sont les bienvenus. Les nouveaux participants \u00ab\u00a0d\u00e9butants\u00a0\u00bb sont accueillis et int\u00e9gr\u00e9s avec plaisir par les autres joueurs.<\/p>\n<p>Selon vos disponibilit\u00e9s, arriv\u00e9e tardive ou d\u00e9part pr\u00e9coce sont possibles, nos parties s&rsquo;adaptant au nombre de joueurs (3,4 ou 5 par table)<\/p>\n","protected":false},"excerpt":{"rendered":"<p>Contact : Jean-Philippe BERNARD 06 30 85 50 36 Lieu :\u00a0 Salle Berthe Morisot Horaires :\u00a0 Mardi toute l&rsquo;ann\u00e9e 18h30 \u00e0 23h Participation : 10\u20ac par an (en compl\u00e9ment de\u00a0l\u2019adh\u00e9sion \u00e0 l\u2019association). Cette participation de 10\u20ac par an est \u00e0 \u00a0r\u00e9gler une seule fois pour\u00a0 l\u2019ensemble des activit\u00e9s tricot,couture,peintures, jeux de soci\u00e9t\u00e9s, \u00e9checs, bridge et &hellip; <\/p>\n<p class=\"link-more\"><a href=\"https:\/\/artsetsavoirshoulgate.com\/index.php\/activites\/tarot\/\" class=\"more-link\">Continuer la lecture<span class=\"screen-reader-text\"> de &laquo;&nbsp;Tarot&nbsp;&raquo;<\/span><\/a><\/p>\n","protected":false},"author":1,"featured_media":0,"parent":31,"menu_order":0,"comment_status":"closed","ping_status":"closed","template":"","meta":[],"yoast_head":"<!-- This site is optimized with the Yoast SEO plugin v18.2 - https:\/\/yoast.com\/wordpress\/plugins\/seo\/ -->\n<title>Tarot - Arts &amp; Savoirs<\/title>\n<meta name=\"robots\" content=\"index, follow, max-snippet:-1, max-image-preview:large, max-video-preview:-1\" \/>\n<link rel=\"canonical\" href=\"http:\/\/artsetsavoirshoulgate.com\/index.php\/activites\/tarot\/\" \/>\n<meta property=\"og:locale\" content=\"fr_FR\" \/>\n<meta property=\"og:type\" content=\"article\" \/>\n<meta property=\"og:title\" content=\"Tarot - Arts &amp; Savoirs\" \/>\n<meta property=\"og:description\" content=\"Contact : Jean-Philippe BERNARD 06 30 85 50 36 Lieu :\u00a0 Salle Berthe Morisot Horaires :\u00a0 Mardi toute l&rsquo;ann\u00e9e 18h30 \u00e0 23h Participation : 10\u20ac par an (en compl\u00e9ment de\u00a0l\u2019adh\u00e9sion \u00e0 l\u2019association). Cette participation de 10\u20ac par an est \u00e0 \u00a0r\u00e9gler une seule fois pour\u00a0 l\u2019ensemble des activit\u00e9s tricot,couture,peintures, jeux de soci\u00e9t\u00e9s, \u00e9checs, bridge et &hellip; Continuer la lecture de &laquo;&nbsp;Tarot&nbsp;&raquo;\" \/>\n<meta property=\"og:url\" content=\"http:\/\/artsetsavoirshoulgate.com\/index.php\/activites\/tarot\/\" \/>\n<meta property=\"og:site_name\" content=\"Arts &amp; Savoirs\" \/>\n<meta property=\"article:modified_time\" content=\"2025-09-04T14:12:54+00:00\" \/>\n<meta property=\"og:image\" content=\"http:\/\/artsetsavoirshoulgate.com\/wp-content\/uploads\/2018\/01\/illustration-concours-de-tarot_1-1509829639-300x215.jpg\" \/>\n<meta name=\"twitter:card\" content=\"summary_large_image\" \/>\n<meta name=\"twitter:label1\" content=\"Dur\u00e9e de lecture estim\u00e9e\" \/>\n\t<meta name=\"twitter:data1\" content=\"1 minute\" \/>\n<script type=\"application\/ld+json\" class=\"yoast-schema-graph\">{\"@context\":\"https:\/\/schema.org\",\"@graph\":[{\"@type\":\"WebSite\",\"@id\":\"http:\/\/artsetsavoirshoulgate.com\/#website\",\"url\":\"http:\/\/artsetsavoirshoulgate.com\/\",\"name\":\"Arts & Savoirs Houlgate\",\"description\":\"Pour promouvoir les Arts et Savoirs de toute culture et les activit\u00e9s qui y participent dans un esprit de partage et de f\u00eate\",\"potentialAction\":[{\"@type\":\"SearchAction\",\"target\":{\"@type\":\"EntryPoint\",\"urlTemplate\":\"http:\/\/artsetsavoirshoulgate.com\/?s={search_term_string}\"},\"query-input\":\"required name=search_term_string\"}],\"inLanguage\":\"fr-FR\"},{\"@type\":\"ImageObject\",\"@id\":\"http:\/\/artsetsavoirshoulgate.com\/index.php\/activites\/tarot\/#primaryimage\",\"inLanguage\":\"fr-FR\",\"url\":\"http:\/\/artsetsavoirshoulgate.com\/wp-content\/uploads\/2018\/01\/illustration-concours-de-tarot_1-1509829639-300x215.jpg\",\"contentUrl\":\"http:\/\/artsetsavoirshoulgate.com\/wp-content\/uploads\/2018\/01\/illustration-concours-de-tarot_1-1509829639-300x215.jpg\"},{\"@type\":\"WebPage\",\"@id\":\"http:\/\/artsetsavoirshoulgate.com\/index.php\/activites\/tarot\/#webpage\",\"url\":\"http:\/\/artsetsavoirshoulgate.com\/index.php\/activites\/tarot\/\",\"name\":\"Tarot - Arts &amp; Savoirs\",\"isPartOf\":{\"@id\":\"http:\/\/artsetsavoirshoulgate.com\/#website\"},\"primaryImageOfPage\":{\"@id\":\"http:\/\/artsetsavoirshoulgate.com\/index.php\/activites\/tarot\/#primaryimage\"},\"datePublished\":\"2018-01-04T12:13:57+00:00\",\"dateModified\":\"2025-09-04T14:12:54+00:00\",\"breadcrumb\":{\"@id\":\"http:\/\/artsetsavoirshoulgate.com\/index.php\/activites\/tarot\/#breadcrumb\"},\"inLanguage\":\"fr-FR\",\"potentialAction\":[{\"@type\":\"ReadAction\",\"target\":[\"http:\/\/artsetsavoirshoulgate.com\/index.php\/activites\/tarot\/\"]}]},{\"@type\":\"BreadcrumbList\",\"@id\":\"http:\/\/artsetsavoirshoulgate.com\/index.php\/activites\/tarot\/#breadcrumb\",\"itemListElement\":[{\"@type\":\"ListItem\",\"position\":1,\"name\":\"Accueil\",\"item\":\"http:\/\/artsetsavoirshoulgate.com\/\"},{\"@type\":\"ListItem\",\"position\":2,\"name\":\"Loisirs\",\"item\":\"https:\/\/artsetsavoirshoulgate.com\/index.php\/activites\/\"},{\"@type\":\"ListItem\",\"position\":3,\"name\":\"Tarot\"}]}]}<\/script>\n<!-- \/ Yoast SEO plugin. -->","yoast_head_json":{"title":"Tarot - Arts &amp; Savoirs","robots":{"index":"index","follow":"follow","max-snippet":"max-snippet:-1","max-image-preview":"max-image-preview:large","max-video-preview":"max-video-preview:-1"},"canonical":"http:\/\/artsetsavoirshoulgate.com\/index.php\/activites\/tarot\/","og_locale":"fr_FR","og_type":"article","og_title":"Tarot - Arts &amp; Savoirs","og_description":"Contact : Jean-Philippe BERNARD 06 30 85 50 36 Lieu :\u00a0 Salle Berthe Morisot Horaires :\u00a0 Mardi toute l&rsquo;ann\u00e9e 18h30 \u00e0 23h Participation : 10\u20ac par an (en compl\u00e9ment de\u00a0l\u2019adh\u00e9sion \u00e0 l\u2019association). Cette participation de 10\u20ac par an est \u00e0 \u00a0r\u00e9gler une seule fois pour\u00a0 l\u2019ensemble des activit\u00e9s tricot,couture,peintures, jeux de soci\u00e9t\u00e9s, \u00e9checs, bridge et &hellip; Continuer la lecture de &laquo;&nbsp;Tarot&nbsp;&raquo;","og_url":"http:\/\/artsetsavoirshoulgate.com\/index.php\/activites\/tarot\/","og_site_name":"Arts &amp; Savoirs","article_modified_time":"2025-09-04T14:12:54+00:00","og_image":[{"url":"http:\/\/artsetsavoirshoulgate.com\/wp-content\/uploads\/2018\/01\/illustration-concours-de-tarot_1-1509829639-300x215.jpg"}],"twitter_card":"summary_large_image","twitter_misc":{"Dur\u00e9e de lecture estim\u00e9e":"1 minute"},"schema":{"@context":"https:\/\/schema.org","@graph":[{"@type":"WebSite","@id":"http:\/\/artsetsavoirshoulgate.com\/#website","url":"http:\/\/artsetsavoirshoulgate.com\/","name":"Arts & Savoirs Houlgate","description":"Pour promouvoir les Arts et Savoirs de toute culture et les activit\u00e9s qui y participent dans un esprit de partage et de f\u00eate","potentialAction":[{"@type":"SearchAction","target":{"@type":"EntryPoint","urlTemplate":"http:\/\/artsetsavoirshoulgate.com\/?s={search_term_string}"},"query-input":"required name=search_term_string"}],"inLanguage":"fr-FR"},{"@type":"ImageObject","@id":"http:\/\/artsetsavoirshoulgate.com\/index.php\/activites\/tarot\/#primaryimage","inLanguage":"fr-FR","url":"http:\/\/artsetsavoirshoulgate.com\/wp-content\/uploads\/2018\/01\/illustration-concours-de-tarot_1-1509829639-300x215.jpg","contentUrl":"http:\/\/artsetsavoirshoulgate.com\/wp-content\/uploads\/2018\/01\/illustration-concours-de-tarot_1-1509829639-300x215.jpg"},{"@type":"WebPage","@id":"http:\/\/artsetsavoirshoulgate.com\/index.php\/activites\/tarot\/#webpage","url":"http:\/\/artsetsavoirshoulgate.com\/index.php\/activites\/tarot\/","name":"Tarot - Arts &amp; Savoirs","isPartOf":{"@id":"http:\/\/artsetsavoirshoulgate.com\/#website"},"primaryImageOfPage":{"@id":"http:\/\/artsetsavoirshoulgate.com\/index.php\/activites\/tarot\/#primaryimage"},"datePublished":"2018-01-04T12:13:57+00:00","dateModified":"2025-09-04T14:12:54+00:00","breadcrumb":{"@id":"http:\/\/artsetsavoirshoulgate.com\/index.php\/activites\/tarot\/#breadcrumb"},"inLanguage":"fr-FR","potentialAction":[{"@type":"ReadAction","target":["http:\/\/artsetsavoirshoulgate.com\/index.php\/activites\/tarot\/"]}]},{"@type":"BreadcrumbList","@id":"http:\/\/artsetsavoirshoulgate.com\/index.php\/activites\/tarot\/#breadcrumb","itemListElement":[{"@type":"ListItem","position":1,"name":"Accueil","item":"http:\/\/artsetsavoirshoulgate.com\/"},{"@type":"ListItem","position":2,"name":"Loisirs","item":"https:\/\/artsetsavoirshoulgate.com\/index.php\/activites\/"},{"@type":"ListItem","position":3,"name":"Tarot"}]}]}},"_links":{"self":[{"href":"https:\/\/artsetsavoirshoulgate.com\/index.php\/wp-json\/wp\/v2\/pages\/78"}],"collection":[{"href":"https:\/\/artsetsavoirshoulgate.com\/index.php\/wp-json\/wp\/v2\/pages"}],"about":[{"href":"https:\/\/artsetsavoirshoulgate.com\/index.php\/wp-json\/wp\/v2\/types\/page"}],"author":[{"embeddable":true,"href":"https:\/\/artsetsavoirshoulgate.com\/index.php\/wp-json\/wp\/v2\/users\/1"}],"replies":[{"embeddable":true,"href":"https:\/\/artsetsavoirshoulgate.com\/index.php\/wp-json\/wp\/v2\/comments?post=78"}],"version-history":[{"count":15,"href":"https:\/\/artsetsavoirshoulgate.com\/index.php\/wp-json\/wp\/v2\/pages\/78\/revisions"}],"predecessor-version":[{"id":5942,"href":"https:\/\/artsetsavoirshoulgate.com\/index.php\/wp-json\/wp\/v2\/pages\/78\/revisions\/5942"}],"up":[{"embeddable":true,"href":"https:\/\/artsetsavoirshoulgate.com\/index.php\/wp-json\/wp\/v2\/pages\/31"}],"wp:attachment":[{"href":"https:\/\/artsetsavoirshoulgate.com\/index.php\/wp-json\/wp\/v2\/media?parent=78"}],"curies":[{"name":"wp","href":"https:\/\/api.w.org\/{rel}","templated":true}]}}