{"id":8,"date":"2017-12-03T19:25:34","date_gmt":"2017-12-03T18:25:34","guid":{"rendered":"http:\/\/righini-avocat.fr\/artsetsavoirs\/?page_id=8"},"modified":"2026-03-01T16:48:30","modified_gmt":"2026-03-01T15:48:30","slug":"a-propos-de","status":"publish","type":"page","link":"https:\/\/artsetsavoirshoulgate.com\/index.php\/a-propos-de\/","title":{"rendered":"Pr\u00e9sentation"},"content":{"rendered":"<div>\n<h1>Le mot du Pr\u00e9sident(e)<\/h1>\n<p>Bienvenue sur votre site.<br \/>\nNous avons cr\u00e9\u00e9 ce site pour vous adh\u00e9rents ou simples curieux, pour vous faciliter l&rsquo;acc\u00e8s aux activit\u00e9s propos\u00e9es et vous informer plus rapidement sur les \u00e9v\u00e8nements \u00e0 venir.<br \/>\nN&rsquo;h\u00e9sitez pas \u00e0 nous faire part de vos remarques ou suggestions via vos contacts (cf. chaque activit\u00e9), elles feront l&rsquo;objet d&rsquo;une analyse et d&rsquo;une d\u00e9cision de prise en compte ou non en comit\u00e9 de site.<br \/>\nLes activit\u00e9s de notre association sont un lien de partage des diff\u00e9rentes cultures et des diff\u00e9rents savoirs.<br \/>\nDes sorties et des voyages culturels ou touristiques viennent compl\u00e9ter notre enrichissement personnel.<br \/>\nToutes ces activit\u00e9s se d\u00e9roulent dans un esprit de solidarit\u00e9 et de convivialit\u00e9 avec comme slogan :<\/p>\n<p style=\"text-align: center;\">\u00ab\u00a0Seul, on va plus vite, mais ensemble, on va plus loin.\u00a0\u00bb<\/p>\n<h1>Historique<\/h1>\n<p>Notre association est n\u00e9e en 1986 de la personnalit\u00e9 et des id\u00e9es de sa Pr\u00e9sidente-Cr\u00e9atrice Mich\u00e8le PARIS-JAMET qui a souhait\u00e9 prolonger une premi\u00e8re exp\u00e9rience d&rsquo;\u00e9change culturel du d\u00e9but des ann\u00e9es 80 avec un groupe de musiciens tunisiens , et\u00a0 partager sa curiosit\u00e9 et son ouverture pour la promotion locale des arts et savoirs de toute culture au travers de conf\u00e9rences, visites, spectacles.<br \/>\nA plusieurs bien s\u00fbr on fait mieux&#8230; !<\/p>\n<p>Une association vit&#8230;\u00a0 Les id\u00e9es, propositions et comp\u00e9tences nouvelles apparaissent: des activit\u00e9s de loisirs et de bien-\u00eatre viendront ensuite \u00e9largir le cadre de l&rsquo;association.<\/p>\n<p>Ont pr\u00e9sid\u00e9 \u00ab\u00a0Arts et Savoirs\u00a0\u00bb depuis sa cr\u00e9ation :<br \/>\n&#8211; Mich\u00e8le PARIS-JAMET 1986-1994\u00a0 Pr\u00e9sidente d&rsquo;honneur<br \/>\n&#8211; Jean Denis MACE 1994-1997<br \/>\n&#8211; Annick CHOQUART 1997-2002<br \/>\n&#8211; Monique LACUEIL 2002-2010<br \/>\n&#8211; Denise JOUAN 2010-2011<br \/>\n&#8211; Liliane MACE 2011-2016<br \/>\n&#8211; Florence DELIRY 2016-2018<br \/>\n&#8211; Jacques BRUNET 2018 &#8211; 2025<\/p>\n<p style=\"text-align: left;\">-Dani\u00e8le HODOT-PARISOT 2025 \u00e0 ce jour<\/p>\n<h1>Activit\u00e9s propos\u00e9es<\/h1>\n<p>L&rsquo;association propose actuellement 18 activit\u00e9s tout au long de l&rsquo;ann\u00e9e scolaire (voir toute l&rsquo;ann\u00e9e pour certaines). Celles ci sont propos\u00e9es \u00e0 nos adh\u00e9rents et sont regroup\u00e9es sur les pages th\u00e9matiques : <a href=\"http:\/\/artsetsavoirshoulgate.com\/index.php\/activites\/\">Loisirs<\/a>, <a href=\"http:\/\/artsetsavoirshoulgate.com\/index.php\/test\/\">Culture<\/a>, et <a href=\"http:\/\/artsetsavoirshoulgate.com\/index.php\/bien-etre\/\">Bien-\u00eatre<\/a>, et <a href=\"http:\/\/artsetsavoirshoulgate.com\/index.php\/activites-enfants\/\">Enfants<\/a> . Elles sont \u00e9galement r\u00e9f\u00e9renc\u00e9es \u00e0 l&rsquo;office du tourisme: <a href=\"https:\/\/www.normandie-cabourg-paysdauge-tourisme.fr\/destinations\/houlgate\/\">https:\/\/www.normandie-cabourg-paysdauge-tourisme.fr\/destinations\/houlgate\/<\/a><br \/>\nL&rsquo;association organise \u00e9galement des <a href=\"http:\/\/artsetsavoirshoulgate.com\/index.php\/activites\/voyages-decouvertes\/\">voyages d\u00e9couvertes<\/a> ainsi que des <a href=\"http:\/\/artsetsavoirshoulgate.com\/index.php\/test\/sorties-culturelles-2\/\">sorties culturelles<\/a> (musique, th\u00e9\u00e2tre, danse,..). Ceux-ci ou celles-ci sont annonc\u00e9s sur la <a href=\"http:\/\/artsetsavoirshoulgate.com\/index.php\/evenements\/\">page \u00e9v\u00e8nements<\/a> du site qui vous tient inform\u00e9 de la vie de l&rsquo;association et du calendrier de ces \u00e9v\u00e9nements.<br \/>\nLes informations pratiques concernant chaque activit\u00e9 vous pr\u00e9cisent entre autres\u00a0 le nom du contact \u00e0 joindre pour plus de renseignements et vous inscrire \u00e0 une premi\u00e8re \u00ab\u00a0s\u00e9ance d\u00e9couverte\u00a0\u00bb.<\/p>\n<p><strong><span style=\"color: #ff0000;\"><a style=\"color: #ff0000;\" href=\"http:\/\/artsetsavoirshoulgate.com\/wp-content\/uploads\/2025\/12\/flyer-2025-2026-V07.pdf\">Flyer 2025-2026<\/a><\/span><\/strong><\/p>\n<h1>Adh\u00e9sion<\/h1>\n<p>L&rsquo;adh\u00e9sion est fix\u00e9e annuellement par l&rsquo;assembl\u00e9e g\u00e9n\u00e9rale et couvre la p\u00e9riode de Septembre \u00e0 Ao\u00fbt. Son montant actuel est de 20\u20ac en individuel et de 35\u20ac par couple, adh\u00e9sion enfant : 10\u20ac.<br \/>\nPour chacune des activit\u00e9s (sauf bridge et tarot), une contribution compl\u00e9mentaire est demand\u00e9e. Celle-ci est pr\u00e9cis\u00e9e sur chacune des pages descriptives de ces activit\u00e9s.<br \/>\nVotre adh\u00e9sion vous permet \u00e9galement de participer aux sorties,\u00a0 journ\u00e9es et voyages d\u00e9couvertes \u00e0 un tarif pr\u00e9f\u00e9rentiel, celles-ci restant accessibles dans la limite des places disponibles aux non-adh\u00e9rents.<\/p>\n<p><strong><span style=\"color: #ff0000;\"><a style=\"color: #ff0000;\" href=\"http:\/\/artsetsavoirshoulgate.com\/wp-content\/uploads\/2025\/09\/Bulletin-adhesion-2025-2026-V3-finale.pdf\">Bulletin adh\u00e9sion 2025-2026<\/a><\/span><\/strong><\/p>\n<\/div>\n<div>\n<h1>Le conseil d&rsquo;administration et le bureau<\/h1>\n<p><img loading=\"lazy\" class=\"aligncenter wp-image-6362 size-full\" src=\"http:\/\/artsetsavoirshoulgate.com\/wp-content\/uploads\/2026\/03\/organigramme-A-S-2026-rev02.png\" alt=\"\" width=\"2150\" height=\"1489\" srcset=\"https:\/\/artsetsavoirshoulgate.com\/wp-content\/uploads\/2026\/03\/organigramme-A-S-2026-rev02.png 2150w, https:\/\/artsetsavoirshoulgate.com\/wp-content\/uploads\/2026\/03\/organigramme-A-S-2026-rev02-300x208.png 300w, https:\/\/artsetsavoirshoulgate.com\/wp-content\/uploads\/2026\/03\/organigramme-A-S-2026-rev02-1024x709.png 1024w, https:\/\/artsetsavoirshoulgate.com\/wp-content\/uploads\/2026\/03\/organigramme-A-S-2026-rev02-768x532.png 768w, https:\/\/artsetsavoirshoulgate.com\/wp-content\/uploads\/2026\/03\/organigramme-A-S-2026-rev02-1536x1064.png 1536w, https:\/\/artsetsavoirshoulgate.com\/wp-content\/uploads\/2026\/03\/organigramme-A-S-2026-rev02-2048x1418.png 2048w, https:\/\/artsetsavoirshoulgate.com\/wp-content\/uploads\/2026\/03\/organigramme-A-S-2026-rev02-1320x914.png 1320w\" sizes=\"(max-width: 706px) 89vw, (max-width: 767px) 82vw, 740px\" \/><\/p>\n<p style=\"text-align: left;\">Comme pr\u00e9cis\u00e9 dans ses statuts, l&rsquo;association se r\u00e9unit une fois par an en Assembl\u00e9e G\u00e9n\u00e9rale Ordinaire. Le conseil d&rsquo;administration rend compte de la gestion et de la vie de l&rsquo;association de l&rsquo;ann\u00e9e \u00e9coul\u00e9e et pr\u00e9sente les projets \u00e0 venir. A cette occasion sont recueillis les avis, demandes et propositions des adh\u00e9rents.<br \/>\nL&rsquo; Assembl\u00e9e g\u00e9n\u00e9rale\u00a0 proc\u00e8de\u00a0 au renouvellement\u00a0 par tiers des membres du conseil d&rsquo;administration \u00e9lus pour 3 ans.<\/p>\n<p style=\"text-align: left;\">Pr\u00e9sident(e),vice-pr\u00e9sident(e), tr\u00e9sorier(e) et secr\u00e9taire constituent le bureau qui assure la gestion quotidienne de l&rsquo;association.<\/p>\n<p style=\"text-align: left;\">Pr\u00e9sidente et Webmaster: Dani\u00e8le Hodot-Parisot<\/p>\n<p>Vice-Pr\u00e9sidente : Maryse Vernochet<\/p>\n<p style=\"text-align: left;\">Tr\u00e9sori\u00e8re : Evelyne Petit<\/p>\n<p style=\"text-align: left;\">Secr\u00e9taire : V\u00e9ronique Binet-Mendowski<\/p>\n<p style=\"text-align: left;\">Membres :\u00a0 Jacques Brunet, Nadia Besson, Jean-Philippe Bernard, Jean-Pierre Delvall\u00e9e, Philippe Remondin, Alain Richard, Catherine Tanaka, Maryse Vernochet, Philippe Nugues, Alain Pouillaude .<\/p>\n<\/div>\n","protected":false},"excerpt":{"rendered":"<p>Le mot du Pr\u00e9sident(e) Bienvenue sur votre site. Nous avons cr\u00e9\u00e9 ce site pour vous adh\u00e9rents ou simples curieux, pour vous faciliter l&rsquo;acc\u00e8s aux activit\u00e9s propos\u00e9es et vous informer plus rapidement sur les \u00e9v\u00e8nements \u00e0 venir. N&rsquo;h\u00e9sitez pas \u00e0 nous faire part de vos remarques ou suggestions via vos contacts (cf. chaque activit\u00e9), elles feront &hellip; <\/p>\n<p class=\"link-more\"><a href=\"https:\/\/artsetsavoirshoulgate.com\/index.php\/a-propos-de\/\" class=\"more-link\">Continuer la lecture<span class=\"screen-reader-text\"> de &laquo;&nbsp;Pr\u00e9sentation&nbsp;&raquo;<\/span><\/a><\/p>\n","protected":false},"author":1,"featured_media":0,"parent":0,"menu_order":0,"comment_status":"closed","ping_status":"closed","template":"","meta":[],"yoast_head":"<!-- This site is optimized with the Yoast SEO plugin v18.2 - https:\/\/yoast.com\/wordpress\/plugins\/seo\/ -->\n<title>Pr\u00e9sentation - Arts &amp; Savoirs<\/title>\n<meta name=\"robots\" content=\"index, follow, max-snippet:-1, max-image-preview:large, max-video-preview:-1\" \/>\n<link rel=\"canonical\" href=\"https:\/\/artsetsavoirshoulgate.com\/index.php\/a-propos-de\/\" \/>\n<meta property=\"og:locale\" content=\"fr_FR\" \/>\n<meta property=\"og:type\" content=\"article\" \/>\n<meta property=\"og:title\" content=\"Pr\u00e9sentation - Arts &amp; Savoirs\" \/>\n<meta property=\"og:description\" content=\"Le mot du Pr\u00e9sident(e) Bienvenue sur votre site. Nous avons cr\u00e9\u00e9 ce site pour vous adh\u00e9rents ou simples curieux, pour vous faciliter l&rsquo;acc\u00e8s aux activit\u00e9s propos\u00e9es et vous informer plus rapidement sur les \u00e9v\u00e8nements \u00e0 venir. N&rsquo;h\u00e9sitez pas \u00e0 nous faire part de vos remarques ou suggestions via vos contacts (cf. chaque activit\u00e9), elles feront &hellip; Continuer la lecture de &laquo;&nbsp;Pr\u00e9sentation&nbsp;&raquo;\" \/>\n<meta property=\"og:url\" content=\"https:\/\/artsetsavoirshoulgate.com\/index.php\/a-propos-de\/\" \/>\n<meta property=\"og:site_name\" content=\"Arts &amp; Savoirs\" \/>\n<meta property=\"article:modified_time\" content=\"2026-03-01T15:48:30+00:00\" \/>\n<meta property=\"og:image\" content=\"http:\/\/artsetsavoirshoulgate.com\/wp-content\/uploads\/2026\/03\/organigramme-A-S-2026-rev02.png\" \/>\n<meta name=\"twitter:card\" content=\"summary_large_image\" \/>\n<meta name=\"twitter:label1\" content=\"Dur\u00e9e de lecture estim\u00e9e\" \/>\n\t<meta name=\"twitter:data1\" content=\"4 minutes\" \/>\n<script type=\"application\/ld+json\" class=\"yoast-schema-graph\">{\"@context\":\"https:\/\/schema.org\",\"@graph\":[{\"@type\":\"WebSite\",\"@id\":\"http:\/\/artsetsavoirshoulgate.com\/#website\",\"url\":\"http:\/\/artsetsavoirshoulgate.com\/\",\"name\":\"Arts & Savoirs Houlgate\",\"description\":\"Pour promouvoir les Arts et Savoirs de toute culture et les activit\u00e9s qui y participent dans un esprit de partage et de f\u00eate\",\"potentialAction\":[{\"@type\":\"SearchAction\",\"target\":{\"@type\":\"EntryPoint\",\"urlTemplate\":\"http:\/\/artsetsavoirshoulgate.com\/?s={search_term_string}\"},\"query-input\":\"required name=search_term_string\"}],\"inLanguage\":\"fr-FR\"},{\"@type\":\"ImageObject\",\"@id\":\"https:\/\/artsetsavoirshoulgate.com\/index.php\/a-propos-de\/#primaryimage\",\"inLanguage\":\"fr-FR\",\"url\":\"http:\/\/artsetsavoirshoulgate.com\/wp-content\/uploads\/2026\/03\/organigramme-A-S-2026-rev02.png\",\"contentUrl\":\"http:\/\/artsetsavoirshoulgate.com\/wp-content\/uploads\/2026\/03\/organigramme-A-S-2026-rev02.png\"},{\"@type\":\"WebPage\",\"@id\":\"https:\/\/artsetsavoirshoulgate.com\/index.php\/a-propos-de\/#webpage\",\"url\":\"https:\/\/artsetsavoirshoulgate.com\/index.php\/a-propos-de\/\",\"name\":\"Pr\u00e9sentation - Arts &amp; Savoirs\",\"isPartOf\":{\"@id\":\"http:\/\/artsetsavoirshoulgate.com\/#website\"},\"primaryImageOfPage\":{\"@id\":\"https:\/\/artsetsavoirshoulgate.com\/index.php\/a-propos-de\/#primaryimage\"},\"datePublished\":\"2017-12-03T18:25:34+00:00\",\"dateModified\":\"2026-03-01T15:48:30+00:00\",\"breadcrumb\":{\"@id\":\"https:\/\/artsetsavoirshoulgate.com\/index.php\/a-propos-de\/#breadcrumb\"},\"inLanguage\":\"fr-FR\",\"potentialAction\":[{\"@type\":\"ReadAction\",\"target\":[\"https:\/\/artsetsavoirshoulgate.com\/index.php\/a-propos-de\/\"]}]},{\"@type\":\"BreadcrumbList\",\"@id\":\"https:\/\/artsetsavoirshoulgate.com\/index.php\/a-propos-de\/#breadcrumb\",\"itemListElement\":[{\"@type\":\"ListItem\",\"position\":1,\"name\":\"Accueil\",\"item\":\"http:\/\/artsetsavoirshoulgate.com\/\"},{\"@type\":\"ListItem\",\"position\":2,\"name\":\"Pr\u00e9sentation\"}]}]}<\/script>\n<!-- \/ Yoast SEO plugin. -->","yoast_head_json":{"title":"Pr\u00e9sentation - Arts &amp; Savoirs","robots":{"index":"index","follow":"follow","max-snippet":"max-snippet:-1","max-image-preview":"max-image-preview:large","max-video-preview":"max-video-preview:-1"},"canonical":"https:\/\/artsetsavoirshoulgate.com\/index.php\/a-propos-de\/","og_locale":"fr_FR","og_type":"article","og_title":"Pr\u00e9sentation - Arts &amp; Savoirs","og_description":"Le mot du Pr\u00e9sident(e) Bienvenue sur votre site. Nous avons cr\u00e9\u00e9 ce site pour vous adh\u00e9rents ou simples curieux, pour vous faciliter l&rsquo;acc\u00e8s aux activit\u00e9s propos\u00e9es et vous informer plus rapidement sur les \u00e9v\u00e8nements \u00e0 venir. N&rsquo;h\u00e9sitez pas \u00e0 nous faire part de vos remarques ou suggestions via vos contacts (cf. chaque activit\u00e9), elles feront &hellip; Continuer la lecture de &laquo;&nbsp;Pr\u00e9sentation&nbsp;&raquo;","og_url":"https:\/\/artsetsavoirshoulgate.com\/index.php\/a-propos-de\/","og_site_name":"Arts &amp; Savoirs","article_modified_time":"2026-03-01T15:48:30+00:00","og_image":[{"url":"http:\/\/artsetsavoirshoulgate.com\/wp-content\/uploads\/2026\/03\/organigramme-A-S-2026-rev02.png"}],"twitter_card":"summary_large_image","twitter_misc":{"Dur\u00e9e de lecture estim\u00e9e":"4 minutes"},"schema":{"@context":"https:\/\/schema.org","@graph":[{"@type":"WebSite","@id":"http:\/\/artsetsavoirshoulgate.com\/#website","url":"http:\/\/artsetsavoirshoulgate.com\/","name":"Arts & Savoirs Houlgate","description":"Pour promouvoir les Arts et Savoirs de toute culture et les activit\u00e9s qui y participent dans un esprit de partage et de f\u00eate","potentialAction":[{"@type":"SearchAction","target":{"@type":"EntryPoint","urlTemplate":"http:\/\/artsetsavoirshoulgate.com\/?s={search_term_string}"},"query-input":"required name=search_term_string"}],"inLanguage":"fr-FR"},{"@type":"ImageObject","@id":"https:\/\/artsetsavoirshoulgate.com\/index.php\/a-propos-de\/#primaryimage","inLanguage":"fr-FR","url":"http:\/\/artsetsavoirshoulgate.com\/wp-content\/uploads\/2026\/03\/organigramme-A-S-2026-rev02.png","contentUrl":"http:\/\/artsetsavoirshoulgate.com\/wp-content\/uploads\/2026\/03\/organigramme-A-S-2026-rev02.png"},{"@type":"WebPage","@id":"https:\/\/artsetsavoirshoulgate.com\/index.php\/a-propos-de\/#webpage","url":"https:\/\/artsetsavoirshoulgate.com\/index.php\/a-propos-de\/","name":"Pr\u00e9sentation - Arts &amp; Savoirs","isPartOf":{"@id":"http:\/\/artsetsavoirshoulgate.com\/#website"},"primaryImageOfPage":{"@id":"https:\/\/artsetsavoirshoulgate.com\/index.php\/a-propos-de\/#primaryimage"},"datePublished":"2017-12-03T18:25:34+00:00","dateModified":"2026-03-01T15:48:30+00:00","breadcrumb":{"@id":"https:\/\/artsetsavoirshoulgate.com\/index.php\/a-propos-de\/#breadcrumb"},"inLanguage":"fr-FR","potentialAction":[{"@type":"ReadAction","target":["https:\/\/artsetsavoirshoulgate.com\/index.php\/a-propos-de\/"]}]},{"@type":"BreadcrumbList","@id":"https:\/\/artsetsavoirshoulgate.com\/index.php\/a-propos-de\/#breadcrumb","itemListElement":[{"@type":"ListItem","position":1,"name":"Accueil","item":"http:\/\/artsetsavoirshoulgate.com\/"},{"@type":"ListItem","position":2,"name":"Pr\u00e9sentation"}]}]}},"_links":{"self":[{"href":"https:\/\/artsetsavoirshoulgate.com\/index.php\/wp-json\/wp\/v2\/pages\/8"}],"collection":[{"href":"https:\/\/artsetsavoirshoulgate.com\/index.php\/wp-json\/wp\/v2\/pages"}],"about":[{"href":"https:\/\/artsetsavoirshoulgate.com\/index.php\/wp-json\/wp\/v2\/types\/page"}],"author":[{"embeddable":true,"href":"https:\/\/artsetsavoirshoulgate.com\/index.php\/wp-json\/wp\/v2\/users\/1"}],"replies":[{"embeddable":true,"href":"https:\/\/artsetsavoirshoulgate.com\/index.php\/wp-json\/wp\/v2\/comments?post=8"}],"version-history":[{"count":82,"href":"https:\/\/artsetsavoirshoulgate.com\/index.php\/wp-json\/wp\/v2\/pages\/8\/revisions"}],"predecessor-version":[{"id":6364,"href":"https:\/\/artsetsavoirshoulgate.com\/index.php\/wp-json\/wp\/v2\/pages\/8\/revisions\/6364"}],"wp:attachment":[{"href":"https:\/\/artsetsavoirshoulgate.com\/index.php\/wp-json\/wp\/v2\/media?parent=8"}],"curies":[{"name":"wp","href":"https:\/\/api.w.org\/{rel}","templated":true}]}}