{"id":81,"date":"2018-01-04T13:13:57","date_gmt":"2018-01-04T12:13:57","guid":{"rendered":"http:\/\/righini-avocat.fr\/artsetsavoirs\/?page_id=81"},"modified":"2026-04-01T16:59:27","modified_gmt":"2026-04-01T14:59:27","slug":"randonnee-nordique","status":"publish","type":"page","link":"https:\/\/artsetsavoirshoulgate.com\/index.php\/activites\/randonnee-nordique\/","title":{"rendered":"Randonn\u00e9e Nordique"},"content":{"rendered":"<p style=\"text-align: left;\"><strong><img loading=\"lazy\" class=\"size-medium wp-image-6256 alignleft\" src=\"http:\/\/artsetsavoirshoulgate.com\/wp-content\/uploads\/2026\/01\/rando-nordique-04-262x300.jpg\" alt=\"\" width=\"262\" height=\"300\" srcset=\"https:\/\/artsetsavoirshoulgate.com\/wp-content\/uploads\/2026\/01\/rando-nordique-04-262x300.jpg 262w, https:\/\/artsetsavoirshoulgate.com\/wp-content\/uploads\/2026\/01\/rando-nordique-04-895x1024.jpg 895w, https:\/\/artsetsavoirshoulgate.com\/wp-content\/uploads\/2026\/01\/rando-nordique-04-768x878.jpg 768w, https:\/\/artsetsavoirshoulgate.com\/wp-content\/uploads\/2026\/01\/rando-nordique-04.jpg 932w\" sizes=\"(max-width: 262px) 100vw, 262px\" \/>Contact<\/strong> : <b>Alain Richard <strong>07 50 50 40 35<\/strong><\/b><br \/><strong>Lieu<\/strong> : pr\u00e9cis\u00e9 par courriel<br \/><strong>Horaires<\/strong> : LUNDI 14h-16h (hors juillet et Ao\u00fbt)<\/p>\n<p style=\"text-align: left;\"><strong>Participation<\/strong> : annuelle forfaitaire de 20 \u20ac<br \/><em>en compl\u00e9ment de <a href=\"http:\/\/artsetsavoirshoulgate.com\/index.php\/a-propos-de\/\">l&rsquo;adh\u00e9sion \u00e0 l&rsquo;association<\/a><\/em><\/p>\n<p>L&rsquo;association Arts et Savoirs organise des randonn\u00e9es nordiques d&rsquo;environ 8 km de 14h \u00e0 16h, sur les chemins du Pays d&rsquo;Auge Nord. Le rep\u00e9rage des parcours est effectu\u00e9 par b\u00e9n\u00e9voles organisateurs.\u00a0Les sorties sont planifi\u00e9es au trimestre.<\/p>\n<p>Organisateur principal : <strong>Claude MARIE<\/strong> 06 43 75 75 74<\/p>\n<p>PLanning 3\u00e8me trimestre 2025\/2026 =&gt;<strong><span style=\"color: #ff0000;\"> <a style=\"color: #ff0000;\" href=\"http:\/\/artsetsavoirshoulgate.com\/wp-content\/uploads\/2026\/03\/Planning-rando-3eme-trim-2025-2026.pdf\">\u00a0ICI<\/a><\/span><\/strong><\/p>\n<p>Ce planning ainsi que le descriptif de chaque sortie vous seront adress\u00e9s par courriel.<br \/>Les conditions m\u00e9t\u00e9o peuvent amener des modifications de derni\u00e8re minute, changement de parcours voire annulation. Dans ce cas le contact adresse un courriel pour en informer les adh\u00e9rents inscrits.<\/p>\n\n\n<p><\/p>\n","protected":false},"excerpt":{"rendered":"<p>Contact : Alain Richard 07 50 50 40 35Lieu : pr\u00e9cis\u00e9 par courrielHoraires : LUNDI 14h-16h (hors juillet et Ao\u00fbt) Participation : annuelle forfaitaire de 20 \u20acen compl\u00e9ment de l&rsquo;adh\u00e9sion \u00e0 l&rsquo;association L&rsquo;association Arts et Savoirs organise des randonn\u00e9es nordiques d&rsquo;environ 8 km de 14h \u00e0 16h, sur les chemins du Pays d&rsquo;Auge Nord. Le &hellip; <\/p>\n<p class=\"link-more\"><a href=\"https:\/\/artsetsavoirshoulgate.com\/index.php\/activites\/randonnee-nordique\/\" class=\"more-link\">Continuer la lecture<span class=\"screen-reader-text\"> de &laquo;&nbsp;Randonn\u00e9e Nordique&nbsp;&raquo;<\/span><\/a><\/p>\n","protected":false},"author":1,"featured_media":0,"parent":31,"menu_order":0,"comment_status":"closed","ping_status":"closed","template":"","meta":[],"yoast_head":"<!-- This site is optimized with the Yoast SEO plugin v18.2 - https:\/\/yoast.com\/wordpress\/plugins\/seo\/ -->\n<title>Randonn\u00e9e Nordique - Arts &amp; Savoirs<\/title>\n<meta name=\"robots\" content=\"index, follow, max-snippet:-1, max-image-preview:large, max-video-preview:-1\" \/>\n<link rel=\"canonical\" href=\"https:\/\/artsetsavoirshoulgate.com\/index.php\/activites\/randonnee-nordique\/\" \/>\n<meta property=\"og:locale\" content=\"fr_FR\" \/>\n<meta property=\"og:type\" content=\"article\" \/>\n<meta property=\"og:title\" content=\"Randonn\u00e9e Nordique - Arts &amp; Savoirs\" \/>\n<meta property=\"og:description\" content=\"Contact : Alain Richard 07 50 50 40 35Lieu : pr\u00e9cis\u00e9 par courrielHoraires : LUNDI 14h-16h (hors juillet et Ao\u00fbt) Participation : annuelle forfaitaire de 20 \u20acen compl\u00e9ment de l&rsquo;adh\u00e9sion \u00e0 l&rsquo;association L&rsquo;association Arts et Savoirs organise des randonn\u00e9es nordiques d&rsquo;environ 8 km de 14h \u00e0 16h, sur les chemins du Pays d&rsquo;Auge Nord. Le &hellip; Continuer la lecture de &laquo;&nbsp;Randonn\u00e9e Nordique&nbsp;&raquo;\" \/>\n<meta property=\"og:url\" content=\"https:\/\/artsetsavoirshoulgate.com\/index.php\/activites\/randonnee-nordique\/\" \/>\n<meta property=\"og:site_name\" content=\"Arts &amp; Savoirs\" \/>\n<meta property=\"article:modified_time\" content=\"2026-04-01T14:59:27+00:00\" \/>\n<meta property=\"og:image\" content=\"http:\/\/artsetsavoirshoulgate.com\/wp-content\/uploads\/2026\/01\/rando-nordique-04-262x300.jpg\" \/>\n<meta name=\"twitter:card\" content=\"summary_large_image\" \/>\n<meta name=\"twitter:label1\" content=\"Dur\u00e9e de lecture estim\u00e9e\" \/>\n\t<meta name=\"twitter:data1\" content=\"1 minute\" \/>\n<script type=\"application\/ld+json\" class=\"yoast-schema-graph\">{\"@context\":\"https:\/\/schema.org\",\"@graph\":[{\"@type\":\"WebSite\",\"@id\":\"http:\/\/artsetsavoirshoulgate.com\/#website\",\"url\":\"http:\/\/artsetsavoirshoulgate.com\/\",\"name\":\"Arts & Savoirs Houlgate\",\"description\":\"Pour promouvoir les Arts et Savoirs de toute culture et les activit\u00e9s qui y participent dans un esprit de partage et de f\u00eate\",\"potentialAction\":[{\"@type\":\"SearchAction\",\"target\":{\"@type\":\"EntryPoint\",\"urlTemplate\":\"http:\/\/artsetsavoirshoulgate.com\/?s={search_term_string}\"},\"query-input\":\"required name=search_term_string\"}],\"inLanguage\":\"fr-FR\"},{\"@type\":\"ImageObject\",\"@id\":\"https:\/\/artsetsavoirshoulgate.com\/index.php\/activites\/randonnee-nordique\/#primaryimage\",\"inLanguage\":\"fr-FR\",\"url\":\"http:\/\/artsetsavoirshoulgate.com\/wp-content\/uploads\/2026\/01\/rando-nordique-04-262x300.jpg\",\"contentUrl\":\"http:\/\/artsetsavoirshoulgate.com\/wp-content\/uploads\/2026\/01\/rando-nordique-04-262x300.jpg\"},{\"@type\":\"WebPage\",\"@id\":\"https:\/\/artsetsavoirshoulgate.com\/index.php\/activites\/randonnee-nordique\/#webpage\",\"url\":\"https:\/\/artsetsavoirshoulgate.com\/index.php\/activites\/randonnee-nordique\/\",\"name\":\"Randonn\u00e9e Nordique - Arts &amp; Savoirs\",\"isPartOf\":{\"@id\":\"http:\/\/artsetsavoirshoulgate.com\/#website\"},\"primaryImageOfPage\":{\"@id\":\"https:\/\/artsetsavoirshoulgate.com\/index.php\/activites\/randonnee-nordique\/#primaryimage\"},\"datePublished\":\"2018-01-04T12:13:57+00:00\",\"dateModified\":\"2026-04-01T14:59:27+00:00\",\"breadcrumb\":{\"@id\":\"https:\/\/artsetsavoirshoulgate.com\/index.php\/activites\/randonnee-nordique\/#breadcrumb\"},\"inLanguage\":\"fr-FR\",\"potentialAction\":[{\"@type\":\"ReadAction\",\"target\":[\"https:\/\/artsetsavoirshoulgate.com\/index.php\/activites\/randonnee-nordique\/\"]}]},{\"@type\":\"BreadcrumbList\",\"@id\":\"https:\/\/artsetsavoirshoulgate.com\/index.php\/activites\/randonnee-nordique\/#breadcrumb\",\"itemListElement\":[{\"@type\":\"ListItem\",\"position\":1,\"name\":\"Accueil\",\"item\":\"http:\/\/artsetsavoirshoulgate.com\/\"},{\"@type\":\"ListItem\",\"position\":2,\"name\":\"Loisirs\",\"item\":\"https:\/\/artsetsavoirshoulgate.com\/index.php\/activites\/\"},{\"@type\":\"ListItem\",\"position\":3,\"name\":\"Randonn\u00e9e Nordique\"}]}]}<\/script>\n<!-- \/ Yoast SEO plugin. -->","yoast_head_json":{"title":"Randonn\u00e9e Nordique - Arts &amp; Savoirs","robots":{"index":"index","follow":"follow","max-snippet":"max-snippet:-1","max-image-preview":"max-image-preview:large","max-video-preview":"max-video-preview:-1"},"canonical":"https:\/\/artsetsavoirshoulgate.com\/index.php\/activites\/randonnee-nordique\/","og_locale":"fr_FR","og_type":"article","og_title":"Randonn\u00e9e Nordique - Arts &amp; Savoirs","og_description":"Contact : Alain Richard 07 50 50 40 35Lieu : pr\u00e9cis\u00e9 par courrielHoraires : LUNDI 14h-16h (hors juillet et Ao\u00fbt) Participation : annuelle forfaitaire de 20 \u20acen compl\u00e9ment de l&rsquo;adh\u00e9sion \u00e0 l&rsquo;association L&rsquo;association Arts et Savoirs organise des randonn\u00e9es nordiques d&rsquo;environ 8 km de 14h \u00e0 16h, sur les chemins du Pays d&rsquo;Auge Nord. Le &hellip; Continuer la lecture de &laquo;&nbsp;Randonn\u00e9e Nordique&nbsp;&raquo;","og_url":"https:\/\/artsetsavoirshoulgate.com\/index.php\/activites\/randonnee-nordique\/","og_site_name":"Arts &amp; Savoirs","article_modified_time":"2026-04-01T14:59:27+00:00","og_image":[{"url":"http:\/\/artsetsavoirshoulgate.com\/wp-content\/uploads\/2026\/01\/rando-nordique-04-262x300.jpg"}],"twitter_card":"summary_large_image","twitter_misc":{"Dur\u00e9e de lecture estim\u00e9e":"1 minute"},"schema":{"@context":"https:\/\/schema.org","@graph":[{"@type":"WebSite","@id":"http:\/\/artsetsavoirshoulgate.com\/#website","url":"http:\/\/artsetsavoirshoulgate.com\/","name":"Arts & Savoirs Houlgate","description":"Pour promouvoir les Arts et Savoirs de toute culture et les activit\u00e9s qui y participent dans un esprit de partage et de f\u00eate","potentialAction":[{"@type":"SearchAction","target":{"@type":"EntryPoint","urlTemplate":"http:\/\/artsetsavoirshoulgate.com\/?s={search_term_string}"},"query-input":"required name=search_term_string"}],"inLanguage":"fr-FR"},{"@type":"ImageObject","@id":"https:\/\/artsetsavoirshoulgate.com\/index.php\/activites\/randonnee-nordique\/#primaryimage","inLanguage":"fr-FR","url":"http:\/\/artsetsavoirshoulgate.com\/wp-content\/uploads\/2026\/01\/rando-nordique-04-262x300.jpg","contentUrl":"http:\/\/artsetsavoirshoulgate.com\/wp-content\/uploads\/2026\/01\/rando-nordique-04-262x300.jpg"},{"@type":"WebPage","@id":"https:\/\/artsetsavoirshoulgate.com\/index.php\/activites\/randonnee-nordique\/#webpage","url":"https:\/\/artsetsavoirshoulgate.com\/index.php\/activites\/randonnee-nordique\/","name":"Randonn\u00e9e Nordique - Arts &amp; Savoirs","isPartOf":{"@id":"http:\/\/artsetsavoirshoulgate.com\/#website"},"primaryImageOfPage":{"@id":"https:\/\/artsetsavoirshoulgate.com\/index.php\/activites\/randonnee-nordique\/#primaryimage"},"datePublished":"2018-01-04T12:13:57+00:00","dateModified":"2026-04-01T14:59:27+00:00","breadcrumb":{"@id":"https:\/\/artsetsavoirshoulgate.com\/index.php\/activites\/randonnee-nordique\/#breadcrumb"},"inLanguage":"fr-FR","potentialAction":[{"@type":"ReadAction","target":["https:\/\/artsetsavoirshoulgate.com\/index.php\/activites\/randonnee-nordique\/"]}]},{"@type":"BreadcrumbList","@id":"https:\/\/artsetsavoirshoulgate.com\/index.php\/activites\/randonnee-nordique\/#breadcrumb","itemListElement":[{"@type":"ListItem","position":1,"name":"Accueil","item":"http:\/\/artsetsavoirshoulgate.com\/"},{"@type":"ListItem","position":2,"name":"Loisirs","item":"https:\/\/artsetsavoirshoulgate.com\/index.php\/activites\/"},{"@type":"ListItem","position":3,"name":"Randonn\u00e9e Nordique"}]}]}},"_links":{"self":[{"href":"https:\/\/artsetsavoirshoulgate.com\/index.php\/wp-json\/wp\/v2\/pages\/81"}],"collection":[{"href":"https:\/\/artsetsavoirshoulgate.com\/index.php\/wp-json\/wp\/v2\/pages"}],"about":[{"href":"https:\/\/artsetsavoirshoulgate.com\/index.php\/wp-json\/wp\/v2\/types\/page"}],"author":[{"embeddable":true,"href":"https:\/\/artsetsavoirshoulgate.com\/index.php\/wp-json\/wp\/v2\/users\/1"}],"replies":[{"embeddable":true,"href":"https:\/\/artsetsavoirshoulgate.com\/index.php\/wp-json\/wp\/v2\/comments?post=81"}],"version-history":[{"count":39,"href":"https:\/\/artsetsavoirshoulgate.com\/index.php\/wp-json\/wp\/v2\/pages\/81\/revisions"}],"predecessor-version":[{"id":6485,"href":"https:\/\/artsetsavoirshoulgate.com\/index.php\/wp-json\/wp\/v2\/pages\/81\/revisions\/6485"}],"up":[{"embeddable":true,"href":"https:\/\/artsetsavoirshoulgate.com\/index.php\/wp-json\/wp\/v2\/pages\/31"}],"wp:attachment":[{"href":"https:\/\/artsetsavoirshoulgate.com\/index.php\/wp-json\/wp\/v2\/media?parent=81"}],"curies":[{"name":"wp","href":"https:\/\/api.w.org\/{rel}","templated":true}]}}