{"id":99,"date":"2018-01-04T14:56:22","date_gmt":"2018-01-04T13:56:22","guid":{"rendered":"http:\/\/righini-avocat.fr\/artsetsavoirs\/?page_id=99"},"modified":"2026-04-01T11:13:49","modified_gmt":"2026-04-01T09:13:49","slug":"cours-de-yoga","status":"publish","type":"page","link":"https:\/\/artsetsavoirshoulgate.com\/index.php\/bien-etre\/cours-de-yoga\/","title":{"rendered":"Cours de Yoga\/relaxation"},"content":{"rendered":"<p><img loading=\"lazy\" class=\"size-medium wp-image-3989 alignleft\" src=\"http:\/\/artsetsavoirshoulgate.com\/wp-content\/uploads\/2023\/04\/yoga-2-300x200.jpg\" alt=\"\" width=\"300\" height=\"200\" srcset=\"https:\/\/artsetsavoirshoulgate.com\/wp-content\/uploads\/2023\/04\/yoga-2-300x200.jpg 300w, https:\/\/artsetsavoirshoulgate.com\/wp-content\/uploads\/2023\/04\/yoga-2-768x512.jpg 768w, https:\/\/artsetsavoirshoulgate.com\/wp-content\/uploads\/2023\/04\/yoga-2.jpg 1000w\" sizes=\"(max-width: 300px) 100vw, 300px\" \/><strong>Contact <\/strong>: <strong>Philippe REMONDIN<\/strong> : 06.58.50.75.60<br \/>\n<strong>Lieu<\/strong> :&nbsp;Ancienne biblioth\u00e8que <strong>Avenue Albert 1<sup>er <\/sup><\/strong><strong>Dives-sur-Mer<\/strong><\/p>\n<p><strong>Horaires<\/strong> : <span style=\"color: #000000;\">Mardi 10h &#8211; 11h15<\/span><\/p>\n<p><strong>Participation<\/strong> :120\u20ac l&rsquo;ann\u00e9e <em>en compl\u00e9ment de <a href=\"http:\/\/artsetsavoirshoulgate.com\/index.php\/a-propos-de\/\">l&rsquo;adh\u00e9sion \u00e0 l&rsquo;association<\/a><\/em><\/p>\n<h4>Animatrice : Lucie DELAPORTE<\/h4>\n<p>Je propose un yoga qui privil\u00e9gie la personne, en tenant compte de ses capacit\u00e9s, ses besoins et ses demandes (approche Vinyasa). Les s\u00e9ances sont donc accessibles \u00e0 tous.<\/p>\n<p>Les cours offrent une progression au fil de l&rsquo;ann\u00e9e, proposant une exploration de diverses composantes du yoga.<\/p>\n<p>Dans les s\u00e9ances :<br \/>\n&#8211; Un travail sur les postures d&rsquo;intensit\u00e9s vari\u00e9es, afin de s&rsquo;approprier la posture et de l&rsquo;adapter en fonction de nos capacit\u00e9s de l&rsquo;instant.<br \/>\n&#8211; Un temps sur la subtilit\u00e9 du souffle avec le Pranayama.<br \/>\n&#8211; Un temps de repos et de m\u00e9ditation<\/p>\n<p>L&rsquo;utile : tapis de sol et plaid pour la relaxation finale.<\/p>\n","protected":false},"excerpt":{"rendered":"<p>Contact : Philippe REMONDIN : 06.58.50.75.60 Lieu :&nbsp;Ancienne biblioth\u00e8que Avenue Albert 1er Dives-sur-Mer Horaires : Mardi 10h &#8211; 11h15 Participation :120\u20ac l&rsquo;ann\u00e9e en compl\u00e9ment de l&rsquo;adh\u00e9sion \u00e0 l&rsquo;association Animatrice : Lucie DELAPORTE Je propose un yoga qui privil\u00e9gie la personne, en tenant compte de ses capacit\u00e9s, ses besoins et ses demandes (approche Vinyasa). Les s\u00e9ances &hellip; <\/p>\n<p class=\"link-more\"><a href=\"https:\/\/artsetsavoirshoulgate.com\/index.php\/bien-etre\/cours-de-yoga\/\" class=\"more-link\">Continuer la lecture<span class=\"screen-reader-text\"> de &laquo;&nbsp;Cours de Yoga\/relaxation&nbsp;&raquo;<\/span><\/a><\/p>\n","protected":false},"author":1,"featured_media":0,"parent":252,"menu_order":0,"comment_status":"closed","ping_status":"closed","template":"","meta":[],"yoast_head":"<!-- This site is optimized with the Yoast SEO plugin v18.2 - https:\/\/yoast.com\/wordpress\/plugins\/seo\/ -->\n<title>Cours de Yoga\/relaxation - Arts &amp; Savoirs<\/title>\n<meta name=\"robots\" content=\"index, follow, max-snippet:-1, max-image-preview:large, max-video-preview:-1\" \/>\n<link rel=\"canonical\" href=\"https:\/\/artsetsavoirshoulgate.com\/index.php\/bien-etre\/cours-de-yoga\/\" \/>\n<meta property=\"og:locale\" content=\"fr_FR\" \/>\n<meta property=\"og:type\" content=\"article\" \/>\n<meta property=\"og:title\" content=\"Cours de Yoga\/relaxation - Arts &amp; Savoirs\" \/>\n<meta property=\"og:description\" content=\"Contact : Philippe REMONDIN : 06.58.50.75.60 Lieu :&nbsp;Ancienne biblioth\u00e8que Avenue Albert 1er Dives-sur-Mer Horaires : Mardi 10h &#8211; 11h15 Participation :120\u20ac l&rsquo;ann\u00e9e en compl\u00e9ment de l&rsquo;adh\u00e9sion \u00e0 l&rsquo;association Animatrice : Lucie DELAPORTE Je propose un yoga qui privil\u00e9gie la personne, en tenant compte de ses capacit\u00e9s, ses besoins et ses demandes (approche Vinyasa). Les s\u00e9ances &hellip; Continuer la lecture de &laquo;&nbsp;Cours de Yoga\/relaxation&nbsp;&raquo;\" \/>\n<meta property=\"og:url\" content=\"https:\/\/artsetsavoirshoulgate.com\/index.php\/bien-etre\/cours-de-yoga\/\" \/>\n<meta property=\"og:site_name\" content=\"Arts &amp; Savoirs\" \/>\n<meta property=\"article:modified_time\" content=\"2026-04-01T09:13:49+00:00\" \/>\n<meta property=\"og:image\" content=\"http:\/\/artsetsavoirshoulgate.com\/wp-content\/uploads\/2023\/04\/yoga-2-300x200.jpg\" \/>\n<meta name=\"twitter:card\" content=\"summary_large_image\" \/>\n<meta name=\"twitter:label1\" content=\"Dur\u00e9e de lecture estim\u00e9e\" \/>\n\t<meta name=\"twitter:data1\" content=\"1 minute\" \/>\n<script type=\"application\/ld+json\" class=\"yoast-schema-graph\">{\"@context\":\"https:\/\/schema.org\",\"@graph\":[{\"@type\":\"WebSite\",\"@id\":\"http:\/\/artsetsavoirshoulgate.com\/#website\",\"url\":\"http:\/\/artsetsavoirshoulgate.com\/\",\"name\":\"Arts & Savoirs Houlgate\",\"description\":\"Pour promouvoir les Arts et Savoirs de toute culture et les activit\u00e9s qui y participent dans un esprit de partage et de f\u00eate\",\"potentialAction\":[{\"@type\":\"SearchAction\",\"target\":{\"@type\":\"EntryPoint\",\"urlTemplate\":\"http:\/\/artsetsavoirshoulgate.com\/?s={search_term_string}\"},\"query-input\":\"required name=search_term_string\"}],\"inLanguage\":\"fr-FR\"},{\"@type\":\"ImageObject\",\"@id\":\"https:\/\/artsetsavoirshoulgate.com\/index.php\/bien-etre\/cours-de-yoga\/#primaryimage\",\"inLanguage\":\"fr-FR\",\"url\":\"http:\/\/artsetsavoirshoulgate.com\/wp-content\/uploads\/2023\/04\/yoga-2-300x200.jpg\",\"contentUrl\":\"http:\/\/artsetsavoirshoulgate.com\/wp-content\/uploads\/2023\/04\/yoga-2-300x200.jpg\"},{\"@type\":\"WebPage\",\"@id\":\"https:\/\/artsetsavoirshoulgate.com\/index.php\/bien-etre\/cours-de-yoga\/#webpage\",\"url\":\"https:\/\/artsetsavoirshoulgate.com\/index.php\/bien-etre\/cours-de-yoga\/\",\"name\":\"Cours de Yoga\/relaxation - Arts &amp; Savoirs\",\"isPartOf\":{\"@id\":\"http:\/\/artsetsavoirshoulgate.com\/#website\"},\"primaryImageOfPage\":{\"@id\":\"https:\/\/artsetsavoirshoulgate.com\/index.php\/bien-etre\/cours-de-yoga\/#primaryimage\"},\"datePublished\":\"2018-01-04T13:56:22+00:00\",\"dateModified\":\"2026-04-01T09:13:49+00:00\",\"breadcrumb\":{\"@id\":\"https:\/\/artsetsavoirshoulgate.com\/index.php\/bien-etre\/cours-de-yoga\/#breadcrumb\"},\"inLanguage\":\"fr-FR\",\"potentialAction\":[{\"@type\":\"ReadAction\",\"target\":[\"https:\/\/artsetsavoirshoulgate.com\/index.php\/bien-etre\/cours-de-yoga\/\"]}]},{\"@type\":\"BreadcrumbList\",\"@id\":\"https:\/\/artsetsavoirshoulgate.com\/index.php\/bien-etre\/cours-de-yoga\/#breadcrumb\",\"itemListElement\":[{\"@type\":\"ListItem\",\"position\":1,\"name\":\"Accueil\",\"item\":\"http:\/\/artsetsavoirshoulgate.com\/\"},{\"@type\":\"ListItem\",\"position\":2,\"name\":\"Bien-\u00eatre\",\"item\":\"https:\/\/artsetsavoirshoulgate.com\/index.php\/bien-etre\/\"},{\"@type\":\"ListItem\",\"position\":3,\"name\":\"Cours de Yoga\/relaxation\"}]}]}<\/script>\n<!-- \/ Yoast SEO plugin. -->","yoast_head_json":{"title":"Cours de Yoga\/relaxation - Arts &amp; Savoirs","robots":{"index":"index","follow":"follow","max-snippet":"max-snippet:-1","max-image-preview":"max-image-preview:large","max-video-preview":"max-video-preview:-1"},"canonical":"https:\/\/artsetsavoirshoulgate.com\/index.php\/bien-etre\/cours-de-yoga\/","og_locale":"fr_FR","og_type":"article","og_title":"Cours de Yoga\/relaxation - Arts &amp; Savoirs","og_description":"Contact : Philippe REMONDIN : 06.58.50.75.60 Lieu :&nbsp;Ancienne biblioth\u00e8que Avenue Albert 1er Dives-sur-Mer Horaires : Mardi 10h &#8211; 11h15 Participation :120\u20ac l&rsquo;ann\u00e9e en compl\u00e9ment de l&rsquo;adh\u00e9sion \u00e0 l&rsquo;association Animatrice : Lucie DELAPORTE Je propose un yoga qui privil\u00e9gie la personne, en tenant compte de ses capacit\u00e9s, ses besoins et ses demandes (approche Vinyasa). Les s\u00e9ances &hellip; Continuer la lecture de &laquo;&nbsp;Cours de Yoga\/relaxation&nbsp;&raquo;","og_url":"https:\/\/artsetsavoirshoulgate.com\/index.php\/bien-etre\/cours-de-yoga\/","og_site_name":"Arts &amp; Savoirs","article_modified_time":"2026-04-01T09:13:49+00:00","og_image":[{"url":"http:\/\/artsetsavoirshoulgate.com\/wp-content\/uploads\/2023\/04\/yoga-2-300x200.jpg"}],"twitter_card":"summary_large_image","twitter_misc":{"Dur\u00e9e de lecture estim\u00e9e":"1 minute"},"schema":{"@context":"https:\/\/schema.org","@graph":[{"@type":"WebSite","@id":"http:\/\/artsetsavoirshoulgate.com\/#website","url":"http:\/\/artsetsavoirshoulgate.com\/","name":"Arts & Savoirs Houlgate","description":"Pour promouvoir les Arts et Savoirs de toute culture et les activit\u00e9s qui y participent dans un esprit de partage et de f\u00eate","potentialAction":[{"@type":"SearchAction","target":{"@type":"EntryPoint","urlTemplate":"http:\/\/artsetsavoirshoulgate.com\/?s={search_term_string}"},"query-input":"required name=search_term_string"}],"inLanguage":"fr-FR"},{"@type":"ImageObject","@id":"https:\/\/artsetsavoirshoulgate.com\/index.php\/bien-etre\/cours-de-yoga\/#primaryimage","inLanguage":"fr-FR","url":"http:\/\/artsetsavoirshoulgate.com\/wp-content\/uploads\/2023\/04\/yoga-2-300x200.jpg","contentUrl":"http:\/\/artsetsavoirshoulgate.com\/wp-content\/uploads\/2023\/04\/yoga-2-300x200.jpg"},{"@type":"WebPage","@id":"https:\/\/artsetsavoirshoulgate.com\/index.php\/bien-etre\/cours-de-yoga\/#webpage","url":"https:\/\/artsetsavoirshoulgate.com\/index.php\/bien-etre\/cours-de-yoga\/","name":"Cours de Yoga\/relaxation - Arts &amp; Savoirs","isPartOf":{"@id":"http:\/\/artsetsavoirshoulgate.com\/#website"},"primaryImageOfPage":{"@id":"https:\/\/artsetsavoirshoulgate.com\/index.php\/bien-etre\/cours-de-yoga\/#primaryimage"},"datePublished":"2018-01-04T13:56:22+00:00","dateModified":"2026-04-01T09:13:49+00:00","breadcrumb":{"@id":"https:\/\/artsetsavoirshoulgate.com\/index.php\/bien-etre\/cours-de-yoga\/#breadcrumb"},"inLanguage":"fr-FR","potentialAction":[{"@type":"ReadAction","target":["https:\/\/artsetsavoirshoulgate.com\/index.php\/bien-etre\/cours-de-yoga\/"]}]},{"@type":"BreadcrumbList","@id":"https:\/\/artsetsavoirshoulgate.com\/index.php\/bien-etre\/cours-de-yoga\/#breadcrumb","itemListElement":[{"@type":"ListItem","position":1,"name":"Accueil","item":"http:\/\/artsetsavoirshoulgate.com\/"},{"@type":"ListItem","position":2,"name":"Bien-\u00eatre","item":"https:\/\/artsetsavoirshoulgate.com\/index.php\/bien-etre\/"},{"@type":"ListItem","position":3,"name":"Cours de Yoga\/relaxation"}]}]}},"_links":{"self":[{"href":"https:\/\/artsetsavoirshoulgate.com\/index.php\/wp-json\/wp\/v2\/pages\/99"}],"collection":[{"href":"https:\/\/artsetsavoirshoulgate.com\/index.php\/wp-json\/wp\/v2\/pages"}],"about":[{"href":"https:\/\/artsetsavoirshoulgate.com\/index.php\/wp-json\/wp\/v2\/types\/page"}],"author":[{"embeddable":true,"href":"https:\/\/artsetsavoirshoulgate.com\/index.php\/wp-json\/wp\/v2\/users\/1"}],"replies":[{"embeddable":true,"href":"https:\/\/artsetsavoirshoulgate.com\/index.php\/wp-json\/wp\/v2\/comments?post=99"}],"version-history":[{"count":36,"href":"https:\/\/artsetsavoirshoulgate.com\/index.php\/wp-json\/wp\/v2\/pages\/99\/revisions"}],"predecessor-version":[{"id":6468,"href":"https:\/\/artsetsavoirshoulgate.com\/index.php\/wp-json\/wp\/v2\/pages\/99\/revisions\/6468"}],"up":[{"embeddable":true,"href":"https:\/\/artsetsavoirshoulgate.com\/index.php\/wp-json\/wp\/v2\/pages\/252"}],"wp:attachment":[{"href":"https:\/\/artsetsavoirshoulgate.com\/index.php\/wp-json\/wp\/v2\/media?parent=99"}],"curies":[{"name":"wp","href":"https:\/\/api.w.org\/{rel}","templated":true}]}}